{"id":3770,"date":"2023-03-12T08:26:22","date_gmt":"2023-03-12T07:26:22","guid":{"rendered":"https:\/\/e-ucebnice.ff.ucm.sk\/?page_id=3770"},"modified":"2023-03-12T11:08:34","modified_gmt":"2023-03-12T10:08:34","slug":"phonetics-and-phonology-7-3","status":"publish","type":"page","link":"https:\/\/e-ucebnice.ff.ucm.sk\/index.php\/phonetics-and-phonology-7-3\/","title":{"rendered":"Phonetics and phonology-7-3"},"content":{"rendered":"\t\t<div data-elementor-type=\"wp-page\" data-elementor-id=\"3770\" class=\"elementor elementor-3770\" data-elementor-post-type=\"page\">\n\t\t\t\t\t\t<section class=\"elementor-section elementor-top-section elementor-element elementor-element-b2eeed8 elementor-section-height-min-height elementor-section-boxed elementor-section-height-default elementor-section-items-middle\" data-id=\"b2eeed8\" data-element_type=\"section\" data-settings=\"{&quot;background_background&quot;:&quot;classic&quot;}\">\n\t\t\t\t\t\t\t<div class=\"elementor-background-overlay\"><\/div>\n\t\t\t\t\t\t\t<div class=\"elementor-container elementor-column-gap-default\">\n\t\t\t\t\t<div class=\"elementor-column elementor-col-100 elementor-top-column elementor-element elementor-element-91ce5cd\" data-id=\"91ce5cd\" data-element_type=\"column\">\n\t\t\t<div class=\"elementor-widget-wrap elementor-element-populated\">\n\t\t\t\t\t\t<div class=\"elementor-element elementor-element-1c6da3b elementor-widget elementor-widget-heading\" data-id=\"1c6da3b\" data-element_type=\"widget\" data-widget_type=\"heading.default\">\n\t\t\t\t<div class=\"elementor-widget-container\">\n\t\t\t\t\t<h1 class=\"elementor-heading-title elementor-size-default\">PHONETICS AND PHONOLOGY\n<br>\nSegmental Aspects<\/h1>\t\t\t\t<\/div>\n\t\t\t\t<\/div>\n\t\t\t\t\t<\/div>\n\t\t<\/div>\n\t\t\t\t\t<\/div>\n\t\t<\/section>\n\t\t\t\t<section class=\"elementor-section elementor-top-section elementor-element elementor-element-9f9a241 elementor-section-boxed elementor-section-height-default elementor-section-height-default\" data-id=\"9f9a241\" data-element_type=\"section\">\n\t\t\t\t\t\t<div class=\"elementor-container elementor-column-gap-default\">\n\t\t\t\t\t<div class=\"elementor-column elementor-col-100 elementor-top-column elementor-element elementor-element-36e8d15\" data-id=\"36e8d15\" data-element_type=\"column\">\n\t\t\t<div class=\"elementor-widget-wrap elementor-element-populated\">\n\t\t\t\t\t\t<section class=\"elementor-section elementor-inner-section elementor-element elementor-element-0f7453d elementor-section-boxed elementor-section-height-default elementor-section-height-default\" data-id=\"0f7453d\" data-element_type=\"section\">\n\t\t\t\t\t\t<div class=\"elementor-container elementor-column-gap-default\">\n\t\t\t\t\t<div class=\"elementor-column elementor-col-100 elementor-inner-column elementor-element elementor-element-4973de6\" data-id=\"4973de6\" data-element_type=\"column\">\n\t\t\t<div class=\"elementor-widget-wrap elementor-element-populated\">\n\t\t\t\t\t\t<div class=\"elementor-element elementor-element-198bac6 elementor-widget__width-initial elementor-fixed elementor-widget elementor-widget-button\" data-id=\"198bac6\" data-element_type=\"widget\" data-settings=\"{&quot;_position&quot;:&quot;fixed&quot;}\" data-widget_type=\"button.default\">\n\t\t\t\t<div class=\"elementor-widget-container\">\n\t\t\t\t\t\t\t\t\t<div class=\"elementor-button-wrapper\">\n\t\t\t\t\t<a class=\"elementor-button elementor-button-link elementor-size-sm\" href=\"#Kapitola1\">\n\t\t\t\t\t\t<span class=\"elementor-button-content-wrapper\">\n\t\t\t\t\t\t<span class=\"elementor-button-icon\">\n\t\t\t\t<i aria-hidden=\"true\" class=\"fas fa-arrow-up\"><\/i>\t\t\t<\/span>\n\t\t\t\t\t\t\t\t<\/span>\n\t\t\t\t\t<\/a>\n\t\t\t\t<\/div>\n\t\t\t\t\t\t\t\t<\/div>\n\t\t\t\t<\/div>\n\t\t\t\t\t<\/div>\n\t\t<\/div>\n\t\t\t\t\t<\/div>\n\t\t<\/section>\n\t\t\t\t\t<\/div>\n\t\t<\/div>\n\t\t\t\t\t<\/div>\n\t\t<\/section>\n\t\t\t\t<section class=\"elementor-section elementor-top-section elementor-element elementor-element-2858d6f elementor-section-boxed elementor-section-height-default elementor-section-height-default\" data-id=\"2858d6f\" data-element_type=\"section\">\n\t\t\t\t\t\t<div class=\"elementor-container elementor-column-gap-default\">\n\t\t\t\t\t<div class=\"elementor-column elementor-col-100 elementor-top-column elementor-element elementor-element-e63bd34\" data-id=\"e63bd34\" data-element_type=\"column\">\n\t\t\t<div class=\"elementor-widget-wrap elementor-element-populated\">\n\t\t\t\t\t\t<section class=\"elementor-section elementor-inner-section elementor-element elementor-element-0b79421 elementor-section-boxed elementor-section-height-default elementor-section-height-default\" data-id=\"0b79421\" data-element_type=\"section\">\n\t\t\t\t\t\t<div class=\"elementor-container elementor-column-gap-default\">\n\t\t\t\t\t<div class=\"elementor-column elementor-col-100 elementor-inner-column elementor-element elementor-element-bb0ded5\" data-id=\"bb0ded5\" data-element_type=\"column\">\n\t\t\t<div class=\"elementor-widget-wrap elementor-element-populated\">\n\t\t\t\t\t\t<div class=\"elementor-element elementor-element-759b076 elementor-widget elementor-widget-heading\" data-id=\"759b076\" data-element_type=\"widget\" data-widget_type=\"heading.default\">\n\t\t\t\t<div class=\"elementor-widget-container\">\n\t\t\t\t\t<h3 class=\"elementor-heading-title elementor-size-default\">VOICING<\/h3>\t\t\t\t<\/div>\n\t\t\t\t<\/div>\n\t\t\t\t<div class=\"elementor-element elementor-element-5aa9d5d elementor-widget elementor-widget-text-editor\" data-id=\"5aa9d5d\" data-element_type=\"widget\" data-widget_type=\"text-editor.default\">\n\t\t\t\t<div class=\"elementor-widget-container\">\n\t\t\t\t\t\t\t\t\t<p style=\"text-align: justify;\">Voicing of speech sounds is caused by the vocal folds activity \u2013 the <strong>vocal folds vibrate<\/strong> during the articulation of the consonants defined as <strong>voiced<\/strong>, as well as during the articulation of vowels, because they are naturally pronounced as voiced.<\/p>\n<p style=\"text-align: justify;\">When the <strong>vocal folds do not vibrate<\/strong> during articulation of speech sounds, it means that the vocal folds are inactive, <strong>voiceless <\/strong>consonants are pronounced.<\/p>\n<p style=\"text-align: justify;\"><strong>Voiceless consonants<\/strong> \u201chave a <strong>shortening effect<\/strong> on sounds preceding them within a syllable\u201d, so <em>\/e<\/em><em>\u026a\/ <\/em>is pronounced shorter in <em>mate<\/em> <em>\/m<\/em><em>e<\/em><em>\u026at\/<\/em> than in <em>made<\/em> <em>\/m<\/em><em>e<\/em><em>\u026ad\/ <\/em>(Jones, 2003, p. xi) because <em>t<\/em> is a voiceless consonant whereas <em>d<\/em> is a voiced one. Instead of the word <em>shortening<\/em>, the term <em>clipping<\/em> is also used as its equivalent.<\/p>\n<p style=\"text-align: justify;\"><u>English:<\/u><\/p>\n<p style=\"text-align: justify;\">VOICED: <strong>b, d, g, v, \u03b4, z,<\/strong><strong> \u0292, \u02a4, l, m, n, <\/strong><strong>\u03b7, r, j, w<\/strong><\/p>\n<p style=\"text-align: justify;\">VOICELESS:<strong> p, t, k, f, \u03b8, s, <\/strong><strong>\u0283, h, \u02a7<\/strong><\/p>\n<p style=\"text-align: justify;\"><u>Slovak: <\/u><\/p>\n<p style=\"text-align: justify;\">VOICED: <strong>b, d, \u010f, g, v, z, <\/strong><strong>\u0292, dz, \u02a4, h, <\/strong><strong>l, \u013e, m, n, \u0148, r, j, \u013a, \u0155<\/strong><\/p>\n<p style=\"text-align: justify;\">VOICELESS: <strong>p, t, \u0165, k, f, s, <\/strong><strong>\u0283, c, \u02a7, x<\/strong><\/p>\n<p style=\"text-align: justify;\">The fact that voiceless consonants have really no voice in their pronunciation is easily verified if we place a voiceless consonant word-finally, e.g. <em>stop \/st<\/em><em>\u0252<\/em><em>p\/. <\/em>Focusing our attention on the final consonant, in this case <em>\/p\/<\/em>, we hear only something as \u201cwhispering\u201d in its pronunciation, there is really no \u201caudible voice\u201d present.<\/p>\n<p style=\"text-align: justify;\">Vibration of the vocal folds is felt when we put our hand on the throat. We can feel the trembling of this organ because it is located in the larynx behind the Adam\u00b4s apple, so we can \u201creach\u201d it easily.<\/p>\n<p style=\"text-align: justify;\">Voiced consonants either have their voiceless counterparts, or there are no voiceless partners from the point of view concerning voicing. The former are obstruents, the latter are also called sonorants.<\/p>\t\t\t\t\t\t\t\t<\/div>\n\t\t\t\t<\/div>\n\t\t\t\t\t<\/div>\n\t\t<\/div>\n\t\t\t\t\t<\/div>\n\t\t<\/section>\n\t\t\t\t\t<\/div>\n\t\t<\/div>\n\t\t\t\t\t<\/div>\n\t\t<\/section>\n\t\t\t\t<\/div>\n\t\t","protected":false},"excerpt":{"rendered":"<p>PHONETICS AND PHONOLOGY Segmental Aspects VOICING Voicing of speech sounds is caused by the vocal folds activity \u2013 the vocal folds vibrate during the articulation of the consonants defined as voiced, as well as during the articulation of vowels, because they are naturally pronounced as voiced. When the vocal folds do not vibrate during articulation [&hellip;]<\/p>\n","protected":false},"author":3,"featured_media":0,"parent":0,"menu_order":0,"comment_status":"closed","ping_status":"closed","template":"","meta":{"footnotes":""},"class_list":["post-3770","page","type-page","status-publish","hentry"],"_links":{"self":[{"href":"https:\/\/e-ucebnice.ff.ucm.sk\/index.php\/wp-json\/wp\/v2\/pages\/3770","targetHints":{"allow":["GET"]}}],"collection":[{"href":"https:\/\/e-ucebnice.ff.ucm.sk\/index.php\/wp-json\/wp\/v2\/pages"}],"about":[{"href":"https:\/\/e-ucebnice.ff.ucm.sk\/index.php\/wp-json\/wp\/v2\/types\/page"}],"author":[{"embeddable":true,"href":"https:\/\/e-ucebnice.ff.ucm.sk\/index.php\/wp-json\/wp\/v2\/users\/3"}],"replies":[{"embeddable":true,"href":"https:\/\/e-ucebnice.ff.ucm.sk\/index.php\/wp-json\/wp\/v2\/comments?post=3770"}],"version-history":[{"count":4,"href":"https:\/\/e-ucebnice.ff.ucm.sk\/index.php\/wp-json\/wp\/v2\/pages\/3770\/revisions"}],"predecessor-version":[{"id":3991,"href":"https:\/\/e-ucebnice.ff.ucm.sk\/index.php\/wp-json\/wp\/v2\/pages\/3770\/revisions\/3991"}],"wp:attachment":[{"href":"https:\/\/e-ucebnice.ff.ucm.sk\/index.php\/wp-json\/wp\/v2\/media?parent=3770"}],"curies":[{"name":"wp","href":"https:\/\/api.w.org\/{rel}","templated":true}]}}