{"id":3901,"date":"2023-03-12T10:10:29","date_gmt":"2023-03-12T09:10:29","guid":{"rendered":"https:\/\/e-ucebnice.ff.ucm.sk\/?page_id=3901"},"modified":"2023-03-12T10:16:43","modified_gmt":"2023-03-12T09:16:43","slug":"phonetics-and-phonology-6-2-1","status":"publish","type":"page","link":"https:\/\/e-ucebnice.ff.ucm.sk\/index.php\/phonetics-and-phonology-6-2-1\/","title":{"rendered":"Phonetics and phonology-6-2-1"},"content":{"rendered":"\t\t<div data-elementor-type=\"wp-page\" data-elementor-id=\"3901\" class=\"elementor elementor-3901\" data-elementor-post-type=\"page\">\n\t\t\t\t\t\t<section class=\"elementor-section elementor-top-section elementor-element elementor-element-b2eeed8 elementor-section-height-min-height elementor-section-boxed elementor-section-height-default elementor-section-items-middle\" data-id=\"b2eeed8\" data-element_type=\"section\" data-settings=\"{&quot;background_background&quot;:&quot;classic&quot;}\">\n\t\t\t\t\t\t\t<div class=\"elementor-background-overlay\"><\/div>\n\t\t\t\t\t\t\t<div class=\"elementor-container elementor-column-gap-default\">\n\t\t\t\t\t<div class=\"elementor-column elementor-col-100 elementor-top-column elementor-element elementor-element-91ce5cd\" data-id=\"91ce5cd\" data-element_type=\"column\">\n\t\t\t<div class=\"elementor-widget-wrap elementor-element-populated\">\n\t\t\t\t\t\t<div class=\"elementor-element elementor-element-1c6da3b elementor-widget elementor-widget-heading\" data-id=\"1c6da3b\" data-element_type=\"widget\" data-widget_type=\"heading.default\">\n\t\t\t\t<div class=\"elementor-widget-container\">\n\t\t\t\t\t<h1 class=\"elementor-heading-title elementor-size-default\">PHONETICS AND PHONOLOGY\n<br>\nSegmental Aspects<\/h1>\t\t\t\t<\/div>\n\t\t\t\t<\/div>\n\t\t\t\t\t<\/div>\n\t\t<\/div>\n\t\t\t\t\t<\/div>\n\t\t<\/section>\n\t\t\t\t<section class=\"elementor-section elementor-top-section elementor-element elementor-element-9f9a241 elementor-section-boxed elementor-section-height-default elementor-section-height-default\" data-id=\"9f9a241\" data-element_type=\"section\">\n\t\t\t\t\t\t<div class=\"elementor-container elementor-column-gap-default\">\n\t\t\t\t\t<div class=\"elementor-column elementor-col-100 elementor-top-column elementor-element elementor-element-36e8d15\" data-id=\"36e8d15\" data-element_type=\"column\">\n\t\t\t<div class=\"elementor-widget-wrap elementor-element-populated\">\n\t\t\t\t\t\t<section class=\"elementor-section elementor-inner-section elementor-element elementor-element-0f7453d elementor-section-boxed elementor-section-height-default elementor-section-height-default\" data-id=\"0f7453d\" data-element_type=\"section\">\n\t\t\t\t\t\t<div class=\"elementor-container elementor-column-gap-default\">\n\t\t\t\t\t<div class=\"elementor-column elementor-col-100 elementor-inner-column elementor-element elementor-element-4973de6\" data-id=\"4973de6\" data-element_type=\"column\">\n\t\t\t<div class=\"elementor-widget-wrap elementor-element-populated\">\n\t\t\t\t\t\t<div class=\"elementor-element elementor-element-198bac6 elementor-widget__width-initial elementor-fixed elementor-widget elementor-widget-button\" data-id=\"198bac6\" data-element_type=\"widget\" data-settings=\"{&quot;_position&quot;:&quot;fixed&quot;}\" data-widget_type=\"button.default\">\n\t\t\t\t<div class=\"elementor-widget-container\">\n\t\t\t\t\t\t\t\t\t<div class=\"elementor-button-wrapper\">\n\t\t\t\t\t<a class=\"elementor-button elementor-button-link elementor-size-sm\" href=\"#Kapitola1\">\n\t\t\t\t\t\t<span class=\"elementor-button-content-wrapper\">\n\t\t\t\t\t\t<span class=\"elementor-button-icon\">\n\t\t\t\t<i aria-hidden=\"true\" class=\"fas fa-arrow-up\"><\/i>\t\t\t<\/span>\n\t\t\t\t\t\t\t\t<\/span>\n\t\t\t\t\t<\/a>\n\t\t\t\t<\/div>\n\t\t\t\t\t\t\t\t<\/div>\n\t\t\t\t<\/div>\n\t\t\t\t\t<\/div>\n\t\t<\/div>\n\t\t\t\t\t<\/div>\n\t\t<\/section>\n\t\t\t\t\t<\/div>\n\t\t<\/div>\n\t\t\t\t\t<\/div>\n\t\t<\/section>\n\t\t\t\t<section class=\"elementor-section elementor-top-section elementor-element elementor-element-2858d6f elementor-section-boxed elementor-section-height-default elementor-section-height-default\" data-id=\"2858d6f\" data-element_type=\"section\">\n\t\t\t\t\t\t<div class=\"elementor-container elementor-column-gap-default\">\n\t\t\t\t\t<div class=\"elementor-column elementor-col-100 elementor-top-column elementor-element elementor-element-e63bd34\" data-id=\"e63bd34\" data-element_type=\"column\">\n\t\t\t<div class=\"elementor-widget-wrap elementor-element-populated\">\n\t\t\t\t\t\t<section class=\"elementor-section elementor-inner-section elementor-element elementor-element-0b79421 elementor-section-boxed elementor-section-height-default elementor-section-height-default\" data-id=\"0b79421\" data-element_type=\"section\">\n\t\t\t\t\t\t<div class=\"elementor-container elementor-column-gap-default\">\n\t\t\t\t\t<div class=\"elementor-column elementor-col-100 elementor-inner-column elementor-element elementor-element-bb0ded5\" data-id=\"bb0ded5\" data-element_type=\"column\">\n\t\t\t<div class=\"elementor-widget-wrap elementor-element-populated\">\n\t\t\t\t\t\t<div class=\"elementor-element elementor-element-759b076 elementor-widget elementor-widget-heading\" data-id=\"759b076\" data-element_type=\"widget\" data-widget_type=\"heading.default\">\n\t\t\t\t<div class=\"elementor-widget-container\">\n\t\t\t\t\t<h3 class=\"elementor-heading-title elementor-size-default\">QUANTITY OF VOWELS <\/h3>\t\t\t\t<\/div>\n\t\t\t\t<\/div>\n\t\t\t\t<div class=\"elementor-element elementor-element-5aa9d5d elementor-widget elementor-widget-text-editor\" data-id=\"5aa9d5d\" data-element_type=\"widget\" data-widget_type=\"text-editor.default\">\n\t\t\t\t<div class=\"elementor-widget-container\">\n\t\t\t\t\t\t\t\t\t<p style=\"text-align: justify;\">As mentioned above, when pronouncing <strong>English vowels<\/strong>, the articulators take <strong>12 different positions<\/strong>, which corresponds to <strong>12 different transcription symbols<\/strong> reflecting <strong>the differences in both the vowel quality and the vowel quantity<\/strong>. The Slovak short and long monophthongs, on the other hand, do not differ in quality, therefore six symbols cover all the positions of the articulatory organs when the Slovak vowels are pronounced. Five of the Slovak vowel-symbols use a double-dot symbol after them or a length mark above them to mark their quantity. Kr\u00e1\u013e, a prominent Slovak phonetician, prefers a length mark in long vowels in his <em>Pr\u00edru\u010dn\u00fd slovn\u00edk slovenskej v\u00fdslovnosti<\/em> (1982).<\/p><p style=\"text-align: justify;\">Analysing the aspects of quantity in monophthongs, they are pronounced as <strong>short and long<\/strong> owing to <strong>the phonological principle<\/strong>. Physiologically, this depends on the length of vibration of the vocal folds.<\/p><p style=\"text-align: justify;\">There is another principle, the phonetic principle, reflecting the quantity of the English vowels as they are actually pronounced by English-speakers in real-life situations in casual speech. This is related to the fact that the vowel quantity in English is influenced by the position of a\u00a0particular vowel and by the quality of the sound following it. Generally, <strong>voiceless consonants shorten the quantity of the preceding vowel<\/strong>.<\/p><p style=\"text-align: justify;\">Jones explains this theory when he says that \u201cthe length of long vowels and diphthongs is very much reduced when they occur in syllables closed by the consonants <em>\/p t k <\/em><em>\u02a7<\/em><em> f \u03b8 s <\/em><em>\u0283<\/em><em>\/<\/em>. Thus <em>\/i:\/<\/em> in <em>beat<\/em> has only about half the length of <em>\/i:\/<\/em> in <em>bead<\/em> or <em>bee<\/em>\u201d (Jones, 2003, p. ix). Jones also speaks about the vowel <em>\/\u00e6\/<\/em> quantity and its long pronunciation before the voiced consonants <em>\/b d g <\/em><em>\u02a4<\/em><em> m n\/<\/em>, e.g. <em>\/\u00e6\/<\/em> is longer in <em>bag<\/em> than in <em>back<\/em> (Jones, 2003).<\/p><p style=\"text-align: justify;\">B\u00e1zlik and Mi\u0161kovi\u010dov\u00e1 write that both short and long vowels are the longest in pronunciation when they occur word-finally, e.g. <em>happy <\/em>or <em>me<\/em>. Their quantity is a bit reduced when the following consonant is voiced, e.g.<em> ki<strong>d<\/strong> <\/em>or<em> lea<strong>d<\/strong><\/em>, and they are the shortest in pronunciation when the following consonant is voiceless, <em>e.g. si<strong>t<\/strong> <\/em>or<em> mea<strong>t <\/strong><\/em>(B\u00e1zlik, Mi\u0161kovi\u010dov\u00e1, 2012).<\/p><p style=\"text-align: justify;\">\u00a0<\/p><p style=\"text-align: justify;\">Pavl\u00edk, presenting <strong>the phonetic principle<\/strong> (which takes into consideration the actual oral manifestation of vowels, i.e. how they are pronounced by a person as an individual), in conclusion states that \u201cin English, we have <strong>four phonetic lengths<\/strong>, but only two phonological lengths\u201d (Pavl\u00edk, 2000, p. 256).<\/p><ul style=\"text-align: justify;\"><li>voiceless consonants decrease the length of short vowels \u2013 <strong>half-short<\/strong> vowel in <em>bi<strong>t<\/strong> <\/em><\/li><li>voiced consonants do not influence the length of short vowels \u2013 <strong>short<\/strong> vowel in <em>bi<strong>d <\/strong><\/em><\/li><li>voiceless consonants decrease the length of long vowels \u2013 <strong>half-long<\/strong> vowel in <em>bea<strong>t<\/strong> <\/em><\/li><li>voiced consonants do not influence the length of long vowels \u2013 <strong>long<\/strong> vowel in <em>bea<strong>d<\/strong><\/em><\/li><\/ul><p style=\"text-align: justify;\">(Pavl\u00edk, 2000, p. 66)<\/p><p style=\"text-align: justify;\">\u00a0<\/p><p style=\"text-align: justify;\">Jones describes <strong>vowel length<\/strong> in <strong>American English<\/strong> as \u201cconditioned by phonological environment, so the long\/ short distinction described for BBC English is not usually present\u201d (Jones, 2003, p. ix). Transcription symbols used for the American monophthongs are rarely used with a following double-dot marking quantity.<\/p><p style=\"text-align: justify;\">\u00a0<\/p><p style=\"text-align: justify;\">In English and in Slovak, vowels function as so-called peaks of sonority in syllables (i.e. in the position in the centre of syllables). According to stress-placement, English syllables are classified as either strong or weak. Short schwa <em>\/\u0259\/<\/em> never functions as a centre of strong syllables, while long schwa, on the contrary, is always found in stressed\u00a0syllables. As for <em>\/\u026a\/, \/i\/<\/em> or <em>\/i:\/<\/em> and <em>\/\u028b\/<\/em> or <em>\/u:\/,<\/em> there is a tendency to find them functioning as peaks of sonority in unstressed weak syllables. These vowels are defined as <strong>weak vowels<\/strong>. The rest of the English vowels form centres of stressed syllables, and they are considered <strong>strong vowels<\/strong>.<\/p>\t\t\t\t\t\t\t\t<\/div>\n\t\t\t\t<\/div>\n\t\t\t\t\t<\/div>\n\t\t<\/div>\n\t\t\t\t\t<\/div>\n\t\t<\/section>\n\t\t\t\t\t<\/div>\n\t\t<\/div>\n\t\t\t\t\t<\/div>\n\t\t<\/section>\n\t\t\t\t<\/div>\n\t\t","protected":false},"excerpt":{"rendered":"<p>PHONETICS AND PHONOLOGY Segmental Aspects QUANTITY OF VOWELS As mentioned above, when pronouncing English vowels, the articulators take 12 different positions, which corresponds to 12 different transcription symbols reflecting the differences in both the vowel quality and the vowel quantity. The Slovak short and long monophthongs, on the other hand, do not differ in quality, [&hellip;]<\/p>\n","protected":false},"author":3,"featured_media":0,"parent":0,"menu_order":0,"comment_status":"closed","ping_status":"closed","template":"","meta":{"footnotes":""},"class_list":["post-3901","page","type-page","status-publish","hentry"],"_links":{"self":[{"href":"https:\/\/e-ucebnice.ff.ucm.sk\/index.php\/wp-json\/wp\/v2\/pages\/3901","targetHints":{"allow":["GET"]}}],"collection":[{"href":"https:\/\/e-ucebnice.ff.ucm.sk\/index.php\/wp-json\/wp\/v2\/pages"}],"about":[{"href":"https:\/\/e-ucebnice.ff.ucm.sk\/index.php\/wp-json\/wp\/v2\/types\/page"}],"author":[{"embeddable":true,"href":"https:\/\/e-ucebnice.ff.ucm.sk\/index.php\/wp-json\/wp\/v2\/users\/3"}],"replies":[{"embeddable":true,"href":"https:\/\/e-ucebnice.ff.ucm.sk\/index.php\/wp-json\/wp\/v2\/comments?post=3901"}],"version-history":[{"count":7,"href":"https:\/\/e-ucebnice.ff.ucm.sk\/index.php\/wp-json\/wp\/v2\/pages\/3901\/revisions"}],"predecessor-version":[{"id":3913,"href":"https:\/\/e-ucebnice.ff.ucm.sk\/index.php\/wp-json\/wp\/v2\/pages\/3901\/revisions\/3913"}],"wp:attachment":[{"href":"https:\/\/e-ucebnice.ff.ucm.sk\/index.php\/wp-json\/wp\/v2\/media?parent=3901"}],"curies":[{"name":"wp","href":"https:\/\/api.w.org\/{rel}","templated":true}]}}