{"id":3928,"date":"2023-03-12T10:31:49","date_gmt":"2023-03-12T09:31:49","guid":{"rendered":"https:\/\/e-ucebnice.ff.ucm.sk\/?page_id=3928"},"modified":"2023-03-12T10:40:38","modified_gmt":"2023-03-12T09:40:38","slug":"phonetics-and-phonology-6-4-1","status":"publish","type":"page","link":"https:\/\/e-ucebnice.ff.ucm.sk\/index.php\/phonetics-and-phonology-6-4-1\/","title":{"rendered":"Phonetics and phonology-6-4-1"},"content":{"rendered":"\t\t<div data-elementor-type=\"wp-page\" data-elementor-id=\"3928\" class=\"elementor elementor-3928\" data-elementor-post-type=\"page\">\n\t\t\t\t\t\t<section class=\"elementor-section elementor-top-section elementor-element elementor-element-b2eeed8 elementor-section-height-min-height elementor-section-boxed elementor-section-height-default elementor-section-items-middle\" data-id=\"b2eeed8\" data-element_type=\"section\" data-settings=\"{&quot;background_background&quot;:&quot;classic&quot;}\">\n\t\t\t\t\t\t\t<div class=\"elementor-background-overlay\"><\/div>\n\t\t\t\t\t\t\t<div class=\"elementor-container elementor-column-gap-default\">\n\t\t\t\t\t<div class=\"elementor-column elementor-col-100 elementor-top-column elementor-element elementor-element-91ce5cd\" data-id=\"91ce5cd\" data-element_type=\"column\">\n\t\t\t<div class=\"elementor-widget-wrap elementor-element-populated\">\n\t\t\t\t\t\t<div class=\"elementor-element elementor-element-1c6da3b elementor-widget elementor-widget-heading\" data-id=\"1c6da3b\" data-element_type=\"widget\" data-widget_type=\"heading.default\">\n\t\t\t\t<div class=\"elementor-widget-container\">\n\t\t\t\t\t<h1 class=\"elementor-heading-title elementor-size-default\">PHONETICS AND PHONOLOGY\n<br>\nSegmental Aspects<\/h1>\t\t\t\t<\/div>\n\t\t\t\t<\/div>\n\t\t\t\t\t<\/div>\n\t\t<\/div>\n\t\t\t\t\t<\/div>\n\t\t<\/section>\n\t\t\t\t<section class=\"elementor-section elementor-top-section elementor-element elementor-element-9f9a241 elementor-section-boxed elementor-section-height-default elementor-section-height-default\" data-id=\"9f9a241\" data-element_type=\"section\">\n\t\t\t\t\t\t<div class=\"elementor-container elementor-column-gap-default\">\n\t\t\t\t\t<div class=\"elementor-column elementor-col-100 elementor-top-column elementor-element elementor-element-36e8d15\" data-id=\"36e8d15\" data-element_type=\"column\">\n\t\t\t<div class=\"elementor-widget-wrap elementor-element-populated\">\n\t\t\t\t\t\t<section class=\"elementor-section elementor-inner-section elementor-element elementor-element-0f7453d elementor-section-boxed elementor-section-height-default elementor-section-height-default\" data-id=\"0f7453d\" data-element_type=\"section\">\n\t\t\t\t\t\t<div class=\"elementor-container elementor-column-gap-default\">\n\t\t\t\t\t<div class=\"elementor-column elementor-col-100 elementor-inner-column elementor-element elementor-element-4973de6\" data-id=\"4973de6\" data-element_type=\"column\">\n\t\t\t<div class=\"elementor-widget-wrap elementor-element-populated\">\n\t\t\t\t\t\t<div class=\"elementor-element elementor-element-198bac6 elementor-widget__width-initial elementor-fixed elementor-widget elementor-widget-button\" data-id=\"198bac6\" data-element_type=\"widget\" data-settings=\"{&quot;_position&quot;:&quot;fixed&quot;}\" data-widget_type=\"button.default\">\n\t\t\t\t<div class=\"elementor-widget-container\">\n\t\t\t\t\t\t\t\t\t<div class=\"elementor-button-wrapper\">\n\t\t\t\t\t<a class=\"elementor-button elementor-button-link elementor-size-sm\" href=\"#Kapitola1\">\n\t\t\t\t\t\t<span class=\"elementor-button-content-wrapper\">\n\t\t\t\t\t\t<span class=\"elementor-button-icon\">\n\t\t\t\t<i aria-hidden=\"true\" class=\"fas fa-arrow-up\"><\/i>\t\t\t<\/span>\n\t\t\t\t\t\t\t\t<\/span>\n\t\t\t\t\t<\/a>\n\t\t\t\t<\/div>\n\t\t\t\t\t\t\t\t<\/div>\n\t\t\t\t<\/div>\n\t\t\t\t\t<\/div>\n\t\t<\/div>\n\t\t\t\t\t<\/div>\n\t\t<\/section>\n\t\t\t\t\t<\/div>\n\t\t<\/div>\n\t\t\t\t\t<\/div>\n\t\t<\/section>\n\t\t\t\t<section class=\"elementor-section elementor-top-section elementor-element elementor-element-2858d6f elementor-section-boxed elementor-section-height-default elementor-section-height-default\" data-id=\"2858d6f\" data-element_type=\"section\">\n\t\t\t\t\t\t<div class=\"elementor-container elementor-column-gap-default\">\n\t\t\t\t\t<div class=\"elementor-column elementor-col-100 elementor-top-column elementor-element elementor-element-e63bd34\" data-id=\"e63bd34\" data-element_type=\"column\">\n\t\t\t<div class=\"elementor-widget-wrap elementor-element-populated\">\n\t\t\t\t\t\t<section class=\"elementor-section elementor-inner-section elementor-element elementor-element-0b79421 elementor-section-boxed elementor-section-height-default elementor-section-height-default\" data-id=\"0b79421\" data-element_type=\"section\">\n\t\t\t\t\t\t<div class=\"elementor-container elementor-column-gap-default\">\n\t\t\t\t\t<div class=\"elementor-column elementor-col-100 elementor-inner-column elementor-element elementor-element-bb0ded5\" data-id=\"bb0ded5\" data-element_type=\"column\">\n\t\t\t<div class=\"elementor-widget-wrap elementor-element-populated\">\n\t\t\t\t\t\t<div class=\"elementor-element elementor-element-759b076 elementor-widget elementor-widget-heading\" data-id=\"759b076\" data-element_type=\"widget\" data-widget_type=\"heading.default\">\n\t\t\t\t<div class=\"elementor-widget-container\">\n\t\t\t\t\t<h3 class=\"elementor-heading-title elementor-size-default\">BRITISH ENGLISH DIPHTHONGS<\/h3>\t\t\t\t<\/div>\n\t\t\t\t<\/div>\n\t\t\t\t<div class=\"elementor-element elementor-element-5aa9d5d elementor-widget elementor-widget-text-editor\" data-id=\"5aa9d5d\" data-element_type=\"widget\" data-widget_type=\"text-editor.default\">\n\t\t\t\t<div class=\"elementor-widget-container\">\n\t\t\t\t\t\t\t\t\t<p style=\"text-align: justify;\"><u>British English diphthongs: <\/u><strong><em>e\u026a <\/em><\/strong><strong>a<em>\u026a \u037b\u026a \u0259\u028a <\/em>a<em>\u028a \u026a\u0259 e\u0259 \u028a\u0259<\/em> <\/strong><\/p><p style=\"text-align: justify;\">There are eight diphthongs in British English. According to the elements they consist of, they are either defined as <strong>closing<\/strong> \/e\u026a a\u026a \u037b\u026a \u0259\u028a a\u028a\/ or <strong>centring <\/strong>\/\u026a\u0259 e\u0259 \u028a\u0259\/. This classification takes into consideration the direction of movement of the tongue. When articulating centring diphthongs, the tongue makes the movement toward the central, neutral position in the oral cavity &#8211; to the schwa <em>\/\u0259\/.<\/em> For closing diphthongs, the tongue moves upwards from a lower position or from a more open to a more-close vowel defined as near-high: <em>\/\u026a<\/em>\/ or <em>\/\u028a\/<\/em> (B\u00e1zlik, Mi\u0161kovi\u010dov\u00e1, 2012).<\/p><p style=\"text-align: justify;\">In British English, diphthongs can be either <strong>falling<\/strong> or <strong>rising<\/strong>, but the general tendency is to pronounce them as falling. This means that their first components are more prominent than the second ones, hence first segments are pronounced with a higher degree of stress. \u201cIn English, most of the prominence is concentrated on the first element (approx. 2\/3), the second element (approx. 1\/3) being reduced in a decrescendo way (the sound becomes less loud as the glide progresses\u201d (Plavka, 1997, p. 15) or, as Roach says, \u201cthe first part is much longer and stronger than the second part, as in most of the diphthong a\u026a, e.g. <em>eye<\/em> <em>\/<\/em>a<em>\u026a<\/em><strong>\/<\/strong>\u201d (Roach, 1996, p. 20).<\/p><p style=\"text-align: justify;\"><strong>Prominence<\/strong> covers four basic aspects: quality, quantity, pitch of voice and loudness. The result of prominence is the word stress. A higher degree of prominence placed on the first segment (in falling diphthongs) can cause its lengthening. As for <strong>quality<\/strong> of vowels, there is also a difference in classifying them into <em>strong<\/em> and <em>weak<\/em> in English. <em>Weak vowels<\/em> rarely occur in stressed syllables. These are short schwa \/<em>\u0259<\/em>\/, short or long i, <em>\/\u026a i<\/em> <em>i:\/,<\/em> and short or long <em>u<\/em>, <em>\/\u028a u:\/.<\/em> The rest of the English vowels \/\u0245 e \u0252 \u00e6 \u0251: \u037b: \u025c:\/ are strong, so they mainly form syllable nuclei of English stressed syllables. From the point of view of the other phenomenon \u2013 <strong>quantity <\/strong>\u2013 one of the segments in diphthongs is often prolonged. In English, it is generally the first one, because the English diphthongs are pronounced as falling. In transcription, length mark \/:\/ is never written after the first segment, although it is longer and louder, e.g. <em>my \/m<\/em><u>a<\/u><em>\u026a\/.<\/em><\/p><p style=\"text-align: justify;\">\u00a0<\/p><p style=\"text-align: justify;\">British English diphthongs are placed on the diagram as shown in the following figure. The arrows show the direction of the tongue as it glides from the position where the first segment is articulated to the second one:<\/p>\t\t\t\t\t\t\t\t<\/div>\n\t\t\t\t<\/div>\n\t\t\t\t<div class=\"elementor-element elementor-element-12a372a elementor-widget elementor-widget-image\" data-id=\"12a372a\" data-element_type=\"widget\" data-widget_type=\"image.default\">\n\t\t\t\t<div class=\"elementor-widget-container\">\n\t\t\t\t\t\t\t\t\t\t\t\t\t\t\t<img fetchpriority=\"high\" decoding=\"async\" width=\"800\" height=\"341\" src=\"https:\/\/e-ucebnice.ff.ucm.sk\/wp-content\/uploads\/2023\/03\/phonetics-obr10-1024x437.jpg\" class=\"attachment-large size-large wp-image-3942\" alt=\"\" srcset=\"https:\/\/e-ucebnice.ff.ucm.sk\/wp-content\/uploads\/2023\/03\/phonetics-obr10-1024x437.jpg 1024w, https:\/\/e-ucebnice.ff.ucm.sk\/wp-content\/uploads\/2023\/03\/phonetics-obr10-300x128.jpg 300w, https:\/\/e-ucebnice.ff.ucm.sk\/wp-content\/uploads\/2023\/03\/phonetics-obr10-768x328.jpg 768w, https:\/\/e-ucebnice.ff.ucm.sk\/wp-content\/uploads\/2023\/03\/phonetics-obr10.jpg 1265w\" sizes=\"(max-width: 800px) 100vw, 800px\" \/>\t\t\t\t\t\t\t\t\t\t\t\t\t\t\t<\/div>\n\t\t\t\t<\/div>\n\t\t\t\t<div class=\"elementor-element elementor-element-4722c1a elementor-widget elementor-widget-text-editor\" data-id=\"4722c1a\" data-element_type=\"widget\" data-widget_type=\"text-editor.default\">\n\t\t\t\t<div class=\"elementor-widget-container\">\n\t\t\t\t\t\t\t\t\t<p style=\"text-align: justify;\"><strong><u>British English diphthongs<\/u><\/strong><u>: <strong>e\u026a a\u026a \u037b\u026a \u0259\u028a a\u028a \u026a\u0259 e\u0259 \u028a\u0259 <\/strong><\/u><\/p><ul><li style=\"text-align: justify;\"><strong>\/e\u026a\/<\/strong> &#8211; a starting position of the tongue for <em>\/e\/<\/em> at the front of the mouth with the jaw half- open goes towards a close-mid vowel <em>\/\u026a\/<\/em> when articulating the diphthong <em>\/e\u026a\/,<\/em> as for example in the word <em>day \/de\u026a<\/em>\/<\/li><li style=\"text-align: justify;\"><strong>\/a\u026a\/<\/strong> &#8211; \/a<em>\u026a\/<\/em> is pronounced with the jaw open when saying \/a\/, the tongue is in the centre, then it glides to <em>\/\u026a<\/em>\/, as in <em>my \/m<\/em>a<em>\u026a\/<\/em><\/li><li style=\"text-align: justify;\"><strong>\/\u037b\u026a\/ &#8211; <\/strong>the tongue is at the back, the lips are rounded for articulating \/<em>\u037b\/,<\/em> it glides rapidly and without interruption to <em>\/\u026a\/<\/em> when <em>\/\u0254\u026a\/<\/em> is pronounced, as for instance in the\u00a0word <em>boy \/b\u0254\u026a\/<\/em><\/li><li style=\"text-align: justify;\"><strong>\/\u0259\u028a\/ &#8211; <\/strong><em>\/\u0259\u028a\/<\/em> starts with a\u00a0central vowel <em>\/\u0259\/,<\/em> its second segment is the back rounded <em>\/\u028a\/,<\/em> <em>g. <\/em>in <em>go <\/em>\/<em>g\u0259\u028a\/<\/em><\/li><li style=\"text-align: justify;\"><strong>\/a\u028a\/ &#8211; <\/strong>another diphthong, \/a<em>\u028b\/,<\/em> starts with an open jaw for \/a\/, then the tongue glides to a back rounded \/<em>\u028a<\/em>\/, as for example in <em>ground \/gr<\/em>a<em>\u028and\/<\/em><\/li><li style=\"text-align: justify;\"><strong>\/\u026a\u0259\/<\/strong> &#8211; the pronunciation of <em>\/\u026a\u0259\/<\/em> starts at the front \/<em>\u026a\/-<\/em>position and moves to the very centre of the oral cavity to say <em>\/\u0259\/,<\/em> <em>g. here \/h\u026a\u0259\/<\/em>. However, in fast speech, nowadays, there is a\u00a0tendency to pronounce long <em>\/i:\/<\/em> instead of the diphthong <em>\/\u026a\u0259\/<\/em><\/li><li style=\"text-align: justify;\"><strong>\/e\u0259\/<\/strong> &#8211; the tongue moves from a neutral, front, mid vowel <em>\/e\/<\/em> to the central schwa-sound to pronounce <em>\/e\u0259\/<\/em> as in <em>bear \/be\u0259<\/em><strong>\/<\/strong>. At present, many GB users simplify the pronunciation of <em>\/e\u0259\/<\/em> and substitute it by the long monophthong \/\u025b\u02d0\/ in fast speech<\/li><li style=\"text-align: justify;\"><strong>\/\u028a\u0259\/ &#8211; <\/strong><em>\/\u028b<strong>\/<\/strong><\/em> is a short, rounded, central-back, close-mid vowel. When pronouncing <em>\/\u028b\u0259<strong>\/<\/strong>,<\/em> the tongue moves from \/<em>\u028b<strong>\/<\/strong><\/em> to a central monophthong \/<em>\u0259\/.<\/em> A tendency to substitute <em>\/\u028b\u0259\/<\/em> with <em>\/\u037b:\/<\/em> is getting more and more common, <em>g. sure \/\u0283\u028b\u0259\/ <\/em>replaced by<em> \/\u0283\u037b:\/. <\/em>The diphthong <em>\u028b\u0259<\/em> is slightly disappearing from the phonemic inventory of British English. This \u201cprogressive decline in the use of <em>\/\u028b\u0259\/, <\/em>taking its place\u201c was also recorded in <em>Cambridge English Pronouncing Dictionary<\/em> (Jones, 2003, p. ix).<\/li><\/ul>\t\t\t\t\t\t\t\t<\/div>\n\t\t\t\t<\/div>\n\t\t\t\t\t<\/div>\n\t\t<\/div>\n\t\t\t\t\t<\/div>\n\t\t<\/section>\n\t\t\t\t\t<\/div>\n\t\t<\/div>\n\t\t\t\t\t<\/div>\n\t\t<\/section>\n\t\t\t\t<\/div>\n\t\t","protected":false},"excerpt":{"rendered":"<p>PHONETICS AND PHONOLOGY Segmental Aspects BRITISH ENGLISH DIPHTHONGS British English diphthongs: e\u026a a\u026a \u037b\u026a \u0259\u028a a\u028a \u026a\u0259 e\u0259 \u028a\u0259 There are eight diphthongs in British English. According to the elements they consist of, they are either defined as closing \/e\u026a a\u026a \u037b\u026a \u0259\u028a a\u028a\/ or centring \/\u026a\u0259 e\u0259 \u028a\u0259\/. This classification takes into consideration the [&hellip;]<\/p>\n","protected":false},"author":3,"featured_media":0,"parent":0,"menu_order":0,"comment_status":"closed","ping_status":"closed","template":"","meta":{"footnotes":""},"class_list":["post-3928","page","type-page","status-publish","hentry"],"_links":{"self":[{"href":"https:\/\/e-ucebnice.ff.ucm.sk\/index.php\/wp-json\/wp\/v2\/pages\/3928","targetHints":{"allow":["GET"]}}],"collection":[{"href":"https:\/\/e-ucebnice.ff.ucm.sk\/index.php\/wp-json\/wp\/v2\/pages"}],"about":[{"href":"https:\/\/e-ucebnice.ff.ucm.sk\/index.php\/wp-json\/wp\/v2\/types\/page"}],"author":[{"embeddable":true,"href":"https:\/\/e-ucebnice.ff.ucm.sk\/index.php\/wp-json\/wp\/v2\/users\/3"}],"replies":[{"embeddable":true,"href":"https:\/\/e-ucebnice.ff.ucm.sk\/index.php\/wp-json\/wp\/v2\/comments?post=3928"}],"version-history":[{"count":7,"href":"https:\/\/e-ucebnice.ff.ucm.sk\/index.php\/wp-json\/wp\/v2\/pages\/3928\/revisions"}],"predecessor-version":[{"id":3945,"href":"https:\/\/e-ucebnice.ff.ucm.sk\/index.php\/wp-json\/wp\/v2\/pages\/3928\/revisions\/3945"}],"wp:attachment":[{"href":"https:\/\/e-ucebnice.ff.ucm.sk\/index.php\/wp-json\/wp\/v2\/media?parent=3928"}],"curies":[{"name":"wp","href":"https:\/\/api.w.org\/{rel}","templated":true}]}}