{"id":3932,"date":"2023-03-12T10:32:38","date_gmt":"2023-03-12T09:32:38","guid":{"rendered":"https:\/\/e-ucebnice.ff.ucm.sk\/?page_id=3932"},"modified":"2023-03-12T10:46:31","modified_gmt":"2023-03-12T09:46:31","slug":"phonetics-and-phonology-6-4-3","status":"publish","type":"page","link":"https:\/\/e-ucebnice.ff.ucm.sk\/index.php\/phonetics-and-phonology-6-4-3\/","title":{"rendered":"Phonetics and phonology-6-4-3"},"content":{"rendered":"\t\t<div data-elementor-type=\"wp-page\" data-elementor-id=\"3932\" class=\"elementor elementor-3932\" data-elementor-post-type=\"page\">\n\t\t\t\t\t\t<section class=\"elementor-section elementor-top-section elementor-element elementor-element-b2eeed8 elementor-section-height-min-height elementor-section-boxed elementor-section-height-default elementor-section-items-middle\" data-id=\"b2eeed8\" data-element_type=\"section\" data-settings=\"{&quot;background_background&quot;:&quot;classic&quot;}\">\n\t\t\t\t\t\t\t<div class=\"elementor-background-overlay\"><\/div>\n\t\t\t\t\t\t\t<div class=\"elementor-container elementor-column-gap-default\">\n\t\t\t\t\t<div class=\"elementor-column elementor-col-100 elementor-top-column elementor-element elementor-element-91ce5cd\" data-id=\"91ce5cd\" data-element_type=\"column\">\n\t\t\t<div class=\"elementor-widget-wrap elementor-element-populated\">\n\t\t\t\t\t\t<div class=\"elementor-element elementor-element-1c6da3b elementor-widget elementor-widget-heading\" data-id=\"1c6da3b\" data-element_type=\"widget\" data-widget_type=\"heading.default\">\n\t\t\t\t<div class=\"elementor-widget-container\">\n\t\t\t\t\t<h1 class=\"elementor-heading-title elementor-size-default\">PHONETICS AND PHONOLOGY\n<br>\nSegmental Aspects<\/h1>\t\t\t\t<\/div>\n\t\t\t\t<\/div>\n\t\t\t\t\t<\/div>\n\t\t<\/div>\n\t\t\t\t\t<\/div>\n\t\t<\/section>\n\t\t\t\t<section class=\"elementor-section elementor-top-section elementor-element elementor-element-9f9a241 elementor-section-boxed elementor-section-height-default elementor-section-height-default\" data-id=\"9f9a241\" data-element_type=\"section\">\n\t\t\t\t\t\t<div class=\"elementor-container elementor-column-gap-default\">\n\t\t\t\t\t<div class=\"elementor-column elementor-col-100 elementor-top-column elementor-element elementor-element-36e8d15\" data-id=\"36e8d15\" data-element_type=\"column\">\n\t\t\t<div class=\"elementor-widget-wrap elementor-element-populated\">\n\t\t\t\t\t\t<section class=\"elementor-section elementor-inner-section elementor-element elementor-element-0f7453d elementor-section-boxed elementor-section-height-default elementor-section-height-default\" data-id=\"0f7453d\" data-element_type=\"section\">\n\t\t\t\t\t\t<div class=\"elementor-container elementor-column-gap-default\">\n\t\t\t\t\t<div class=\"elementor-column elementor-col-100 elementor-inner-column elementor-element elementor-element-4973de6\" data-id=\"4973de6\" data-element_type=\"column\">\n\t\t\t<div class=\"elementor-widget-wrap elementor-element-populated\">\n\t\t\t\t\t\t<div class=\"elementor-element elementor-element-198bac6 elementor-widget__width-initial elementor-fixed elementor-widget elementor-widget-button\" data-id=\"198bac6\" data-element_type=\"widget\" data-settings=\"{&quot;_position&quot;:&quot;fixed&quot;}\" data-widget_type=\"button.default\">\n\t\t\t\t<div class=\"elementor-widget-container\">\n\t\t\t\t\t\t\t\t\t<div class=\"elementor-button-wrapper\">\n\t\t\t\t\t<a class=\"elementor-button elementor-button-link elementor-size-sm\" href=\"#Kapitola1\">\n\t\t\t\t\t\t<span class=\"elementor-button-content-wrapper\">\n\t\t\t\t\t\t<span class=\"elementor-button-icon\">\n\t\t\t\t<i aria-hidden=\"true\" class=\"fas fa-arrow-up\"><\/i>\t\t\t<\/span>\n\t\t\t\t\t\t\t\t<\/span>\n\t\t\t\t\t<\/a>\n\t\t\t\t<\/div>\n\t\t\t\t\t\t\t\t<\/div>\n\t\t\t\t<\/div>\n\t\t\t\t\t<\/div>\n\t\t<\/div>\n\t\t\t\t\t<\/div>\n\t\t<\/section>\n\t\t\t\t\t<\/div>\n\t\t<\/div>\n\t\t\t\t\t<\/div>\n\t\t<\/section>\n\t\t\t\t<section class=\"elementor-section elementor-top-section elementor-element elementor-element-2858d6f elementor-section-boxed elementor-section-height-default elementor-section-height-default\" data-id=\"2858d6f\" data-element_type=\"section\">\n\t\t\t\t\t\t<div class=\"elementor-container elementor-column-gap-default\">\n\t\t\t\t\t<div class=\"elementor-column elementor-col-100 elementor-top-column elementor-element elementor-element-e63bd34\" data-id=\"e63bd34\" data-element_type=\"column\">\n\t\t\t<div class=\"elementor-widget-wrap elementor-element-populated\">\n\t\t\t\t\t\t<section class=\"elementor-section elementor-inner-section elementor-element elementor-element-0b79421 elementor-section-boxed elementor-section-height-default elementor-section-height-default\" data-id=\"0b79421\" data-element_type=\"section\">\n\t\t\t\t\t\t<div class=\"elementor-container elementor-column-gap-default\">\n\t\t\t\t\t<div class=\"elementor-column elementor-col-100 elementor-inner-column elementor-element elementor-element-bb0ded5\" data-id=\"bb0ded5\" data-element_type=\"column\">\n\t\t\t<div class=\"elementor-widget-wrap elementor-element-populated\">\n\t\t\t\t\t\t<div class=\"elementor-element elementor-element-759b076 elementor-widget elementor-widget-heading\" data-id=\"759b076\" data-element_type=\"widget\" data-widget_type=\"heading.default\">\n\t\t\t\t<div class=\"elementor-widget-container\">\n\t\t\t\t\t<h3 class=\"elementor-heading-title elementor-size-default\">SLOVAK DIPHTHONGS<\/h3>\t\t\t\t<\/div>\n\t\t\t\t<\/div>\n\t\t\t\t<div class=\"elementor-element elementor-element-5aa9d5d elementor-widget elementor-widget-text-editor\" data-id=\"5aa9d5d\" data-element_type=\"widget\" data-widget_type=\"text-editor.default\">\n\t\t\t\t<div class=\"elementor-widget-container\">\n\t\t\t\t\t\t\t\t\t<p style=\"text-align: justify;\"><u>Slovak diphthongs: <\/u><strong><em>\u012da \u012de \u012du<\/em><\/strong><strong> <em>\u016do<\/em><\/strong>\u00a0<\/p><p style=\"text-align: justify;\"><strong>In English<\/strong>, as presented above, diphthongs can be pronounced as falling or rising, but the general tendency is to pronounce them as <strong>falling<\/strong>.<\/p><p style=\"text-align: justify;\">In Slovak, there is the opposite situation \u2013 <strong>Slovak<\/strong> diphthongs are <strong>rising<\/strong>. The first component of the diphthong is weakened, being pronounced only as a semivowel <em>\/\u012d\/<\/em> or <em>\/\u016d<\/em>\/ (Mistr\u00edk, 1984), while the second part constitutes the centre of the diphthong. When pronouncing Slovak diphthongs, these are not really pronounced as combinations of \/<em>i\/<\/em> plus <em>\/a\/, \/e\/, \/u\/ <\/em>or<em> \/u\/<\/em> plus \/<em>o\/,<\/em> but Slovak users articulate <em>\/\u012d<\/em>\/ combined with the second segment which is either \/<em>a\/, \/e<\/em>\/ or <em>\/u<\/em>\/, while in the case of \/<em>o<\/em>\/, it is <em>\/\u016d<\/em>\/. Thus, the Slovak diphthong <em>ia<\/em> is pronounced as \/<em>\u012da<\/em>\/, e.g. <em>dia\u013eka \/\u010f\u012da\u013eka<\/em>\/, the diphthong <em>ie \/\u012de<\/em>\/, e.g. <em>die\u0165a \/\u010f\u012de\u0165a<\/em>\/, the diphthong <em>iu \/\u012du<\/em>\/, e.g. <em>paniu \/pa\u0148\u012du<\/em>\/ and the diphthong as <em>\u00f4 \/\u016do<\/em>\/, e.g. <em>k\u00f4\u0148 \/k\u016do\u0148<\/em>\/. The Slovak diphthongs \/<em>\u012du<\/em>\/ and \/<em>\u016do<\/em>\/ are labialised, because the lips actively participate in their pronunciation, even when articulating the first segments <em>\/\u012d<\/em>\/ and \/<em>\u016d<\/em>\/.<\/p><p style=\"text-align: justify;\">In the Slovak vocabulary, there are a lot of words comprising the vowel cluster <em>ou<\/em>. This is mainly recognized as the inflectional gender-marked feminine ending of the instrumental case for pronouns, numerals, adjectives and nouns, e.g. <em>s tou druhou dobrou priate\u013ekou \/s to\u016d druho\u016d dobro\u016d pr\u012da\u0165e\u013eko\u016d\/. <\/em>Although this vowel combination is often used and pronounced within one syllable rapidly and without interruption (which means that all the characteristics for diphthongs are applied), and the segments of this vowel group are inseparable as well, <em>ou \/o\u016d<\/em>\/ is not recognised as a diphthong.<\/p><p style=\"text-align: justify;\">Otherwise, there are other vowel combinations in Slovak which form hiatus, e.g. <em>kakao \/ka-ka-o\/, video \/vi-de-o\/, di\u00e9ta<\/em> \/<em>di-\u00e9-ta<\/em>\/. These vowel clusters are not diphthongs, they form hiatus.<\/p><p style=\"text-align: justify;\">In Slovak, the letters <em>j<\/em> and <em>v <\/em>are pronounced as semivowels \/<em>\u012d<\/em>\/ and \/<em>\u016d<\/em>\/ when they occur syllable-finally, e.g. <em>tvoj \/tvo\u012d\/,<\/em> <em>\u010d\u00edtaj \/\u02a7i:ta\u012d\/, jav \/ja\u016d\/, diev\u010da \/\u010f\u012de\u016d\u02a7a\/<\/em>. According to the direction of the tongue-movement, the Slovak diphthongs are defined as central \/\u012da\/, front \/\u012de\/, close \/\u012du\/ and back \/\u016do\/ (Mistr\u00edk, 1984).<\/p>\t\t\t\t\t\t\t\t<\/div>\n\t\t\t\t<\/div>\n\t\t\t\t<div class=\"elementor-element elementor-element-4e0429d elementor-widget elementor-widget-image\" data-id=\"4e0429d\" data-element_type=\"widget\" data-widget_type=\"image.default\">\n\t\t\t\t<div class=\"elementor-widget-container\">\n\t\t\t\t\t\t\t\t\t\t\t\t\t\t\t<img fetchpriority=\"high\" decoding=\"async\" width=\"800\" height=\"448\" src=\"https:\/\/e-ucebnice.ff.ucm.sk\/wp-content\/uploads\/2023\/03\/phonetics-obr12-1024x573.jpg\" class=\"attachment-large size-large wp-image-3956\" alt=\"\" srcset=\"https:\/\/e-ucebnice.ff.ucm.sk\/wp-content\/uploads\/2023\/03\/phonetics-obr12-1024x573.jpg 1024w, https:\/\/e-ucebnice.ff.ucm.sk\/wp-content\/uploads\/2023\/03\/phonetics-obr12-300x168.jpg 300w, https:\/\/e-ucebnice.ff.ucm.sk\/wp-content\/uploads\/2023\/03\/phonetics-obr12-768x430.jpg 768w, https:\/\/e-ucebnice.ff.ucm.sk\/wp-content\/uploads\/2023\/03\/phonetics-obr12.jpg 1238w\" sizes=\"(max-width: 800px) 100vw, 800px\" \/>\t\t\t\t\t\t\t\t\t\t\t\t\t\t\t<\/div>\n\t\t\t\t<\/div>\n\t\t\t\t<div class=\"elementor-element elementor-element-421c819 elementor-widget elementor-widget-text-editor\" data-id=\"421c819\" data-element_type=\"widget\" data-widget_type=\"text-editor.default\">\n\t\t\t\t<div class=\"elementor-widget-container\">\n\t\t\t\t\t\t\t\t\t<p style=\"text-align: justify;\"><strong><u>Slovak diphthongs: <em>\u012da \u012de \u012du<\/em> <em>\u016do<\/em>\u00a0<\/u><\/strong><\/p><ul style=\"text-align: justify;\"><li><strong>\/\u012da\/ &#8211; <\/strong>a central diphthong \u2013 the Slovak <em>\/i<\/em>\/ is short spread front close, the Slovak <em>\/a<\/em>\/ is a short neutral central open vowel. The tongue position for \/<em>\u012d\/<\/em> is more backward, and thus not thoroughly identical with that of \/<em>i\/<\/em><\/li><li><strong>\/\u012de\/ &#8211; <\/strong>a front diphthong \u2013 the tongue glides from <em>\/\u012d<\/em>\/ to \/<em>e<\/em>\/ which is defined as a short neutral front mid vowel<\/li><li><strong>\/\u012du\/ &#8211; <\/strong>a close (high) diphthong which is described as labialized in the second part of its articulation. The tongue position rapidly changes from the \/<em>\u012d<\/em>\/-position to a short rounded back close \/<em>u<\/em>\/<\/li><li><strong>\/\u016do\/ &#8211; <\/strong>a back diphthong manifesting labialisation in the initial part of its articulation for \/<em>\u016d<\/em>\/, the tongue moves rapidly and without interruption to \/o\/ characterized as a short rounded back mid vowel<\/li><\/ul><p style=\"text-align: justify;\">\u00a0<\/p><p style=\"text-align: justify;\">The diphthongs \/<em>\u012da<\/em>\/ and \/<em>\u012du<\/em>\/ present more significant differences in the tongue position for pure vowels \/<em>i<\/em>\/, \/<em>a<\/em>\/, \/<em>u<\/em>\/ and diphthongized \/<em>\u012d<\/em>\/, \/<em>a<\/em>\/, \/<em>u<\/em>\/ than in the case of <em>\/\u012de<\/em>\/ and <strong>\/<\/strong><em>\u016do<\/em>\/ because the articulatory span between their segments is longer. Labialisation in the diphthongs \/<em>\u012du<\/em>\/ and \/<em>\u016do<\/em>\/ is weaker than for the monophthong \/<em>u<\/em>\/ (Kr\u00e1\u013e, Sabol, 1989).<\/p><p style=\"text-align: justify;\">\u00a0<\/p><p style=\"text-align: justify;\">The English and Slovak diphthongs barely have some features in common. As Pavl\u00edk says: \u201cSlovak and English diphthongs are so different in nature that no parallels can be drawn between them\u201d (Pavl\u00edk, 2000, p. 256). The figures number 10 and 12 clearly support this conclusion.<\/p>\t\t\t\t\t\t\t\t<\/div>\n\t\t\t\t<\/div>\n\t\t\t\t\t<\/div>\n\t\t<\/div>\n\t\t\t\t\t<\/div>\n\t\t<\/section>\n\t\t\t\t\t<\/div>\n\t\t<\/div>\n\t\t\t\t\t<\/div>\n\t\t<\/section>\n\t\t\t\t<\/div>\n\t\t","protected":false},"excerpt":{"rendered":"<p>PHONETICS AND PHONOLOGY Segmental Aspects SLOVAK DIPHTHONGS Slovak diphthongs: \u012da \u012de \u012du \u016do\u00a0 In English, as presented above, diphthongs can be pronounced as falling or rising, but the general tendency is to pronounce them as falling. In Slovak, there is the opposite situation \u2013 Slovak diphthongs are rising. The first component of the diphthong is [&hellip;]<\/p>\n","protected":false},"author":3,"featured_media":0,"parent":0,"menu_order":0,"comment_status":"closed","ping_status":"closed","template":"","meta":{"footnotes":""},"class_list":["post-3932","page","type-page","status-publish","hentry"],"_links":{"self":[{"href":"https:\/\/e-ucebnice.ff.ucm.sk\/index.php\/wp-json\/wp\/v2\/pages\/3932","targetHints":{"allow":["GET"]}}],"collection":[{"href":"https:\/\/e-ucebnice.ff.ucm.sk\/index.php\/wp-json\/wp\/v2\/pages"}],"about":[{"href":"https:\/\/e-ucebnice.ff.ucm.sk\/index.php\/wp-json\/wp\/v2\/types\/page"}],"author":[{"embeddable":true,"href":"https:\/\/e-ucebnice.ff.ucm.sk\/index.php\/wp-json\/wp\/v2\/users\/3"}],"replies":[{"embeddable":true,"href":"https:\/\/e-ucebnice.ff.ucm.sk\/index.php\/wp-json\/wp\/v2\/comments?post=3932"}],"version-history":[{"count":7,"href":"https:\/\/e-ucebnice.ff.ucm.sk\/index.php\/wp-json\/wp\/v2\/pages\/3932\/revisions"}],"predecessor-version":[{"id":3959,"href":"https:\/\/e-ucebnice.ff.ucm.sk\/index.php\/wp-json\/wp\/v2\/pages\/3932\/revisions\/3959"}],"wp:attachment":[{"href":"https:\/\/e-ucebnice.ff.ucm.sk\/index.php\/wp-json\/wp\/v2\/media?parent=3932"}],"curies":[{"name":"wp","href":"https:\/\/api.w.org\/{rel}","templated":true}]}}