{"id":4083,"date":"2023-03-13T12:21:56","date_gmt":"2023-03-13T11:21:56","guid":{"rendered":"https:\/\/e-ucebnice.ff.ucm.sk\/?page_id=4083"},"modified":"2023-05-06T10:47:16","modified_gmt":"2023-05-06T08:47:16","slug":"praktika-reci-istocniki","status":"publish","type":"page","link":"https:\/\/e-ucebnice.ff.ucm.sk\/index.php\/praktika-reci-istocniki\/","title":{"rendered":"Praktika reci-istocniki"},"content":{"rendered":"\t\t<div data-elementor-type=\"wp-page\" data-elementor-id=\"4083\" class=\"elementor elementor-4083\" data-elementor-post-type=\"page\">\n\t\t\t\t\t\t<section class=\"elementor-section elementor-top-section elementor-element elementor-element-6f672ed elementor-section-height-min-height elementor-section-boxed elementor-section-height-default elementor-section-items-middle\" data-id=\"6f672ed\" data-element_type=\"section\" data-settings=\"{&quot;background_background&quot;:&quot;classic&quot;}\">\n\t\t\t\t\t\t\t<div class=\"elementor-background-overlay\"><\/div>\n\t\t\t\t\t\t\t<div class=\"elementor-container elementor-column-gap-default\">\n\t\t\t\t\t<div class=\"elementor-column elementor-col-100 elementor-top-column elementor-element elementor-element-bbeb470\" data-id=\"bbeb470\" data-element_type=\"column\">\n\t\t\t<div class=\"elementor-widget-wrap elementor-element-populated\">\n\t\t\t\t\t\t<div class=\"elementor-element elementor-element-d82f1ef elementor-widget elementor-widget-heading\" data-id=\"d82f1ef\" data-element_type=\"widget\" data-widget_type=\"heading.default\">\n\t\t\t\t<div class=\"elementor-widget-container\">\n\t\t\t\t\t<h1 class=\"elementor-heading-title elementor-size-default\">\u041f\u0420\u0410\u041a\u0422\u0418\u041a\u0410 \u0420\u0415\u0427\u0418<\/h1>\t\t\t\t<\/div>\n\t\t\t\t<\/div>\n\t\t\t\t\t<\/div>\n\t\t<\/div>\n\t\t\t\t\t<\/div>\n\t\t<\/section>\n\t\t\t\t<section class=\"elementor-section elementor-top-section elementor-element elementor-element-2858d6f elementor-section-boxed elementor-section-height-default elementor-section-height-default\" data-id=\"2858d6f\" data-element_type=\"section\">\n\t\t\t\t\t\t<div class=\"elementor-container elementor-column-gap-default\">\n\t\t\t\t\t<div class=\"elementor-column elementor-col-100 elementor-top-column elementor-element elementor-element-e63bd34\" data-id=\"e63bd34\" data-element_type=\"column\">\n\t\t\t<div class=\"elementor-widget-wrap elementor-element-populated\">\n\t\t\t\t\t\t<section class=\"elementor-section elementor-inner-section elementor-element elementor-element-0b79421 elementor-section-boxed elementor-section-height-default elementor-section-height-default\" data-id=\"0b79421\" data-element_type=\"section\">\n\t\t\t\t\t\t<div class=\"elementor-container elementor-column-gap-default\">\n\t\t\t\t\t<div class=\"elementor-column elementor-col-100 elementor-inner-column elementor-element elementor-element-bb0ded5\" data-id=\"bb0ded5\" data-element_type=\"column\">\n\t\t\t<div class=\"elementor-widget-wrap elementor-element-populated\">\n\t\t\t\t\t\t<div class=\"elementor-element elementor-element-759b076 elementor-widget elementor-widget-heading\" data-id=\"759b076\" data-element_type=\"widget\" data-widget_type=\"heading.default\">\n\t\t\t\t<div class=\"elementor-widget-container\">\n\t\t\t\t\t<h3 class=\"elementor-heading-title elementor-size-default\">\u0418\u0441\u0442\u043e\u0447\u043d\u0438\u043a\u0438<\/h3>\t\t\t\t<\/div>\n\t\t\t\t<\/div>\n\t\t\t\t<div class=\"elementor-element elementor-element-fa55a5a elementor-widget elementor-widget-text-editor\" data-id=\"fa55a5a\" data-element_type=\"widget\" data-widget_type=\"text-editor.default\">\n\t\t\t\t<div class=\"elementor-widget-container\">\n\t\t\t\t\t\t\t\t\t<p>BELYNTSEVA, O. \u2013 JANEK, A.: U\u010debnice sou\u010dasn\u00e9 ru\u0161tiny. 1. d\u00edl. Brno: Computer Press, a.s., 2011. 556 s. ISBN 978-80-251-2442-0.<\/p><p>DOROTJAKOV\u00c1, V. et al.: Rusko-slovensk\u00fd frazeologick\u00fd slovn\u00edk. 1. vyd. Bratislava: Slovensk\u00e9 pedagogick\u00e9 nakladate\u013estvo, 1998. 670 s. ISBN 80-08-00304-9.<\/p><p>DOROTJAKOV\u00c1, V. et al.: Rusko-slovensk\u00fd slovn\u00edk. 1. vyd. Bratislava: Slovensk\u00e9 pedagogick\u00e9 nakladate\u013estvo, 1989. 752 s. ISBN 80-08-00909-8.<\/p><p>DULEBOV\u00c1, I. \u2013 CINGEROV\u00c1, N. \u2013 HR\u010cKOV\u00c1, K.: Glos\u00e1r rusk\u00fdch lingvore\u00e1li\u00ed. 1. vyd. Bratislava: Univerzita Komensk\u00e9ho v Bratislave. Filozofick\u00e1 fakulta UK. Stimul, 2016. 170 s. ISBN 978-80-8127-163-2.<\/p><p>DULEBOV\u00c1, I. \u2013 CINGEROV\u00c1, N.: Rusk\u00e9 lingvore\u00e1lie. 1. vyd. Bratislava: Univerzita Komensk\u00e9ho v Bratislave, 2017. 276 s. ISBN 978-80-223-4431-9.<\/p><p>GAJARSK\u00dd, L. \u2013 GRIGORJANOV\u00c1, T.: S ru\u0161tinou na cest\u00e1ch. 1. vyd. Brno: Tribun EU, 2016. 130 s. ISBN 978-80-263-1151-5.<\/p><p>GAJARSK\u00dd, L. \u2013 GRIGORJANOV\u00c1, T.: Slovn\u00edk rusko-slovensk\u00fdch medzijazykov\u00fdch homon\u00fdm. 1. vyd. Brno: Tribun EU, 2019. 126 s. ISBN 978-80-263-1544-5.<\/p><p>GAJARSK\u00dd, L. \u2013 GRIGORJANOV\u00c1, T.: U\u010debnica rusko-slovensk\u00fdch homon\u00fdm. 1. vyd. Brno: Tribun EU, 2020. 119 s. ISBN 978-80-263-1614-5.<\/p><p>HARTL, P. \u2013 HARTLOV\u00c1, H.: Psychologick\u00fd slovn\u00edk. Vyd. 1. Praha: Port\u00e1l, 2000. 774 s. ISBN 80-7178-303-X.<\/p><p>IERMACHKOVA, O.: Realii Rossii. \u010cas\u0165 1. 1. vyd. Brno: Tribun EU, 2021. 109 s. ISBN 978-80-263-1642-8.<\/p><p>IERMACHKOVA, O.: Realii Rossii. \u010cas\u0165 2. 1. vyd. Brno: Tribun EU, 2022. 142 s. ISBN 978-80-263-1716-6.<\/p><p>JANEK, A. \u2013 MAMONOVA, J.: U\u010debnice sou\u010dasn\u00e9 ru\u0161tiny. 2. d\u00edl. Brno: Computer Press, a.s., 2011. 410 s. ISBN 978-80-251-2859-6.<\/p><p>Rusko-slovensk\u00fd a slovensko-rusk\u00fd ve\u013ek\u00fd slovn\u00edk. &#8230;nielen pre prekladate\u013eov. Bratislava: Lingea, 2011. 1360 s. ISBN 978-80-89323-27-2.<\/p><p style=\"text-align: center;\">***<\/p><p>\u0411\u0415\u041b\u0418\u041a\u041e\u0412\u0410, \u041b.\u0413. \u2013 \u0415\u0420\u041e\u0424\u0415\u0415\u0412\u0410, \u0418.\u041d.: \u0420\u0443\u0441\u0441\u043a\u0438\u0439 \u044f\u0437\u044b\u043a \u0431\u0435\u0437 \u043f\u0440\u043e\u0431\u043b\u0435\u043c! \u042f \u0438 \u043c\u044b: \u043f\u043e\u0441\u043e\u0431\u0438\u0435 \u043f\u043e \u0440\u0435\u0447\u0435\u0432\u043e\u0439 \u043f\u0440\u0430\u043a\u0442\u0438\u043a\u0435. \u041c\u043e\u0441\u043a\u0432\u0430: \u00ab\u0424\u041b\u0418\u041d\u0422\u0410\u00bb, 2020. 228 \u0441. ISBN 978-5-9765-4009-5.<\/p><p>\u0412\u0412\u0415\u0414\u0415\u041d\u0421\u041a\u0410\u042f, \u041b.\u0410. \u2013 \u041f\u0410\u0412\u041b\u041e\u0412\u0410, \u041b.\u0413. \u2013 \u041a\u0410\u0428\u0410\u0415\u0412\u0410, \u0415.\u042e.: \u0420\u0443\u0441\u0441\u043a\u0438\u0439 \u044f\u0437\u044b\u043a \u0438 \u043a\u0443\u043b\u044c\u0442\u0443\u0440\u0430 \u0440\u0435\u0447\u0438. \u0421\u043f\u0440\u0430\u0432\u043e\u0447\u043d\u043e\u0435 \u043f\u043e\u0441\u043e\u0431\u0438\u0435. \u0421\u0435\u0440\u0438\u044f \u00ab\u0412\u044b\u0441\u0448\u0438\u0439 \u0431\u0430\u043b\u043b\u00bb. \u0420\u043e\u0441\u0442\u043e\u0432-\u043d\u0430-\u0414\u043e\u043d\u0443: \u00ab\u0424\u0435\u043d\u0438\u043a\u0441\u00bb, 2002. 384\u0441.<\/p><p>\u0414\u0423\u041b\u0415\u0411\u041e\u0412\u0410, \u0418. \u2013 \u041c\u041e\u0421\u041a\u041e\u0412\u041a\u0418\u041d, \u041b.\u0412.: \u0421\u043e\u0446\u0438\u043e\u043a\u0443\u043b\u044c\u0442\u0443\u0440\u043d\u043e\u0435 \u0441\u043e\u0434\u0435\u0440\u0436\u0430\u043d\u0438\u0435 \u0441\u043e\u0432\u0440\u0435\u043c\u0435\u043d\u043d\u044b\u0445 \u0443\u0447\u0435\u0431\u043d\u0438\u043a\u043e\u0432 \u0440\u0443\u0441\u0441\u043a\u043e\u0433\u043e \u044f\u0437\u044b\u043a\u0430 \u0434\u043b\u044f \u0448\u043a\u043e\u043b \u0438 \u0432\u0443\u0437\u043e\u0432 \u0421\u043b\u043e\u0432\u0430\u043a\u0438\u0438. In: \u0424\u0438\u043b\u043e\u043b\u043e\u0433\u0438\u0447\u0435\u0441\u043a\u0438\u0439 \u043a\u043b\u0430\u0441\u0441. 2021. \u0422\u043e\u043c 26. \u21162. \u0421. 221-233. DOI 10.51762\/1FK-2021-26-02-19.<\/p><p>\u041a\u041e\u0422\u0410\u041d\u0415, \u041b.: Russian for business. Pre-intermediate. B1. Textbook. \u0421\u0430\u043d\u043a\u0442-\u041f\u0435\u0442\u0435\u0440\u0431\u0443\u0440\u0433: \u00ab\u0417\u043b\u0430\u0442\u043e\u0443\u0441\u0442\u00bb, 2019. 172 \u0441. ISBN 978-5-86547-730-3.<\/p><p>\u041a\u041e\u0422\u0410\u041d\u0415, \u041b.: Russian for business. Pre-intermediate. B2. Textbook. \u0421\u0430\u043d\u043a\u0442-\u041f\u0435\u0442\u0435\u0440\u0431\u0443\u0440\u0433: \u00ab\u0417\u043b\u0430\u0442\u043e\u0443\u0441\u0442\u00bb, 2014. 176 c. ISBN 978-5-86547-732-7.<\/p><p>\u041b\u0415\u041a\u0410\u041d\u0422, \u041f.\u0410. et al.: \u0421\u043e\u0432\u0440\u0435\u043c\u0435\u043d\u043d\u044b\u0439 \u0440\u0443\u0441\u0441\u043a\u0438\u0439 \u044f\u0437\u044b\u043a: \u0443\u0447\u0435\u0431\u043d\u0438\u043a \u0434\u043b\u044f \u0441\u0442\u0443\u0434\u0435\u043d\u0442\u043e\u0432 \u0432\u0443\u0437\u043e\u0432, \u043e\u0431\u0443\u0447\u0430\u044e\u0449\u0438\u0445\u0441\u044f \u043f\u043e \u0441\u043f\u0435\u0446\u0438\u0430\u043b\u044c\u043d\u043e\u0441\u0442\u0438 \u00ab\u0424\u0438\u043b\u043e\u043b\u043e\u0433\u0438\u044f\u00bb. 4-\u0435 \u0438\u0437\u0434\u0430\u043d\u0438\u0435. \u041c\u043e\u0441\u043a\u0432\u0430: \u00ab\u0414\u0440\u043e\u0444\u0430\u00bb, 2007. 557 \u0441. ISBN 978-5-358-01658-3.<\/p><p>\u041e\u0416\u0415\u0413\u041e\u0412, \u0421.\u0418.: \u0421\u043b\u043e\u0432\u0430\u0440\u044c \u0440\u0443\u0441\u0441\u043a\u043e\u0433\u043e \u044f\u0437\u044b\u043a\u0430. \u041c\u043e\u0441\u043a\u0432\u0430: \u0418\u0437\u0434. \u00ab\u0420\u0443\u0441\u0441\u043a\u0438\u0439 \u044f\u0437\u044b\u043a\u00bb, 1981. 816 \u0441.<\/p><p>\u0421\u043b\u043e\u0432\u0430\u0440\u044c \u0441\u0438\u043d\u043e\u043d\u0438\u043c\u043e\u0432 \u0440\u0443\u0441\u0441\u043a\u043e\u0433\u043e \u044f\u0437\u044b\u043a\u0430. \u0421\u043b\u043e\u0432\u0430\u0440\u044c \u0430\u043d\u0442\u043e\u043d\u0438\u043c\u043e\u0432 \u0440\u0443\u0441\u0441\u043a\u043e\u0433\u043e \u044f\u0437\u044b\u043a\u0430. \u0418\u0437\u0434. 2-\u0435. \u0421\u0430\u043d\u043a\u0442-\u041f\u0435\u0442\u0435\u0440\u0431\u0443\u0440\u0433: \u041e\u041e\u041e \u00ab\u0412\u0438\u043a\u0442\u043e\u0440\u0438\u044f \u043f\u043b\u044e\u0441\u00bb, 2007. 537 \u0441. ISBN 5-89173-990-9.<\/p><p>\u0422\u0435\u043e\u0440\u0438\u044f \u0438 \u043c\u0435\u0442\u043e\u0434\u0438\u043a\u0430 \u043e\u0431\u0443\u0447\u0435\u043d\u0438\u044f \u0440\u0443\u0441\u0441\u043a\u043e\u043c\u0443 \u044f\u0437\u044b\u043a\u0443: \u043a\u043e\u043d\u0441\u043f\u0435\u043a\u0442\u044b \u043b\u0435\u043a\u0446\u0438\u0439, \u043f\u043b\u0430\u043d\u044b \u043f\u0440\u0430\u043a\u0442\u0438\u0447\u0435\u0441\u043a\u0438\u0445 \u0437\u0430\u043d\u044f\u0442\u0438\u0439, \u043a\u043e\u043d\u0442\u0440\u043e\u043b\u044c\u043d\u044b\u0435 \u0440\u0430\u0431\u043e\u0442\u044b, \u0442\u0435\u0441\u0442\u044b: \u0443\u0447\u0435\u0431\u043d\u043e-\u043c\u0435\u0442\u043e\u0434\u0438\u0447\u0435\u0441\u043a\u0438\u0439 \u043a\u043e\u043c\u043f\u043b\u0435\u043a\u0441 \/ \u0441\u043e\u0441\u0442. \u041d. \u0410. \u0410\u0440\u0442\u0451\u043c\u0435\u043d\u043a\u043e. \u0422\u043e\u043c\u0441\u043a: \u0418\u0437\u0434\u0430\u0442\u0435\u043b\u044c\u0441\u0442\u0432\u043e \u0422\u043e\u043c\u0441\u043a\u043e\u0433\u043e \u0433\u043e\u0441\u0443\u0434\u0430\u0440\u0441\u0442\u0432\u0435\u043d\u043d\u043e\u0433\u043e \u043f\u0435\u0434\u0430\u0433\u043e\u0433\u0438\u0447\u0435\u0441\u043a\u043e\u0433\u043e \u0443\u043d\u0438\u0432\u0435\u0440\u0441\u0438\u0442\u0435\u0442\u0430, 2009. 284 \u0441.<\/p><p>\u0422\u0435\u043e\u0440\u0438\u044f \u0438 \u043f\u0440\u0430\u043a\u0442\u0438\u043a\u0430 \u043e\u0431\u0443\u0447\u0435\u043d\u0438\u044f \u0440\u0443\u0441\u0441\u043a\u043e\u043c\u0443 \u044f\u0437\u044b\u043a\u0443: \u0443\u0447\u0435\u0431\u043d\u043e-\u043c\u0435\u0442\u043e\u0434\u0438\u0447\u0435\u0441\u043a\u043e\u0435 \u043f\u043e\u0441\u043e\u0431\u0438\u0435 \/\u0441\u043e\u0441\u0442. \u0417. \u0424. \u042e\u0441\u0443\u043f\u043e\u0432\u0430. \u041a\u0430\u0437\u0430\u043d\u044c: \u041a\u0430\u0437\u0430\u043d\u0441\u043a\u0438\u0439 \u0443\u043d\u0438\u0432\u0435\u0440\u0441\u0438\u0442\u0435\u0442, 2013. 80 \u0441. ISBN 978-5-00019-120-0.<\/p><p>\u0423\u0428\u0410\u041a\u041e\u0412, \u0414.\u041d. et al.: \u0411\u043e\u043b\u044c\u0448\u043e\u0439 \u0442\u043e\u043b\u043a\u043e\u0432\u044b\u0439 \u0441\u043b\u043e\u0432\u0430\u0440\u044c \u0441\u043e\u0432\u0440\u0435\u043c\u0435\u043d\u043d\u043e\u0433\u043e \u0440\u0443\u0441\u0441\u043a\u043e\u0433\u043e \u044f\u0437\u044b\u043a\u0430. \u041c\u043e\u0441\u043a\u0432\u0430: \u00ab\u0410\u043b\u044c\u0442\u0430-\u041f\u0440\u0438\u043d\u0442\u00bb, 2005. 1239 \u0441. ISBN 5-98628-044-X.<\/p><p>\u0424\u0415\u0414\u041e\u0422\u041e\u0412\u0410, \u041d.\u041b.: \u041c\u0435\u0442\u043e\u0434\u0438\u043a\u0430 \u043f\u0440\u0435\u043f\u043e\u0434\u0430\u0432\u0430\u043d\u0438\u044f \u0440\u0443\u0441\u0441\u043a\u043e\u0433\u043e \u044f\u0437\u044b\u043a\u0430 \u043a\u0430\u043a \u0438\u043d\u043e\u0441\u0442\u0440\u0430\u043d\u043d\u043e\u0433\u043e. \u041f\u0440\u0430\u043a\u0442\u0438\u0447\u0435\u0441\u043a\u0438\u0439 \u043a\u0443\u0440\u0441. \u041c\u043e\u0441\u043a\u0432\u0430: \u00ab\u0417\u043b\u0430\u0442\u043e\u0443\u0441\u0442\u00bb, 2013. 220 \u0441. ISBN 978-5-86547-684-9.<\/p><p>\u0429\u0423\u041a\u0418\u041d, \u0410.\u041d.: \u041e\u0431\u0443\u0447\u0435\u043d\u0438\u0435 \u0438\u043d\u043e\u0441\u0442\u0440\u0430\u043d\u043d\u044b\u043c \u044f\u0437\u044b\u043a\u0430\u043c: \u0422\u0435\u043e\u0440\u0438\u044f \u0438 \u043f\u0440\u0430\u043a\u0442\u0438\u043a\u0430: \u0423\u0447\u0435\u0431\u043d\u043e\u0435 \u043f\u043e\u0441\u043e\u0431\u0438\u0435 \u0434\u043b\u044f \u043f\u0440\u0435\u043f\u043e\u0434\u0430\u0432\u0430\u0442\u0435\u043b\u0435\u0439 \u0438 \u0441\u0442\u0443\u0434\u0435\u043d\u0442\u043e\u0432. \u041c\u043e\u0441\u043a\u0432\u0430: \u00ab\u0424\u0438\u043b\u043e\u043c\u0430\u0442\u0438\u0441\u00bb, 2004. 416 \u0441. ISBN 5-204-00341-X.<\/p><p>\u00a0<\/p><p><span style=\"color: #000000;\"><strong>\u0418\u043d\u0442\u0435\u0440\u043d\u0435\u0442-\u0438\u0441\u0442\u043e\u0447\u043d\u0438\u043a\u0438<\/strong><\/span><br \/>http:\/\/clearwordstranslations.com\/language\/ru\/learning-a-language\/<br \/>http:\/\/gramota.ru\/slovari\/<br \/>https:\/\/ast.ru\/news\/chtenie_dlya_podrostkov_kak_ne_otbit_tyagu_k_literature\/<br \/>https:\/\/britannica.com\/dictionary\/communication<br \/>https:\/\/dictionary.cambridge.org\/dictionary\/<br \/>https:\/\/ec.europa.eu\/commission\/presscorner\/detail\/sk\/IP_11_1065<br \/>https:\/\/ung.edu\/college-of-arts-and-letters\/languages\/why-study-a-foreign-language.php<br \/>https:\/\/econf.rae.ru\/article\/7041<br \/>https:\/\/edtechreview.in\/trends-insights\/trends\/what-will-schools-look-like-in-2050\/<br \/>https:\/\/gcro.nios.ru\/system\/files\/ped_oboz_226.pdf<br \/>https:\/\/internetpolicy.kg\/literacymodule\/course_1\/module1\/glava1_2.html<br \/>https:\/\/itechdata.ai\/cultural-differences-in-communication-know-the-facts\/<br \/>https:\/\/ithaca.edu\/academics\/school-humanities-and-sciences\/modern-languages-and-literatures\/why-you-should-study-foreign-language<br \/>https:\/\/komunikacia76.webnode.sk\/komunikacia\/<br \/>https:\/\/lawyer-great.ru\/about-me-why-i-became-a-teacher\/<br \/>https:\/\/leaderinme.org\/blog\/tips-for-teachers\/<br \/>https:\/\/lindeal.com\/business\/facebook-istoriya-uspekha-kompanii<br \/>https:\/\/moodle.kstu.ru\/mod\/book\/tool\/print\/index.php?id=18045<br \/>https:\/\/ourworldindata.org\/time-use<br \/>https:\/\/pewresearch.org\/internet\/2018\/11\/28\/teens-and-their-experiences-on-social-media\/<br \/>https:\/\/plus-one.ru\/economy\/2020\/06\/16\/10-faktov-ob-iskusstvennom-intellekte<br \/>https:\/\/rd.com\/article\/common-hand-gestures-rude-in-other-countries\/<br \/>https:\/\/rd.com\/list\/school-days-around-the-world\/<br \/>https:\/\/scienceproblems.ru\/ponjatie-i-klassifikatsija\/4.html<br \/>https:\/\/socioforum.su\/viewtopic.php?f=72&amp;t=43359<br \/>https:\/\/sonikstour.ru\/helpful\/articles\/interesnye_fakty_o_turizme\/<br \/>https:\/\/spreeder.com\/why-reading-is-important-for-all-age-groups\/<br \/>https:\/\/static.mk.ru\/upload\/entities\/2020\/07\/03\/14\/articlesImages\/image\/1b\/b1\/53\/b1\/df7c589499770e091dea07ecb5fa6087.jpg<br \/>https:\/\/uopeople.edu\/blog\/why-its-important-to-read\/<br \/>https:\/\/worldwildhearts.com\/post\/why-travel-is-important-life-experience<br \/>https:\/\/yandex.ru\/video\/preview\/7462369250781496161<br \/>https:\/\/youngreadersfoundation.org\/importance-of-reading\/<br \/>https:\/\/youtube.com\/watch?v=AgSF3ZMpsSE<br \/>https:\/\/youtube.com\/watch?v=LMEQG5vLGvI<br \/>https:\/\/youtube.com\/watch?v=Mc9UYBYEGZQ<br \/>https:\/\/youtube.com\/watch?v=nIBsHsAVMoE<br \/>https:\/\/youtube.com\/watch?v=OlMmjlwVBJA&amp;t=16s<br \/>https:\/\/youtube.com\/watch?v=pg0m2fycaI8<br \/>https:\/\/youtube.com\/watch?v=wNtPXyBma1s<br \/>https:\/\/youtube.com\/watch?v=YRTDTYMGMGo&amp;t=70s<\/p><p>\u00a0<\/p><p><span style=\"color: #000000;\"><strong>\u0418\u043b\u043b\u044e\u0441\u0442\u0440\u0430\u0446\u0438\u0438<\/strong><\/span><br \/>https:\/\/cdn.powerofpositivity.com\/wp-content\/uploads\/2013\/06\/photodune-1576481-relaxing-xs-1200&#215;900.jpg<br \/>https:\/\/j7i7x4q6.rocketcdn.me\/wp-content\/uploads\/2022\/03\/Online-Learning-App-Female-Using-Smartphone-Application-For-Studying-Foreign-Languages-Cropped-min-1024&#215;633.jpg<br \/>https:\/\/media.licdn.com\/dms\/image\/C5112AQGfUs4u2bhXRQ\/article-cover_image-shrink_600_2000\/0\/1520204375906?e=2147483647&amp;v=beta&amp;t=M6STWGyfEo7Vani_Vrcmb_lQXTKWZ2KrEEK9WsrIEhc<br \/>https:\/\/nea.org\/sites\/default\/files\/legacy\/2020\/04\/new_teacher.jpeg<br \/>https:\/\/pexels.com<br \/>https:\/\/tiktok.com\/@barizo_is_back266\/video\/7176047299003469062<br \/>https:\/\/traveloffpath.com\/wp-content\/uploads\/2021\/08\/adventure.jpg<br \/>https:\/\/troomi.com\/wp-content\/uploads\/2021\/05\/AdobeStock_288470822-edited-1-scaled.jpeg<\/p>\t\t\t\t\t\t\t\t<\/div>\n\t\t\t\t<\/div>\n\t\t\t\t\t<\/div>\n\t\t<\/div>\n\t\t\t\t\t<\/div>\n\t\t<\/section>\n\t\t\t\t\t<\/div>\n\t\t<\/div>\n\t\t\t\t\t<\/div>\n\t\t<\/section>\n\t\t\t\t<\/div>\n\t\t","protected":false},"excerpt":{"rendered":"<p>\u041f\u0420\u0410\u041a\u0422\u0418\u041a\u0410 \u0420\u0415\u0427\u0418 \u0418\u0441\u0442\u043e\u0447\u043d\u0438\u043a\u0438 BELYNTSEVA, O. \u2013 JANEK, A.: U\u010debnice sou\u010dasn\u00e9 ru\u0161tiny. 1. d\u00edl. Brno: Computer Press, a.s., 2011. 556 s. ISBN 978-80-251-2442-0. DOROTJAKOV\u00c1, V. et al.: Rusko-slovensk\u00fd frazeologick\u00fd slovn\u00edk. 1. vyd. Bratislava: Slovensk\u00e9 pedagogick\u00e9 nakladate\u013estvo, 1998. 670 s. ISBN 80-08-00304-9. DOROTJAKOV\u00c1, V. et al.: Rusko-slovensk\u00fd slovn\u00edk. 1. vyd. Bratislava: Slovensk\u00e9 pedagogick\u00e9 nakladate\u013estvo, 1989. 752 s. [&hellip;]<\/p>\n","protected":false},"author":3,"featured_media":0,"parent":0,"menu_order":0,"comment_status":"closed","ping_status":"closed","template":"","meta":{"footnotes":""},"class_list":["post-4083","page","type-page","status-publish","hentry"],"_links":{"self":[{"href":"https:\/\/e-ucebnice.ff.ucm.sk\/index.php\/wp-json\/wp\/v2\/pages\/4083","targetHints":{"allow":["GET"]}}],"collection":[{"href":"https:\/\/e-ucebnice.ff.ucm.sk\/index.php\/wp-json\/wp\/v2\/pages"}],"about":[{"href":"https:\/\/e-ucebnice.ff.ucm.sk\/index.php\/wp-json\/wp\/v2\/types\/page"}],"author":[{"embeddable":true,"href":"https:\/\/e-ucebnice.ff.ucm.sk\/index.php\/wp-json\/wp\/v2\/users\/3"}],"replies":[{"embeddable":true,"href":"https:\/\/e-ucebnice.ff.ucm.sk\/index.php\/wp-json\/wp\/v2\/comments?post=4083"}],"version-history":[{"count":25,"href":"https:\/\/e-ucebnice.ff.ucm.sk\/index.php\/wp-json\/wp\/v2\/pages\/4083\/revisions"}],"predecessor-version":[{"id":7559,"href":"https:\/\/e-ucebnice.ff.ucm.sk\/index.php\/wp-json\/wp\/v2\/pages\/4083\/revisions\/7559"}],"wp:attachment":[{"href":"https:\/\/e-ucebnice.ff.ucm.sk\/index.php\/wp-json\/wp\/v2\/media?parent=4083"}],"curies":[{"name":"wp","href":"https:\/\/api.w.org\/{rel}","templated":true}]}}