{"id":4621,"date":"2023-03-15T18:43:36","date_gmt":"2023-03-15T17:43:36","guid":{"rendered":"https:\/\/e-ucebnice.ff.ucm.sk\/?page_id=4621"},"modified":"2023-03-15T19:05:56","modified_gmt":"2023-03-15T18:05:56","slug":"helenistickastredovekafil-u","status":"publish","type":"page","link":"https:\/\/e-ucebnice.ff.ucm.sk\/index.php\/helenistickastredovekafil-u\/","title":{"rendered":"HelenistickaStredovekaFil-U"},"content":{"rendered":"\t\t<div data-elementor-type=\"wp-page\" data-elementor-id=\"4621\" class=\"elementor elementor-4621\" data-elementor-post-type=\"page\">\n\t\t\t\t\t\t<section class=\"elementor-section elementor-top-section elementor-element elementor-element-6f672ed elementor-section-height-min-height elementor-section-boxed elementor-section-height-default elementor-section-items-middle\" data-id=\"6f672ed\" data-element_type=\"section\" data-settings=\"{&quot;background_background&quot;:&quot;classic&quot;}\">\n\t\t\t\t\t\t\t<div class=\"elementor-background-overlay\"><\/div>\n\t\t\t\t\t\t\t<div class=\"elementor-container elementor-column-gap-default\">\n\t\t\t\t\t<div class=\"elementor-column elementor-col-100 elementor-top-column elementor-element elementor-element-bbeb470\" data-id=\"bbeb470\" data-element_type=\"column\">\n\t\t\t<div class=\"elementor-widget-wrap elementor-element-populated\">\n\t\t\t\t\t\t<div class=\"elementor-element elementor-element-d82f1ef elementor-widget elementor-widget-heading\" data-id=\"d82f1ef\" data-element_type=\"widget\" data-widget_type=\"heading.default\">\n\t\t\t\t<div class=\"elementor-widget-container\">\n\t\t\t\t\t<h1 class=\"elementor-heading-title elementor-size-default\">VYBRAN\u00c9 KAPITOLY Z DEJ\u00cdN HELENISTICKEJ A STREDOVEKEJ FILOZOFIE <\/h1>\t\t\t\t<\/div>\n\t\t\t\t<\/div>\n\t\t\t\t\t<\/div>\n\t\t<\/div>\n\t\t\t\t\t<\/div>\n\t\t<\/section>\n\t\t\t\t<section class=\"elementor-section elementor-top-section elementor-element elementor-element-2858d6f elementor-section-boxed elementor-section-height-default elementor-section-height-default\" data-id=\"2858d6f\" data-element_type=\"section\">\n\t\t\t\t\t\t<div class=\"elementor-container elementor-column-gap-default\">\n\t\t\t\t\t<div class=\"elementor-column elementor-col-100 elementor-top-column elementor-element elementor-element-e63bd34\" data-id=\"e63bd34\" data-element_type=\"column\">\n\t\t\t<div class=\"elementor-widget-wrap elementor-element-populated\">\n\t\t\t\t\t\t<section class=\"elementor-section elementor-inner-section elementor-element elementor-element-0b79421 elementor-section-boxed elementor-section-height-default elementor-section-height-default\" data-id=\"0b79421\" data-element_type=\"section\">\n\t\t\t\t\t\t<div class=\"elementor-container elementor-column-gap-default\">\n\t\t\t\t\t<div class=\"elementor-column elementor-col-100 elementor-inner-column elementor-element elementor-element-bb0ded5\" data-id=\"bb0ded5\" data-element_type=\"column\">\n\t\t\t<div class=\"elementor-widget-wrap elementor-element-populated\">\n\t\t\t\t\t\t<div class=\"elementor-element elementor-element-759b076 elementor-widget elementor-widget-heading\" data-id=\"759b076\" data-element_type=\"widget\" data-widget_type=\"heading.default\">\n\t\t\t\t<div class=\"elementor-widget-container\">\n\t\t\t\t\t<h3 class=\"elementor-heading-title elementor-size-default\">\u00davod<\/h3>\t\t\t\t<\/div>\n\t\t\t\t<\/div>\n\t\t\t\t<div class=\"elementor-element elementor-element-5aa9d5d elementor-widget elementor-widget-text-editor\" data-id=\"5aa9d5d\" data-element_type=\"widget\" data-widget_type=\"text-editor.default\">\n\t\t\t\t<div class=\"elementor-widget-container\">\n\t\t\t\t\t\t\t\t\t<p style=\"text-align: justify;\">T\u00e1to vysoko\u0161kolsk\u00e1 u\u010debnica, venuj\u00faca sa vybran\u00fdm kapitol\u00e1m z\u00a0dej\u00edn helenistickej a\u00a0stredovekej filozofie je prim\u00e1rne ur\u010den\u00e1 pre potreby v\u00fdu\u010dby \u0161tudentov u\u010dite\u013estva v\u00fdchovy k\u00a0ob\u010dianstvu vo v\u0161etk\u00fdch jej form\u00e1ch \u2013 dennej, externej a\u00a0roz\u0161iruj\u00facej. Rovnako tie\u017e m\u00f4\u017ee posl\u00fa\u017ei\u0165 ako doplnkov\u00fd materi\u00e1l pre u\u010dite\u013eov predmetov \u0161t\u00e1tneho vzdel\u00e1vacieho programu vo vzdel\u00e1vac\u00edch oblastiach \u010dlovek a\u00a0hodnoty, alebo \u010dlovek a\u00a0spolo\u010dnos\u0165, predov\u0161etk\u00fdm pre gymn\u00e1zi\u00e1, pr\u00edpadne pre 2. stupe\u0148 Z\u0160. Vzh\u013eadom na svoj obsah m\u00f4\u017ee posl\u00fa\u017ei\u0165 aj \u0161tudentom filozofick\u00fdch fak\u00falt, predov\u0161etk\u00fdm z\u00a0odborov filozofie \u010di hist\u00f3rie, ako aj \u0161ir\u0161ej \u010ditate\u013eskej verejnosti, ktor\u00e1 sa zauj\u00edma o\u00a0eur\u00f3pske myslenie.<\/p><p style=\"text-align: justify;\">\u00a0\u00a0\u00a0\u00a0\u00a0\u00a0\u00a0\u00a0\u00a0\u00a0\u00a0 U\u010debnica sa venuje relat\u00edvne dlh\u00e9mu a\u00a0v\u00fdznamn\u00e9mu obdobiu z\u00e1padn\u00e9ho filozofick\u00e9ho myslenia \u2013 od helenizmu, cez novoplatonizmus sklonku antiky, po\u010diatky a\u00a0hlavn\u00e9 t\u00e9my stredovekej filozofie, a\u017e po scholastiku. Toto obdobie pon\u00faka mno\u017estvo filozofick\u00fdch hnut\u00ed, \u0161k\u00f4l, n\u00e1zorov a\u00a0osobnost\u00ed. Cie\u013eom u\u010debnice nie je spomen\u00fa\u0165 ka\u017ed\u00fa z\u00a0nich, koniec koncov, \u010ditate\u013e \u010di \u010ditate\u013eka sa v\u017edy m\u00f4\u017ee zah\u013abi\u0165 do podrobnost\u00ed a\u00a0obr\u00e1ti\u0165 sa \u010di u\u017e na knihy a\u00a0str\u00e1nky, z\u00a0ktor\u00fdch som \u010derpal a\u00a0ktor\u00e9 uv\u00e1dzam v\u00a0zozname literat\u00fary, alebo na obrovsk\u00e9 mno\u017estvo \u010fal\u0161\u00edch kvalitn\u00fdch textov, ktor\u00e9 sa dan\u00e9mu obdobiu venuj\u00fa.<\/p><p style=\"text-align: justify;\">\u00a0\u00a0\u00a0\u00a0\u00a0\u00a0\u00a0\u00a0\u00a0\u00a0\u00a0 Aby som sa vyhol zahlteniu \u010ditateliek a\u00a0\u010ditate\u013eov tejto u\u010debnice mno\u017estvom faktografick\u00fdch \u00fadajov a\u00a0te\u00f3ri\u00ed, zvolil som nasleduj\u00face metodick\u00e9 strat\u00e9gie: 1)\u00a0vybral som len tie t\u00e9my a\u00a0autorov, ktor\u00e9 s\u00fa v\u00a0danom obdob\u00ed pova\u017eovan\u00e9 za najviac k\u013e\u00fa\u010dov\u00e9 a\u00a0format\u00edvne; 2)\u00a0s\u00fastredil som sa na t\u00e9my a\u00a0smery, ktor\u00fdch vplyv a\u00a0stopy je mo\u017en\u00e9 vysledova\u0165 aj v\u00a0s\u00fa\u010dasnom myslen\u00ed; 3)\u00a0z\u00a0nich som \u010falej uprednostnil t\u00e9my a\u00a0pr\u00edstupy, ktor\u00e9 maj\u00fa svoj praktick\u00fd rozmer, teda sa t\u00fdkaj\u00fa ot\u00e1zok etick\u00fdch, ot\u00e1zok vedenia vlastn\u00e9ho \u017eivota \u010di \u017eivota spolo\u010dnosti.<\/p><p style=\"text-align: justify;\">\u00a0\u00a0\u00a0\u00a0\u00a0\u00a0\u00a0\u00a0\u00a0\u00a0\u00a0 U\u010debnica sa sklad\u00e1 z\u00a0troch hlavn\u00fdch kapitol. Prv\u00e1 je venovan\u00e1 helenizmu, jeho v\u0161eobecnej charakteristike a\u00a0trom k\u013e\u00fa\u010dov\u00fdm helenistick\u00fdm hnutiam: stoicizmu, epikureizmu a\u00a0skepticizmu. Druh\u00e1 kapitola sa venuje novoplatonizmu, hlavn\u00fd d\u00f4raz je tu kladen\u00fd na Pl\u00f3tina, konkr\u00e9tne na jeho metafyziku Jedna, Ducha a\u00a0Du\u0161e, ktor\u00e1 hlboko ovplyvn\u00ed filozofick\u00e9 myslenie stredoveku, a\u00a0na prakticko-medita\u010dn\u00fd rozmer Pl\u00f3tinovej filozofie, ktor\u00fd ovplyvn\u00ed mysticky orientovan\u00fa \u010das\u0165 myslite\u013eov a\u00a0hnut\u00ed stredoveku, a\u00a0ktor\u00e9ho vplyv pretrv\u00e1 cez renesanciu a\u017e do novoveku. Tretia hlavn\u00e1 kapitola sa venuje stredovekej filozofii. Z\u00a0ve\u013ek\u00e9ho mno\u017estva autorov a\u00a0rie\u0161en\u00fdch probl\u00e9mov s\u00fa vybran\u00e9 dve k\u013e\u00fa\u010dov\u00e9 t\u00e9my \u2013 spor o\u00a0univerz\u00e1lie a\u00a0d\u00f4kazy existencie boha, a\u00a0dvaja k\u013e\u00fa\u010dov\u00fd autori \u2013 August\u00edn Aurelius ako predstavite\u013e patristiky a\u00a0Tom\u00e1\u0161 Akvinsk\u00fd ako predstavite\u013e scholastiky.<\/p><p style=\"text-align: justify;\">\u00a0\u00a0\u00a0\u00a0\u00a0\u00a0\u00a0\u00a0\u00a0\u00a0\u00a0 Ka\u017ed\u00e1 z\u00a0hlavn\u00fdch kapitol je \u010dlenen\u00e1 na podkapitoly. V\u00a0z\u00e1vere t\u00fdchto podkapitol sa v\u017edy nach\u00e1dzaj\u00fa ot\u00e1zky. Ich prim\u00e1rnym \u00fa\u010delom je upozorni\u0165 \u010ditate\u013eky a\u00a0\u010ditate\u013eov na mo\u017en\u00e9 prepojenia prebranej tematiky so s\u00fa\u010dasn\u00fdm myslen\u00edm a\u00a0\u017eivotom, a\u00a0podnieti\u0165 ich tak k\u00a0\u010fal\u0161iemu prem\u00fd\u0161\u013eaniu a\u00a0k\u00a0implement\u00e1cii z\u00edskan\u00fdch poznatkov. Z\u00e1kladn\u00fdm v\u00fdchodiskov\u00fdm materi\u00e1lom sk\u00famania prakticky v\u0161etk\u00fdch humanitn\u00fdch discipl\u00edn je text. \u010c\u00edtanie s\u00a0porozumen\u00edm je z\u00e1rove\u0148 k\u013e\u00fa\u010dovou zru\u010dnos\u0165ou, ktor\u00fa m\u00f4\u017eu humanitn\u00e9 discipl\u00edny pon\u00faknu\u0165 svojim \u0161tudentk\u00e1m a\u00a0\u0161tudentom. S\u00fa\u010das\u0165ou u\u010debnice je preto textov\u00e1 pr\u00edloha, do ktorej s\u00fa vybran\u00e9 uk\u00e1\u017eky z\u00a0paradigmatick\u00fdch p\u00f4vodn\u00fdch textov preberan\u00e9ho obdobia. V\u0161etky texty s\u00fa v\u00a0slovenskom jazyku a\u00a0\u00faryvky z\u00a0nich m\u00f4\u017eu posl\u00fa\u017ei\u0165 ako materi\u00e1l, ktor\u00fd sa d\u00e1 zaradi\u0165 do vyu\u010dovacieho procesu v\u00a0r\u00e1mci v\u00fdu\u010dby v\u00fdchovy k\u00a0ob\u010dianstvu.<\/p><p style=\"text-align: justify;\">\u00a0\u00a0\u00a0\u00a0\u00a0\u00a0\u00a0\u00a0\u00a0\u00a0\u00a0 Z\u00e1verom \u00favodu by som r\u00e1d po\u010fakoval recenzentom za pozorn\u00e9 pre\u010d\u00edtanie textu tejto u\u010debnice, za ich cenn\u00e9 rady a\u00a0pripomienky, ktor\u00e9 rozhodne prispeli k\u00a0jej vy\u0161\u0161ej kvalite. \u010eakujem tie\u017e svojim kolegyniam a\u00a0kolegom za mno\u017estvo podnetn\u00fdch rozhovorov, ktor\u00e9 m\u00e1m t\u00fa \u010des\u0165 s\u00a0nimi u\u017e dlh\u00e9 roky vies\u0165. V\u00a0neposlednom rade tie\u017e \u010fakujem \u0161tudentk\u00e1m a\u00a0\u0161tudentom na\u0161ich programov v\u00fdchovy k\u00a0ob\u010dianstvu a\u00a0filozofie a\u00a0aplikovanej filozofie, za ich pozornos\u0165 po\u010das mojich predn\u00e1\u0161ok a\u00a0semin\u00e1rov a\u00a0predov\u0161etk\u00fdm za ich zvedav\u00e9 ot\u00e1zky a\u00a0p\u00e1dne argumenty v\u00a0diskusi\u00e1ch.<\/p><p style=\"text-align: justify;\">\u00a0<\/p>\t\t\t\t\t\t\t\t<\/div>\n\t\t\t\t<\/div>\n\t\t\t\t\t<\/div>\n\t\t<\/div>\n\t\t\t\t\t<\/div>\n\t\t<\/section>\n\t\t\t\t\t<\/div>\n\t\t<\/div>\n\t\t\t\t\t<\/div>\n\t\t<\/section>\n\t\t\t\t<\/div>\n\t\t","protected":false},"excerpt":{"rendered":"<p>VYBRAN\u00c9 KAPITOLY Z DEJ\u00cdN HELENISTICKEJ A STREDOVEKEJ FILOZOFIE \u00davod T\u00e1to vysoko\u0161kolsk\u00e1 u\u010debnica, venuj\u00faca sa vybran\u00fdm kapitol\u00e1m z\u00a0dej\u00edn helenistickej a\u00a0stredovekej filozofie je prim\u00e1rne ur\u010den\u00e1 pre potreby v\u00fdu\u010dby \u0161tudentov u\u010dite\u013estva v\u00fdchovy k\u00a0ob\u010dianstvu vo v\u0161etk\u00fdch jej form\u00e1ch \u2013 dennej, externej a\u00a0roz\u0161iruj\u00facej. Rovnako tie\u017e m\u00f4\u017ee posl\u00fa\u017ei\u0165 ako doplnkov\u00fd materi\u00e1l pre u\u010dite\u013eov predmetov \u0161t\u00e1tneho vzdel\u00e1vacieho programu vo vzdel\u00e1vac\u00edch oblastiach \u010dlovek [&hellip;]<\/p>\n","protected":false},"author":3,"featured_media":0,"parent":0,"menu_order":0,"comment_status":"closed","ping_status":"closed","template":"","meta":{"footnotes":""},"class_list":["post-4621","page","type-page","status-publish","hentry"],"_links":{"self":[{"href":"https:\/\/e-ucebnice.ff.ucm.sk\/index.php\/wp-json\/wp\/v2\/pages\/4621","targetHints":{"allow":["GET"]}}],"collection":[{"href":"https:\/\/e-ucebnice.ff.ucm.sk\/index.php\/wp-json\/wp\/v2\/pages"}],"about":[{"href":"https:\/\/e-ucebnice.ff.ucm.sk\/index.php\/wp-json\/wp\/v2\/types\/page"}],"author":[{"embeddable":true,"href":"https:\/\/e-ucebnice.ff.ucm.sk\/index.php\/wp-json\/wp\/v2\/users\/3"}],"replies":[{"embeddable":true,"href":"https:\/\/e-ucebnice.ff.ucm.sk\/index.php\/wp-json\/wp\/v2\/comments?post=4621"}],"version-history":[{"count":10,"href":"https:\/\/e-ucebnice.ff.ucm.sk\/index.php\/wp-json\/wp\/v2\/pages\/4621\/revisions"}],"predecessor-version":[{"id":4666,"href":"https:\/\/e-ucebnice.ff.ucm.sk\/index.php\/wp-json\/wp\/v2\/pages\/4621\/revisions\/4666"}],"wp:attachment":[{"href":"https:\/\/e-ucebnice.ff.ucm.sk\/index.php\/wp-json\/wp\/v2\/media?parent=4621"}],"curies":[{"name":"wp","href":"https:\/\/api.w.org\/{rel}","templated":true}]}}