{"id":4629,"date":"2023-03-15T18:45:28","date_gmt":"2023-03-15T17:45:28","guid":{"rendered":"https:\/\/e-ucebnice.ff.ucm.sk\/?page_id=4629"},"modified":"2023-03-17T12:28:46","modified_gmt":"2023-03-17T11:28:46","slug":"helenistickastredovekafil-z","status":"publish","type":"page","link":"https:\/\/e-ucebnice.ff.ucm.sk\/index.php\/helenistickastredovekafil-z\/","title":{"rendered":"HelenistickaStredovekaFil-Z"},"content":{"rendered":"\t\t<div data-elementor-type=\"wp-page\" data-elementor-id=\"4629\" class=\"elementor elementor-4629\" data-elementor-post-type=\"page\">\n\t\t\t\t\t\t<section class=\"elementor-section elementor-top-section elementor-element elementor-element-54a1382 elementor-section-height-min-height elementor-section-boxed elementor-section-height-default elementor-section-items-middle\" data-id=\"54a1382\" data-element_type=\"section\" data-settings=\"{&quot;background_background&quot;:&quot;classic&quot;}\">\n\t\t\t\t\t\t\t<div class=\"elementor-background-overlay\"><\/div>\n\t\t\t\t\t\t\t<div class=\"elementor-container elementor-column-gap-default\">\n\t\t\t\t\t<div class=\"elementor-column elementor-col-100 elementor-top-column elementor-element elementor-element-9d56236\" data-id=\"9d56236\" data-element_type=\"column\">\n\t\t\t<div class=\"elementor-widget-wrap elementor-element-populated\">\n\t\t\t\t\t\t<div class=\"elementor-element elementor-element-7612340 elementor-widget elementor-widget-heading\" data-id=\"7612340\" data-element_type=\"widget\" data-widget_type=\"heading.default\">\n\t\t\t\t<div class=\"elementor-widget-container\">\n\t\t\t\t\t<h1 class=\"elementor-heading-title elementor-size-default\">VYBRAN\u00c9 KAPITOLY Z DEJ\u00cdN HELENISTICKEJ A STREDOVEKEJ FILOZOFIE<\/h1>\t\t\t\t<\/div>\n\t\t\t\t<\/div>\n\t\t\t\t\t<\/div>\n\t\t<\/div>\n\t\t\t\t\t<\/div>\n\t\t<\/section>\n\t\t\t\t<section class=\"elementor-section elementor-top-section elementor-element elementor-element-2858d6f elementor-section-boxed elementor-section-height-default elementor-section-height-default\" data-id=\"2858d6f\" data-element_type=\"section\">\n\t\t\t\t\t\t<div class=\"elementor-container elementor-column-gap-default\">\n\t\t\t\t\t<div class=\"elementor-column elementor-col-100 elementor-top-column elementor-element elementor-element-e63bd34\" data-id=\"e63bd34\" data-element_type=\"column\">\n\t\t\t<div class=\"elementor-widget-wrap elementor-element-populated\">\n\t\t\t\t\t\t<section class=\"elementor-section elementor-inner-section elementor-element elementor-element-0b79421 elementor-section-boxed elementor-section-height-default elementor-section-height-default\" data-id=\"0b79421\" data-element_type=\"section\">\n\t\t\t\t\t\t<div class=\"elementor-container elementor-column-gap-default\">\n\t\t\t\t\t<div class=\"elementor-column elementor-col-100 elementor-inner-column elementor-element elementor-element-bb0ded5\" data-id=\"bb0ded5\" data-element_type=\"column\">\n\t\t\t<div class=\"elementor-widget-wrap elementor-element-populated\">\n\t\t\t\t\t\t<div class=\"elementor-element elementor-element-759b076 elementor-widget elementor-widget-heading\" data-id=\"759b076\" data-element_type=\"widget\" data-widget_type=\"heading.default\">\n\t\t\t\t<div class=\"elementor-widget-container\">\n\t\t\t\t\t<h3 class=\"elementor-heading-title elementor-size-default\">Z\u00e1ver<\/h3>\t\t\t\t<\/div>\n\t\t\t\t<\/div>\n\t\t\t\t<div class=\"elementor-element elementor-element-5aa9d5d elementor-widget elementor-widget-text-editor\" data-id=\"5aa9d5d\" data-element_type=\"widget\" data-widget_type=\"text-editor.default\">\n\t\t\t\t<div class=\"elementor-widget-container\">\n\t\t\t\t\t\t\t\t\t<p style=\"text-align: justify;\">\u00a0\u00a0\u00a0\u00a0\u00a0\u00a0\u00a0\u00a0\u00a0\u00a0\u00a0 Ka\u017ed\u00e1 doba podlieha svojim predsudkom. Z\u00e1kladn\u00fdm predsudkom cel\u00e9ho novoveku, vr\u00e1tane s\u00fa\u010dasnosti, je pocit, \u017ee sme \u010falej, \u017ee vieme viac, \u017ee sme lep\u0161\u00ed ako doby predch\u00e1dzaj\u00face. Mo\u017eno m\u00e1me o\u00a0\u010dosi sofistikovanej\u0161ie technol\u00f3gie ne\u017e na\u0161i pradedovia, mo\u017eno m\u00e1me k\u00a0dispoz\u00edcii v\u00e4\u010d\u0161ie mno\u017estvo inform\u00e1ci\u00ed. Av\u0161ak, najnesk\u00f4r od neolitu ost\u00e1vame st\u00e1le t\u00fdm ist\u00fdm \u017eivo\u010d\u00ed\u0161nym druhom, s\u00a0rovnak\u00fdmi telami, kapacitou na\u0161ich mozgov, s\u00a0rovnakou zmyslovou, emo\u010dnou, intelektu\u00e1lnou i\u00a0duchovnou v\u00fdbavou, s\u00a0rovnak\u00fdmi t\u00fa\u017ebami, potrebami, rados\u0165ami i\u00a0z\u00fafalstvami.<\/p><p style=\"text-align: justify;\">\u00a0\u00a0\u00a0\u00a0\u00a0\u00a0\u00a0\u00a0\u00a0\u00a0\u00a0 Pokry\u0165 zhruba 1500 rokov intelektu\u00e1lneho \u00fasilia g\u00e9niov na tak kr\u00e1tkom priestore, ak\u00fd m\u00e1 u\u010debnica k\u00a0dispoz\u00edcii, je prakticky nemo\u017en\u00e9. Sna\u017eili sme sa preto s\u00fastredi\u0165 hlavne na ot\u00e1zky a\u00a0ich dobov\u00e9 rie\u0161enia, ktor\u00e9 pova\u017eujeme za paradigmatick\u00e9 aj vzh\u013eadom na s\u00fa\u010dasnos\u0165. V\u00a0r\u00e1mci tejto snahy sme sa pok\u00fasili da\u0165 d\u00f4raz na t\u00e9my, ktor\u00e9 sa dot\u00fdkaj\u00fa na\u0161ej ka\u017edodennosti, na\u0161ej snahy o\u00a0kvalitn\u00fd a\u00a0plnohodnotn\u00fd \u017eivot a\u00a0pr\u00edstupy, ako sa s\u00a0touto z\u00e1kladnou existenci\u00e1lnou potrebou vyrovn\u00e1vali star\u0161\u00ed myslitelia.<\/p><p style=\"text-align: justify;\">\u00a0\u00a0\u00a0\u00a0\u00a0\u00a0\u00a0\u00a0\u00a0\u00a0\u00a0 Ak sa n\u00e1m podarilo \u010ditate\u013eky a\u00a0\u010ditate\u013eov vtiahnu\u0165 do dobrodru\u017estva odha\u013eovania r\u00f4znych pr\u00edstupov k\u00a0svetu a\u00a0\u017eivotu, sme radi. Av\u0161ak e\u0161te \u0161\u0165astnej\u0161\u00ed budeme, ak sami \u2013 in\u0161pirovan\u00ed t\u00fdmito pr\u00edstupmi \u2013 za\u010dn\u00fa meni\u0165 svoje \u017eivoty k\u00a0lep\u0161iemu. A\u00a0\u00faplne najv\u00e4\u010d\u0161iu rados\u0165 n\u00e1m prinesie, ak sa im podar\u00ed prenies\u0165 t\u00fato snahu o\u00a0zlep\u0161enie \u017eivota jednotlivcov a\u00a0spolo\u010denstiev, v\u00a0ktor\u00fdch \u017eij\u00fa, na \u010fal\u0161ie gener\u00e1cie. Sme presved\u010den\u00ed, \u017ee to by malo by\u0165 hlavn\u00fdm cie\u013eom v\u00fdchovy \u2013 citliv\u00e9 a\u00a0l\u00e1skypln\u00e9 sprev\u00e1dzania druh\u00fdch bytost\u00ed na ich ceste.<\/p>\t\t\t\t\t\t\t\t<\/div>\n\t\t\t\t<\/div>\n\t\t\t\t\t<\/div>\n\t\t<\/div>\n\t\t\t\t\t<\/div>\n\t\t<\/section>\n\t\t\t\t\t<\/div>\n\t\t<\/div>\n\t\t\t\t\t<\/div>\n\t\t<\/section>\n\t\t\t\t<\/div>\n\t\t","protected":false},"excerpt":{"rendered":"<p>VYBRAN\u00c9 KAPITOLY Z DEJ\u00cdN HELENISTICKEJ A STREDOVEKEJ FILOZOFIE Z\u00e1ver \u00a0\u00a0\u00a0\u00a0\u00a0\u00a0\u00a0\u00a0\u00a0\u00a0\u00a0 Ka\u017ed\u00e1 doba podlieha svojim predsudkom. Z\u00e1kladn\u00fdm predsudkom cel\u00e9ho novoveku, vr\u00e1tane s\u00fa\u010dasnosti, je pocit, \u017ee sme \u010falej, \u017ee vieme viac, \u017ee sme lep\u0161\u00ed ako doby predch\u00e1dzaj\u00face. Mo\u017eno m\u00e1me o\u00a0\u010dosi sofistikovanej\u0161ie technol\u00f3gie ne\u017e na\u0161i pradedovia, mo\u017eno m\u00e1me k\u00a0dispoz\u00edcii v\u00e4\u010d\u0161ie mno\u017estvo inform\u00e1ci\u00ed. Av\u0161ak, najnesk\u00f4r od neolitu ost\u00e1vame st\u00e1le [&hellip;]<\/p>\n","protected":false},"author":3,"featured_media":0,"parent":0,"menu_order":0,"comment_status":"closed","ping_status":"closed","template":"","meta":{"footnotes":""},"class_list":["post-4629","page","type-page","status-publish","hentry"],"_links":{"self":[{"href":"https:\/\/e-ucebnice.ff.ucm.sk\/index.php\/wp-json\/wp\/v2\/pages\/4629","targetHints":{"allow":["GET"]}}],"collection":[{"href":"https:\/\/e-ucebnice.ff.ucm.sk\/index.php\/wp-json\/wp\/v2\/pages"}],"about":[{"href":"https:\/\/e-ucebnice.ff.ucm.sk\/index.php\/wp-json\/wp\/v2\/types\/page"}],"author":[{"embeddable":true,"href":"https:\/\/e-ucebnice.ff.ucm.sk\/index.php\/wp-json\/wp\/v2\/users\/3"}],"replies":[{"embeddable":true,"href":"https:\/\/e-ucebnice.ff.ucm.sk\/index.php\/wp-json\/wp\/v2\/comments?post=4629"}],"version-history":[{"count":4,"href":"https:\/\/e-ucebnice.ff.ucm.sk\/index.php\/wp-json\/wp\/v2\/pages\/4629\/revisions"}],"predecessor-version":[{"id":5025,"href":"https:\/\/e-ucebnice.ff.ucm.sk\/index.php\/wp-json\/wp\/v2\/pages\/4629\/revisions\/5025"}],"wp:attachment":[{"href":"https:\/\/e-ucebnice.ff.ucm.sk\/index.php\/wp-json\/wp\/v2\/media?parent=4629"}],"curies":[{"name":"wp","href":"https:\/\/api.w.org\/{rel}","templated":true}]}}