{"id":4639,"date":"2023-03-15T18:47:39","date_gmt":"2023-03-15T17:47:39","guid":{"rendered":"https:\/\/e-ucebnice.ff.ucm.sk\/?page_id=4639"},"modified":"2023-03-17T15:42:26","modified_gmt":"2023-03-17T14:42:26","slug":"helenistickastredovekafil-tu","status":"publish","type":"page","link":"https:\/\/e-ucebnice.ff.ucm.sk\/index.php\/helenistickastredovekafil-tu\/","title":{"rendered":"HelenistickaStredovekaFil-TU"},"content":{"rendered":"\t\t<div data-elementor-type=\"wp-page\" data-elementor-id=\"4639\" class=\"elementor elementor-4639\" data-elementor-post-type=\"page\">\n\t\t\t\t\t\t<section class=\"elementor-section elementor-top-section elementor-element elementor-element-f683505 elementor-section-height-min-height elementor-section-boxed elementor-section-height-default elementor-section-items-middle\" data-id=\"f683505\" data-element_type=\"section\" data-settings=\"{&quot;background_background&quot;:&quot;classic&quot;}\">\n\t\t\t\t\t\t\t<div class=\"elementor-background-overlay\"><\/div>\n\t\t\t\t\t\t\t<div class=\"elementor-container elementor-column-gap-default\">\n\t\t\t\t\t<div class=\"elementor-column elementor-col-100 elementor-top-column elementor-element elementor-element-66dbc1c\" data-id=\"66dbc1c\" data-element_type=\"column\">\n\t\t\t<div class=\"elementor-widget-wrap elementor-element-populated\">\n\t\t\t\t\t\t<div class=\"elementor-element elementor-element-8bf5182 elementor-widget elementor-widget-heading\" data-id=\"8bf5182\" data-element_type=\"widget\" data-widget_type=\"heading.default\">\n\t\t\t\t<div class=\"elementor-widget-container\">\n\t\t\t\t\t<h1 class=\"elementor-heading-title elementor-size-default\">VYBRAN\u00c9 KAPITOLY Z DEJ\u00cdN HELENISTICKEJ A STREDOVEKEJ FILOZOFIE <\/h1>\t\t\t\t<\/div>\n\t\t\t\t<\/div>\n\t\t\t\t\t<\/div>\n\t\t<\/div>\n\t\t\t\t\t<\/div>\n\t\t<\/section>\n\t\t\t\t<section class=\"elementor-section elementor-top-section elementor-element elementor-element-2858d6f elementor-section-boxed elementor-section-height-default elementor-section-height-default\" data-id=\"2858d6f\" data-element_type=\"section\">\n\t\t\t\t\t\t<div class=\"elementor-container elementor-column-gap-default\">\n\t\t\t\t\t<div class=\"elementor-column elementor-col-100 elementor-top-column elementor-element elementor-element-e63bd34\" data-id=\"e63bd34\" data-element_type=\"column\">\n\t\t\t<div class=\"elementor-widget-wrap elementor-element-populated\">\n\t\t\t\t\t\t<section class=\"elementor-section elementor-inner-section elementor-element elementor-element-0b79421 elementor-section-boxed elementor-section-height-default elementor-section-height-default\" data-id=\"0b79421\" data-element_type=\"section\">\n\t\t\t\t\t\t<div class=\"elementor-container elementor-column-gap-default\">\n\t\t\t\t\t<div class=\"elementor-column elementor-col-100 elementor-inner-column elementor-element elementor-element-bb0ded5\" data-id=\"bb0ded5\" data-element_type=\"column\">\n\t\t\t<div class=\"elementor-widget-wrap elementor-element-populated\">\n\t\t\t\t\t\t<div class=\"elementor-element elementor-element-759b076 elementor-widget elementor-widget-heading\" data-id=\"759b076\" data-element_type=\"widget\" data-widget_type=\"heading.default\">\n\t\t\t\t<div class=\"elementor-widget-container\">\n\t\t\t\t\t<h3 class=\"elementor-heading-title elementor-size-default\">Pr\u00edloha \u2013 textov\u00e9 uk\u00e1\u017eky<\/h3>\t\t\t\t<\/div>\n\t\t\t\t<\/div>\n\t\t\t\t<div class=\"elementor-element elementor-element-d5e0aa2 elementor-widget elementor-widget-ucaddon_uc_material_bullets\" data-id=\"d5e0aa2\" data-element_type=\"widget\" data-widget_type=\"ucaddon_uc_material_bullets.default\">\n\t\t\t\t<div class=\"elementor-widget-container\">\n\t\t\t\t\t\n<!-- start Icon Bullets -->\n\t\t<link id='font-awesome-css' href='https:\/\/e-ucebnice.ff.ucm.sk\/wp-content\/plugins\/unlimited-elements-for-elementor-premium\/assets_libraries\/font-awesome6\/fontawesome-all.min.css' type='text\/css' rel='stylesheet' >\n\t\t<link id='font-awesome-4-shim-css' href='https:\/\/e-ucebnice.ff.ucm.sk\/wp-content\/plugins\/unlimited-elements-for-elementor-premium\/assets_libraries\/font-awesome6\/fontawesome-v4-shims.min.css' type='text\/css' rel='stylesheet' >\n\n<style>\/* widget: Icon Bullets *\/\n\n\n\n#uc_uc_material_bullets_elementor_d5e0aa2 *{\n\t-webkit-box-sizing: border-box;\n\t-moz-box-sizing: border-box;\n\tbox-sizing: border-box;\n}\n\n#uc_uc_material_bullets_elementor_d5e0aa2 .uc-bullet-active{\n}\n\n\n#uc_uc_material_bullets_elementor_d5e0aa2 .ue-icon\n{\n  display:flex;\n  align-items:center;\n  justify-content:center;\n  flex-grow:0;\n  flex-shrink:0;\n  line-height:1em;\n  transition:0.3s;\n}\n\n#uc_uc_material_bullets_elementor_d5e0aa2 .ue-icon svg\n{\n  height:1em;\n  width:1em;\n}\n\n\n#uc_uc_material_bullets_elementor_d5e0aa2 .uc_material_bullets_row\n{\n\tfont-weight:400;\n\toverflow:hidden;\n\tdisplay:flex;\n\tposition:relative;\n\ttext-align:left;\n\twidth:100%;\n   \n    transition:0.3s;\n}\n\n\n#uc_uc_material_bullets_elementor_d5e0aa2 .uc_material_bullets_row a.ue-item-link\n{\n  position:absolute;\n  display:block;\n  top:0;\n  right:0;\n  left:0;\n  bottom:0;\n}\n\n#uc_uc_material_bullets_elementor_d5e0aa2 .uc_material_bullets_row:last-child\n{\n\tmargin-bottom:0px !important;\n}\n\n\n#uc_uc_material_bullets_elementor_d5e0aa2 .uc_material_bullets_row \n{\n\tposition:relative;\n\tvertical-align:middle;\n}\n\n#uc_uc_material_bullets_elementor_d5e0aa2 .uc_material_bullets_row .uc_content_box\n{\n\tdisplay:flex;\n    flex-direction:column;\n    justify-content:center;\n    align-items: flex-start;\n    flex-grow:1;\n}\n\n#uc_uc_material_bullets_elementor_d5e0aa2 .ue-bullets\n{\n  display:grid;\n}\n\n#uc_uc_material_bullets_elementor_d5e0aa2 .ue-text, #uc_uc_material_bullets_elementor_d5e0aa2 .ue-title, #uc_uc_material_bullets_elementor_d5e0aa2 .ue-seperator\n{\n  width:100%;\n}\n\n#uc_uc_material_bullets_elementor_d5e0aa2 .ue-seperator-line\n{\n  display:inline-block;\n  font-size:0px;\n}\n\n#uc_uc_material_bullets_elementor_d5e0aa2 .ue-seperator\n{\n  font-size:0px;\n}\n\n#uc_uc_material_bullets_elementor_d5e0aa2.uc-remote-parent .uc_material_bullets_row\n{\n  cursor:pointer;\n}\n\n.ue-title\n{\n  font-size:21px;\n  margin:0;\n}\n\n<\/style>\n\n<div class=\"uc_material_bullets \"  id=\"uc_uc_material_bullets_elementor_d5e0aa2\" >   \t\n    \t<div class=\"ue-bullets\">\n          \t<div class=\"uc_material_bullets_row elementor-repeater-item-dcff802\">\n              <div class=\"ue-icon\">\n                    <i class='fas fa-book-reader'><\/i>                    \t\n\n                \n              <\/div>\n  <div class=\"uc_content_box uc_ceal\">\n    <div class=\"ue-title\">STOICI<\/div>\n    \n    \t\n    \n    <div class=\"ue-text\">Refer\u00e1t o stoikoch z Diogena Laertsk\u00e9ho<\/div>\t\n  <\/div>\n   \n      <a href=\"https:\/\/e-ucebnice.ff.ucm.sk\/index.php\/helenistickastredovekafil-tu-stoici\/\" class=\"ue-item-link\" ><\/a>\n  \t\n<\/div>\n<div class=\"uc_material_bullets_row elementor-repeater-item-3409252\">\n              <div class=\"ue-icon\">\n                    <i class='fas fa-book-reader'><\/i>                    \t\n\n                \n              <\/div>\n  <div class=\"uc_content_box uc_ceal\">\n    <div class=\"ue-title\">STOICI<\/div>\n    \n    \t\n    \n    <div class=\"ue-text\">Lucius Annaeus Seneca \u2013 O pokoji mysle<\/div>\t\n  <\/div>\n   \n      <a href=\"https:\/\/e-ucebnice.ff.ucm.sk\/index.php\/helenistickastredovekafil-tu-stoici#opokojimysle\" class=\"ue-item-link\" ><\/a>\n  \t\n<\/div>\n<div class=\"uc_material_bullets_row elementor-repeater-item-cc1e0ee\">\n              <div class=\"ue-icon\">\n                    <i class='fas fa-book-reader'><\/i>                    \t\n\n                \n              <\/div>\n  <div class=\"uc_content_box uc_ceal\">\n    <div class=\"ue-title\">EPIKUREJCI<\/div>\n    \n    \t\n    \n    <div class=\"ue-text\">List Menoikeiovi\n\n<\/div>\t\n  <\/div>\n   \n      <a href=\"https:\/\/e-ucebnice.ff.ucm.sk\/index.php\/helenistickastredovekafil-tu-epikurejci\/\" class=\"ue-item-link\" ><\/a>\n  \t\n<\/div>\n<div class=\"uc_material_bullets_row elementor-repeater-item-599f043\">\n              <div class=\"ue-icon\">\n                    <i class='fas fa-book-reader'><\/i>                    \t\n\n                \n              <\/div>\n  <div class=\"uc_content_box uc_ceal\">\n    <div class=\"ue-title\">SKEPTICI<\/div>\n    \n    \t\n    \n    <div class=\"ue-text\">Ran\u00fd pyrrh\u00f3nizmus<\/div>\t\n  <\/div>\n   \n      <a href=\"https:\/\/e-ucebnice.ff.ucm.sk\/index.php\/helenistickastredovekafil-tu-skeptici\/\" class=\"ue-item-link\" ><\/a>\n  \t\n<\/div>\n<div class=\"uc_material_bullets_row elementor-repeater-item-c33d8e6\">\n              <div class=\"ue-icon\">\n                    <i class='fas fa-book-reader'><\/i>                    \t\n\n                \n              <\/div>\n  <div class=\"uc_content_box uc_ceal\">\n    <div class=\"ue-title\">PL\u00d3TINOS<\/div>\n    \n    \t\n    \n    <div class=\"ue-text\">O Dobre alebo o Jednom\n<\/div>\t\n  <\/div>\n   \n      <a href=\"https:\/\/e-ucebnice.ff.ucm.sk\/index.php\/helenistickastredovekafil-tu-plotinos\/\" class=\"ue-item-link\" ><\/a>\n  \t\n<\/div>\n<div class=\"uc_material_bullets_row elementor-repeater-item-08cb65b\">\n              <div class=\"ue-icon\">\n                    <i class='fas fa-book-reader'><\/i>                    \t\n\n                \n              <\/div>\n  <div class=\"uc_content_box uc_ceal\">\n    <div class=\"ue-title\">TRI PARADIGMATICK\u00c9 TEXTY O PO\u010cIATKU<\/div>\n    \n    \t\n    \n    <div class=\"ue-text\">H\u00e9siodos \u2013 Zrodenie bohov\n<\/div>\t\n  <\/div>\n   \n      <a href=\"https:\/\/e-ucebnice.ff.ucm.sk\/index.php\/helenistickastredovekafil-tu-3paradigmaticketexty\/\" class=\"ue-item-link\" ><\/a>\n  \t\n<\/div>\n<div class=\"uc_material_bullets_row elementor-repeater-item-142c7bb\">\n              <div class=\"ue-icon\">\n                    <i class='fas fa-book-reader'><\/i>                    \t\n\n                \n              <\/div>\n  <div class=\"uc_content_box uc_ceal\">\n    <div class=\"ue-title\">TRI PARADIGMATICK\u00c9 TEXTY O PO\u010cIATKU<\/div>\n    \n    \t\n    \n    <div class=\"ue-text\">Biblia \u2013 Star\u00e1 zmluva, Genezis, Prv\u00e1 Moj\u017ei\u0161ova kniha\n<\/div>\t\n  <\/div>\n   \n      <a href=\"https:\/\/e-ucebnice.ff.ucm.sk\/index.php\/helenistickastredovekafil-tu-3paradigmaticketexty#bibliastarazmluva\" class=\"ue-item-link\" ><\/a>\n  \t\n<\/div>\n<div class=\"uc_material_bullets_row elementor-repeater-item-ebb74d5\">\n              <div class=\"ue-icon\">\n                    <i class='fas fa-book-reader'><\/i>                    \t\n\n                \n              <\/div>\n  <div class=\"uc_content_box uc_ceal\">\n    <div class=\"ue-title\">TRI PARADIGMATICK\u00c9 TEXTY O PO\u010cIATKU<\/div>\n    \n    \t\n    \n    <div class=\"ue-text\">Biblia \u2013 Nov\u00e1 zmluva, Evanjelium pod\u013ea J\u00e1na\n<\/div>\t\n  <\/div>\n   \n      <a href=\"https:\/\/e-ucebnice.ff.ucm.sk\/index.php\/helenistickastredovekafil-tu-3paradigmaticketexty#biblianovazmluva\" class=\"ue-item-link\" ><\/a>\n  \t\n<\/div>\n<div class=\"uc_material_bullets_row elementor-repeater-item-32c3fbe\">\n              <div class=\"ue-icon\">\n                    <i class='fas fa-book-reader'><\/i>                    \t\n\n                \n              <\/div>\n  <div class=\"uc_content_box uc_ceal\">\n    <div class=\"ue-title\">AUGUSTINUS AURELIUS <\/div>\n    \n    \t\n    \n    <div class=\"ue-text\">Vyznania \u2013 \u010co je \u010das? \n\n<\/div>\t\n  <\/div>\n   \n      <a href=\"https:\/\/e-ucebnice.ff.ucm.sk\/index.php\/helenistickastredovekafil-tu-augustinusaurelius\/\" class=\"ue-item-link\" ><\/a>\n  \t\n<\/div>\n<div class=\"uc_material_bullets_row elementor-repeater-item-ed61ba1\">\n              <div class=\"ue-icon\">\n                    <i class='fas fa-book-reader'><\/i>                    \t\n\n                \n              <\/div>\n  <div class=\"uc_content_box uc_ceal\">\n    <div class=\"ue-title\">TOM\u00c1\u0160 AKVINSK\u00dd<\/div>\n    \n    \t\n    \n    <div class=\"ue-text\">3. \u010dl\u00e1nok: Je Boh? \n\n<\/div>\t\n  <\/div>\n   \n      <a href=\"https:\/\/e-ucebnice.ff.ucm.sk\/index.php\/helenistickastredovekafil-tu-tomasakvinsky\/\" class=\"ue-item-link\" ><\/a>\n  \t\n<\/div>\n<div class=\"uc_material_bullets_row elementor-repeater-item-a5a4f69\">\n              <div class=\"ue-icon\">\n                    <i class='fas fa-book-reader'><\/i>                    \t\n\n                \n              <\/div>\n  <div class=\"uc_content_box uc_ceal\">\n    <div class=\"ue-title\">TOM\u00c1\u0160 AKVINSK\u00dd<\/div>\n    \n    \t\n    \n    <div class=\"ue-text\">N\u00e1mietky a odpovede na n\u00e1mietky\n\n<\/div>\t\n  <\/div>\n   \n      <a href=\"https:\/\/e-ucebnice.ff.ucm.sk\/index.php\/helenistickastredovekafil-tu-tomasakvinsky#namietkyaodpovede\" class=\"ue-item-link\" ><\/a>\n  \t\n<\/div>\n\n      <\/div>\n<\/div>\n<!-- end Icon Bullets -->\t\t\t\t<\/div>\n\t\t\t\t<\/div>\n\t\t\t\t\t<\/div>\n\t\t<\/div>\n\t\t\t\t\t<\/div>\n\t\t<\/section>\n\t\t\t\t\t<\/div>\n\t\t<\/div>\n\t\t\t\t\t<\/div>\n\t\t<\/section>\n\t\t\t\t<\/div>\n\t\t","protected":false},"excerpt":{"rendered":"<p>VYBRAN\u00c9 KAPITOLY Z DEJ\u00cdN HELENISTICKEJ A STREDOVEKEJ FILOZOFIE Pr\u00edloha \u2013 textov\u00e9 uk\u00e1\u017eky STOICI Refer\u00e1t o stoikoch z Diogena Laertsk\u00e9ho STOICI Lucius Annaeus Seneca \u2013 O pokoji mysle EPIKUREJCI List Menoikeiovi SKEPTICI Ran\u00fd pyrrh\u00f3nizmus PL\u00d3TINOS O Dobre alebo o Jednom TRI PARADIGMATICK\u00c9 TEXTY O PO\u010cIATKU H\u00e9siodos \u2013 Zrodenie bohov TRI PARADIGMATICK\u00c9 TEXTY O PO\u010cIATKU Biblia \u2013 [&hellip;]<\/p>\n","protected":false},"author":3,"featured_media":0,"parent":0,"menu_order":0,"comment_status":"closed","ping_status":"closed","template":"","meta":{"footnotes":""},"class_list":["post-4639","page","type-page","status-publish","hentry"],"_links":{"self":[{"href":"https:\/\/e-ucebnice.ff.ucm.sk\/index.php\/wp-json\/wp\/v2\/pages\/4639","targetHints":{"allow":["GET"]}}],"collection":[{"href":"https:\/\/e-ucebnice.ff.ucm.sk\/index.php\/wp-json\/wp\/v2\/pages"}],"about":[{"href":"https:\/\/e-ucebnice.ff.ucm.sk\/index.php\/wp-json\/wp\/v2\/types\/page"}],"author":[{"embeddable":true,"href":"https:\/\/e-ucebnice.ff.ucm.sk\/index.php\/wp-json\/wp\/v2\/users\/3"}],"replies":[{"embeddable":true,"href":"https:\/\/e-ucebnice.ff.ucm.sk\/index.php\/wp-json\/wp\/v2\/comments?post=4639"}],"version-history":[{"count":55,"href":"https:\/\/e-ucebnice.ff.ucm.sk\/index.php\/wp-json\/wp\/v2\/pages\/4639\/revisions"}],"predecessor-version":[{"id":5181,"href":"https:\/\/e-ucebnice.ff.ucm.sk\/index.php\/wp-json\/wp\/v2\/pages\/4639\/revisions\/5181"}],"wp:attachment":[{"href":"https:\/\/e-ucebnice.ff.ucm.sk\/index.php\/wp-json\/wp\/v2\/media?parent=4639"}],"curies":[{"name":"wp","href":"https:\/\/api.w.org\/{rel}","templated":true}]}}