{"id":4667,"date":"2023-03-15T19:32:04","date_gmt":"2023-03-15T18:32:04","guid":{"rendered":"https:\/\/e-ucebnice.ff.ucm.sk\/?page_id=4667"},"modified":"2023-04-28T07:47:48","modified_gmt":"2023-04-28T05:47:48","slug":"helenistickastredovekafil-1-1","status":"publish","type":"page","link":"https:\/\/e-ucebnice.ff.ucm.sk\/index.php\/helenistickastredovekafil-1-1\/","title":{"rendered":"HelenistickaStredovekaFil-1-1"},"content":{"rendered":"\t\t<div data-elementor-type=\"wp-page\" data-elementor-id=\"4667\" class=\"elementor elementor-4667\" data-elementor-post-type=\"page\">\n\t\t\t\t\t\t<section class=\"elementor-section elementor-top-section elementor-element elementor-element-6f672ed elementor-section-height-min-height elementor-section-boxed elementor-section-height-default elementor-section-items-middle\" data-id=\"6f672ed\" data-element_type=\"section\" id=\"TOP\" data-settings=\"{&quot;background_background&quot;:&quot;classic&quot;}\">\n\t\t\t\t\t\t\t<div class=\"elementor-background-overlay\"><\/div>\n\t\t\t\t\t\t\t<div class=\"elementor-container elementor-column-gap-default\">\n\t\t\t\t\t<div class=\"elementor-column elementor-col-100 elementor-top-column elementor-element elementor-element-bbeb470\" data-id=\"bbeb470\" data-element_type=\"column\">\n\t\t\t<div class=\"elementor-widget-wrap elementor-element-populated\">\n\t\t\t\t\t\t<div class=\"elementor-element elementor-element-d82f1ef elementor-widget elementor-widget-heading\" data-id=\"d82f1ef\" data-element_type=\"widget\" data-widget_type=\"heading.default\">\n\t\t\t\t<div class=\"elementor-widget-container\">\n\t\t\t\t\t<h1 class=\"elementor-heading-title elementor-size-default\">VYBRAN\u00c9 KAPITOLY Z DEJ\u00cdN HELENISTICKEJ A STREDOVEKEJ FILOZOFIE <\/h1>\t\t\t\t<\/div>\n\t\t\t\t<\/div>\n\t\t\t\t\t<\/div>\n\t\t<\/div>\n\t\t\t\t\t<\/div>\n\t\t<\/section>\n\t\t\t\t<section class=\"elementor-section elementor-top-section elementor-element elementor-element-2858d6f elementor-section-boxed elementor-section-height-default elementor-section-height-default\" data-id=\"2858d6f\" data-element_type=\"section\">\n\t\t\t\t\t\t<div class=\"elementor-container elementor-column-gap-default\">\n\t\t\t\t\t<div class=\"elementor-column elementor-col-100 elementor-top-column elementor-element elementor-element-e63bd34\" data-id=\"e63bd34\" data-element_type=\"column\">\n\t\t\t<div class=\"elementor-widget-wrap elementor-element-populated\">\n\t\t\t\t\t\t<section class=\"elementor-section elementor-inner-section elementor-element elementor-element-0b79421 elementor-section-boxed elementor-section-height-default elementor-section-height-default\" data-id=\"0b79421\" data-element_type=\"section\">\n\t\t\t\t\t\t<div class=\"elementor-container elementor-column-gap-default\">\n\t\t\t\t\t<div class=\"elementor-column elementor-col-100 elementor-inner-column elementor-element elementor-element-bb0ded5\" data-id=\"bb0ded5\" data-element_type=\"column\">\n\t\t\t<div class=\"elementor-widget-wrap elementor-element-populated\">\n\t\t\t\t\t\t<div class=\"elementor-element elementor-element-0431728 elementor-widget elementor-widget-heading\" data-id=\"0431728\" data-element_type=\"widget\" data-widget_type=\"heading.default\">\n\t\t\t\t<div class=\"elementor-widget-container\">\n\t\t\t\t\t<h2 class=\"elementor-heading-title elementor-size-default\">Helenizmus<\/h2>\t\t\t\t<\/div>\n\t\t\t\t<\/div>\n\t\t\t\t<div class=\"elementor-element elementor-element-759b076 elementor-widget elementor-widget-heading\" data-id=\"759b076\" data-element_type=\"widget\" data-widget_type=\"heading.default\">\n\t\t\t\t<div class=\"elementor-widget-container\">\n\t\t\t\t\t<h3 class=\"elementor-heading-title elementor-size-default\">Historick\u00e1 a\u00a0kult\u00farna charakteristika helenizmu<\/h3>\t\t\t\t<\/div>\n\t\t\t\t<\/div>\n\t\t\t\t<div class=\"elementor-element elementor-element-5aa9d5d elementor-widget elementor-widget-text-editor\" data-id=\"5aa9d5d\" data-element_type=\"widget\" data-widget_type=\"text-editor.default\">\n\t\t\t\t<div class=\"elementor-widget-container\">\n\t\t\t\t\t\t\t\t\t<p style=\"text-align: justify;\">\u00a0\u00a0\u00a0\u00a0\u00a0\u00a0\u00a0\u00a0\u00a0\u00a0\u00a0 Slovom helenizmus sa ozna\u010duje pribli\u017ene tristoro\u010dn\u00e9 obdobie dej\u00edn, ktor\u00e9ho za\u010diatok sa zvykne vymedzova\u0165 rokom 323 p.\u00a0n.\u00a0l., kedy umrel zakladate\u013e Maced\u00f3nskej r\u00ed\u0161e Alexander Ve\u013ek\u00fd, a\u00a0koniec tohto obdobia rokom 31 pred p.\u00a0n.\u00a0l., kedy Octavian zv\u00ed\u0165azil nad Marcom Antoniom pri Aktiu, \u010d\u00edm bol definit\u00edvne porazen\u00fd posledn\u00fd zvy\u0161ok Maced\u00f3nskej r\u00ed\u0161e \u2013 Ptolemaiovsk\u00e1 dynastia v\u00a0Egypte a\u00a0potvrden\u00e1 nadvl\u00e1da R\u00edma.<\/p><p style=\"text-align: justify;\">\u00a0\u00a0\u00a0\u00a0\u00a0\u00a0\u00a0\u00a0\u00a0\u00a0\u00a0 Alexander III. Maced\u00f3nsky (356 \u2013 323 p.\u00a0n.\u00a0l.), v\u0161eobecne naz\u00fdvan\u00fd <em>Alexandros ho Megas<\/em> \u2013 Alexander Ve\u013ek\u00fd, nast\u00fapil na tr\u00f3n ako 20 ro\u010dn\u00fd. Po\u010das 12 rokov vl\u00e1dnutia sa mu v\u010faka vojenskej sile a\u00a0politickej strat\u00e9gii podarilo nielen zjednoti\u0165 gr\u00e9cke obce a\u00a0porazi\u0165 d\u00e1vneho rivala Gr\u00e9kov \u2013 Perzsk\u00fa r\u00ed\u0161u, ale podmanil si aj cel\u00fd vtedaj\u0161\u00ed takzvan\u00fd ob\u00fdvan\u00fd svet (gr. <em>oik\u00famen\u00e9<\/em>). Ke\u010f ako 32 ro\u010dn\u00fd zomrel, jeho r\u00ed\u0161a zaberala oblasti Stredozemn\u00e9ho a\u00a0\u010cierneho mora, severov\u00fdchodn\u00fa Afriku (starovek\u00fd Egypt, Kyr\u00e9na a\u00a0L\u00fdbia) a\u00a0juhoz\u00e1padn\u00fa \u00c1ziu (Bl\u00edzky a\u00a0Stredn\u00fd V\u00fdchod vr\u00e1tane severoz\u00e1padnej Indie).<\/p><p style=\"text-align: justify;\">\u00a0\u00a0\u00a0\u00a0\u00a0\u00a0\u00a0\u00a0\u00a0\u00a0\u00a0 Niekedy sa slovom helenizmus ozna\u010duje cel\u00e9 obdobie antickej kult\u00fary, ktor\u00e9 nasleduje po obdob\u00ed klasickom, teda od 4. st. p.\u00a0n.\u00a0l. a\u017e po z\u00e1ver antiky, symbolicky ohrani\u010den\u00fd rokom 529 n.\u00a0l., kedy cis\u00e1r Justinianus I. zak\u00e1zal v\u0161etky pohansk\u00e9 \u0161koly (vr\u00e1tane novoplat\u00f3nskej akad\u00e9mie), chr\u00e1my, divadl\u00e1. Filozofia v\u00a0takto ohrani\u010denom obdob\u00ed potom vyzer\u00e1 nasledovne:<\/p><p style=\"text-align: justify;\"><strong>helenizmus <\/strong>(4. \u2013 1. st. p. n. l.) filozofick\u00e9 smery stoikov (Z\u00e9n\u00f3n, Kleanth\u00e9s, Chr\u00fdsippos), epikurovcov (Epik\u00faros, Hermachos) a\u00a0skeptikov (Pyrrh\u00f3n, Tim\u00f3n), pokra\u010dovanie plat\u00f3nskej akad\u00e9mie a\u00a0aristotelovskej peripatetickej \u0161koly<\/p><p style=\"text-align: justify;\"><strong>r\u00edmske obdobie <\/strong>(1. st. p. n. l. \u2013 3. st. n. l.) filozofi a\u00a0liter\u00e1ti Poseid\u00f3nios, Seneca, Epikt\u00e9tos, Marcus Aurelius, Cicero, Lucretius, Apulleius, Polybios, Pl\u00fatarchos, Pausanias, Artemid\u00f3ros, Diogen\u00e9s Laertios, Stobaios<\/p><p style=\"text-align: justify;\"><strong>novoplatonizmus <\/strong>(3. \u2013 6. st. n. l.) rozdelen\u00fd na nekres\u0165ansk\u00fd smer (Pl\u00f3tinos, Porfyrios, Iamblichos, Proklos) a\u00a0kres\u0165ansk\u00fa patristiku (Justinos, Eir\u00e9naios, Kl\u00e9m\u00e9ns Alexandrijsk\u00fd, \u00d3rigen\u00e9s)<\/p><h3 style=\"text-align: justify;\"><a name=\"_Toc127129028\"><\/a><\/h3>\t\t\t\t\t\t\t\t<\/div>\n\t\t\t\t<\/div>\n\t\t\t\t<div class=\"elementor-element elementor-element-d2c4c2f elementor-widget elementor-widget-heading\" data-id=\"d2c4c2f\" data-element_type=\"widget\" data-widget_type=\"heading.default\">\n\t\t\t\t<div class=\"elementor-widget-container\">\n\t\t\t\t\t<h3 class=\"elementor-heading-title elementor-size-default\">Proces heleniz\u00e1cie<\/h3>\t\t\t\t<\/div>\n\t\t\t\t<\/div>\n\t\t\t\t<div class=\"elementor-element elementor-element-3b1f571 elementor-widget elementor-widget-text-editor\" data-id=\"3b1f571\" data-element_type=\"widget\" data-widget_type=\"text-editor.default\">\n\t\t\t\t<div class=\"elementor-widget-container\">\n\t\t\t\t\t\t\t\t\t<p style=\"text-align: justify;\">&nbsp;&nbsp;&nbsp;&nbsp;&nbsp;&nbsp;&nbsp;&nbsp;&nbsp;&nbsp;&nbsp; Alexandrove v\u00fdboje na\u0161tartovali proces heleniz\u00e1cie dobit\u00fdch \u00fazem\u00ed. K\u013e\u00fa\u010dov\u00fa \u00falohu pritom zohrala sie\u0165 miest, ktor\u00e9 Alexander a&nbsp;jeho nasledovn\u00edci zalo\u017eili ako vojensko-strategick\u00e9 a&nbsp;komunika\u010dno-spr\u00e1vne uzly r\u00ed\u0161e. Okolo dvadsiatky z&nbsp;nich nieslo Alexandrovo meno \u2013 Alexandria. Mest\u00e1 boli budovan\u00e9 pod\u013ea vzoru gr\u00e9ckych miest a&nbsp;to tak politicky, ako aj kult\u00farne. Ich s\u00fa\u010das\u0165ou boli mestsk\u00e9 rady, s\u00fady, chr\u00e1my, divadl\u00e1, k\u00fapele, \u010di gymnasi\u00e1, ktor\u00e9 zabezpe\u010dovali telesn\u00fa a&nbsp;intelektu\u00e1lnu v\u00fdchovu v&nbsp;antickom duchu. Okrem rozvoja obchodu (povzbuden\u00e9ho aj vyrazen\u00edm ve\u013ek\u00e9ho mno\u017estva minc\u00ed s&nbsp;Alexanderovou podobiz\u0148ou, ktor\u00e9 sa stali akousi dobovou \u201ereferen\u010dnou menou\u201c) a&nbsp;zlep\u0161enia infra\u0161trukt\u00fary, sa \u010fal\u0161\u00edm kult\u00farnym \u201etromfom\u201c heleniz\u00e1cie stal jazyk \u2013 zjednodu\u0161en\u00e1 gr\u00e9\u010dtina, takzvan\u00e1 <em>koin\u00e9<\/em> (doslova \u201espolo\u010dn\u00e1\u201c gr\u00e9\u010dtina), ktor\u00e1 sa stala dobovou \u201elingua franca\u201c \u2013 hlavn\u00fdm dorozumievac\u00edm jazykom pestrej zmesi kult\u00far Maced\u00f3nskej r\u00ed\u0161e.<\/p>\n<p style=\"text-align: justify;\">&nbsp;&nbsp;&nbsp;&nbsp;&nbsp;&nbsp;&nbsp;&nbsp;&nbsp;&nbsp;&nbsp; Najv\u00e4\u010d\u0161\u00edm z&nbsp;helenistick\u00fdch miest bola Alexandria pri Egypte zalo\u017een\u00e1 r. 323 p.&nbsp;n.&nbsp;l., ktor\u00e1 po\u010das svojho vrcholn\u00e9ho rozkvetu mala okolo mili\u00f3n obyvate\u013eov. Gr\u00e9ci ju naz\u00fdvali jednoducho <em>Megalopolis<\/em> \u2013 Ve\u013ekomesto, ktor\u00fdm aj skuto\u010dne bola. Nach\u00e1dzali sa v&nbsp;nej \u0161irok\u00e9 ulice usporiadan\u00e9 do prav\u00fdch uhlov, viacposchodov\u00e9 budovy, vodovodn\u00e1 sie\u0165, kanaliz\u00e1cia, verejn\u00e1 doprava, kni\u017enice, divadl\u00e1, k\u00fapele. Podobne ako dne\u0161n\u00e9 modern\u00e9 mest\u00e1 aj Alexandria bola multikult\u00farna. \u017dili v&nbsp;nej Gr\u00e9ci, Egyp\u0165ania a&nbsp;po\u010detn\u00e1 men\u0161ina helenizovan\u00fdch \u017didov, no vyskytovali sa tu aj ostatn\u00e9 n\u00e1rody tej doby \u2013 od Galov a\u017e po Indov. Ako trefne poznamen\u00e1va Z.&nbsp;Kratochv\u00edl, ch\u00fdbali u\u017e len aut\u00e1 a&nbsp;elektrika (hoci tax\u00edky v&nbsp;podobe konsk\u00fdch povozov boli be\u017en\u00e9, a&nbsp;to vr\u00e1tane mechanizmu, ktor\u00fd meral prejden\u00fa vzdialenos\u0165 na sp\u00f4sob dne\u0161n\u00fdch taxametrov).<\/p>\n<h3 style=\"text-align: justify;\"><a name=\"_Toc127129029\"><\/a><\/h3>\t\t\t\t\t\t\t\t<\/div>\n\t\t\t\t<\/div>\n\t\t\t\t<div class=\"elementor-element elementor-element-89327f0 elementor-widget elementor-widget-heading\" data-id=\"89327f0\" data-element_type=\"widget\" data-widget_type=\"heading.default\">\n\t\t\t\t<div class=\"elementor-widget-container\">\n\t\t\t\t\t<h3 class=\"elementor-heading-title elementor-size-default\">Helenistick\u00e1 veda<\/h3>\t\t\t\t<\/div>\n\t\t\t\t<\/div>\n\t\t\t\t<div class=\"elementor-element elementor-element-0f96b13 elementor-widget elementor-widget-text-editor\" data-id=\"0f96b13\" data-element_type=\"widget\" data-widget_type=\"text-editor.default\">\n\t\t\t\t<div class=\"elementor-widget-container\">\n\t\t\t\t\t\t\t\t\t<p style=\"text-align: justify;\">\u00a0\u00a0\u00a0\u00a0\u00a0\u00a0\u00a0\u00a0\u00a0\u00a0\u00a0 Za\u010diatkom 3. st. p.\u00a0n.\u00a0l. bolo v\u00a0Alexandrii pod patron\u00e1tom Ptolemaiovcov zalo\u017een\u00e9 <em>M\u00faseion<\/em> (latinsky <em>Musaeum<\/em>, odtia\u013e slovensk\u00e9 \u201em\u00fazeum\u201c). Jeho najzn\u00e1mej\u0161ou s\u00fa\u010das\u0165ou bola Alexandrijsk\u00e1 kni\u017enica, \u010d\u00edtaj\u00faca viac ne\u017e pol mili\u00f3na zvitkov. Kni\u017enice boli be\u017enou s\u00fa\u010das\u0165ou hel\u00e9nskych miest a\u00a0vy\u0161\u0161ie spolo\u010densk\u00e9 vrstvy mali vlastn\u00e9 zbierky kn\u00edh (rozmohlo sa tie\u017e pir\u00e1tske \u201epo\u017ei\u010diavanie\u201c kn\u00edh z\u00a0kni\u017en\u00edc a\u00a0ich \u201epresun\u201c do in\u00fdch kni\u017en\u00edc). M\u00faseion v\u0161ak nesl\u00fa\u017eilo len ako kni\u017enica. Bolo predov\u0161etk\u00fdm v\u00fdskumnou ustanoviz\u0148ou, podobne ako u\u00a0n\u00e1s Slovensk\u00e1 akad\u00e9mia vied, \u010di sk\u00f4r Institute of Advanced Study v\u00a0americkom Princetone.<\/p><p style=\"text-align: justify;\">\u00a0\u00a0\u00a0\u00a0\u00a0\u00a0\u00a0\u00a0\u00a0\u00a0\u00a0 Sl\u00e1vni alexandrijsk\u00ed gramatici a\u00a0b\u00e1snici zalo\u017eili v\u00a0M\u00faseione odbor liter\u00e1rnej kritiky, zostavili slovn\u00edky a\u00a0pripravili kritick\u00e9 vydania star\u00fdch textov, vr\u00e1tane Hom\u00e9ra \u010di Aristotela. P\u00f4sobili tu matematik Eukleid\u00e9s \u2013 zakladate\u013e axiomatickej geometrie, ktor\u00e9ho <em>Stoicheia<\/em> (<em>Prvky<\/em>) sa pou\u017e\u00edvali ako \u0161kolsk\u00e1 u\u010debnica geometrie a\u017e do 19. storo\u010dia; svoje pokusy tu konal zn\u00e1my fyzik, matematik a\u00a0kon\u0161trukt\u00e9r Archim\u00e9d\u00e9s; jedn\u00fdm z\u00a0ved\u00facich M\u00faseionu bol polyhistor Eratosthen\u00e9s \u2013 zakladate\u013e matematickej geografie, ktor\u00fd spresnil dobov\u00e9 mapy a\u00a0na z\u00e1klade meran\u00ed zemepisn\u00fdch \u0161\u00edrok spo\u010d\u00edtal obvod zeme (jeho v\u00fdsledok sa od modern\u00fdch v\u00fdpo\u010dtov l\u00ed\u0161i zhruba o\u00a01%); ale aj technicky orientovan\u00fd H\u00e9r\u00f3n, ktor\u00fd skon\u0161truoval napr. hydraulick\u00e9 chr\u00e1mov\u00e9 dvere, mincov\u00fd automat na sv\u00e4ten\u00fa vodu, mechanick\u00fdch sluhov mie\u0161aj\u00facich v\u00edno s\u00a0vodou, \u010di funk\u010dn\u00fd model parnej turb\u00edny.<\/p><p style=\"text-align: justify;\">\u00a0\u00a0\u00a0\u00a0\u00a0\u00a0\u00a0\u00a0\u00a0\u00a0\u00a0 Do centra pozornosti sa dostali aj \u010fal\u0161ie vedn\u00e9 oblasti. Hippokratovsk\u00e9 lek\u00e1rstvo na\u0161lo svoj vrchol v\u00a0Gal\u00e9novi (2. \u2013 3. st. n.\u00a0l.), ktor\u00fd rozvinul mnoh\u00e9 discipl\u00edny vr\u00e1tane anat\u00f3mie, fyziol\u00f3gie, patol\u00f3gie, farmakol\u00f3gie a\u00a0neurol\u00f3gie, ale aj filozofie a\u00a0logiky. V\u00a0astron\u00f3mii pythagorejsky orientovan\u00fd Aristarchos zav\u0155\u0161il n\u00e1uku svojej \u0161koly o\u00a0Zemi, ktor\u00e1 obieha okolo Slnka spolu s\u00a0ostatn\u00fdmi plan\u00e9tami. Jeho rie\u0161enie v\u0161ak nevyvolalo ve\u013ek\u00fd ohlas a\u00a0navy\u0161e bolo matematicky m\u00e1lo presn\u00e9. Z\u00a0poh\u013eadu pozorovate\u013ea vernej\u0161\u00ed a\u00a0matematicky presnej\u0161\u00ed popis pohybu nebesk\u00fdch telies (so Zemou v\u00a0strede vesm\u00edru), podal Hipparchos. Ten rozvinul tzv. te\u00f3riu epicyklov, ktor\u00e1 umo\u017enila relat\u00edvne ve\u013emi presn\u00e9 spo\u010d\u00edtanie postavenia plan\u00e9t v\u00a0\u013eubovo\u013enom \u010dase. Jeho pr\u00e1cu zav\u0155\u0161il v\u00a02. st. n.\u00a0l. Klaudius Ptolemaios, ktor\u00e9ho v\u00fdpo\u010dty boli prekonan\u00e9 a\u017e za\u010diatkom novoveku. Na sklonku antiky (3.\/4. st. n.\u00a0l.) sa napokon objavila aj alch\u00fdmia (Z\u00f3simos z\u00a0Panapolisu).<\/p><p style=\"text-align: justify;\">\u00a0<\/p>\t\t\t\t\t\t\t\t<\/div>\n\t\t\t\t<\/div>\n\t\t\t\t<div class=\"elementor-element elementor-element-1dd3b4b elementor-widget elementor-widget-heading\" data-id=\"1dd3b4b\" data-element_type=\"widget\" data-widget_type=\"heading.default\">\n\t\t\t\t<div class=\"elementor-widget-container\">\n\t\t\t\t\t<h3 class=\"elementor-heading-title elementor-size-default\">Vplyv Helenizmu<\/h3>\t\t\t\t<\/div>\n\t\t\t\t<\/div>\n\t\t\t\t<div class=\"elementor-element elementor-element-5374403 elementor-widget elementor-widget-text-editor\" data-id=\"5374403\" data-element_type=\"widget\" data-widget_type=\"text-editor.default\">\n\t\t\t\t<div class=\"elementor-widget-container\">\n\t\t\t\t\t\t\t\t\t<p style=\"text-align: justify;\">\u00a0\u00a0\u00a0\u00a0\u00a0\u00a0\u00a0\u00a0\u00a0\u00a0\u00a0 Por\u00e1\u017ekou Maced\u00f3nskej r\u00ed\u0161e Rimanmi sa historick\u00e9 obdobie helenizmu skon\u010dilo. Jeho kult\u00farny vplyv v\u0161ak pokra\u010doval aj v\u00a0nasleduj\u00facich storo\u010diach (najdlh\u0161ie sa udr\u017eal v\u00a0Byzancii, a\u00a0to a\u017e do za\u010diatku 15. storo\u010dia). Vplyv Gr\u00e9kov na r\u00edmskych Latinov v\u00fdsti\u017ene charakterizoval Horatius sentenciou: \u201eDobyt\u00e9 Gr\u00e9cko porazilo surov\u00fdch dobyvate\u013eov a\u00a0prinieslo svoje umenie sedliackym Latinom\u201c (Hor. <em>Epist<\/em>. 2,1,156 \u2013 157). R\u00edmska literat\u00fara, soch\u00e1rstvo, maliarstvo, ale aj lek\u00e1rstvo, veda a technika stavali na gr\u00e9ckych znalostiach a\u00a0vzoroch. Gr\u00e9cka <em>koin\u00e9<\/em> zostala dominantn\u00fdm jazykom vo v\u00fdchodnej \u010dasti R\u00edmskej r\u00ed\u0161e. Be\u017ene sa v\u0161ak pou\u017e\u00edvala aj na z\u00e1pade. Mnoh\u00e9 diela r\u00edmskej filozofie a\u00a0literat\u00fary boli nap\u00edsan\u00e9 po gr\u00e9cky a\u00a0r\u00edmska elita hovorila a\u00a0p\u00edsala po gr\u00e9cky rovnako plynulo ako po latinsky. V\u00a0<em>koin\u00e9<\/em> s\u00fa nap\u00edsan\u00e9 aj prv\u00e9 k\u013e\u00fa\u010dov\u00e9 texty kres\u0165anstva, vr\u00e1tane <em>Nov\u00e9ho Z\u00e1kona<\/em>.<\/p>\t\t\t\t\t\t\t\t<\/div>\n\t\t\t\t<\/div>\n\t\t\t\t\t<\/div>\n\t\t<\/div>\n\t\t\t\t\t<\/div>\n\t\t<\/section>\n\t\t\t\t\t<\/div>\n\t\t<\/div>\n\t\t\t\t\t<\/div>\n\t\t<\/section>\n\t\t\t\t<\/div>\n\t\t","protected":false},"excerpt":{"rendered":"<p>VYBRAN\u00c9 KAPITOLY Z DEJ\u00cdN HELENISTICKEJ A STREDOVEKEJ FILOZOFIE Helenizmus Historick\u00e1 a\u00a0kult\u00farna charakteristika helenizmu \u00a0\u00a0\u00a0\u00a0\u00a0\u00a0\u00a0\u00a0\u00a0\u00a0\u00a0 Slovom helenizmus sa ozna\u010duje pribli\u017ene tristoro\u010dn\u00e9 obdobie dej\u00edn, ktor\u00e9ho za\u010diatok sa zvykne vymedzova\u0165 rokom 323 p.\u00a0n.\u00a0l., kedy umrel zakladate\u013e Maced\u00f3nskej r\u00ed\u0161e Alexander Ve\u013ek\u00fd, a\u00a0koniec tohto obdobia rokom 31 pred p.\u00a0n.\u00a0l., kedy Octavian zv\u00ed\u0165azil nad Marcom Antoniom pri Aktiu, \u010d\u00edm bol definit\u00edvne [&hellip;]<\/p>\n","protected":false},"author":3,"featured_media":0,"parent":0,"menu_order":0,"comment_status":"closed","ping_status":"closed","template":"","meta":{"footnotes":""},"class_list":["post-4667","page","type-page","status-publish","hentry"],"_links":{"self":[{"href":"https:\/\/e-ucebnice.ff.ucm.sk\/index.php\/wp-json\/wp\/v2\/pages\/4667","targetHints":{"allow":["GET"]}}],"collection":[{"href":"https:\/\/e-ucebnice.ff.ucm.sk\/index.php\/wp-json\/wp\/v2\/pages"}],"about":[{"href":"https:\/\/e-ucebnice.ff.ucm.sk\/index.php\/wp-json\/wp\/v2\/types\/page"}],"author":[{"embeddable":true,"href":"https:\/\/e-ucebnice.ff.ucm.sk\/index.php\/wp-json\/wp\/v2\/users\/3"}],"replies":[{"embeddable":true,"href":"https:\/\/e-ucebnice.ff.ucm.sk\/index.php\/wp-json\/wp\/v2\/comments?post=4667"}],"version-history":[{"count":22,"href":"https:\/\/e-ucebnice.ff.ucm.sk\/index.php\/wp-json\/wp\/v2\/pages\/4667\/revisions"}],"predecessor-version":[{"id":6730,"href":"https:\/\/e-ucebnice.ff.ucm.sk\/index.php\/wp-json\/wp\/v2\/pages\/4667\/revisions\/6730"}],"wp:attachment":[{"href":"https:\/\/e-ucebnice.ff.ucm.sk\/index.php\/wp-json\/wp\/v2\/media?parent=4667"}],"curies":[{"name":"wp","href":"https:\/\/api.w.org\/{rel}","templated":true}]}}