{"id":5632,"date":"2023-04-03T14:03:00","date_gmt":"2023-04-03T12:03:00","guid":{"rendered":"https:\/\/e-ucebnice.ff.ucm.sk\/?page_id=5632"},"modified":"2023-04-03T14:12:27","modified_gmt":"2023-04-03T12:12:27","slug":"praktika-reci-autor","status":"publish","type":"page","link":"https:\/\/e-ucebnice.ff.ucm.sk\/index.php\/praktika-reci-autor\/","title":{"rendered":"Praktika reci-autor"},"content":{"rendered":"\t\t<div data-elementor-type=\"wp-page\" data-elementor-id=\"5632\" class=\"elementor elementor-5632\" data-elementor-post-type=\"page\">\n\t\t\t\t\t\t<section class=\"elementor-section elementor-top-section elementor-element elementor-element-6f672ed elementor-section-height-min-height elementor-section-boxed elementor-section-height-default elementor-section-items-middle\" data-id=\"6f672ed\" data-element_type=\"section\" data-settings=\"{&quot;background_background&quot;:&quot;classic&quot;}\">\n\t\t\t\t\t\t\t<div class=\"elementor-background-overlay\"><\/div>\n\t\t\t\t\t\t\t<div class=\"elementor-container elementor-column-gap-default\">\n\t\t\t\t\t<div class=\"elementor-column elementor-col-100 elementor-top-column elementor-element elementor-element-bbeb470\" data-id=\"bbeb470\" data-element_type=\"column\">\n\t\t\t<div class=\"elementor-widget-wrap elementor-element-populated\">\n\t\t\t\t\t\t<div class=\"elementor-element elementor-element-d82f1ef elementor-widget elementor-widget-heading\" data-id=\"d82f1ef\" data-element_type=\"widget\" data-widget_type=\"heading.default\">\n\t\t\t\t<div class=\"elementor-widget-container\">\n\t\t\t\t\t<h1 class=\"elementor-heading-title elementor-size-default\">\u041f\u0420\u0410\u041a\u0422\u0418\u041a\u0410 \u0420\u0415\u0427\u0418<\/h1>\t\t\t\t<\/div>\n\t\t\t\t<\/div>\n\t\t\t\t\t<\/div>\n\t\t<\/div>\n\t\t\t\t\t<\/div>\n\t\t<\/section>\n\t\t\t\t<section class=\"elementor-section elementor-top-section elementor-element elementor-element-87401c6 elementor-section-boxed elementor-section-height-default elementor-section-height-default\" data-id=\"87401c6\" data-element_type=\"section\">\n\t\t\t\t\t\t<div class=\"elementor-container elementor-column-gap-default\">\n\t\t\t\t\t<div class=\"elementor-column elementor-col-50 elementor-top-column elementor-element elementor-element-f714728\" data-id=\"f714728\" data-element_type=\"column\">\n\t\t\t<div class=\"elementor-widget-wrap elementor-element-populated\">\n\t\t\t\t\t\t<div class=\"elementor-element elementor-element-a69298f animated-fast elementor-invisible elementor-widget elementor-widget-heading\" data-id=\"a69298f\" data-element_type=\"widget\" data-settings=\"{&quot;_animation&quot;:&quot;fadeIn&quot;}\" data-widget_type=\"heading.default\">\n\t\t\t\t<div class=\"elementor-widget-container\">\n\t\t\t\t\t<h1 class=\"elementor-heading-title elementor-size-default\">Doc. PhDr. Andrea Grominov\u00e1, PhD.<\/h1>\t\t\t\t<\/div>\n\t\t\t\t<\/div>\n\t\t\t\t<div class=\"elementor-element elementor-element-a8dfa5b elementor-widget__width-auto elementor-view-default elementor-widget elementor-widget-icon\" data-id=\"a8dfa5b\" data-element_type=\"widget\" data-widget_type=\"icon.default\">\n\t\t\t\t<div class=\"elementor-widget-container\">\n\t\t\t\t\t\t\t<div class=\"elementor-icon-wrapper\">\n\t\t\t<div class=\"elementor-icon\">\n\t\t\t<i aria-hidden=\"true\" class=\"far fa-envelope\"><\/i>\t\t\t<\/div>\n\t\t<\/div>\n\t\t\t\t\t\t<\/div>\n\t\t\t\t<\/div>\n\t\t\t\t<div class=\"elementor-element elementor-element-831d5f3 elementor-widget__width-auto elementor-widget elementor-widget-heading\" data-id=\"831d5f3\" data-element_type=\"widget\" data-widget_type=\"heading.default\">\n\t\t\t\t<div class=\"elementor-widget-container\">\n\t\t\t\t\t<h2 class=\"elementor-heading-title elementor-size-default\"><a href=\"mailto:andrea.grominova@ucm.sk\">andrea.grominova@ucm.sk<\/a><\/h2>\t\t\t\t<\/div>\n\t\t\t\t<\/div>\n\t\t\t\t<div class=\"elementor-element elementor-element-fac2f74 elementor-invisible elementor-widget elementor-widget-text-editor\" data-id=\"fac2f74\" data-element_type=\"widget\" data-settings=\"{&quot;_animation&quot;:&quot;fadeIn&quot;}\" data-widget_type=\"text-editor.default\">\n\t\t\t\t<div class=\"elementor-widget-container\">\n\t\t\t\t\t\t\t\t\t<p>Doc. PhDr. Andrea Grominov\u00e1, PhD. p\u00f4sob\u00ed ako ved\u00faca Katedry rusistiky Filozofickej fakulty Univerzity sv. Cyrila a Metoda v Trnave. V r\u00e1mci pedagogickej \u010dinnosti predn\u00e1\u0161a o s\u00fa\u010dasnej ruskej literat\u00fare a aplikovanej liter\u00e1rnej te\u00f3rii, vedie semin\u00e1re, zameran\u00e9 aj na odborn\u00fd preklad a rusk\u00fd jazyk v pr\u00e1vnych textoch. Predmetom jej vedecko-v\u00fdskumn\u00e9ho z\u00e1ujmu je syst\u00e9m obraznosti a umeleck\u00fd model sveta v ruskej literat\u00fare, a tie\u017e reflexia ruskej literat\u00fary v slovenskom liter\u00e1rno-kult\u00farnom kontexte. Je autorkou vy\u0161e 80 publik\u00e1ci\u00ed, vr\u00e1tane vedeck\u00fdch monografi\u00ed, u\u010debn\u00edc a vedeck\u00fdch \u0161t\u00fadi\u00ed v \u010dasopisoch zaraden\u00fdch do datab\u00e1z Web of Science a Scopus. <br><\/p><p>Doposia\u013e sa realizovala v 15 medzin\u00e1rodn\u00fdch i dom\u00e1cich grantov\u00fdch projektoch, z \u010doho v pr\u00edpade 6 projektov bola zodpovednou rie\u0161ite\u013ekou a v 9 spolurie\u0161ite\u013ekou. P\u00f4sob\u00ed aj ako posudzovate\u013eka \u017eiadost\u00ed o grantov\u00e9 projekty M\u0160VVa\u0160 SR \u2013 KEGA a VEGA. Okrem toho je \u010dlenkou redak\u010dnej rady prest\u00ed\u017eneho medzin\u00e1rodn\u00e9ho vedeck\u00e9ho \u010dasopisu \u0424\u0438\u043b\u043e\u043b\u043e\u0433\u0438\u0447\u0435\u0441\u043a\u0438\u0439 \u043a\u043b\u0430\u0441\u0441 (Rusk\u00e1 feder\u00e1cia), ktor\u00fd je zaraden\u00fd do datab\u00e1z Web of Science a ERIH PLUS, a medzin\u00e1rodn\u00e9ho vedeck\u00e9ho \u010dasopisu \u041d\u0430\u0443\u043a\u043e\u0432\u0438\u0439 \u0432\u0456\u0441\u043d\u0438\u043a \u041f\u0456\u0432\u0434\u0435\u043d\u043d\u043e\u0443\u043a\u0440\u0430\u0457\u043d\u0441\u044c\u043a\u043e\u0433\u043e \u043d\u0430\u0446\u0456\u043e\u043d\u0430\u043b\u044c\u043d\u043e\u0433\u043e \u043f\u0435\u0434\u0430\u0433\u043e\u0433\u0456\u0447\u043d\u043e\u0433\u043e \u0443\u043d\u0456\u0432\u0435\u0440\u0441\u0438\u0442\u0435\u0442\u0443 \u0456\u043c. \u041a. \u0414. \u0423\u0448\u0438\u043d\u0441\u044c\u043a\u043e\u0433\u043e: \u041b\u0456\u043d\u0433\u0432\u0456\u0441\u0442\u0438\u0447\u043d\u0456 \u043d\u0430\u0443\u043a\u0438 (Ukrajina). <br><\/p><p>Autorka p\u00f4sob\u00ed aj ako \u010dlenka Slovenskej spolo\u010dnosti prekladate\u013eov odbornej literat\u00fary, ktor\u00e1 je v r\u00e1mci organiz\u00e1cie APTOS (Asoci\u00e1cie prekladate\u013esk\u00fdch a tlmo\u010dn\u00edckych organiz\u00e1ci\u00ed Slovenska) s\u00fa\u010das\u0165ou Medzin\u00e1rodnej feder\u00e1cie prekladate\u013eov. Doc. Grominov\u00e1 je tie\u017e \u010dlenkou komisie Slovenskej akademickej informa\u010dnej agent\u00fary pre v\u00fdber uch\u00e1dza\u010dov o zahrani\u010dn\u00e9 st\u00e1\u017ee (krajina: Rusko). Doposia\u013e absolvovala 7 akademick\u00fdch mobil\u00edt a predn\u00e1\u0161ala na pozvanie 9 partnersk\u00fdch univerz\u00edt v Rusku, Nemecku, Loty\u0161sku, Chorv\u00e1tsku, Bulharsku a \u010cesku. <br><\/p><p>Za v\u00fdznamn\u00fd pr\u00ednos v oblasti tvorivej \u010dinnosti fakulty v roku 2022 z\u00edskala ocenenie dekanky Filozofickej fakulty UCM v Trnave.<\/p>\t\t\t\t\t\t\t\t<\/div>\n\t\t\t\t<\/div>\n\t\t\t\t\t<\/div>\n\t\t<\/div>\n\t\t\t\t<div class=\"elementor-column elementor-col-50 elementor-top-column elementor-element elementor-element-d4d6b75\" data-id=\"d4d6b75\" data-element_type=\"column\">\n\t\t\t<div class=\"elementor-widget-wrap elementor-element-populated\">\n\t\t\t\t\t\t<div class=\"elementor-element elementor-element-7c6aa69 elementor-widget elementor-widget-image\" data-id=\"7c6aa69\" data-element_type=\"widget\" data-widget_type=\"image.default\">\n\t\t\t\t<div class=\"elementor-widget-container\">\n\t\t\t\t\t\t\t\t\t\t\t\t\t\t\t<img fetchpriority=\"high\" decoding=\"async\" width=\"768\" height=\"1024\" src=\"https:\/\/e-ucebnice.ff.ucm.sk\/wp-content\/uploads\/2023\/04\/Grominova_Andrea-768x1024.jpg\" class=\"attachment-large size-large wp-image-5645\" alt=\"\" srcset=\"https:\/\/e-ucebnice.ff.ucm.sk\/wp-content\/uploads\/2023\/04\/Grominova_Andrea-768x1024.jpg 768w, https:\/\/e-ucebnice.ff.ucm.sk\/wp-content\/uploads\/2023\/04\/Grominova_Andrea-225x300.jpg 225w, https:\/\/e-ucebnice.ff.ucm.sk\/wp-content\/uploads\/2023\/04\/Grominova_Andrea.jpg 887w\" sizes=\"(max-width: 768px) 100vw, 768px\" \/>\t\t\t\t\t\t\t\t\t\t\t\t\t\t\t<\/div>\n\t\t\t\t<\/div>\n\t\t\t\t\t<\/div>\n\t\t<\/div>\n\t\t\t\t\t<\/div>\n\t\t<\/section>\n\t\t\t\t<\/div>\n\t\t","protected":false},"excerpt":{"rendered":"<p>\u041f\u0420\u0410\u041a\u0422\u0418\u041a\u0410 \u0420\u0415\u0427\u0418 Doc. PhDr. Andrea Grominov\u00e1, PhD. andrea.grominova@ucm.sk Doc. PhDr. Andrea Grominov\u00e1, PhD. p\u00f4sob\u00ed ako ved\u00faca Katedry rusistiky Filozofickej fakulty Univerzity sv. Cyrila a Metoda v Trnave. V r\u00e1mci pedagogickej \u010dinnosti predn\u00e1\u0161a o s\u00fa\u010dasnej ruskej literat\u00fare a aplikovanej liter\u00e1rnej te\u00f3rii, vedie semin\u00e1re, zameran\u00e9 aj na odborn\u00fd preklad a rusk\u00fd jazyk v pr\u00e1vnych textoch. Predmetom jej [&hellip;]<\/p>\n","protected":false},"author":3,"featured_media":0,"parent":0,"menu_order":0,"comment_status":"closed","ping_status":"closed","template":"","meta":{"footnotes":""},"class_list":["post-5632","page","type-page","status-publish","hentry"],"_links":{"self":[{"href":"https:\/\/e-ucebnice.ff.ucm.sk\/index.php\/wp-json\/wp\/v2\/pages\/5632","targetHints":{"allow":["GET"]}}],"collection":[{"href":"https:\/\/e-ucebnice.ff.ucm.sk\/index.php\/wp-json\/wp\/v2\/pages"}],"about":[{"href":"https:\/\/e-ucebnice.ff.ucm.sk\/index.php\/wp-json\/wp\/v2\/types\/page"}],"author":[{"embeddable":true,"href":"https:\/\/e-ucebnice.ff.ucm.sk\/index.php\/wp-json\/wp\/v2\/users\/3"}],"replies":[{"embeddable":true,"href":"https:\/\/e-ucebnice.ff.ucm.sk\/index.php\/wp-json\/wp\/v2\/comments?post=5632"}],"version-history":[{"count":13,"href":"https:\/\/e-ucebnice.ff.ucm.sk\/index.php\/wp-json\/wp\/v2\/pages\/5632\/revisions"}],"predecessor-version":[{"id":5648,"href":"https:\/\/e-ucebnice.ff.ucm.sk\/index.php\/wp-json\/wp\/v2\/pages\/5632\/revisions\/5648"}],"wp:attachment":[{"href":"https:\/\/e-ucebnice.ff.ucm.sk\/index.php\/wp-json\/wp\/v2\/media?parent=5632"}],"curies":[{"name":"wp","href":"https:\/\/api.w.org\/{rel}","templated":true}]}}