{"id":5701,"date":"2023-04-03T16:36:42","date_gmt":"2023-04-03T14:36:42","guid":{"rendered":"https:\/\/e-ucebnice.ff.ucm.sk\/?page_id=5701"},"modified":"2023-04-03T16:54:56","modified_gmt":"2023-04-03T14:54:56","slug":"helenistickastredovekafil-autor","status":"publish","type":"page","link":"https:\/\/e-ucebnice.ff.ucm.sk\/index.php\/helenistickastredovekafil-autor\/","title":{"rendered":"HelenistickaStredovekaFil-Autor"},"content":{"rendered":"\t\t<div data-elementor-type=\"wp-page\" data-elementor-id=\"5701\" class=\"elementor elementor-5701\" data-elementor-post-type=\"page\">\n\t\t\t\t\t\t<section class=\"elementor-section elementor-top-section elementor-element elementor-element-fb63648 elementor-section-height-min-height elementor-section-boxed elementor-section-height-default elementor-section-items-middle\" data-id=\"fb63648\" data-element_type=\"section\" data-settings=\"{&quot;background_background&quot;:&quot;classic&quot;}\">\n\t\t\t\t\t\t\t<div class=\"elementor-background-overlay\"><\/div>\n\t\t\t\t\t\t\t<div class=\"elementor-container elementor-column-gap-default\">\n\t\t\t\t\t<div class=\"elementor-column elementor-col-100 elementor-top-column elementor-element elementor-element-8ffb298\" data-id=\"8ffb298\" data-element_type=\"column\">\n\t\t\t<div class=\"elementor-widget-wrap elementor-element-populated\">\n\t\t\t\t\t\t<div class=\"elementor-element elementor-element-5156448 elementor-widget elementor-widget-heading\" data-id=\"5156448\" data-element_type=\"widget\" data-widget_type=\"heading.default\">\n\t\t\t\t<div class=\"elementor-widget-container\">\n\t\t\t\t\t<h1 class=\"elementor-heading-title elementor-size-default\">VYBRAN\u00c9 KAPITOLY Z DEJ\u00cdN HELENISTICKEJ A STREDOVEKEJ FILOZOFIE <\/h1>\t\t\t\t<\/div>\n\t\t\t\t<\/div>\n\t\t\t\t\t<\/div>\n\t\t<\/div>\n\t\t\t\t\t<\/div>\n\t\t<\/section>\n\t\t\t\t<section class=\"elementor-section elementor-top-section elementor-element elementor-element-e930455 elementor-section-boxed elementor-section-height-default elementor-section-height-default\" data-id=\"e930455\" data-element_type=\"section\">\n\t\t\t\t\t\t<div class=\"elementor-container elementor-column-gap-default\">\n\t\t\t\t\t<div class=\"elementor-column elementor-col-50 elementor-top-column elementor-element elementor-element-f8f7874\" data-id=\"f8f7874\" data-element_type=\"column\">\n\t\t\t<div class=\"elementor-widget-wrap elementor-element-populated\">\n\t\t\t\t\t\t<div class=\"elementor-element elementor-element-6492a57 animated-fast elementor-invisible elementor-widget elementor-widget-heading\" data-id=\"6492a57\" data-element_type=\"widget\" data-settings=\"{&quot;_animation&quot;:&quot;fadeIn&quot;}\" data-widget_type=\"heading.default\">\n\t\t\t\t<div class=\"elementor-widget-container\">\n\t\t\t\t\t<h1 class=\"elementor-heading-title elementor-size-default\">Porubjak, Mat\u00fa\u0161, prof. PhDr., PhD. <\/h1>\t\t\t\t<\/div>\n\t\t\t\t<\/div>\n\t\t\t\t<div class=\"elementor-element elementor-element-067790e elementor-widget__width-auto elementor-view-default elementor-widget elementor-widget-icon\" data-id=\"067790e\" data-element_type=\"widget\" data-widget_type=\"icon.default\">\n\t\t\t\t<div class=\"elementor-widget-container\">\n\t\t\t\t\t\t\t<div class=\"elementor-icon-wrapper\">\n\t\t\t<div class=\"elementor-icon\">\n\t\t\t<i aria-hidden=\"true\" class=\"far fa-envelope\"><\/i>\t\t\t<\/div>\n\t\t<\/div>\n\t\t\t\t\t\t<\/div>\n\t\t\t\t<\/div>\n\t\t\t\t<div class=\"elementor-element elementor-element-dfb8242 elementor-widget__width-auto elementor-widget elementor-widget-heading\" data-id=\"dfb8242\" data-element_type=\"widget\" data-widget_type=\"heading.default\">\n\t\t\t\t<div class=\"elementor-widget-container\">\n\t\t\t\t\t<h2 class=\"elementor-heading-title elementor-size-default\"><a href=\"mailto:matus.porubjak@ucm.sk\">matus.porubjak@ucm.sk<\/a><\/h2>\t\t\t\t<\/div>\n\t\t\t\t<\/div>\n\t\t\t\t<div class=\"elementor-element elementor-element-611c990 elementor-invisible elementor-widget elementor-widget-text-editor\" data-id=\"611c990\" data-element_type=\"widget\" data-settings=\"{&quot;_animation&quot;:&quot;fadeIn&quot;}\" data-widget_type=\"text-editor.default\">\n\t\t\t\t<div class=\"elementor-widget-container\">\n\t\t\t\t\t\t\t\t\t<p>P\u00f4sob\u00ed na Katedre filozofie a aplikovanej filozofie FF UCM v Trnave od r. 2002. \u0160pecializuje sa predov\u0161etk\u00fdm na v\u00fdskum gr\u00e9ckeho archaick\u00e9ho a klasick\u00e9ho filozofick\u00e9ho, etick\u00e9ho a politick\u00e9ho myslenia. Vyu\u010duje predmety s\u00favisiace s dejinami antickej filozofie, pr\u00edpravou doktorandov a predmet Glob\u00e1lne v\u00fdzvy s\u00fa\u010dasnosti. <\/p><p>Vy\u0161tudoval geol\u00f3giu a geoch\u00e9miu (UK Bratislava) a filozofiu a systematick\u00fa filozofiu (TU Trnava). Habilitoval sa v r. 2011 na UP Olomouc v odbore Filozofia, inauguroval sa na UCM v Trnave a v r. 2020 bol vymenovan\u00fd za profesora. <\/p><p>Publikoval monografie V\u00f4\u013ea (k) celku (2010), Praktick\u00e1 protofilozofia Tyrtaia a Theognida (2018), vysoko\u0161kolsk\u00e9 u\u010debnice Najstar\u0161ie podoby eur\u00f3pskej etiky v antickom obdob\u00ed (2012), U\u010debn\u00e9 texty k po\u010diatkom soci\u00e1lno-politick\u00e9ho, pr\u00e1vneho a etick\u00e9ho myslenia v antickom Gr\u00e9cku (2019). Celkovo publikoval viac ne\u017e 60 vedeck\u00fdch textov (kapitoly v monografi\u00e1ch, \u010dl\u00e1nky vo vedeck\u00fdch \u010dasopisoch, at\u010f.). <\/p><p>Absolvoval viac ne\u017e desiatku zahrani\u010dn\u00fdch vedeck\u00fdch a predn\u00e1\u0161kov\u00fdch pobytov (CSU Cleveland USA, University of the Aegean Gr\u00e9cko, Kostanay Social-Technical University Kazachstan, University of Silesia Po\u013esko, MU Brno, UK Praha). <\/p><p>Pravidelne vystupuje na dom\u00e1cich a zahrani\u010dn\u00fdch konferenci\u00e1ch vr\u00e1tane 23rd World Congress of Philosophy v At\u00e9nach (2013). Je \u010dlenom edi\u010dnej rady vedeck\u00fdch \u010dasopisov ELECTRYONE (Gr\u00e9cko), Folia Philosophica (Po\u013esko) a dom\u00e1ceho \u010dasopisu Ostium. Podie\u013eal sa na rie\u0161en\u00ed desiatky grantov. Bol ved\u00facim grantov\u00e9ho projektu VEGA 1\/0416\/15 Vznik, formovanie a premeny v\u00fdznamu pojmu fron\u00e9sis v antickej filozofii, hlavn\u00fdm koordin\u00e1torom a rie\u0161ite\u013eom za slovensk\u00fa stranu projektu INTERREG V-A SK-CZ\/2016\/01 Spole\u010dn\u00fd vzd\u011bl\u00e1vac\u00ed program p\u0159eshrani\u010dn\u00edho exkurzn\u00edho vyu\u010dov\u00e1n\u00ed a ved\u00facim projektu ESF \u2013 NFP26110230002 Aplikovan\u00e1 etika pre vedomostn\u00fa spolo\u010dnos\u0165.<\/p>\t\t\t\t\t\t\t\t<\/div>\n\t\t\t\t<\/div>\n\t\t\t\t\t<\/div>\n\t\t<\/div>\n\t\t\t\t<div class=\"elementor-column elementor-col-50 elementor-top-column elementor-element elementor-element-2aa8dc5\" data-id=\"2aa8dc5\" data-element_type=\"column\">\n\t\t\t<div class=\"elementor-widget-wrap elementor-element-populated\">\n\t\t\t\t\t\t<div class=\"elementor-element elementor-element-744854a elementor-widget elementor-widget-image\" data-id=\"744854a\" data-element_type=\"widget\" data-widget_type=\"image.default\">\n\t\t\t\t<div class=\"elementor-widget-container\">\n\t\t\t\t\t\t\t\t\t\t\t\t\t\t\t<img fetchpriority=\"high\" decoding=\"async\" width=\"800\" height=\"995\" src=\"https:\/\/e-ucebnice.ff.ucm.sk\/wp-content\/uploads\/2023\/04\/Porubjak_foto-823x1024.jpg\" class=\"attachment-large size-large wp-image-5705\" alt=\"\" srcset=\"https:\/\/e-ucebnice.ff.ucm.sk\/wp-content\/uploads\/2023\/04\/Porubjak_foto-823x1024.jpg 823w, https:\/\/e-ucebnice.ff.ucm.sk\/wp-content\/uploads\/2023\/04\/Porubjak_foto-241x300.jpg 241w, https:\/\/e-ucebnice.ff.ucm.sk\/wp-content\/uploads\/2023\/04\/Porubjak_foto-768x955.jpg 768w, https:\/\/e-ucebnice.ff.ucm.sk\/wp-content\/uploads\/2023\/04\/Porubjak_foto.jpg 887w\" sizes=\"(max-width: 800px) 100vw, 800px\" \/>\t\t\t\t\t\t\t\t\t\t\t\t\t\t\t<\/div>\n\t\t\t\t<\/div>\n\t\t\t\t\t<\/div>\n\t\t<\/div>\n\t\t\t\t\t<\/div>\n\t\t<\/section>\n\t\t\t\t<\/div>\n\t\t","protected":false},"excerpt":{"rendered":"<p>VYBRAN\u00c9 KAPITOLY Z DEJ\u00cdN HELENISTICKEJ A STREDOVEKEJ FILOZOFIE Porubjak, Mat\u00fa\u0161, prof. PhDr., PhD. matus.porubjak@ucm.sk P\u00f4sob\u00ed na Katedre filozofie a aplikovanej filozofie FF UCM v Trnave od r. 2002. \u0160pecializuje sa predov\u0161etk\u00fdm na v\u00fdskum gr\u00e9ckeho archaick\u00e9ho a klasick\u00e9ho filozofick\u00e9ho, etick\u00e9ho a politick\u00e9ho myslenia. Vyu\u010duje predmety s\u00favisiace s dejinami antickej filozofie, pr\u00edpravou doktorandov a predmet Glob\u00e1lne v\u00fdzvy [&hellip;]<\/p>\n","protected":false},"author":3,"featured_media":0,"parent":0,"menu_order":0,"comment_status":"closed","ping_status":"closed","template":"","meta":{"footnotes":""},"class_list":["post-5701","page","type-page","status-publish","hentry"],"_links":{"self":[{"href":"https:\/\/e-ucebnice.ff.ucm.sk\/index.php\/wp-json\/wp\/v2\/pages\/5701","targetHints":{"allow":["GET"]}}],"collection":[{"href":"https:\/\/e-ucebnice.ff.ucm.sk\/index.php\/wp-json\/wp\/v2\/pages"}],"about":[{"href":"https:\/\/e-ucebnice.ff.ucm.sk\/index.php\/wp-json\/wp\/v2\/types\/page"}],"author":[{"embeddable":true,"href":"https:\/\/e-ucebnice.ff.ucm.sk\/index.php\/wp-json\/wp\/v2\/users\/3"}],"replies":[{"embeddable":true,"href":"https:\/\/e-ucebnice.ff.ucm.sk\/index.php\/wp-json\/wp\/v2\/comments?post=5701"}],"version-history":[{"count":10,"href":"https:\/\/e-ucebnice.ff.ucm.sk\/index.php\/wp-json\/wp\/v2\/pages\/5701\/revisions"}],"predecessor-version":[{"id":5714,"href":"https:\/\/e-ucebnice.ff.ucm.sk\/index.php\/wp-json\/wp\/v2\/pages\/5701\/revisions\/5714"}],"wp:attachment":[{"href":"https:\/\/e-ucebnice.ff.ucm.sk\/index.php\/wp-json\/wp\/v2\/media?parent=5701"}],"curies":[{"name":"wp","href":"https:\/\/api.w.org\/{rel}","templated":true}]}}