{"id":5941,"date":"2023-04-05T07:32:37","date_gmt":"2023-04-05T05:32:37","guid":{"rendered":"https:\/\/e-ucebnice.ff.ucm.sk\/?page_id=5941"},"modified":"2023-04-05T07:42:31","modified_gmt":"2023-04-05T05:42:31","slug":"vybrane-aspekty-pedagogickej-komunikacie-v-edukacnej-realite-autor","status":"publish","type":"page","link":"https:\/\/e-ucebnice.ff.ucm.sk\/index.php\/vybrane-aspekty-pedagogickej-komunikacie-v-edukacnej-realite-autor\/","title":{"rendered":"Vybran\u00e9 aspekty pedagogickej komunik\u00e1cie v eduka\u010dnej realite-autor"},"content":{"rendered":"\t\t<div data-elementor-type=\"wp-page\" data-elementor-id=\"5941\" class=\"elementor elementor-5941\" data-elementor-post-type=\"page\">\n\t\t\t\t\t\t<section class=\"elementor-section elementor-top-section elementor-element elementor-element-6d2192d elementor-section-height-min-height elementor-section-boxed elementor-section-height-default elementor-section-items-middle\" data-id=\"6d2192d\" data-element_type=\"section\" data-settings=\"{&quot;background_background&quot;:&quot;classic&quot;}\">\n\t\t\t\t\t\t\t<div class=\"elementor-background-overlay\"><\/div>\n\t\t\t\t\t\t\t<div class=\"elementor-container elementor-column-gap-default\">\n\t\t\t\t\t<div class=\"elementor-column elementor-col-100 elementor-top-column elementor-element elementor-element-e76275d\" data-id=\"e76275d\" data-element_type=\"column\">\n\t\t\t<div class=\"elementor-widget-wrap elementor-element-populated\">\n\t\t\t\t\t\t<div class=\"elementor-element elementor-element-e876d1d elementor-widget elementor-widget-heading\" data-id=\"e876d1d\" data-element_type=\"widget\" data-widget_type=\"heading.default\">\n\t\t\t\t<div class=\"elementor-widget-container\">\n\t\t\t\t\t<h1 class=\"elementor-heading-title elementor-size-default\">VYBRAN\u00c9 ASPEKTY PEDAGOGICKEJ KOMUNIK\u00c1CIE V EDUKA\u010cNEJ REALITE <\/h1>\t\t\t\t<\/div>\n\t\t\t\t<\/div>\n\t\t\t\t\t<\/div>\n\t\t<\/div>\n\t\t\t\t\t<\/div>\n\t\t<\/section>\n\t\t\t\t<section class=\"elementor-section elementor-top-section elementor-element elementor-element-00c4b65 elementor-section-boxed elementor-section-height-default elementor-section-height-default\" data-id=\"00c4b65\" data-element_type=\"section\">\n\t\t\t\t\t\t<div class=\"elementor-container elementor-column-gap-default\">\n\t\t\t\t\t<div class=\"elementor-column elementor-col-50 elementor-top-column elementor-element elementor-element-e5776a3\" data-id=\"e5776a3\" data-element_type=\"column\">\n\t\t\t<div class=\"elementor-widget-wrap elementor-element-populated\">\n\t\t\t\t\t\t<div class=\"elementor-element elementor-element-cd1a050 animated-fast elementor-invisible elementor-widget elementor-widget-heading\" data-id=\"cd1a050\" data-element_type=\"widget\" data-settings=\"{&quot;_animation&quot;:&quot;fadeIn&quot;}\" data-widget_type=\"heading.default\">\n\t\t\t\t<div class=\"elementor-widget-container\">\n\t\t\t\t\t<h1 class=\"elementor-heading-title elementor-size-default\">Mgr. Veronika Michvoc\u00edkov\u00e1, PhD.<\/h1>\t\t\t\t<\/div>\n\t\t\t\t<\/div>\n\t\t\t\t<div class=\"elementor-element elementor-element-0b2f06a elementor-widget__width-auto elementor-view-default elementor-widget elementor-widget-icon\" data-id=\"0b2f06a\" data-element_type=\"widget\" data-widget_type=\"icon.default\">\n\t\t\t\t<div class=\"elementor-widget-container\">\n\t\t\t\t\t\t\t<div class=\"elementor-icon-wrapper\">\n\t\t\t<div class=\"elementor-icon\">\n\t\t\t<i aria-hidden=\"true\" class=\"far fa-envelope\"><\/i>\t\t\t<\/div>\n\t\t<\/div>\n\t\t\t\t\t\t<\/div>\n\t\t\t\t<\/div>\n\t\t\t\t<div class=\"elementor-element elementor-element-bdbadf7 elementor-widget__width-auto elementor-widget elementor-widget-heading\" data-id=\"bdbadf7\" data-element_type=\"widget\" data-widget_type=\"heading.default\">\n\t\t\t\t<div class=\"elementor-widget-container\">\n\t\t\t\t\t<h2 class=\"elementor-heading-title elementor-size-default\"><a href=\"mailto:veronika.michvocikova@ucm.sk\">veronika.michvocikova@ucm.sk<\/a><\/h2>\t\t\t\t<\/div>\n\t\t\t\t<\/div>\n\t\t\t\t<div class=\"elementor-element elementor-element-03d15d0 elementor-invisible elementor-widget elementor-widget-text-editor\" data-id=\"03d15d0\" data-element_type=\"widget\" data-settings=\"{&quot;_animation&quot;:&quot;fadeIn&quot;}\" data-widget_type=\"text-editor.default\">\n\t\t\t\t<div class=\"elementor-widget-container\">\n\t\t\t\t\t\t\t\t\t<p style=\"text-align: justify;\">Autorka je ved\u00facou katedry pedagogiky na Filozofickej fakulte Univerzity sv. Cyrila a Metoda v Trnave. Na katedre pedagogiky FF UCM v Trnave p\u00f4sob\u00ed od roku 2018. V r\u00e1mci pedagogickej \u010dinnosti sa zameriava na problematiku pedagogickej komunik\u00e1cie, soci\u00e1lnej pedagogiky, oblasti v\u00fdchovn\u00fdch probl\u00e9mov v \u0161kole, pedagogike vo\u013en\u00e9ho \u010dasu, strat\u00e9gi\u00e1m a met\u00f3dam rozvoja osobnosti, rie\u0161eniu a zvl\u00e1daniu konfliktov v \u0161kolskom prostred\u00ed, pr\u00e1ci triedneho u\u010dite\u013ea, ako aj prepojeniu sociol\u00f3gie s eduka\u010dn\u00fdm prostred\u00edm.<\/p><p style=\"text-align: justify;\">Vo svojej vedecko-v\u00fdskumnej \u010dinnosti sa zameriava na oblas\u0165 pedagogickej komunik\u00e1cie, na sk\u00famanie najv\u00fdznamnej\u0161\u00edch determinantov komunika\u010dn\u00e9ho procesu, prienikom modern\u00fdch informa\u010dn\u00fdch a komunika\u010dn\u00fdch technol\u00f3gi\u00ed do eduka\u010dn\u00e9ho procesu so zameran\u00edm sa najm\u00e4 na oblas\u0165 pedagogickej komunik\u00e1cie, sk\u00faman\u00edm spolo\u010densky ne\u017eiad\u00facich javov v eduka\u010dnom procese. Okrem toho sk\u00fama v r\u00e1mci svojho odborn\u00e9ho p\u00f4sobenia aj vplyvy r\u00f4znych typov prostred\u00ed na particip\u00e1ciu mlad\u00fdch \u013eud\u00ed na eduka\u010dnom procese a na vznik a prevenciu spolo\u010densky ne\u017eiad\u00facich javov u \u017eiakov. V neposlednom rade sa zameriava na sk\u00famanie postojov a n\u00e1zorov vysoko\u0161kolsk\u00fdch \u0161tudentov v s\u00favislosti s aktu\u00e1lnym dian\u00edm v spolo\u010dnosti, ako aj perspekt\u00edvou spolo\u010densk\u00e9ho v\u00fdvoja z poh\u013eadu uvedenej skupiny obyvate\u013estva.<\/p><p style=\"text-align: justify;\">Publika\u010dn\u00e1 \u010dinnos\u0165 pozost\u00e1va z viacer\u00fdch odborn\u00fdch publik\u00e1ci\u00ed analyzuj\u00facich vytv\u00e1ranie z\u00e1kladn\u00fdch charakterist\u00edk, ako aj zefekt\u00edvnenie eduka\u010dn\u00e9ho procesu v s\u00favislosti s vedecko-v\u00fdskumn\u00fdm zameran\u00edm autorky.<\/p>\t\t\t\t\t\t\t\t<\/div>\n\t\t\t\t<\/div>\n\t\t\t\t\t<\/div>\n\t\t<\/div>\n\t\t\t\t<div class=\"elementor-column elementor-col-50 elementor-top-column elementor-element elementor-element-93131e1\" data-id=\"93131e1\" data-element_type=\"column\">\n\t\t\t<div class=\"elementor-widget-wrap elementor-element-populated\">\n\t\t\t\t\t\t<div class=\"elementor-element elementor-element-1471e69 elementor-widget elementor-widget-image\" data-id=\"1471e69\" data-element_type=\"widget\" data-widget_type=\"image.default\">\n\t\t\t\t<div class=\"elementor-widget-container\">\n\t\t\t\t\t\t\t\t\t\t\t\t\t\t\t<img fetchpriority=\"high\" decoding=\"async\" width=\"800\" height=\"1011\" src=\"https:\/\/e-ucebnice.ff.ucm.sk\/wp-content\/uploads\/2023\/04\/Michvocikova_Veronika-foto-810x1024.jpg\" class=\"attachment-large size-large wp-image-5952\" alt=\"\" srcset=\"https:\/\/e-ucebnice.ff.ucm.sk\/wp-content\/uploads\/2023\/04\/Michvocikova_Veronika-foto-810x1024.jpg 810w, https:\/\/e-ucebnice.ff.ucm.sk\/wp-content\/uploads\/2023\/04\/Michvocikova_Veronika-foto-237x300.jpg 237w, https:\/\/e-ucebnice.ff.ucm.sk\/wp-content\/uploads\/2023\/04\/Michvocikova_Veronika-foto-768x971.jpg 768w, https:\/\/e-ucebnice.ff.ucm.sk\/wp-content\/uploads\/2023\/04\/Michvocikova_Veronika-foto.jpg 887w\" sizes=\"(max-width: 800px) 100vw, 800px\" \/>\t\t\t\t\t\t\t\t\t\t\t\t\t\t\t<\/div>\n\t\t\t\t<\/div>\n\t\t\t\t\t<\/div>\n\t\t<\/div>\n\t\t\t\t\t<\/div>\n\t\t<\/section>\n\t\t\t\t<\/div>\n\t\t","protected":false},"excerpt":{"rendered":"<p>VYBRAN\u00c9 ASPEKTY PEDAGOGICKEJ KOMUNIK\u00c1CIE V EDUKA\u010cNEJ REALITE Mgr. Veronika Michvoc\u00edkov\u00e1, PhD. veronika.michvocikova@ucm.sk Autorka je ved\u00facou katedry pedagogiky na Filozofickej fakulte Univerzity sv. Cyrila a Metoda v Trnave. Na katedre pedagogiky FF UCM v Trnave p\u00f4sob\u00ed od roku 2018. V r\u00e1mci pedagogickej \u010dinnosti sa zameriava na problematiku pedagogickej komunik\u00e1cie, soci\u00e1lnej pedagogiky, oblasti v\u00fdchovn\u00fdch probl\u00e9mov v \u0161kole, [&hellip;]<\/p>\n","protected":false},"author":3,"featured_media":0,"parent":0,"menu_order":0,"comment_status":"closed","ping_status":"closed","template":"","meta":{"footnotes":""},"class_list":["post-5941","page","type-page","status-publish","hentry"],"_links":{"self":[{"href":"https:\/\/e-ucebnice.ff.ucm.sk\/index.php\/wp-json\/wp\/v2\/pages\/5941","targetHints":{"allow":["GET"]}}],"collection":[{"href":"https:\/\/e-ucebnice.ff.ucm.sk\/index.php\/wp-json\/wp\/v2\/pages"}],"about":[{"href":"https:\/\/e-ucebnice.ff.ucm.sk\/index.php\/wp-json\/wp\/v2\/types\/page"}],"author":[{"embeddable":true,"href":"https:\/\/e-ucebnice.ff.ucm.sk\/index.php\/wp-json\/wp\/v2\/users\/3"}],"replies":[{"embeddable":true,"href":"https:\/\/e-ucebnice.ff.ucm.sk\/index.php\/wp-json\/wp\/v2\/comments?post=5941"}],"version-history":[{"count":10,"href":"https:\/\/e-ucebnice.ff.ucm.sk\/index.php\/wp-json\/wp\/v2\/pages\/5941\/revisions"}],"predecessor-version":[{"id":5955,"href":"https:\/\/e-ucebnice.ff.ucm.sk\/index.php\/wp-json\/wp\/v2\/pages\/5941\/revisions\/5955"}],"wp:attachment":[{"href":"https:\/\/e-ucebnice.ff.ucm.sk\/index.php\/wp-json\/wp\/v2\/media?parent=5941"}],"curies":[{"name":"wp","href":"https:\/\/api.w.org\/{rel}","templated":true}]}}