{"id":5992,"date":"2023-04-05T10:33:56","date_gmt":"2023-04-05T08:33:56","guid":{"rendered":"https:\/\/e-ucebnice.ff.ucm.sk\/?page_id=5992"},"modified":"2023-05-07T08:49:29","modified_gmt":"2023-05-07T06:49:29","slug":"interpretacia-narativnych-textov-about","status":"publish","type":"page","link":"https:\/\/e-ucebnice.ff.ucm.sk\/index.php\/interpretacia-narativnych-textov-about\/","title":{"rendered":"interpret\u00e1cia narat\u00edvnych textov-about"},"content":{"rendered":"\t\t<div data-elementor-type=\"wp-page\" data-elementor-id=\"5992\" class=\"elementor elementor-5992\" data-elementor-post-type=\"page\">\n\t\t\t\t\t\t<section class=\"elementor-section elementor-top-section elementor-element elementor-element-6f672ed elementor-section-height-min-height elementor-section-boxed elementor-section-height-default elementor-section-items-middle\" data-id=\"6f672ed\" data-element_type=\"section\" data-settings=\"{&quot;background_background&quot;:&quot;classic&quot;}\">\n\t\t\t\t\t\t\t<div class=\"elementor-background-overlay\"><\/div>\n\t\t\t\t\t\t\t<div class=\"elementor-container elementor-column-gap-default\">\n\t\t\t\t\t<div class=\"elementor-column elementor-col-100 elementor-top-column elementor-element elementor-element-bbeb470\" data-id=\"bbeb470\" data-element_type=\"column\">\n\t\t\t<div class=\"elementor-widget-wrap elementor-element-populated\">\n\t\t\t\t\t\t<div class=\"elementor-element elementor-element-d82f1ef elementor-widget elementor-widget-heading\" data-id=\"d82f1ef\" data-element_type=\"widget\" data-widget_type=\"heading.default\">\n\t\t\t\t<div class=\"elementor-widget-container\">\n\t\t\t\t\t<h1 class=\"elementor-heading-title elementor-size-default\">\u00daVOD DO INTERPRET\u00c1CIE NARAT\u00cdVNYCH TEXTOV<\/h1>\t\t\t\t<\/div>\n\t\t\t\t<\/div>\n\t\t\t\t\t<\/div>\n\t\t<\/div>\n\t\t\t\t\t<\/div>\n\t\t<\/section>\n\t\t\t\t<section class=\"elementor-section elementor-top-section elementor-element elementor-element-2858d6f elementor-section-boxed elementor-section-height-default elementor-section-height-default\" data-id=\"2858d6f\" data-element_type=\"section\">\n\t\t\t\t\t\t<div class=\"elementor-container elementor-column-gap-default\">\n\t\t\t\t\t<div class=\"elementor-column elementor-col-100 elementor-top-column elementor-element elementor-element-e63bd34\" data-id=\"e63bd34\" data-element_type=\"column\">\n\t\t\t<div class=\"elementor-widget-wrap elementor-element-populated\">\n\t\t\t\t\t\t<section class=\"elementor-section elementor-inner-section elementor-element elementor-element-0b79421 elementor-section-boxed elementor-section-height-default elementor-section-height-default\" data-id=\"0b79421\" data-element_type=\"section\">\n\t\t\t\t\t\t<div class=\"elementor-container elementor-column-gap-default\">\n\t\t\t\t\t<div class=\"elementor-column elementor-col-100 elementor-inner-column elementor-element elementor-element-bb0ded5\" data-id=\"bb0ded5\" data-element_type=\"column\">\n\t\t\t<div class=\"elementor-widget-wrap elementor-element-populated\">\n\t\t\t\t\t\t<div class=\"elementor-element elementor-element-759b076 elementor-widget elementor-widget-heading\" data-id=\"759b076\" data-element_type=\"widget\" data-widget_type=\"heading.default\">\n\t\t\t\t<div class=\"elementor-widget-container\">\n\t\t\t\t\t<h3 class=\"elementor-heading-title elementor-size-default\">\u00daVOD DO INTERPRET\u00c1CIE NARAT\u00cdVNYCH TEXTOV<\/h3>\t\t\t\t<\/div>\n\t\t\t\t<\/div>\n\t\t\t\t<div class=\"elementor-element elementor-element-5aa9d5d elementor-widget elementor-widget-text-editor\" data-id=\"5aa9d5d\" data-element_type=\"widget\" data-widget_type=\"text-editor.default\">\n\t\t\t\t<div class=\"elementor-widget-container\">\n\t\t\t\t\t\t\t\t\t<p>Publik\u00e1cia bola spracovan\u00e1 ako jeden z v\u00fdstupov rie\u0161enia projektu <strong><em>001UCM-2-1\/2022 Inov\u00e1cia a digitaliz\u00e1cia dopl\u0148uj\u00faceho pedagogick\u00e9ho \u0161t\u00fadia a roz\u0161iruj\u00faceho \u0161t\u00fadia na FF UCM v&nbsp;Trnave<\/em><\/strong>. Tematick\u00e1 oblas\u0165: <em>2022.1.<\/em> T\u00e9ma 1: <em>Podpora poskytovania a uskuto\u010d\u0148ovania dopl\u0148uj\u00faceho pedagogick\u00e9ho \u0161t\u00fadia alebo roz\u0161iruj\u00faceho \u0161t\u00fadia.<\/em>&nbsp; Identifik\u00e1tor: 20220816131519110<\/p>\n<p>Autor: &nbsp;&nbsp;&nbsp;&nbsp;&nbsp;&nbsp;&nbsp;&nbsp;&nbsp;&nbsp;&nbsp; &nbsp;&nbsp;&nbsp;&nbsp;&nbsp;&nbsp;&nbsp;&nbsp;&nbsp;&nbsp;&nbsp;&nbsp;&nbsp; PhDr. Peter \u017diak, PhD.<\/p>\n<p>Recenzenti: &nbsp;&nbsp; &nbsp;&nbsp;&nbsp;&nbsp;&nbsp;&nbsp;&nbsp;&nbsp;&nbsp;&nbsp;&nbsp; prof. PhDr. Erich Mistr\u00edk, CSc.<\/p>\n<p>&nbsp;&nbsp;&nbsp;&nbsp;&nbsp;&nbsp;&nbsp;&nbsp;&nbsp;&nbsp;&nbsp;&nbsp;&nbsp;&nbsp;&nbsp;&nbsp;&nbsp;&nbsp;&nbsp;&nbsp;&nbsp;&nbsp;&nbsp;&nbsp;&nbsp;&nbsp;&nbsp;&nbsp;&nbsp;&nbsp;&nbsp;&nbsp;&nbsp;&nbsp;&nbsp;&nbsp;&nbsp;&nbsp; PaedDr. Eva Leho\u0165\u00e1kov\u00e1, PhD.<\/p>\n<p>Jazykov\u00fd redaktor:&nbsp;&nbsp;&nbsp; PhDr. Peter \u017diak, PhD.<\/p>\n<p>Vydanie vysoko\u0161kolskej u\u010debnice bolo schv\u00e1len\u00e9 Edi\u010dnou radou Univerzity sv. Cyrila a&nbsp;Metoda v&nbsp;Trnave a&nbsp;veden\u00edm Filozofickej fakulty Univerzity sv. Cyrila a&nbsp;Metoda v&nbsp;Trnave.<\/p>\n<p>\u00a9 Univerzita sv. Cyrila a&nbsp;Metoda v&nbsp;Trnave<\/p>\n<p>\u00a9&nbsp; PhDr. Peter \u017diak, PhD.<\/p>\n<p>Za obsahov\u00fa str\u00e1nku publik\u00e1cie zodpoved\u00e1 autor. V\u0161etky pr\u00e1va vyhraden\u00e9. Toto dielo ani jeho \u010das\u0165 nemo\u017eno reprodukova\u0165 bez s\u00fahlasu majite\u013eov autorsk\u00fdch pr\u00e1v.<\/p>\n<p>Vydavate\u013e: Univerzita sv. Cyrila a&nbsp;Metoda v&nbsp;Trnave, 2023<\/p>\n<p>Vydanie: druh\u00e9 roz\u0161\u00edren\u00e9<\/p>\n<p>ISBN 978-80-572-0321-6<\/p>\t\t\t\t\t\t\t\t<\/div>\n\t\t\t\t<\/div>\n\t\t\t\t\t<\/div>\n\t\t<\/div>\n\t\t\t\t\t<\/div>\n\t\t<\/section>\n\t\t\t\t\t<\/div>\n\t\t<\/div>\n\t\t\t\t\t<\/div>\n\t\t<\/section>\n\t\t\t\t<\/div>\n\t\t","protected":false},"excerpt":{"rendered":"<p>\u00daVOD DO INTERPRET\u00c1CIE NARAT\u00cdVNYCH TEXTOV \u00daVOD DO INTERPRET\u00c1CIE NARAT\u00cdVNYCH TEXTOV Publik\u00e1cia bola spracovan\u00e1 ako jeden z v\u00fdstupov rie\u0161enia projektu 001UCM-2-1\/2022 Inov\u00e1cia a digitaliz\u00e1cia dopl\u0148uj\u00faceho pedagogick\u00e9ho \u0161t\u00fadia a roz\u0161iruj\u00faceho \u0161t\u00fadia na FF UCM v&nbsp;Trnave. Tematick\u00e1 oblas\u0165: 2022.1. T\u00e9ma 1: Podpora poskytovania a uskuto\u010d\u0148ovania dopl\u0148uj\u00faceho pedagogick\u00e9ho \u0161t\u00fadia alebo roz\u0161iruj\u00faceho \u0161t\u00fadia.&nbsp; Identifik\u00e1tor: 20220816131519110 Autor: &nbsp;&nbsp;&nbsp;&nbsp;&nbsp;&nbsp;&nbsp;&nbsp;&nbsp;&nbsp;&nbsp; &nbsp;&nbsp;&nbsp;&nbsp;&nbsp;&nbsp;&nbsp;&nbsp;&nbsp;&nbsp;&nbsp;&nbsp;&nbsp; PhDr. Peter [&hellip;]<\/p>\n","protected":false},"author":3,"featured_media":0,"parent":0,"menu_order":0,"comment_status":"closed","ping_status":"closed","template":"","meta":{"footnotes":""},"class_list":["post-5992","page","type-page","status-publish","hentry"],"_links":{"self":[{"href":"https:\/\/e-ucebnice.ff.ucm.sk\/index.php\/wp-json\/wp\/v2\/pages\/5992","targetHints":{"allow":["GET"]}}],"collection":[{"href":"https:\/\/e-ucebnice.ff.ucm.sk\/index.php\/wp-json\/wp\/v2\/pages"}],"about":[{"href":"https:\/\/e-ucebnice.ff.ucm.sk\/index.php\/wp-json\/wp\/v2\/types\/page"}],"author":[{"embeddable":true,"href":"https:\/\/e-ucebnice.ff.ucm.sk\/index.php\/wp-json\/wp\/v2\/users\/3"}],"replies":[{"embeddable":true,"href":"https:\/\/e-ucebnice.ff.ucm.sk\/index.php\/wp-json\/wp\/v2\/comments?post=5992"}],"version-history":[{"count":7,"href":"https:\/\/e-ucebnice.ff.ucm.sk\/index.php\/wp-json\/wp\/v2\/pages\/5992\/revisions"}],"predecessor-version":[{"id":7684,"href":"https:\/\/e-ucebnice.ff.ucm.sk\/index.php\/wp-json\/wp\/v2\/pages\/5992\/revisions\/7684"}],"wp:attachment":[{"href":"https:\/\/e-ucebnice.ff.ucm.sk\/index.php\/wp-json\/wp\/v2\/media?parent=5992"}],"curies":[{"name":"wp","href":"https:\/\/api.w.org\/{rel}","templated":true}]}}