{"id":6008,"date":"2023-04-05T10:50:51","date_gmt":"2023-04-05T08:50:51","guid":{"rendered":"https:\/\/e-ucebnice.ff.ucm.sk\/?page_id=6008"},"modified":"2023-04-05T10:57:39","modified_gmt":"2023-04-05T08:57:39","slug":"uvod-do-eduk-man-autor","status":"publish","type":"page","link":"https:\/\/e-ucebnice.ff.ucm.sk\/index.php\/uvod-do-eduk-man-autor\/","title":{"rendered":"\u00davod do eduk man-autor"},"content":{"rendered":"\t\t<div data-elementor-type=\"wp-page\" data-elementor-id=\"6008\" class=\"elementor elementor-6008\" data-elementor-post-type=\"page\">\n\t\t\t\t\t\t<section class=\"elementor-section elementor-top-section elementor-element elementor-element-6f672ed elementor-section-height-min-height elementor-section-boxed elementor-section-height-default elementor-section-items-middle\" data-id=\"6f672ed\" data-element_type=\"section\" data-settings=\"{&quot;background_background&quot;:&quot;classic&quot;}\">\n\t\t\t\t\t\t\t<div class=\"elementor-background-overlay\"><\/div>\n\t\t\t\t\t\t\t<div class=\"elementor-container elementor-column-gap-default\">\n\t\t\t\t\t<div class=\"elementor-column elementor-col-100 elementor-top-column elementor-element elementor-element-bbeb470\" data-id=\"bbeb470\" data-element_type=\"column\">\n\t\t\t<div class=\"elementor-widget-wrap elementor-element-populated\">\n\t\t\t\t\t\t<div class=\"elementor-element elementor-element-d82f1ef elementor-widget elementor-widget-heading\" data-id=\"d82f1ef\" data-element_type=\"widget\" data-widget_type=\"heading.default\">\n\t\t\t\t<div class=\"elementor-widget-container\">\n\t\t\t\t\t<h1 class=\"elementor-heading-title elementor-size-default\">\u00daVOD DO EDUKA\u010cN\u00c9HO MANA\u017dMENTU <\/h1>\t\t\t\t<\/div>\n\t\t\t\t<\/div>\n\t\t\t\t\t<\/div>\n\t\t<\/div>\n\t\t\t\t\t<\/div>\n\t\t<\/section>\n\t\t\t\t<section class=\"elementor-section elementor-top-section elementor-element elementor-element-b3832d5 elementor-section-boxed elementor-section-height-default elementor-section-height-default\" data-id=\"b3832d5\" data-element_type=\"section\">\n\t\t\t\t\t\t<div class=\"elementor-container elementor-column-gap-default\">\n\t\t\t\t\t<div class=\"elementor-column elementor-col-50 elementor-top-column elementor-element elementor-element-2ae61ae\" data-id=\"2ae61ae\" data-element_type=\"column\">\n\t\t\t<div class=\"elementor-widget-wrap elementor-element-populated\">\n\t\t\t\t\t\t<div class=\"elementor-element elementor-element-1990668 animated-fast elementor-invisible elementor-widget elementor-widget-heading\" data-id=\"1990668\" data-element_type=\"widget\" data-settings=\"{&quot;_animation&quot;:&quot;fadeIn&quot;}\" data-widget_type=\"heading.default\">\n\t\t\t\t<div class=\"elementor-widget-container\">\n\t\t\t\t\t<h1 class=\"elementor-heading-title elementor-size-default\">PhDr. David Ivanovi\u010d , PhD.<\/h1>\t\t\t\t<\/div>\n\t\t\t\t<\/div>\n\t\t\t\t<div class=\"elementor-element elementor-element-81bf554 elementor-widget__width-auto elementor-view-default elementor-widget elementor-widget-icon\" data-id=\"81bf554\" data-element_type=\"widget\" data-widget_type=\"icon.default\">\n\t\t\t\t<div class=\"elementor-widget-container\">\n\t\t\t\t\t\t\t<div class=\"elementor-icon-wrapper\">\n\t\t\t<div class=\"elementor-icon\">\n\t\t\t<i aria-hidden=\"true\" class=\"far fa-envelope\"><\/i>\t\t\t<\/div>\n\t\t<\/div>\n\t\t\t\t\t\t<\/div>\n\t\t\t\t<\/div>\n\t\t\t\t<div class=\"elementor-element elementor-element-216ffc4 elementor-widget__width-auto elementor-widget elementor-widget-heading\" data-id=\"216ffc4\" data-element_type=\"widget\" data-widget_type=\"heading.default\">\n\t\t\t\t<div class=\"elementor-widget-container\">\n\t\t\t\t\t<h2 class=\"elementor-heading-title elementor-size-default\"><a href=\"mailto:david.ivanovic@ucm.sk\">david.ivanovic@ucm.sk<\/a><\/h2>\t\t\t\t<\/div>\n\t\t\t\t<\/div>\n\t\t\t\t<div class=\"elementor-element elementor-element-be52041 elementor-invisible elementor-widget elementor-widget-text-editor\" data-id=\"be52041\" data-element_type=\"widget\" data-settings=\"{&quot;_animation&quot;:&quot;fadeIn&quot;}\" data-widget_type=\"text-editor.default\">\n\t\t\t\t<div class=\"elementor-widget-container\">\n\t\t\t\t\t\t\t\t\t<p style=\"text-align: justify;\">PhDr. David Ivanovi\u010d, PhD. je absolventom Filozofickej fakulty Univerzity sv. Cyrila a Metoda v Trnave v \u0161tudijnom odbore u\u010dite\u013estvo akademick\u00fdch predmetov hist\u00f3ria a v\u00fdchova k ob\u010dianstvu a filozofia.<\/p><p style=\"text-align: justify;\">Od m\u00e1ja 2022 p\u00f4sob\u00ed na funk\u010dnom mieste vedecko \u2013 v\u00fdskumn\u00e9ho pracovn\u00edka v \u0161tudijnom odbore u\u010dite\u013estvo a pedagogick\u00e9 vedy na Katedre pedagogiky. Na Filozofickej fakulte p\u00f4sob\u00ed v s\u00fa\u010dasnosti ako prodekan pre kvalitu. Vy\u0161e desa\u0165 rokov p\u00f4sob\u00ed aj na poz\u00edci\u00e1ch v \u00fazemnej samospr\u00e1ve, aktu\u00e1lne vo funkcii starostu obce. <\/p><p style=\"text-align: justify;\">Praktick\u00e9 sk\u00fasenosti z prostredia \u00fazemnej samospr\u00e1vy aplikuje najm\u00e4 v oblastiach riadenia \u0161kolstva z \u00farovne \u0161t\u00e1tnej spr\u00e1vy a \u00fazemnej samospr\u00e1vy, \u0161kolskej samospr\u00e1vy a rozvoja demokratick\u00fdch kompetenci\u00ed v eduka\u010dnom procese. <\/p><p style=\"text-align: justify;\">V r\u00e1mci pedagogickej \u010dinnosti sa zameriava na dejiny pedagogiky a eduka\u010dn\u00fd mana\u017ement. <\/p><p style=\"text-align: justify;\">V oblasti vedecko-v\u00fdskumnej \u010dinnosti sa orientuje na problematiku rozv\u00edjania a zabezpe\u010dovania kvality vysoko\u0161kolsk\u00e9ho vzdel\u00e1vania, mana\u017ement \u0161kolstva a dejiny pedagogiky a pedagogick\u00e9ho myslenia.<\/p>\t\t\t\t\t\t\t\t<\/div>\n\t\t\t\t<\/div>\n\t\t\t\t\t<\/div>\n\t\t<\/div>\n\t\t\t\t<div class=\"elementor-column elementor-col-50 elementor-top-column elementor-element elementor-element-ff792cb\" data-id=\"ff792cb\" data-element_type=\"column\">\n\t\t\t<div class=\"elementor-widget-wrap elementor-element-populated\">\n\t\t\t\t\t\t<div class=\"elementor-element elementor-element-2fd4bfe elementor-widget elementor-widget-image\" data-id=\"2fd4bfe\" data-element_type=\"widget\" data-widget_type=\"image.default\">\n\t\t\t\t<div class=\"elementor-widget-container\">\n\t\t\t\t\t\t\t\t\t\t\t\t\t\t\t<img fetchpriority=\"high\" decoding=\"async\" width=\"600\" height=\"750\" src=\"https:\/\/e-ucebnice.ff.ucm.sk\/wp-content\/uploads\/2023\/04\/Ivanovic2.jpg\" class=\"attachment-large size-large wp-image-6013\" alt=\"\" srcset=\"https:\/\/e-ucebnice.ff.ucm.sk\/wp-content\/uploads\/2023\/04\/Ivanovic2.jpg 600w, https:\/\/e-ucebnice.ff.ucm.sk\/wp-content\/uploads\/2023\/04\/Ivanovic2-240x300.jpg 240w\" sizes=\"(max-width: 600px) 100vw, 600px\" \/>\t\t\t\t\t\t\t\t\t\t\t\t\t\t\t<\/div>\n\t\t\t\t<\/div>\n\t\t\t\t\t<\/div>\n\t\t<\/div>\n\t\t\t\t\t<\/div>\n\t\t<\/section>\n\t\t\t\t<\/div>\n\t\t","protected":false},"excerpt":{"rendered":"<p>\u00daVOD DO EDUKA\u010cN\u00c9HO MANA\u017dMENTU PhDr. David Ivanovi\u010d , PhD. david.ivanovic@ucm.sk PhDr. David Ivanovi\u010d, PhD. je absolventom Filozofickej fakulty Univerzity sv. Cyrila a Metoda v Trnave v \u0161tudijnom odbore u\u010dite\u013estvo akademick\u00fdch predmetov hist\u00f3ria a v\u00fdchova k ob\u010dianstvu a filozofia. Od m\u00e1ja 2022 p\u00f4sob\u00ed na funk\u010dnom mieste vedecko \u2013 v\u00fdskumn\u00e9ho pracovn\u00edka v \u0161tudijnom odbore u\u010dite\u013estvo a pedagogick\u00e9 [&hellip;]<\/p>\n","protected":false},"author":3,"featured_media":0,"parent":0,"menu_order":0,"comment_status":"closed","ping_status":"closed","template":"","meta":{"footnotes":""},"class_list":["post-6008","page","type-page","status-publish","hentry"],"_links":{"self":[{"href":"https:\/\/e-ucebnice.ff.ucm.sk\/index.php\/wp-json\/wp\/v2\/pages\/6008","targetHints":{"allow":["GET"]}}],"collection":[{"href":"https:\/\/e-ucebnice.ff.ucm.sk\/index.php\/wp-json\/wp\/v2\/pages"}],"about":[{"href":"https:\/\/e-ucebnice.ff.ucm.sk\/index.php\/wp-json\/wp\/v2\/types\/page"}],"author":[{"embeddable":true,"href":"https:\/\/e-ucebnice.ff.ucm.sk\/index.php\/wp-json\/wp\/v2\/users\/3"}],"replies":[{"embeddable":true,"href":"https:\/\/e-ucebnice.ff.ucm.sk\/index.php\/wp-json\/wp\/v2\/comments?post=6008"}],"version-history":[{"count":4,"href":"https:\/\/e-ucebnice.ff.ucm.sk\/index.php\/wp-json\/wp\/v2\/pages\/6008\/revisions"}],"predecessor-version":[{"id":6016,"href":"https:\/\/e-ucebnice.ff.ucm.sk\/index.php\/wp-json\/wp\/v2\/pages\/6008\/revisions\/6016"}],"wp:attachment":[{"href":"https:\/\/e-ucebnice.ff.ucm.sk\/index.php\/wp-json\/wp\/v2\/media?parent=6008"}],"curies":[{"name":"wp","href":"https:\/\/api.w.org\/{rel}","templated":true}]}}