{"id":6020,"date":"2023-04-05T12:00:29","date_gmt":"2023-04-05T10:00:29","guid":{"rendered":"https:\/\/e-ucebnice.ff.ucm.sk\/?page_id=6020"},"modified":"2023-05-07T08:23:04","modified_gmt":"2023-05-07T06:23:04","slug":"phonetics-and-phonology-author","status":"publish","type":"page","link":"https:\/\/e-ucebnice.ff.ucm.sk\/index.php\/phonetics-and-phonology-author\/","title":{"rendered":"Phonetics and phonology-author"},"content":{"rendered":"\t\t<div data-elementor-type=\"wp-page\" data-elementor-id=\"6020\" class=\"elementor elementor-6020\" data-elementor-post-type=\"page\">\n\t\t\t\t\t\t<section class=\"elementor-section elementor-top-section elementor-element elementor-element-b2eeed8 elementor-section-height-min-height elementor-section-boxed elementor-section-height-default elementor-section-items-middle\" data-id=\"b2eeed8\" data-element_type=\"section\" data-settings=\"{&quot;background_background&quot;:&quot;classic&quot;}\">\n\t\t\t\t\t\t\t<div class=\"elementor-background-overlay\"><\/div>\n\t\t\t\t\t\t\t<div class=\"elementor-container elementor-column-gap-default\">\n\t\t\t\t\t<div class=\"elementor-column elementor-col-100 elementor-top-column elementor-element elementor-element-91ce5cd\" data-id=\"91ce5cd\" data-element_type=\"column\">\n\t\t\t<div class=\"elementor-widget-wrap elementor-element-populated\">\n\t\t\t\t\t\t<div class=\"elementor-element elementor-element-1c6da3b elementor-widget elementor-widget-heading\" data-id=\"1c6da3b\" data-element_type=\"widget\" data-widget_type=\"heading.default\">\n\t\t\t\t<div class=\"elementor-widget-container\">\n\t\t\t\t\t<h1 class=\"elementor-heading-title elementor-size-default\">PHONETICS AND PHONOLOGY\n<br>\nSegmental Aspects<\/h1>\t\t\t\t<\/div>\n\t\t\t\t<\/div>\n\t\t\t\t\t<\/div>\n\t\t<\/div>\n\t\t\t\t\t<\/div>\n\t\t<\/section>\n\t\t\t\t<section class=\"elementor-section elementor-top-section elementor-element elementor-element-717385b elementor-section-boxed elementor-section-height-default elementor-section-height-default\" data-id=\"717385b\" data-element_type=\"section\">\n\t\t\t\t\t\t<div class=\"elementor-container elementor-column-gap-default\">\n\t\t\t\t\t<div class=\"elementor-column elementor-col-50 elementor-top-column elementor-element elementor-element-e646925\" data-id=\"e646925\" data-element_type=\"column\">\n\t\t\t<div class=\"elementor-widget-wrap elementor-element-populated\">\n\t\t\t\t\t\t<div class=\"elementor-element elementor-element-551d1e4 animated-fast elementor-invisible elementor-widget elementor-widget-heading\" data-id=\"551d1e4\" data-element_type=\"widget\" data-settings=\"{&quot;_animation&quot;:&quot;fadeIn&quot;}\" data-widget_type=\"heading.default\">\n\t\t\t\t<div class=\"elementor-widget-container\">\n\t\t\t\t\t<h1 class=\"elementor-heading-title elementor-size-default\">PhDr. Bo\u017eena Petr\u00e1\u0161ov\u00e1 , PhD.<\/h1>\t\t\t\t<\/div>\n\t\t\t\t<\/div>\n\t\t\t\t<div class=\"elementor-element elementor-element-990738e elementor-widget__width-auto elementor-view-default elementor-widget elementor-widget-icon\" data-id=\"990738e\" data-element_type=\"widget\" data-widget_type=\"icon.default\">\n\t\t\t\t<div class=\"elementor-widget-container\">\n\t\t\t\t\t\t\t<div class=\"elementor-icon-wrapper\">\n\t\t\t<div class=\"elementor-icon\">\n\t\t\t<i aria-hidden=\"true\" class=\"far fa-envelope\"><\/i>\t\t\t<\/div>\n\t\t<\/div>\n\t\t\t\t\t\t<\/div>\n\t\t\t\t<\/div>\n\t\t\t\t<div class=\"elementor-element elementor-element-6eb351c elementor-widget__width-auto elementor-widget elementor-widget-heading\" data-id=\"6eb351c\" data-element_type=\"widget\" data-widget_type=\"heading.default\">\n\t\t\t\t<div class=\"elementor-widget-container\">\n\t\t\t\t\t<h2 class=\"elementor-heading-title elementor-size-default\"><a href=\"mailto:bozena.petrasova@ucm.sk\">bozena.petrasova@ucm.sk<\/a><\/h2>\t\t\t\t<\/div>\n\t\t\t\t<\/div>\n\t\t\t\t<div class=\"elementor-element elementor-element-8495f24 elementor-invisible elementor-widget elementor-widget-text-editor\" data-id=\"8495f24\" data-element_type=\"widget\" data-settings=\"{&quot;_animation&quot;:&quot;fadeIn&quot;}\" data-widget_type=\"text-editor.default\">\n\t\t\t\t<div class=\"elementor-widget-container\">\n\t\t\t\t\t\t\t\t\t<p>PhDr. Bo\u017eena Petr\u00e1\u0161ov\u00e1, PhD. p\u00f4sob\u00ed v oblasti vzdel\u00e1vania od roku 1987. Po absolvovan\u00ed vysoko\u0161kolsk\u00e9ho a\u00a0rigor\u00f3zneho \u0161t\u00fadia na Filozofickej fakulte UK v\u00a0Bratislave a\u00a0doktorandsk\u00e9ho \u0161t\u00fadia na Filozofickej fakulte UKF v\u00a0Nitre pracovala ako jazykov\u00e1 redaktorka vo vydavate\u013estve Mlad\u00e9 let\u00e1 a\u00a0ako pedag\u00f3g na gymn\u00e1ziu v\u00a0Trnave.<\/p><p>Na poz\u00edcii vysoko\u0161kolsk\u00e9ho pedag\u00f3ga \u2013 odborn\u00e9ho asistenta &#8211; p\u00f4sobila najprv na Katedre slovensk\u00e9ho jazyka a\u00a0literat\u00fary na Filozofickej fakulte UK v\u00a0Bratislave, od roku 2002 pracuje na Katedre anglistiky a\u00a0amerikanistiky Filozofickej fakulty UCM v\u00a0Trnave.Od roku 2018 je tajomn\u00ed\u010dkou katedry.<\/p><p>Ako pedagogicko-v\u00fdskumn\u00fd pracovn\u00edk sa prim\u00e1rne venuje kontrast\u00edvnej anal\u00fdze slovenskej a anglickej lingvistiky so zameran\u00edm na problematiku fonetiky, fonol\u00f3gie a morfol\u00f3gie, translatol\u00f3gii, procesu akviz\u00edcie materinsk\u00e9ho jazyka a predmetovej didaktike angli\u010dtiny.<\/p><p>Participovala vo viacer\u00fdch projektoch KEGA a VEGA (Anglick\u00e9 ust\u00e1len\u00e9 spojenia \u2013 lingvisticko-komunikat\u00edvna anal\u00fdza z h\u013eadiska sloven\u010diny, Logof\u00f3bia ako prek\u00e1\u017eka rozv\u00edjania jazykovej kompetencie v osvojovan\u00ed si materinsk\u00e9ho a cudzieho jazyka, Odborn\u00e1 komunik\u00e1cia a terminologick\u00e1 gramotnos\u0165 v cudzojazy\u010dnom vzdel\u00e1van\u00ed v strednom odbornom \u0161kolstve, medzin\u00e1rodn\u00fd projekt ECML Language for Work). Pravidelne sa z\u00fa\u010dast\u0148uje na dom\u00e1cich a zahrani\u010dn\u00fdch konferenci\u00e1ch a\u00a0odborn\u00fdch podujatiach. Je \u010dlenkou organiz\u00e1ci\u00ed SAUA \u2013 SATE, Slovenskej akustickej spolo\u010dnosti pri SAV (SKAS), \u010dlenkou Odborovej komisie pri Metodickom centre Bratislava a \u010dlenkou odbornej poroty a predsedn\u00ed\u010dkou sekcie celoslovenskej akreditovanej jazykovej s\u00fa\u0165a\u017ee Jazykov\u00fd kvet.<\/p><p>Je autorkou mnoh\u00fdch odborn\u00fdch a\u00a0vedeck\u00fdch \u010dl\u00e1nkov publikovan\u00fdch na Slovensku a v zahrani\u010d\u00ed. Z\u00fa\u010dastnila sa viacer\u00fdch odborn\u00fdch st\u00e1\u017e\u00ed v zahrani\u010d\u00ed (Facultad de Ciencias de la Educaci\u00f3n, Universidad de Granada, Spain, Funchal Universidade da Madeira, Portugal).<\/p>\t\t\t\t\t\t\t\t<\/div>\n\t\t\t\t<\/div>\n\t\t\t\t\t<\/div>\n\t\t<\/div>\n\t\t\t\t<div class=\"elementor-column elementor-col-50 elementor-top-column elementor-element elementor-element-36cd8a0\" data-id=\"36cd8a0\" data-element_type=\"column\">\n\t\t\t<div class=\"elementor-widget-wrap elementor-element-populated\">\n\t\t\t\t\t\t<div class=\"elementor-element elementor-element-d589684 elementor-widget elementor-widget-image\" data-id=\"d589684\" data-element_type=\"widget\" data-widget_type=\"image.default\">\n\t\t\t\t<div class=\"elementor-widget-container\">\n\t\t\t\t\t\t\t\t\t\t\t\t\t\t\t<img fetchpriority=\"high\" decoding=\"async\" width=\"480\" height=\"640\" src=\"https:\/\/e-ucebnice.ff.ucm.sk\/wp-content\/uploads\/2023\/04\/Bozena_Petrasova_FOTO.jpg\" class=\"attachment-full size-full wp-image-6028\" alt=\"\" srcset=\"https:\/\/e-ucebnice.ff.ucm.sk\/wp-content\/uploads\/2023\/04\/Bozena_Petrasova_FOTO.jpg 480w, https:\/\/e-ucebnice.ff.ucm.sk\/wp-content\/uploads\/2023\/04\/Bozena_Petrasova_FOTO-225x300.jpg 225w\" sizes=\"(max-width: 480px) 100vw, 480px\" \/>\t\t\t\t\t\t\t\t\t\t\t\t\t\t\t<\/div>\n\t\t\t\t<\/div>\n\t\t\t\t\t<\/div>\n\t\t<\/div>\n\t\t\t\t\t<\/div>\n\t\t<\/section>\n\t\t\t\t<\/div>\n\t\t","protected":false},"excerpt":{"rendered":"<p>PHONETICS AND PHONOLOGY Segmental Aspects PhDr. Bo\u017eena Petr\u00e1\u0161ov\u00e1 , PhD. bozena.petrasova@ucm.sk PhDr. Bo\u017eena Petr\u00e1\u0161ov\u00e1, PhD. p\u00f4sob\u00ed v oblasti vzdel\u00e1vania od roku 1987. Po absolvovan\u00ed vysoko\u0161kolsk\u00e9ho a\u00a0rigor\u00f3zneho \u0161t\u00fadia na Filozofickej fakulte UK v\u00a0Bratislave a\u00a0doktorandsk\u00e9ho \u0161t\u00fadia na Filozofickej fakulte UKF v\u00a0Nitre pracovala ako jazykov\u00e1 redaktorka vo vydavate\u013estve Mlad\u00e9 let\u00e1 a\u00a0ako pedag\u00f3g na gymn\u00e1ziu v\u00a0Trnave. Na poz\u00edcii vysoko\u0161kolsk\u00e9ho [&hellip;]<\/p>\n","protected":false},"author":3,"featured_media":0,"parent":0,"menu_order":0,"comment_status":"closed","ping_status":"closed","template":"","meta":{"footnotes":""},"class_list":["post-6020","page","type-page","status-publish","hentry"],"_links":{"self":[{"href":"https:\/\/e-ucebnice.ff.ucm.sk\/index.php\/wp-json\/wp\/v2\/pages\/6020","targetHints":{"allow":["GET"]}}],"collection":[{"href":"https:\/\/e-ucebnice.ff.ucm.sk\/index.php\/wp-json\/wp\/v2\/pages"}],"about":[{"href":"https:\/\/e-ucebnice.ff.ucm.sk\/index.php\/wp-json\/wp\/v2\/types\/page"}],"author":[{"embeddable":true,"href":"https:\/\/e-ucebnice.ff.ucm.sk\/index.php\/wp-json\/wp\/v2\/users\/3"}],"replies":[{"embeddable":true,"href":"https:\/\/e-ucebnice.ff.ucm.sk\/index.php\/wp-json\/wp\/v2\/comments?post=6020"}],"version-history":[{"count":13,"href":"https:\/\/e-ucebnice.ff.ucm.sk\/index.php\/wp-json\/wp\/v2\/pages\/6020\/revisions"}],"predecessor-version":[{"id":7666,"href":"https:\/\/e-ucebnice.ff.ucm.sk\/index.php\/wp-json\/wp\/v2\/pages\/6020\/revisions\/7666"}],"wp:attachment":[{"href":"https:\/\/e-ucebnice.ff.ucm.sk\/index.php\/wp-json\/wp\/v2\/media?parent=6020"}],"curies":[{"name":"wp","href":"https:\/\/api.w.org\/{rel}","templated":true}]}}