{"id":6062,"date":"2023-04-05T13:41:03","date_gmt":"2023-04-05T11:41:03","guid":{"rendered":"https:\/\/e-ucebnice.ff.ucm.sk\/?page_id=6062"},"modified":"2023-05-05T12:49:24","modified_gmt":"2023-05-05T10:49:24","slug":"kapitoly-z-dejin-slovenska-autor","status":"publish","type":"page","link":"https:\/\/e-ucebnice.ff.ucm.sk\/index.php\/kapitoly-z-dejin-slovenska-autor\/","title":{"rendered":"Kapitoly z dej\u00edn Slovenska-autor"},"content":{"rendered":"\t\t<div data-elementor-type=\"wp-page\" data-elementor-id=\"6062\" class=\"elementor elementor-6062\" data-elementor-post-type=\"page\">\n\t\t\t\t\t\t<section class=\"elementor-section elementor-top-section elementor-element elementor-element-2a794c2 elementor-section-height-min-height elementor-section-boxed elementor-section-height-default elementor-section-items-middle\" data-id=\"2a794c2\" data-element_type=\"section\" data-settings=\"{&quot;background_background&quot;:&quot;classic&quot;}\">\n\t\t\t\t\t\t\t<div class=\"elementor-background-overlay\"><\/div>\n\t\t\t\t\t\t\t<div class=\"elementor-container elementor-column-gap-default\">\n\t\t\t\t\t<div class=\"elementor-column elementor-col-100 elementor-top-column elementor-element elementor-element-1ebcdbc\" data-id=\"1ebcdbc\" data-element_type=\"column\">\n\t\t\t<div class=\"elementor-widget-wrap elementor-element-populated\">\n\t\t\t\t\t\t<div class=\"elementor-element elementor-element-072422f elementor-widget elementor-widget-heading\" data-id=\"072422f\" data-element_type=\"widget\" data-widget_type=\"heading.default\">\n\t\t\t\t<div class=\"elementor-widget-container\">\n\t\t\t\t\t<h1 class=\"elementor-heading-title elementor-size-default\">Kapitoly z dej\u00edn Slovenska 1740 \u2013 1945<\/h1>\t\t\t\t<\/div>\n\t\t\t\t<\/div>\n\t\t\t\t\t<\/div>\n\t\t<\/div>\n\t\t\t\t\t<\/div>\n\t\t<\/section>\n\t\t\t\t<section class=\"elementor-section elementor-top-section elementor-element elementor-element-deff49f elementor-section-boxed elementor-section-height-default elementor-section-height-default\" data-id=\"deff49f\" data-element_type=\"section\">\n\t\t\t\t\t\t<div class=\"elementor-container elementor-column-gap-default\">\n\t\t\t\t\t<div class=\"elementor-column elementor-col-50 elementor-top-column elementor-element elementor-element-af65a9e\" data-id=\"af65a9e\" data-element_type=\"column\">\n\t\t\t<div class=\"elementor-widget-wrap elementor-element-populated\">\n\t\t\t\t\t\t<div class=\"elementor-element elementor-element-d427104 animated-fast elementor-invisible elementor-widget elementor-widget-heading\" data-id=\"d427104\" data-element_type=\"widget\" data-settings=\"{&quot;_animation&quot;:&quot;fadeIn&quot;}\" data-widget_type=\"heading.default\">\n\t\t\t\t<div class=\"elementor-widget-container\">\n\t\t\t\t\t<h1 class=\"elementor-heading-title elementor-size-default\">Mgr. Ivana Dendys, PhD.<\/h1>\t\t\t\t<\/div>\n\t\t\t\t<\/div>\n\t\t\t\t<div class=\"elementor-element elementor-element-5481b97 elementor-widget__width-auto elementor-view-default elementor-widget elementor-widget-icon\" data-id=\"5481b97\" data-element_type=\"widget\" data-widget_type=\"icon.default\">\n\t\t\t\t<div class=\"elementor-widget-container\">\n\t\t\t\t\t\t\t<div class=\"elementor-icon-wrapper\">\n\t\t\t<div class=\"elementor-icon\">\n\t\t\t<i aria-hidden=\"true\" class=\"far fa-envelope\"><\/i>\t\t\t<\/div>\n\t\t<\/div>\n\t\t\t\t\t\t<\/div>\n\t\t\t\t<\/div>\n\t\t\t\t<div class=\"elementor-element elementor-element-e070e66 elementor-widget__width-auto elementor-widget elementor-widget-heading\" data-id=\"e070e66\" data-element_type=\"widget\" data-widget_type=\"heading.default\">\n\t\t\t\t<div class=\"elementor-widget-container\">\n\t\t\t\t\t<h2 class=\"elementor-heading-title elementor-size-default\"><a href=\"mailto:ivana.dendys@ucm.sk\">ivana.dendys@ucm.sk<\/a><\/h2>\t\t\t\t<\/div>\n\t\t\t\t<\/div>\n\t\t\t\t<div class=\"elementor-element elementor-element-4c71653 elementor-invisible elementor-widget elementor-widget-text-editor\" data-id=\"4c71653\" data-element_type=\"widget\" data-settings=\"{&quot;_animation&quot;:&quot;fadeIn&quot;}\" data-widget_type=\"text-editor.default\">\n\t\t\t\t<div class=\"elementor-widget-container\">\n\t\t\t\t\t\t\t\t\t<p style=\"text-align: justify;\">Mgr. Ivana Dendys PhD. sa narodila v&nbsp;roku 1989 v&nbsp;Pova\u017eskej Bystrici.<\/p>\n<p style=\"text-align: justify;\">Vy\u0161tudovala u\u010dite\u013estvo hist\u00f3rie v kombin\u00e1cii s u\u010dite\u013estvom pedagogiky na Pedagogickej fakulte Univerzity Komensk\u00e9ho v Bratislave. Doktorandsk\u00e9 \u0161t\u00fadium v \u0161tudijnom programe Didaktika dejepisu absolvovala v rokoch 2017 \u2013 2020 na rovnakej univerzite.<\/p>\n<p style=\"text-align: justify;\">Po skon\u010den\u00ed magistersk\u00e9ho \u0161t\u00fadia p\u00f4sobila ako pedagogick\u00fd zamestnanec v&nbsp;z\u00e1kladnej \u0161kole, nesk\u00f4r ako odborn\u00e1 asistentka na Fakulte humanitn\u00fdch vied \u017dilinskej univerzity v&nbsp;\u017diline. V s\u00fa\u010dasnosti p\u00f4sob\u00ed ako odborn\u00e1 asistentka na Katedre historick\u00fdch vied a stredoeur\u00f3pskych \u0161t\u00fadi\u00ed na Filozofickej fakulte Univerzity sv. Cyrila a Metoda v Trnave.<\/p>\n<p style=\"text-align: justify;\">V r\u00e1mci pedagogickej \u010dinnosti sa venuje te\u00f3ri\u00ed a metodike vyu\u010dovania dejepisu a svetov\u00fdm a slovensk\u00fdm dejin\u00e1m v \u201edlhom\u201c 19. storo\u010d\u00ed. Jej vedecko-v\u00fdskumn\u00e1 \u010dinnos\u0165 sa zameriava na aktu\u00e1lne trendy vo vzdel\u00e1van\u00ed s d\u00f4razom na vyu\u010dovanie dejepisu v z\u00e1kladn\u00fdch a stredn\u00fdch \u0161kol\u00e1ch.&nbsp;<\/p>\n<p style=\"text-align: justify;\">Pravidelne sa z\u00fa\u010dast\u0148uje vedeck\u00fdch podujat\u00ed zameran\u00fdch na problematiku vzdel\u00e1vania a absolvuje kurzy zameran\u00e9 na modern\u00e9 trendy vo vzdel\u00e1van\u00ed a&nbsp;vyu\u010dovan\u00ed dejepisu. Ako \u010dlenka Slovenskej komisie dejepisnej olympi\u00e1dy sa venuje pr\u00e1ci s&nbsp;talentovanou ml\u00e1de\u017eou.<\/p>\t\t\t\t\t\t\t\t<\/div>\n\t\t\t\t<\/div>\n\t\t\t\t\t<\/div>\n\t\t<\/div>\n\t\t\t\t<div class=\"elementor-column elementor-col-50 elementor-top-column elementor-element elementor-element-a146b1e\" data-id=\"a146b1e\" data-element_type=\"column\">\n\t\t\t<div class=\"elementor-widget-wrap elementor-element-populated\">\n\t\t\t\t\t\t<div class=\"elementor-element elementor-element-fc09e27 elementor-widget elementor-widget-image\" data-id=\"fc09e27\" data-element_type=\"widget\" data-widget_type=\"image.default\">\n\t\t\t\t<div class=\"elementor-widget-container\">\n\t\t\t\t\t\t\t\t\t\t\t\t\t\t\t<img fetchpriority=\"high\" decoding=\"async\" width=\"887\" height=\"1257\" src=\"https:\/\/e-ucebnice.ff.ucm.sk\/wp-content\/uploads\/2023\/04\/Dendys.jpg\" class=\"attachment-full size-full wp-image-6070\" alt=\"\" srcset=\"https:\/\/e-ucebnice.ff.ucm.sk\/wp-content\/uploads\/2023\/04\/Dendys.jpg 887w, https:\/\/e-ucebnice.ff.ucm.sk\/wp-content\/uploads\/2023\/04\/Dendys-212x300.jpg 212w, https:\/\/e-ucebnice.ff.ucm.sk\/wp-content\/uploads\/2023\/04\/Dendys-723x1024.jpg 723w, https:\/\/e-ucebnice.ff.ucm.sk\/wp-content\/uploads\/2023\/04\/Dendys-768x1088.jpg 768w\" sizes=\"(max-width: 887px) 100vw, 887px\" \/>\t\t\t\t\t\t\t\t\t\t\t\t\t\t\t<\/div>\n\t\t\t\t<\/div>\n\t\t\t\t\t<\/div>\n\t\t<\/div>\n\t\t\t\t\t<\/div>\n\t\t<\/section>\n\t\t\t\t<section class=\"elementor-section elementor-top-section elementor-element elementor-element-055a974 elementor-section-boxed elementor-section-height-default elementor-section-height-default\" data-id=\"055a974\" data-element_type=\"section\" data-settings=\"{&quot;background_background&quot;:&quot;classic&quot;}\">\n\t\t\t\t\t\t<div class=\"elementor-container elementor-column-gap-default\">\n\t\t\t\t\t<div class=\"elementor-column elementor-col-50 elementor-top-column elementor-element elementor-element-423fe1b\" data-id=\"423fe1b\" data-element_type=\"column\">\n\t\t\t<div class=\"elementor-widget-wrap elementor-element-populated\">\n\t\t\t\t\t\t<div class=\"elementor-element elementor-element-6421696 animated-fast elementor-invisible elementor-widget elementor-widget-heading\" data-id=\"6421696\" data-element_type=\"widget\" data-settings=\"{&quot;_animation&quot;:&quot;fadeIn&quot;}\" data-widget_type=\"heading.default\">\n\t\t\t\t<div class=\"elementor-widget-container\">\n\t\t\t\t\t<h1 class=\"elementor-heading-title elementor-size-default\">Mgr. Pavol Kraj\u010dovi\u010d, PhD.<\/h1>\t\t\t\t<\/div>\n\t\t\t\t<\/div>\n\t\t\t\t<div class=\"elementor-element elementor-element-3d0e2e6 elementor-widget__width-auto elementor-view-default elementor-widget elementor-widget-icon\" data-id=\"3d0e2e6\" data-element_type=\"widget\" data-widget_type=\"icon.default\">\n\t\t\t\t<div class=\"elementor-widget-container\">\n\t\t\t\t\t\t\t<div class=\"elementor-icon-wrapper\">\n\t\t\t<div class=\"elementor-icon\">\n\t\t\t<i aria-hidden=\"true\" class=\"far fa-envelope\"><\/i>\t\t\t<\/div>\n\t\t<\/div>\n\t\t\t\t\t\t<\/div>\n\t\t\t\t<\/div>\n\t\t\t\t<div class=\"elementor-element elementor-element-203a466 elementor-widget__width-auto elementor-widget elementor-widget-heading\" data-id=\"203a466\" data-element_type=\"widget\" data-widget_type=\"heading.default\">\n\t\t\t\t<div class=\"elementor-widget-container\">\n\t\t\t\t\t<h2 class=\"elementor-heading-title elementor-size-default\"><a href=\"mailto:pavol.krajcovic@ucm.sk\">pavol.krajcovic@ucm.sk<\/a><\/h2>\t\t\t\t<\/div>\n\t\t\t\t<\/div>\n\t\t\t\t<div class=\"elementor-element elementor-element-eea9015 elementor-invisible elementor-widget elementor-widget-text-editor\" data-id=\"eea9015\" data-element_type=\"widget\" data-settings=\"{&quot;_animation&quot;:&quot;fadeIn&quot;}\" data-widget_type=\"text-editor.default\">\n\t\t\t\t<div class=\"elementor-widget-container\">\n\t\t\t\t\t\t\t\t\t<p>Mgr. Pavol Kraj\u010dovi\u010d, PhD. sa narodil v roku 1992 v Bratislave.<\/p><p>Vy\u0161tudoval jednoodborov\u00fa hist\u00f3riu na Filozofickej fakulte Univerzity sv. Cyrila a Metoda v Trnave. N\u00e1sledne na tej istej univerzite v rokoch 2018 \u2013 2021 \u00faspe\u0161ne absolvoval doktorandsk\u00e9 \u0161t\u00fadium na Katedre etnol\u00f3gie a mimoeur\u00f3pskych \u0161t\u00fadi\u00ed.<\/p><p>V s\u00fa\u010dasnosti p\u00f4sob\u00ed na svojej alma mater ako odborn\u00fd asistent na Katedre historick\u00fdch vied a stredoeur\u00f3pskych \u0161t\u00fadi\u00ed. V r\u00e1mci svojho vedecko-pedagogick\u00e9ho zamerania sa venuje etnickej hist\u00f3rii Slovenska, s \u00fazkym zameran\u00edm na nemecky hovoriace obyvate\u013estvo, resp. slovensk\u00fdch Nemcov. V r\u00e1mci tejto problematiky je \u0161pecifick\u00fd predov\u0161etk\u00fdm jeho kontinu\u00e1lny v\u00fdskum nemecky hovoriacej etnografickej skupiny \u2013 huncok\u00e1rov v Mal\u00fdch Karpatoch, ktor\u00fd zapo\u010dal v roku 2018.<\/p><p>V s\u00fa\u010dasnosti sa intenz\u00edvne venuje predov\u0161etk\u00fdm tematike zakladania huncok\u00e1rskych dc\u00e9rskych usadlost\u00ed na terit\u00f3riu Slovenska, t. j. ich migr\u00e1ci\u00ed z malokarpatsk\u00e9ho pohoria do oblast\u00ed in\u00fdch slovensk\u00fdch pohor\u00ed.<\/p><p>Vo svojej pedagogickej \u010dinnosti zabezpe\u010duje v\u00fdu\u010dbu \u0165a\u017eiskov\u00fdch predmetov, ako s\u00fa Dejiny Slovenska I. a Dejiny Slovenska II. Okrem toho vedie viacer\u00e9 semin\u00e1re. Absolvoval kr\u00e1tkodob\u00fd v\u00fdskumno-\u0161tudijn\u00fd pobyt v Ma\u010farsku na Univerzite v Szegede.<\/p>\t\t\t\t\t\t\t\t<\/div>\n\t\t\t\t<\/div>\n\t\t\t\t\t<\/div>\n\t\t<\/div>\n\t\t\t\t<div class=\"elementor-column elementor-col-50 elementor-top-column elementor-element elementor-element-b93e797\" data-id=\"b93e797\" data-element_type=\"column\">\n\t\t\t<div class=\"elementor-widget-wrap elementor-element-populated\">\n\t\t\t\t\t\t<div class=\"elementor-element elementor-element-1c90af9 elementor-widget elementor-widget-image\" data-id=\"1c90af9\" data-element_type=\"widget\" data-widget_type=\"image.default\">\n\t\t\t\t<div class=\"elementor-widget-container\">\n\t\t\t\t\t\t\t\t\t\t\t\t\t\t\t<img decoding=\"async\" width=\"426\" height=\"552\" src=\"https:\/\/e-ucebnice.ff.ucm.sk\/wp-content\/uploads\/2023\/04\/Krajcovic.jpg\" class=\"attachment-full size-full wp-image-6077\" alt=\"\" srcset=\"https:\/\/e-ucebnice.ff.ucm.sk\/wp-content\/uploads\/2023\/04\/Krajcovic.jpg 426w, https:\/\/e-ucebnice.ff.ucm.sk\/wp-content\/uploads\/2023\/04\/Krajcovic-232x300.jpg 232w\" sizes=\"(max-width: 426px) 100vw, 426px\" \/>\t\t\t\t\t\t\t\t\t\t\t\t\t\t\t<\/div>\n\t\t\t\t<\/div>\n\t\t\t\t\t<\/div>\n\t\t<\/div>\n\t\t\t\t\t<\/div>\n\t\t<\/section>\n\t\t\t\t<section class=\"elementor-section elementor-top-section elementor-element elementor-element-c916606 elementor-section-boxed elementor-section-height-default elementor-section-height-default\" data-id=\"c916606\" data-element_type=\"section\">\n\t\t\t\t\t\t<div class=\"elementor-container elementor-column-gap-default\">\n\t\t\t\t\t<div class=\"elementor-column elementor-col-50 elementor-top-column elementor-element elementor-element-5ede1ba\" data-id=\"5ede1ba\" data-element_type=\"column\">\n\t\t\t<div class=\"elementor-widget-wrap elementor-element-populated\">\n\t\t\t\t\t\t<div class=\"elementor-element elementor-element-5fa3168 animated-fast elementor-invisible elementor-widget elementor-widget-heading\" data-id=\"5fa3168\" data-element_type=\"widget\" data-settings=\"{&quot;_animation&quot;:&quot;fadeIn&quot;}\" data-widget_type=\"heading.default\">\n\t\t\t\t<div class=\"elementor-widget-container\">\n\t\t\t\t\t<h1 class=\"elementor-heading-title elementor-size-default\">Mgr. Peter Vanek, PhD.<\/h1>\t\t\t\t<\/div>\n\t\t\t\t<\/div>\n\t\t\t\t<div class=\"elementor-element elementor-element-e64a78d elementor-widget__width-auto elementor-view-default elementor-widget elementor-widget-icon\" data-id=\"e64a78d\" data-element_type=\"widget\" data-widget_type=\"icon.default\">\n\t\t\t\t<div class=\"elementor-widget-container\">\n\t\t\t\t\t\t\t<div class=\"elementor-icon-wrapper\">\n\t\t\t<div class=\"elementor-icon\">\n\t\t\t<i aria-hidden=\"true\" class=\"far fa-envelope\"><\/i>\t\t\t<\/div>\n\t\t<\/div>\n\t\t\t\t\t\t<\/div>\n\t\t\t\t<\/div>\n\t\t\t\t<div class=\"elementor-element elementor-element-417ceee elementor-widget__width-auto elementor-widget elementor-widget-heading\" data-id=\"417ceee\" data-element_type=\"widget\" data-widget_type=\"heading.default\">\n\t\t\t\t<div class=\"elementor-widget-container\">\n\t\t\t\t\t<h2 class=\"elementor-heading-title elementor-size-default\"><a href=\"mailto:peter.vanek@ucm.sk\">peter.vanek@ucm.sk<\/a><\/h2>\t\t\t\t<\/div>\n\t\t\t\t<\/div>\n\t\t\t\t<div class=\"elementor-element elementor-element-86698b2 elementor-invisible elementor-widget elementor-widget-text-editor\" data-id=\"86698b2\" data-element_type=\"widget\" data-settings=\"{&quot;_animation&quot;:&quot;fadeIn&quot;}\" data-widget_type=\"text-editor.default\">\n\t\t\t\t<div class=\"elementor-widget-container\">\n\t\t\t\t\t\t\t\t\t<p style=\"text-align: justify;\">Mgr. Peter Vanek, PhD. sa narodil v roku 1987 v Bratislave.<\/p><p style=\"text-align: justify;\">V rokoch 2008 a\u017e 2013 vy\u0161tudoval jednoodborov\u00fa hist\u00f3riu na Filozofickej fakulte Univerzity Komensk\u00e9ho v Bratislave, kde n\u00e1sledne v rokoch 2014 a\u017e 2018 \u00faspe\u0161ne absolvoval intern\u00e9 doktorandsk\u00e9 \u0161t\u00fadium v odbore slovensk\u00e9 dejiny.<\/p><p style=\"text-align: justify;\">Od roku 2019 p\u00f4sob\u00ed ako odborn\u00fd asistent na Katedre historick\u00fdch vied a stredoeur\u00f3pskych \u0161t\u00fadi\u00ed na Filozofickej fakulte Univerzity sv. Cyrila a Metoda v Trnave.<\/p><p style=\"text-align: justify;\">V r\u00e1mci svojej vedeckej \u010dinnosti sa zameriava na hospod\u00e1rske, vojensk\u00e9 a politick\u00e9 dejiny 20. storo\u010dia. D\u00f4raz kladie najm\u00e4 na Slovensko a stredoeur\u00f3psky priestor v rokoch 1918 \u2013 1945. Dlhodobo sa venuje chemick\u00e9mu priemyslu a celkovo hospod\u00e1rstvu v medzivojnovom obdob\u00ed. Navy\u0161e od svojich \u0161tudentsk\u00fdch \u010dias sk\u00fama p\u00f4sobenie R\u00fdchlej div\u00edzie a slovenskej arm\u00e1dy na v\u00fdchodnom fronte po\u010das druhej svetovej vojny.<\/p><p style=\"text-align: justify;\">V pr\u00edpade pedagogickej \u010dinnosti zabezpe\u010duje v\u00fdu\u010dbu \u0165a\u017eiskov\u00fdch v\u0161eobecn\u00fdch (svetov\u00fdch) a slovensk\u00fdch dej\u00edn 20. storo\u010dia, ako aj historick\u00fdch semin\u00e1rov \u010di povinne volite\u013en\u00fdch, resp. volite\u013en\u00fdch predmetov.<\/p><p style=\"text-align: justify;\">Absolvoval celosemestr\u00e1lne i kr\u00e1tkodobej\u0161ie v\u00fdskumno-\u0161tudijn\u00e9 pobyty na Univerzite Karlovej v Prahe a na Univerzite v Szegede.<\/p>\t\t\t\t\t\t\t\t<\/div>\n\t\t\t\t<\/div>\n\t\t\t\t\t<\/div>\n\t\t<\/div>\n\t\t\t\t<div class=\"elementor-column elementor-col-50 elementor-top-column elementor-element elementor-element-d3ac7c1\" data-id=\"d3ac7c1\" data-element_type=\"column\">\n\t\t\t<div class=\"elementor-widget-wrap elementor-element-populated\">\n\t\t\t\t\t\t<div class=\"elementor-element elementor-element-ee41cae elementor-widget elementor-widget-image\" data-id=\"ee41cae\" data-element_type=\"widget\" data-widget_type=\"image.default\">\n\t\t\t\t<div class=\"elementor-widget-container\">\n\t\t\t\t\t\t\t\t\t\t\t\t\t\t\t<img decoding=\"async\" width=\"887\" height=\"1176\" src=\"https:\/\/e-ucebnice.ff.ucm.sk\/wp-content\/uploads\/2023\/04\/Vanek.jpg\" class=\"attachment-full size-full wp-image-6088\" alt=\"\" srcset=\"https:\/\/e-ucebnice.ff.ucm.sk\/wp-content\/uploads\/2023\/04\/Vanek.jpg 887w, https:\/\/e-ucebnice.ff.ucm.sk\/wp-content\/uploads\/2023\/04\/Vanek-226x300.jpg 226w, https:\/\/e-ucebnice.ff.ucm.sk\/wp-content\/uploads\/2023\/04\/Vanek-772x1024.jpg 772w, https:\/\/e-ucebnice.ff.ucm.sk\/wp-content\/uploads\/2023\/04\/Vanek-768x1018.jpg 768w\" sizes=\"(max-width: 887px) 100vw, 887px\" \/>\t\t\t\t\t\t\t\t\t\t\t\t\t\t\t<\/div>\n\t\t\t\t<\/div>\n\t\t\t\t\t<\/div>\n\t\t<\/div>\n\t\t\t\t\t<\/div>\n\t\t<\/section>\n\t\t\t\t<\/div>\n\t\t","protected":false},"excerpt":{"rendered":"<p>Kapitoly z dej\u00edn Slovenska 1740 \u2013 1945 Mgr. Ivana Dendys, PhD. ivana.dendys@ucm.sk Mgr. Ivana Dendys PhD. sa narodila v&nbsp;roku 1989 v&nbsp;Pova\u017eskej Bystrici. Vy\u0161tudovala u\u010dite\u013estvo hist\u00f3rie v kombin\u00e1cii s u\u010dite\u013estvom pedagogiky na Pedagogickej fakulte Univerzity Komensk\u00e9ho v Bratislave. Doktorandsk\u00e9 \u0161t\u00fadium v \u0161tudijnom programe Didaktika dejepisu absolvovala v rokoch 2017 \u2013 2020 na rovnakej univerzite. Po skon\u010den\u00ed [&hellip;]<\/p>\n","protected":false},"author":3,"featured_media":0,"parent":0,"menu_order":0,"comment_status":"closed","ping_status":"closed","template":"","meta":{"footnotes":""},"class_list":["post-6062","page","type-page","status-publish","hentry"],"_links":{"self":[{"href":"https:\/\/e-ucebnice.ff.ucm.sk\/index.php\/wp-json\/wp\/v2\/pages\/6062","targetHints":{"allow":["GET"]}}],"collection":[{"href":"https:\/\/e-ucebnice.ff.ucm.sk\/index.php\/wp-json\/wp\/v2\/pages"}],"about":[{"href":"https:\/\/e-ucebnice.ff.ucm.sk\/index.php\/wp-json\/wp\/v2\/types\/page"}],"author":[{"embeddable":true,"href":"https:\/\/e-ucebnice.ff.ucm.sk\/index.php\/wp-json\/wp\/v2\/users\/3"}],"replies":[{"embeddable":true,"href":"https:\/\/e-ucebnice.ff.ucm.sk\/index.php\/wp-json\/wp\/v2\/comments?post=6062"}],"version-history":[{"count":25,"href":"https:\/\/e-ucebnice.ff.ucm.sk\/index.php\/wp-json\/wp\/v2\/pages\/6062\/revisions"}],"predecessor-version":[{"id":7154,"href":"https:\/\/e-ucebnice.ff.ucm.sk\/index.php\/wp-json\/wp\/v2\/pages\/6062\/revisions\/7154"}],"wp:attachment":[{"href":"https:\/\/e-ucebnice.ff.ucm.sk\/index.php\/wp-json\/wp\/v2\/media?parent=6062"}],"curies":[{"name":"wp","href":"https:\/\/api.w.org\/{rel}","templated":true}]}}