{"id":6101,"date":"2023-04-06T08:57:39","date_gmt":"2023-04-06T06:57:39","guid":{"rendered":"https:\/\/e-ucebnice.ff.ucm.sk\/?page_id=6101"},"modified":"2023-04-26T15:17:03","modified_gmt":"2023-04-26T13:17:03","slug":"pedagogicka-prax-v-pregradualnej-priprave-ucitelov-autor","status":"publish","type":"page","link":"https:\/\/e-ucebnice.ff.ucm.sk\/index.php\/pedagogicka-prax-v-pregradualnej-priprave-ucitelov-autor\/","title":{"rendered":"Pedagogicka prax v pregradualnej priprave ucitelov-autor"},"content":{"rendered":"\t\t<div data-elementor-type=\"wp-page\" data-elementor-id=\"6101\" class=\"elementor elementor-6101\" data-elementor-post-type=\"page\">\n\t\t\t\t\t\t<section class=\"elementor-section elementor-top-section elementor-element elementor-element-b43bafa elementor-section-height-min-height elementor-section-boxed elementor-section-height-default elementor-section-items-middle\" data-id=\"b43bafa\" data-element_type=\"section\" data-settings=\"{&quot;background_background&quot;:&quot;classic&quot;}\">\n\t\t\t\t\t\t\t<div class=\"elementor-background-overlay\"><\/div>\n\t\t\t\t\t\t\t<div class=\"elementor-container elementor-column-gap-default\">\n\t\t\t\t\t<div class=\"elementor-column elementor-col-100 elementor-top-column elementor-element elementor-element-4cfaeb6\" data-id=\"4cfaeb6\" data-element_type=\"column\">\n\t\t\t<div class=\"elementor-widget-wrap elementor-element-populated\">\n\t\t\t\t\t\t<div class=\"elementor-element elementor-element-c0b8525 elementor-widget elementor-widget-heading\" data-id=\"c0b8525\" data-element_type=\"widget\" data-widget_type=\"heading.default\">\n\t\t\t\t<div class=\"elementor-widget-container\">\n\t\t\t\t\t<h1 class=\"elementor-heading-title elementor-size-default\">PEDAGOGICK\u00c1 PRAX\nV PREGRADU\u00c1LNEJ\nPR\u00cdPRAVE U\u010cITE\u013dOV<\/h1>\t\t\t\t<\/div>\n\t\t\t\t<\/div>\n\t\t\t\t\t<\/div>\n\t\t<\/div>\n\t\t\t\t\t<\/div>\n\t\t<\/section>\n\t\t\t\t<section class=\"elementor-section elementor-top-section elementor-element elementor-element-21f827f elementor-section-boxed elementor-section-height-default elementor-section-height-default\" data-id=\"21f827f\" data-element_type=\"section\">\n\t\t\t\t\t\t<div class=\"elementor-container elementor-column-gap-default\">\n\t\t\t\t\t<div class=\"elementor-column elementor-col-50 elementor-top-column elementor-element elementor-element-a3a9e3b\" data-id=\"a3a9e3b\" data-element_type=\"column\">\n\t\t\t<div class=\"elementor-widget-wrap elementor-element-populated\">\n\t\t\t\t\t\t<div class=\"elementor-element elementor-element-82e5eb4 animated-fast elementor-invisible elementor-widget elementor-widget-heading\" data-id=\"82e5eb4\" data-element_type=\"widget\" data-settings=\"{&quot;_animation&quot;:&quot;fadeIn&quot;}\" data-widget_type=\"heading.default\">\n\t\t\t\t<div class=\"elementor-widget-container\">\n\t\t\t\t\t<h1 class=\"elementor-heading-title elementor-size-default\">Mariana Sirotov\u00e1, doc., Mgr., PhD.<\/h1>\t\t\t\t<\/div>\n\t\t\t\t<\/div>\n\t\t\t\t<div class=\"elementor-element elementor-element-02efd58 elementor-widget__width-auto elementor-view-default elementor-widget elementor-widget-icon\" data-id=\"02efd58\" data-element_type=\"widget\" data-widget_type=\"icon.default\">\n\t\t\t\t<div class=\"elementor-widget-container\">\n\t\t\t\t\t\t\t<div class=\"elementor-icon-wrapper\">\n\t\t\t<div class=\"elementor-icon\">\n\t\t\t<i aria-hidden=\"true\" class=\"far fa-envelope\"><\/i>\t\t\t<\/div>\n\t\t<\/div>\n\t\t\t\t\t\t<\/div>\n\t\t\t\t<\/div>\n\t\t\t\t<div class=\"elementor-element elementor-element-de79d2a elementor-widget__width-auto elementor-widget elementor-widget-heading\" data-id=\"de79d2a\" data-element_type=\"widget\" data-widget_type=\"heading.default\">\n\t\t\t\t<div class=\"elementor-widget-container\">\n\t\t\t\t\t<h2 class=\"elementor-heading-title elementor-size-default\"><a href=\"mailto:mariana.sirotova@ucm.sk\">mariana.sirotova@ucm.sk<\/a><\/h2>\t\t\t\t<\/div>\n\t\t\t\t<\/div>\n\t\t\t\t<div class=\"elementor-element elementor-element-210e655 elementor-invisible elementor-widget elementor-widget-text-editor\" data-id=\"210e655\" data-element_type=\"widget\" data-settings=\"{&quot;_animation&quot;:&quot;fadeIn&quot;}\" data-widget_type=\"text-editor.default\">\n\t\t\t\t<div class=\"elementor-widget-container\">\n\t\t\t\t\t\t\t\t\t<p style=\"text-align: justify;\">je zakladaj\u00facou \u010dlenkou Katedry pedagogiky FF UCM v\u00a0Trnave na ktorej p\u00f4sob\u00ed od roku 1997 a\u00a0zakladaj\u00facou \u010dlenkou Slovenskej pedagogickej spolo\u010dnosti pri SAV. Ako odborn\u00e1 asistentka p\u00f4sobila na katedre do roku 2015 a\u00a0po \u00faspe\u0161nej habilit\u00e1cii v\u00a0roku 2015 p\u00f4sobila vo funkcii docent v\u00a0\u0161tudijnom odbore u\u010dite\u013estvo a\u00a0pedagogick\u00e9 vedy. Od roku 2020 po s\u00fa\u010dasnos\u0165 \u00a0je univerzitnou profesorkou a\u00a0osobnou nes\u00facou hlavn\u00fa zodpovednos\u0165 za kvalitu a\u00a0rozvoj u\u010dite\u013esk\u00e9ho vzdel\u00e1vania na FF UCM v\u00a0Trnave. Doposia\u013e pracovala v\u00a0r\u00f4znych mana\u017e\u00e9rskych funkci\u00e1ch ako prorektorka pre rozvoj a\u00a0investi\u010dn\u00fa \u010dinnos\u0165 UCM v\u00a0Trnave, prodekanka pre rozvoj a\u00a0akredit\u00e1cie FF UCM a\u00a0ved\u00faca Katedry pedagogiky FF UCM. Od roku 2021 je dekankou Filozofickej fakulty UCM v\u00a0Trnave.<\/p><p style=\"text-align: justify;\">Vo svojej pedagogickej \u010dinnosti sa venuje pregradu\u00e1lnej pr\u00edprave u\u010dite\u013eov v\u00a0bakal\u00e1rskom a\u00a0magisterskom stupni vzdel\u00e1vania so zameran\u00edm na inkluz\u00edvnu a\u00a0\u0161peci\u00e1lnu pedagogiku, pedagogick\u00fa prax \u0161tudentov, pr\u00e1cu s\u00a0probl\u00e9mov\u00fdm \u017eiakom a\u00a0pr\u00e1cu pedagogick\u00e9ho asistenta. V\u00a0doktorandskom \u0161t\u00fadiu je jej pedagogick\u00e1 \u010dinnos\u0165 orientovan\u00e1 na v\u00fdu\u010dbu vysoko\u0161kolskej pedagogiky.<\/p><p style=\"text-align: justify;\">Vo vedecko-v\u00fdskumnej \u010dinnosti sa zaober\u00e1 peduetologick\u00fdmi ot\u00e1zkami osobnosti u\u010dite\u013ea a jeho vplyvu na kvalitu eduka\u010dn\u00e9ho procesu,\u00a0problematikou inkluz\u00edvneho vzdel\u00e1vania a\u00a0vyu\u017e\u00edvan\u00edm digitaliz\u00e1cie a\u00a0virtu\u00e1lneho priestoru v\u00a0pregradu\u00e1lnej pr\u00edprave \u0161tudentov. \u00a0Je autorkou 172 publik\u00e1ci\u00ed, vr\u00e1tane vedeck\u00fdch monografi\u00ed, u\u010debn\u00edc, konferen\u010dn\u00fdch pr\u00edspevkov a vedeck\u00fdch \u0161t\u00fadi\u00ed v\u00a0\u010dasopisoch zaraden\u00fdch do datab\u00e1z Web of Science a\u00a0Scopus. Doposia\u013e\u00a0 rie\u0161ila 16 medzin\u00e1rodn\u00fdch i\u00a0dom\u00e1cich grantov\u00fdch projektoch, z\u00a0\u010doho v pr\u00edpade\u00a05 projektov bola zodpovednou rie\u0161ite\u013ekou a\u00a0v\u00a011 spolurie\u0161ite\u013ekou. P\u00f4sob\u00ed aj ako posudzovate\u013eka \u017eiadost\u00ed o grantov\u00e9 projekty M\u0160VVa\u0160 SR \u2013 KEGA,\u00a0VEGA a\u00a0APVV a recenzentka v\u00a0zahrani\u010dnom \u010dasopise Przeglad bada\u0148 edukacyjnych. Sk\u00fasenosti a\u00a0poznatky, ktor\u00e9 implementuje do svojej pedagogickej a\u00a0tvorivej \u010dinnosti si rozv\u00edja absolvovan\u00edm medzin\u00e1rodn\u00fdch mobil\u00edt vo viacer\u00fdch krajin\u00e1ch nielen Eur\u00f3py (Po\u013esko, \u010cesko, \u0160panielsko, Kuba at\u010f.)<\/p>\t\t\t\t\t\t\t\t<\/div>\n\t\t\t\t<\/div>\n\t\t\t\t\t<\/div>\n\t\t<\/div>\n\t\t\t\t<div class=\"elementor-column elementor-col-50 elementor-top-column elementor-element elementor-element-7303496\" data-id=\"7303496\" data-element_type=\"column\">\n\t\t\t<div class=\"elementor-widget-wrap elementor-element-populated\">\n\t\t\t\t\t\t<div class=\"elementor-element elementor-element-bb5f38a elementor-widget elementor-widget-image\" data-id=\"bb5f38a\" data-element_type=\"widget\" data-widget_type=\"image.default\">\n\t\t\t\t<div class=\"elementor-widget-container\">\n\t\t\t\t\t\t\t\t\t\t\t\t\t\t\t<img fetchpriority=\"high\" decoding=\"async\" width=\"768\" height=\"1156\" src=\"https:\/\/e-ucebnice.ff.ucm.sk\/wp-content\/uploads\/2023\/04\/Mariana_Sirotova-768x1156.jpg\" class=\"attachment-medium_large size-medium_large wp-image-6544\" alt=\"\" srcset=\"https:\/\/e-ucebnice.ff.ucm.sk\/wp-content\/uploads\/2023\/04\/Mariana_Sirotova-768x1156.jpg 768w, https:\/\/e-ucebnice.ff.ucm.sk\/wp-content\/uploads\/2023\/04\/Mariana_Sirotova-199x300.jpg 199w, https:\/\/e-ucebnice.ff.ucm.sk\/wp-content\/uploads\/2023\/04\/Mariana_Sirotova-680x1024.jpg 680w, https:\/\/e-ucebnice.ff.ucm.sk\/wp-content\/uploads\/2023\/04\/Mariana_Sirotova.jpg 883w\" sizes=\"(max-width: 768px) 100vw, 768px\" \/>\t\t\t\t\t\t\t\t\t\t\t\t\t\t\t<\/div>\n\t\t\t\t<\/div>\n\t\t\t\t\t<\/div>\n\t\t<\/div>\n\t\t\t\t\t<\/div>\n\t\t<\/section>\n\t\t\t\t<\/div>\n\t\t","protected":false},"excerpt":{"rendered":"<p>PEDAGOGICK\u00c1 PRAX V PREGRADU\u00c1LNEJ PR\u00cdPRAVE U\u010cITE\u013dOV Mariana Sirotov\u00e1, doc., Mgr., PhD. mariana.sirotova@ucm.sk je zakladaj\u00facou \u010dlenkou Katedry pedagogiky FF UCM v\u00a0Trnave na ktorej p\u00f4sob\u00ed od roku 1997 a\u00a0zakladaj\u00facou \u010dlenkou Slovenskej pedagogickej spolo\u010dnosti pri SAV. Ako odborn\u00e1 asistentka p\u00f4sobila na katedre do roku 2015 a\u00a0po \u00faspe\u0161nej habilit\u00e1cii v\u00a0roku 2015 p\u00f4sobila vo funkcii docent v\u00a0\u0161tudijnom odbore u\u010dite\u013estvo a\u00a0pedagogick\u00e9 [&hellip;]<\/p>\n","protected":false},"author":3,"featured_media":0,"parent":0,"menu_order":0,"comment_status":"closed","ping_status":"closed","template":"","meta":{"footnotes":""},"class_list":["post-6101","page","type-page","status-publish","hentry"],"_links":{"self":[{"href":"https:\/\/e-ucebnice.ff.ucm.sk\/index.php\/wp-json\/wp\/v2\/pages\/6101","targetHints":{"allow":["GET"]}}],"collection":[{"href":"https:\/\/e-ucebnice.ff.ucm.sk\/index.php\/wp-json\/wp\/v2\/pages"}],"about":[{"href":"https:\/\/e-ucebnice.ff.ucm.sk\/index.php\/wp-json\/wp\/v2\/types\/page"}],"author":[{"embeddable":true,"href":"https:\/\/e-ucebnice.ff.ucm.sk\/index.php\/wp-json\/wp\/v2\/users\/3"}],"replies":[{"embeddable":true,"href":"https:\/\/e-ucebnice.ff.ucm.sk\/index.php\/wp-json\/wp\/v2\/comments?post=6101"}],"version-history":[{"count":13,"href":"https:\/\/e-ucebnice.ff.ucm.sk\/index.php\/wp-json\/wp\/v2\/pages\/6101\/revisions"}],"predecessor-version":[{"id":6550,"href":"https:\/\/e-ucebnice.ff.ucm.sk\/index.php\/wp-json\/wp\/v2\/pages\/6101\/revisions\/6550"}],"wp:attachment":[{"href":"https:\/\/e-ucebnice.ff.ucm.sk\/index.php\/wp-json\/wp\/v2\/media?parent=6101"}],"curies":[{"name":"wp","href":"https:\/\/api.w.org\/{rel}","templated":true}]}}