{"id":6498,"date":"2023-04-25T18:20:34","date_gmt":"2023-04-25T16:20:34","guid":{"rendered":"https:\/\/e-ucebnice.ff.ucm.sk\/?page_id=6498"},"modified":"2023-04-25T18:24:34","modified_gmt":"2023-04-25T16:24:34","slug":"zaklady-pedagogiky-3-3","status":"publish","type":"page","link":"https:\/\/e-ucebnice.ff.ucm.sk\/index.php\/zaklady-pedagogiky-3-3\/","title":{"rendered":"Z\u00e1klady pedagogiky-3-3"},"content":{"rendered":"\t\t<div data-elementor-type=\"wp-page\" data-elementor-id=\"6498\" class=\"elementor elementor-6498\" data-elementor-post-type=\"page\">\n\t\t\t\t\t\t<section class=\"elementor-section elementor-top-section elementor-element elementor-element-f7a6ab6 elementor-section-height-min-height elementor-section-boxed elementor-section-height-default elementor-section-items-middle\" data-id=\"f7a6ab6\" data-element_type=\"section\" data-settings=\"{&quot;background_background&quot;:&quot;classic&quot;}\">\n\t\t\t\t\t\t\t<div class=\"elementor-background-overlay\"><\/div>\n\t\t\t\t\t\t\t<div class=\"elementor-container elementor-column-gap-default\">\n\t\t\t\t\t<div class=\"elementor-column elementor-col-100 elementor-top-column elementor-element elementor-element-9f357b7\" data-id=\"9f357b7\" data-element_type=\"column\">\n\t\t\t<div class=\"elementor-widget-wrap elementor-element-populated\">\n\t\t\t\t\t\t<div class=\"elementor-element elementor-element-6c61e6d elementor-widget elementor-widget-heading\" data-id=\"6c61e6d\" data-element_type=\"widget\" data-widget_type=\"heading.default\">\n\t\t\t\t<div class=\"elementor-widget-container\">\n\t\t\t\t\t<h1 class=\"elementor-heading-title elementor-size-default\">Z\u00c1KLADY PEDAGOGIKY <\/h1>\t\t\t\t<\/div>\n\t\t\t\t<\/div>\n\t\t\t\t\t<\/div>\n\t\t<\/div>\n\t\t\t\t\t<\/div>\n\t\t<\/section>\n\t\t\t\t<section class=\"elementor-section elementor-top-section elementor-element elementor-element-c7b2341 elementor-section-boxed elementor-section-height-default elementor-section-height-default\" data-id=\"c7b2341\" data-element_type=\"section\">\n\t\t\t\t\t\t<div class=\"elementor-container elementor-column-gap-default\">\n\t\t\t\t\t<div class=\"elementor-column elementor-col-100 elementor-top-column elementor-element elementor-element-0087dd1\" data-id=\"0087dd1\" data-element_type=\"column\">\n\t\t\t<div class=\"elementor-widget-wrap elementor-element-populated\">\n\t\t\t\t\t\t<section class=\"elementor-section elementor-inner-section elementor-element elementor-element-256368f elementor-section-boxed elementor-section-height-default elementor-section-height-default\" data-id=\"256368f\" data-element_type=\"section\">\n\t\t\t\t\t\t<div class=\"elementor-container elementor-column-gap-default\">\n\t\t\t\t\t<div class=\"elementor-column elementor-col-100 elementor-inner-column elementor-element elementor-element-dedd719\" data-id=\"dedd719\" data-element_type=\"column\">\n\t\t\t<div class=\"elementor-widget-wrap elementor-element-populated\">\n\t\t\t\t\t\t<div class=\"elementor-element elementor-element-16bba02 elementor-widget elementor-widget-heading\" data-id=\"16bba02\" data-element_type=\"widget\" data-widget_type=\"heading.default\">\n\t\t\t\t<div class=\"elementor-widget-container\">\n\t\t\t\t\t<h3 class=\"elementor-heading-title elementor-size-default\">Ot\u00e1zky a \u00falohy<\/h3>\t\t\t\t<\/div>\n\t\t\t\t<\/div>\n\t\t\t\t<div class=\"elementor-element elementor-element-03907ad elementor-widget elementor-widget-text-editor\" data-id=\"03907ad\" data-element_type=\"widget\" data-widget_type=\"text-editor.default\">\n\t\t\t\t<div class=\"elementor-widget-container\">\n\t\t\t\t\t\t\t\t\t<ol><li>Vysvetlite a zd\u00f4vodnite, ak\u00fd je pod\u013ea V\u00e1s vz\u00e1jomn\u00fd vz\u0165ah medzi glob\u00e1lnou v\u00fdchovou, ekologickou a environment\u00e1lnou v\u00fdchovou, multikult\u00farnou v\u00fdchovou a v\u00fdchovou k udr\u017eate\u013en\u00e9mu rozvoju.<\/li><li>Vyh\u013eadajte a pre\u0161tudujte v r\u00f4znych pedagogick\u00fdch \u010dasopisoch alebo na internete \u010dl\u00e1nky o \u010fal\u0161\u00edch obsahov\u00fdch s\u00fa\u010dastiach v\u00fdchovy, ktor\u00e9 neboli bli\u017e\u0161ie charakterizovan\u00e9 v texte tejto publik\u00e1cie (napr. medi\u00e1lna v\u00fdchova, sexu\u00e1lna v\u00fdchova, v\u00fdchova k finan\u010dnej gramotnosti, dopravn\u00e1 v\u00fdchova, v\u00fdchova k vlastenectvu, brann\u00e1 v\u00fdchova apod.) a na tomto z\u00e1klade stru\u010dne pop\u00ed\u0161te jednu vybran\u00fa zlo\u017eku z h\u013eadiska jej cie\u013eov, obsahu a procesu\u00e1lnej str\u00e1nky.<\/li><li>Na z\u00e1klade pre\u0161tudovanej problematiky o\u00a0obsahu v\u00fdchovy nap\u00ed\u0161te \u00favahu (rozsah 1700 znakov) na t\u00e9mu ktor\u00e9 obsahov\u00e9 s\u00fa\u010dasti v\u00fdchovy s\u00fa v\u00a0s\u00fa\u010dasnej spolo\u010dnosti nedocenen\u00e9. V\u00a0\u00favahe zd\u00f4vodnite svoje n\u00e1zory,\u00a0pou\u017eite aj konkr\u00e9tne pr\u00edklady a\u00a0navrhnite mo\u017enosti zlep\u0161enia aktu\u00e1lneho stavu.<\/li><\/ol>\t\t\t\t\t\t\t\t<\/div>\n\t\t\t\t<\/div>\n\t\t\t\t\t<\/div>\n\t\t<\/div>\n\t\t\t\t\t<\/div>\n\t\t<\/section>\n\t\t\t\t\t<\/div>\n\t\t<\/div>\n\t\t\t\t\t<\/div>\n\t\t<\/section>\n\t\t\t\t<\/div>\n\t\t","protected":false},"excerpt":{"rendered":"<p>Z\u00c1KLADY PEDAGOGIKY Ot\u00e1zky a \u00falohy Vysvetlite a zd\u00f4vodnite, ak\u00fd je pod\u013ea V\u00e1s vz\u00e1jomn\u00fd vz\u0165ah medzi glob\u00e1lnou v\u00fdchovou, ekologickou a environment\u00e1lnou v\u00fdchovou, multikult\u00farnou v\u00fdchovou a v\u00fdchovou k udr\u017eate\u013en\u00e9mu rozvoju. Vyh\u013eadajte a pre\u0161tudujte v r\u00f4znych pedagogick\u00fdch \u010dasopisoch alebo na internete \u010dl\u00e1nky o \u010fal\u0161\u00edch obsahov\u00fdch s\u00fa\u010dastiach v\u00fdchovy, ktor\u00e9 neboli bli\u017e\u0161ie charakterizovan\u00e9 v texte tejto publik\u00e1cie (napr. medi\u00e1lna v\u00fdchova, [&hellip;]<\/p>\n","protected":false},"author":3,"featured_media":0,"parent":0,"menu_order":0,"comment_status":"closed","ping_status":"closed","template":"","meta":{"footnotes":""},"class_list":["post-6498","page","type-page","status-publish","hentry"],"_links":{"self":[{"href":"https:\/\/e-ucebnice.ff.ucm.sk\/index.php\/wp-json\/wp\/v2\/pages\/6498","targetHints":{"allow":["GET"]}}],"collection":[{"href":"https:\/\/e-ucebnice.ff.ucm.sk\/index.php\/wp-json\/wp\/v2\/pages"}],"about":[{"href":"https:\/\/e-ucebnice.ff.ucm.sk\/index.php\/wp-json\/wp\/v2\/types\/page"}],"author":[{"embeddable":true,"href":"https:\/\/e-ucebnice.ff.ucm.sk\/index.php\/wp-json\/wp\/v2\/users\/3"}],"replies":[{"embeddable":true,"href":"https:\/\/e-ucebnice.ff.ucm.sk\/index.php\/wp-json\/wp\/v2\/comments?post=6498"}],"version-history":[{"count":4,"href":"https:\/\/e-ucebnice.ff.ucm.sk\/index.php\/wp-json\/wp\/v2\/pages\/6498\/revisions"}],"predecessor-version":[{"id":6504,"href":"https:\/\/e-ucebnice.ff.ucm.sk\/index.php\/wp-json\/wp\/v2\/pages\/6498\/revisions\/6504"}],"wp:attachment":[{"href":"https:\/\/e-ucebnice.ff.ucm.sk\/index.php\/wp-json\/wp\/v2\/media?parent=6498"}],"curies":[{"name":"wp","href":"https:\/\/api.w.org\/{rel}","templated":true}]}}