{"id":6508,"date":"2023-04-25T18:28:00","date_gmt":"2023-04-25T16:28:00","guid":{"rendered":"https:\/\/e-ucebnice.ff.ucm.sk\/?page_id=6508"},"modified":"2023-04-25T18:32:20","modified_gmt":"2023-04-25T16:32:20","slug":"zaklady-pedagogiky-4-3","status":"publish","type":"page","link":"https:\/\/e-ucebnice.ff.ucm.sk\/index.php\/zaklady-pedagogiky-4-3\/","title":{"rendered":"Z\u00e1klady pedagogiky-4-3"},"content":{"rendered":"\t\t<div data-elementor-type=\"wp-page\" data-elementor-id=\"6508\" class=\"elementor elementor-6508\" data-elementor-post-type=\"page\">\n\t\t\t\t\t\t<section class=\"elementor-section elementor-top-section elementor-element elementor-element-6b0bec4 elementor-section-height-min-height elementor-section-boxed elementor-section-height-default elementor-section-items-middle\" data-id=\"6b0bec4\" data-element_type=\"section\" data-settings=\"{&quot;background_background&quot;:&quot;classic&quot;}\">\n\t\t\t\t\t\t\t<div class=\"elementor-background-overlay\"><\/div>\n\t\t\t\t\t\t\t<div class=\"elementor-container elementor-column-gap-default\">\n\t\t\t\t\t<div class=\"elementor-column elementor-col-100 elementor-top-column elementor-element elementor-element-33c48eb\" data-id=\"33c48eb\" data-element_type=\"column\">\n\t\t\t<div class=\"elementor-widget-wrap elementor-element-populated\">\n\t\t\t\t\t\t<div class=\"elementor-element elementor-element-12915bb elementor-widget elementor-widget-heading\" data-id=\"12915bb\" data-element_type=\"widget\" data-widget_type=\"heading.default\">\n\t\t\t\t<div class=\"elementor-widget-container\">\n\t\t\t\t\t<h1 class=\"elementor-heading-title elementor-size-default\">Z\u00c1KLADY PEDAGOGIKY <\/h1>\t\t\t\t<\/div>\n\t\t\t\t<\/div>\n\t\t\t\t\t<\/div>\n\t\t<\/div>\n\t\t\t\t\t<\/div>\n\t\t<\/section>\n\t\t\t\t<section class=\"elementor-section elementor-top-section elementor-element elementor-element-c7b2341 elementor-section-boxed elementor-section-height-default elementor-section-height-default\" data-id=\"c7b2341\" data-element_type=\"section\">\n\t\t\t\t\t\t<div class=\"elementor-container elementor-column-gap-default\">\n\t\t\t\t\t<div class=\"elementor-column elementor-col-100 elementor-top-column elementor-element elementor-element-0087dd1\" data-id=\"0087dd1\" data-element_type=\"column\">\n\t\t\t<div class=\"elementor-widget-wrap elementor-element-populated\">\n\t\t\t\t\t\t<section class=\"elementor-section elementor-inner-section elementor-element elementor-element-256368f elementor-section-boxed elementor-section-height-default elementor-section-height-default\" data-id=\"256368f\" data-element_type=\"section\">\n\t\t\t\t\t\t<div class=\"elementor-container elementor-column-gap-default\">\n\t\t\t\t\t<div class=\"elementor-column elementor-col-100 elementor-inner-column elementor-element elementor-element-dedd719\" data-id=\"dedd719\" data-element_type=\"column\">\n\t\t\t<div class=\"elementor-widget-wrap elementor-element-populated\">\n\t\t\t\t\t\t<div class=\"elementor-element elementor-element-16bba02 elementor-widget elementor-widget-heading\" data-id=\"16bba02\" data-element_type=\"widget\" data-widget_type=\"heading.default\">\n\t\t\t\t<div class=\"elementor-widget-container\">\n\t\t\t\t\t<h3 class=\"elementor-heading-title elementor-size-default\">Ot\u00e1zky a \u00falohy<\/h3>\t\t\t\t<\/div>\n\t\t\t\t<\/div>\n\t\t\t\t<div class=\"elementor-element elementor-element-03907ad elementor-widget elementor-widget-text-editor\" data-id=\"03907ad\" data-element_type=\"widget\" data-widget_type=\"text-editor.default\">\n\t\t\t\t<div class=\"elementor-widget-container\">\n\t\t\t\t\t\t\t\t\t<ol><li>Cez kni\u017eni\u010dn\u00e9 slu\u017eby va\u0161ej vysokej \u0161koly (alebo vyh\u013eadajte na internete) si zabezpe\u010dte 2 pedagogick\u00e9 monografie, 2 zborn\u00edky z pedagogick\u00fdch konferenci\u00ed, 2 pedagogick\u00e9 \u010dasopisy, v ktor\u00fdch sa pojedn\u00e1va o vn\u00fatorn\u00fdch a vonkaj\u0161\u00edch \u010dinite\u013eoch vpl\u00fdvaj\u00facich na osobnos\u0165 edukanta. Pod\u013ea pravidiel citovania, vybran\u00e9 \u010dinitele definujte. Pod ka\u017edou citovanou defin\u00edciou uvediete bibliografick\u00fd z\u00e1znam zdroja, z ktor\u00e9ho ste defin\u00edciu prevzali. Spolu by malo by\u0165 vypracovan\u00fdch 6 defin\u00edci\u00ed vybran\u00fdch s\u00fa\u010dast\u00ed vn\u00fatorn\u00fdch a vonkaj\u0161\u00edch \u010dinite\u013eov p\u00f4sobiacich na osobnos\u0165 edukanta.<\/li><li>Prostredn\u00edctvom samo\u0161t\u00fadia si na\u0161tudujte vymedzenie u\u010dite\u013ea a u\u010dite\u013eskej profesie v slovenskej legislat\u00edve a pr\u00e1va a povinnosti pedagogick\u00e9ho zamestnanca. Pre\u0161tudujte si z\u00e1kon \u010d. 317\/2009 Z. z. o pedagogick\u00fdch a odborn\u00fdch zamestnancoch (dostupn\u00fd na internete: www.minedu.sk). Na vybran\u00fa \u010das\u0165 uveden\u00e9ho z\u00e1kona odborn\u00fdm jazykom vypracujte recenziu. Analyzujte, pos\u00fa\u010fte a zhodno\u0165te vybran\u00fa \u010das\u0165 z\u00e1kona z h\u013eadiska pozit\u00edvnych a negat\u00edvnych dopadov na p\u00f4sobenie u\u010dite\u013ea v praxi (v rozsahu max. 1700 znakov).<\/li><li>.Pre\u0161tudujte si Vyhl\u00e1\u0161ku Ministerstva \u0161kolstva, vedy, v\u00fdskumu a \u0161portu Slovenskej republiky o kvalifika\u010dn\u00fdch predpokladoch pedagogick\u00fdch zamestnancov a odborn\u00fdch zamestnancov (dostupn\u00e1 na internete: <a href=\"https:\/\/www.minedu.sk\/26353-sk\/pravne-predpisy\/\">https:\/\/www.minedu.sk\/26353-sk\/pravne-predpisy\/<\/a>) a identifikujte v nej v s\u00falade s Va\u0161\u00edm dosiahnut\u00fdm vzdelan\u00edm a prebiehaj\u00facim \u0161t\u00fadiom ak\u00e9 bud\u00fa Va\u0161e mo\u017enosti uplatnenia v eduka\u010dnej praxi.<\/li><li>In\u0161pir\u00e1cia: Pozrite si film U\u010dite\u013eka (Dr\u00e1ma\/ Slovensko \/ \u010cesko, 2016, 102 min R\u00e9\u017eia: <a href=\"https:\/\/www.csfd.sk\/tvorca\/3195-jan-hrebejk\/\">Jan H\u0159ebejk<\/a>; v\u00a0hlavnej \u00falohe : <a href=\"https:\/\/www.csfd.sk\/tvorca\/29651-zuzana-maurery\/\">Zuzana Maur\u00e9ry<\/a> ). Film je in\u0161pirovan\u00fd skuto\u010dn\u00fdmi udalos\u0165ami a poukazuje na silu osobnosti, ktor\u00e1 dok\u00e1\u017ee neuverite\u013en\u00e9 veci. Dej filmu sa odohr\u00e1va na za\u010diatku 80. rokov, je v\u0161ak univerz\u00e1lny a nie\u010do podobn\u00e9 sa mohlo, alebo m\u00f4\u017ee dia\u0165 aj v s\u00fa\u010dasnosti. U\u010dite\u013eka v\u00a0tomto filme je negat\u00edvnym pr\u00edkladom toho, ak\u00e1 by osobnos\u0165 u\u010dite\u013ea nemala by\u0165.<\/li><\/ol>\t\t\t\t\t\t\t\t<\/div>\n\t\t\t\t<\/div>\n\t\t\t\t\t<\/div>\n\t\t<\/div>\n\t\t\t\t\t<\/div>\n\t\t<\/section>\n\t\t\t\t\t<\/div>\n\t\t<\/div>\n\t\t\t\t\t<\/div>\n\t\t<\/section>\n\t\t\t\t<\/div>\n\t\t","protected":false},"excerpt":{"rendered":"<p>Z\u00c1KLADY PEDAGOGIKY Ot\u00e1zky a \u00falohy Cez kni\u017eni\u010dn\u00e9 slu\u017eby va\u0161ej vysokej \u0161koly (alebo vyh\u013eadajte na internete) si zabezpe\u010dte 2 pedagogick\u00e9 monografie, 2 zborn\u00edky z pedagogick\u00fdch konferenci\u00ed, 2 pedagogick\u00e9 \u010dasopisy, v ktor\u00fdch sa pojedn\u00e1va o vn\u00fatorn\u00fdch a vonkaj\u0161\u00edch \u010dinite\u013eoch vpl\u00fdvaj\u00facich na osobnos\u0165 edukanta. Pod\u013ea pravidiel citovania, vybran\u00e9 \u010dinitele definujte. Pod ka\u017edou citovanou defin\u00edciou uvediete bibliografick\u00fd z\u00e1znam zdroja, [&hellip;]<\/p>\n","protected":false},"author":3,"featured_media":0,"parent":0,"menu_order":0,"comment_status":"closed","ping_status":"closed","template":"","meta":{"footnotes":""},"class_list":["post-6508","page","type-page","status-publish","hentry"],"_links":{"self":[{"href":"https:\/\/e-ucebnice.ff.ucm.sk\/index.php\/wp-json\/wp\/v2\/pages\/6508","targetHints":{"allow":["GET"]}}],"collection":[{"href":"https:\/\/e-ucebnice.ff.ucm.sk\/index.php\/wp-json\/wp\/v2\/pages"}],"about":[{"href":"https:\/\/e-ucebnice.ff.ucm.sk\/index.php\/wp-json\/wp\/v2\/types\/page"}],"author":[{"embeddable":true,"href":"https:\/\/e-ucebnice.ff.ucm.sk\/index.php\/wp-json\/wp\/v2\/users\/3"}],"replies":[{"embeddable":true,"href":"https:\/\/e-ucebnice.ff.ucm.sk\/index.php\/wp-json\/wp\/v2\/comments?post=6508"}],"version-history":[{"count":4,"href":"https:\/\/e-ucebnice.ff.ucm.sk\/index.php\/wp-json\/wp\/v2\/pages\/6508\/revisions"}],"predecessor-version":[{"id":6514,"href":"https:\/\/e-ucebnice.ff.ucm.sk\/index.php\/wp-json\/wp\/v2\/pages\/6508\/revisions\/6514"}],"wp:attachment":[{"href":"https:\/\/e-ucebnice.ff.ucm.sk\/index.php\/wp-json\/wp\/v2\/media?parent=6508"}],"curies":[{"name":"wp","href":"https:\/\/api.w.org\/{rel}","templated":true}]}}