{"id":6518,"date":"2023-04-25T18:34:43","date_gmt":"2023-04-25T16:34:43","guid":{"rendered":"https:\/\/e-ucebnice.ff.ucm.sk\/?page_id=6518"},"modified":"2023-04-25T18:41:13","modified_gmt":"2023-04-25T16:41:13","slug":"zaklady-pedagogiky-5-5","status":"publish","type":"page","link":"https:\/\/e-ucebnice.ff.ucm.sk\/index.php\/zaklady-pedagogiky-5-5\/","title":{"rendered":"Z\u00e1klady pedagogiky-5-5"},"content":{"rendered":"\t\t<div data-elementor-type=\"wp-page\" data-elementor-id=\"6518\" class=\"elementor elementor-6518\" data-elementor-post-type=\"page\">\n\t\t\t\t\t\t<section class=\"elementor-section elementor-top-section elementor-element elementor-element-b36cbeb elementor-section-height-min-height elementor-section-boxed elementor-section-height-default elementor-section-items-middle\" data-id=\"b36cbeb\" data-element_type=\"section\" data-settings=\"{&quot;background_background&quot;:&quot;classic&quot;}\">\n\t\t\t\t\t\t\t<div class=\"elementor-background-overlay\"><\/div>\n\t\t\t\t\t\t\t<div class=\"elementor-container elementor-column-gap-default\">\n\t\t\t\t\t<div class=\"elementor-column elementor-col-100 elementor-top-column elementor-element elementor-element-5551aa1\" data-id=\"5551aa1\" data-element_type=\"column\">\n\t\t\t<div class=\"elementor-widget-wrap elementor-element-populated\">\n\t\t\t\t\t\t<div class=\"elementor-element elementor-element-fabec71 elementor-widget elementor-widget-heading\" data-id=\"fabec71\" data-element_type=\"widget\" data-widget_type=\"heading.default\">\n\t\t\t\t<div class=\"elementor-widget-container\">\n\t\t\t\t\t<h1 class=\"elementor-heading-title elementor-size-default\">Z\u00c1KLADY PEDAGOGIKY <\/h1>\t\t\t\t<\/div>\n\t\t\t\t<\/div>\n\t\t\t\t\t<\/div>\n\t\t<\/div>\n\t\t\t\t\t<\/div>\n\t\t<\/section>\n\t\t\t\t<section class=\"elementor-section elementor-top-section elementor-element elementor-element-c7b2341 elementor-section-boxed elementor-section-height-default elementor-section-height-default\" data-id=\"c7b2341\" data-element_type=\"section\">\n\t\t\t\t\t\t<div class=\"elementor-container elementor-column-gap-default\">\n\t\t\t\t\t<div class=\"elementor-column elementor-col-100 elementor-top-column elementor-element elementor-element-0087dd1\" data-id=\"0087dd1\" data-element_type=\"column\">\n\t\t\t<div class=\"elementor-widget-wrap elementor-element-populated\">\n\t\t\t\t\t\t<section class=\"elementor-section elementor-inner-section elementor-element elementor-element-256368f elementor-section-boxed elementor-section-height-default elementor-section-height-default\" data-id=\"256368f\" data-element_type=\"section\">\n\t\t\t\t\t\t<div class=\"elementor-container elementor-column-gap-default\">\n\t\t\t\t\t<div class=\"elementor-column elementor-col-100 elementor-inner-column elementor-element elementor-element-dedd719\" data-id=\"dedd719\" data-element_type=\"column\">\n\t\t\t<div class=\"elementor-widget-wrap elementor-element-populated\">\n\t\t\t\t\t\t<div class=\"elementor-element elementor-element-16bba02 elementor-widget elementor-widget-heading\" data-id=\"16bba02\" data-element_type=\"widget\" data-widget_type=\"heading.default\">\n\t\t\t\t<div class=\"elementor-widget-container\">\n\t\t\t\t\t<h3 class=\"elementor-heading-title elementor-size-default\">Ot\u00e1zky a \u00falohy<\/h3>\t\t\t\t<\/div>\n\t\t\t\t<\/div>\n\t\t\t\t<div class=\"elementor-element elementor-element-03907ad elementor-widget elementor-widget-text-editor\" data-id=\"03907ad\" data-element_type=\"widget\" data-widget_type=\"text-editor.default\">\n\t\t\t\t<div class=\"elementor-widget-container\">\n\t\t\t\t\t\t\t\t\t<ol>\n \t<li>Prostredn\u00edctvom samo\u0161t\u00fadia si pre\u0161tudujte \u0161kolsk\u00fd syst\u00e9m v Slovenskej republike z poh\u013eadu legislat\u00edvy &#8211; z\u00e1kon \u010d. 245\/2008 Z. z. o v\u00fdchove a vzdel\u00e1van\u00ed. Najv\u00fdznamnej\u0161ie inform\u00e1cie zo \u0161t\u00fadia uveden\u00e9ho z\u00e1kona zostavte do s\u00fahrnnej spr\u00e1vy (max. 1700 znakov).<\/li>\n<\/ol>\n<ol start=\"2\">\n \t<li>Pre\u0161tudujte webov\u00e9 s\u00eddlo Ministerstva \u0161kolstva, vedy, v\u00fdskumu a \u0161portu SR. Vyberte si jednu organiz\u00e1ciu rezortu, ktor\u00e1 sa zaober\u00e1 mana\u017ementom, v\u00fdskumom, metodikou, vzdel\u00e1van\u00edm alebo inou podporou ni\u017e\u0161ieho a vy\u0161\u0161ieho sekund\u00e1rneho stup\u0148a vzdel\u00e1vania v SR. Spracujte s\u00fahrnn\u00fa spr\u00e1vu o jednej vybranej organiz\u00e1cii\/ in\u0161tit\u00facii, o jej poslan\u00ed a fungovan\u00ed vo vz\u0165ahu k sekund\u00e1rnemu vzdel\u00e1vaniu (max. 1700 znakov).<\/li>\n<\/ol>\n<ol start=\"3\">\n \t<li>Na z\u00e1klade pre\u0161tudovanej kap. 5.1 prira\u010fte rodinu, v ktorej ste vyrastali k pr\u00edslu\u0161nej typol\u00f3gii a pop\u00ed\u0161te v\u00fdchovn\u00fd \u0161t\u00fdl, ktor\u00fd uplat\u0148ovali va\u0161i rodi\u010dia.<\/li>\n<\/ol>\n<ol start=\"4\">\n \t<li>In\u0161pir\u00e1cia: <br>\nPozrite si film Stella (dr\u00e1ma pod\u013ea skuto\u010dn\u00e9ho pr\u00edbehu, Franc\u00fazsko, 2019, r\u00e9\u017eia: \u00c9l\u00e9onore Faucher; v\u00a0hlavnej \u00falohe: Stella Dubois). Film je uk\u00e1\u017ekou negat\u00edvneho vplyvu rodiny a\u00a0\u010fal\u0161\u00edch \u010dinite\u013eov, dej popisuje ako sa deti m\u00f4\u017eu ocitn\u00fa\u0165 ako obete rodi\u010dov aj syst\u00e9mu. Film nato\u010den\u00fd pod\u013ea skuto\u010dnej udalosti z franc\u00fazskeho prostredia poukazuje na stovky a tis\u00edcky podobn\u00fdch pr\u00edbehov, ktor\u00e9 nemali \u0161\u0165astn\u00fd koniec. Brut\u00e1lne zaobch\u00e1dzanie zo strany rodi\u010dov, nev\u0161\u00edmavos\u0165 okolia a ne\u010dinnos\u0165 \u00faradov s\u00fa d\u00f4vodom, pre\u010do ka\u017edoro\u010dne zomrie mno\u017estvo nevinn\u00fdch det\u00ed. Domov a rodina, ktor\u00fd by mal by\u0165 bezpe\u010dn\u00fdm pr\u00edstavom, sa m\u00f4\u017eu sta\u0165 pre deti \u017eivotohrozuj\u00facim\u00a0 miestom.<\/li>\n<\/ol>\t\t\t\t\t\t\t\t<\/div>\n\t\t\t\t<\/div>\n\t\t\t\t\t<\/div>\n\t\t<\/div>\n\t\t\t\t\t<\/div>\n\t\t<\/section>\n\t\t\t\t\t<\/div>\n\t\t<\/div>\n\t\t\t\t\t<\/div>\n\t\t<\/section>\n\t\t\t\t<\/div>\n\t\t","protected":false},"excerpt":{"rendered":"<p>Z\u00c1KLADY PEDAGOGIKY Ot\u00e1zky a \u00falohy Prostredn\u00edctvom samo\u0161t\u00fadia si pre\u0161tudujte \u0161kolsk\u00fd syst\u00e9m v Slovenskej republike z poh\u013eadu legislat\u00edvy &#8211; z\u00e1kon \u010d. 245\/2008 Z. z. o v\u00fdchove a vzdel\u00e1van\u00ed. Najv\u00fdznamnej\u0161ie inform\u00e1cie zo \u0161t\u00fadia uveden\u00e9ho z\u00e1kona zostavte do s\u00fahrnnej spr\u00e1vy (max. 1700 znakov). Pre\u0161tudujte webov\u00e9 s\u00eddlo Ministerstva \u0161kolstva, vedy, v\u00fdskumu a \u0161portu SR. Vyberte si jednu organiz\u00e1ciu rezortu, [&hellip;]<\/p>\n","protected":false},"author":3,"featured_media":0,"parent":0,"menu_order":0,"comment_status":"closed","ping_status":"closed","template":"","meta":{"footnotes":""},"class_list":["post-6518","page","type-page","status-publish","hentry"],"_links":{"self":[{"href":"https:\/\/e-ucebnice.ff.ucm.sk\/index.php\/wp-json\/wp\/v2\/pages\/6518","targetHints":{"allow":["GET"]}}],"collection":[{"href":"https:\/\/e-ucebnice.ff.ucm.sk\/index.php\/wp-json\/wp\/v2\/pages"}],"about":[{"href":"https:\/\/e-ucebnice.ff.ucm.sk\/index.php\/wp-json\/wp\/v2\/types\/page"}],"author":[{"embeddable":true,"href":"https:\/\/e-ucebnice.ff.ucm.sk\/index.php\/wp-json\/wp\/v2\/users\/3"}],"replies":[{"embeddable":true,"href":"https:\/\/e-ucebnice.ff.ucm.sk\/index.php\/wp-json\/wp\/v2\/comments?post=6518"}],"version-history":[{"count":10,"href":"https:\/\/e-ucebnice.ff.ucm.sk\/index.php\/wp-json\/wp\/v2\/pages\/6518\/revisions"}],"predecessor-version":[{"id":6530,"href":"https:\/\/e-ucebnice.ff.ucm.sk\/index.php\/wp-json\/wp\/v2\/pages\/6518\/revisions\/6530"}],"wp:attachment":[{"href":"https:\/\/e-ucebnice.ff.ucm.sk\/index.php\/wp-json\/wp\/v2\/media?parent=6518"}],"curies":[{"name":"wp","href":"https:\/\/api.w.org\/{rel}","templated":true}]}}