{"id":660,"date":"2023-01-23T14:14:29","date_gmt":"2023-01-23T13:14:29","guid":{"rendered":"https:\/\/e-ucebnice.ff.ucm.sk\/?page_id=660"},"modified":"2023-01-30T08:39:35","modified_gmt":"2023-01-30T07:39:35","slug":"pedagogicka-prax-v-pregradualnej-priprave-ucitelov-2","status":"publish","type":"page","link":"https:\/\/e-ucebnice.ff.ucm.sk\/index.php\/pedagogicka-prax-v-pregradualnej-priprave-ucitelov-2\/","title":{"rendered":"Pedagogicka prax v pregradualnej priprave ucitelov-2"},"content":{"rendered":"\t\t<div data-elementor-type=\"wp-page\" data-elementor-id=\"660\" class=\"elementor elementor-660\" data-elementor-post-type=\"page\">\n\t\t\t\t\t\t<section class=\"elementor-section elementor-top-section elementor-element elementor-element-40291cb elementor-section-height-min-height elementor-section-boxed elementor-section-height-default elementor-section-items-middle\" data-id=\"40291cb\" data-element_type=\"section\" data-settings=\"{&quot;background_background&quot;:&quot;classic&quot;}\">\n\t\t\t\t\t\t\t<div class=\"elementor-background-overlay\"><\/div>\n\t\t\t\t\t\t\t<div class=\"elementor-container elementor-column-gap-default\">\n\t\t\t\t\t<div class=\"elementor-column elementor-col-100 elementor-top-column elementor-element elementor-element-82a89d3\" data-id=\"82a89d3\" data-element_type=\"column\">\n\t\t\t<div class=\"elementor-widget-wrap elementor-element-populated\">\n\t\t\t\t\t\t<div class=\"elementor-element elementor-element-e535630 elementor-widget elementor-widget-heading\" data-id=\"e535630\" data-element_type=\"widget\" data-widget_type=\"heading.default\">\n\t\t\t\t<div class=\"elementor-widget-container\">\n\t\t\t\t\t<h1 class=\"elementor-heading-title elementor-size-default\">PEDAGOGICK\u00c1 PRAX\nV PREGRADU\u00c1LNEJ\nPR\u00cdPRAVE U\u010cITE\u013dOV<\/h1>\t\t\t\t<\/div>\n\t\t\t\t<\/div>\n\t\t\t\t\t<\/div>\n\t\t<\/div>\n\t\t\t\t\t<\/div>\n\t\t<\/section>\n\t\t\t\t<section class=\"elementor-section elementor-top-section elementor-element elementor-element-01b69f8 elementor-section-boxed elementor-section-height-default elementor-section-height-default\" data-id=\"01b69f8\" data-element_type=\"section\">\n\t\t\t\t\t\t<div class=\"elementor-container elementor-column-gap-default\">\n\t\t\t\t\t<div class=\"elementor-column elementor-col-100 elementor-top-column elementor-element elementor-element-9d162ef\" data-id=\"9d162ef\" data-element_type=\"column\">\n\t\t\t<div class=\"elementor-widget-wrap elementor-element-populated\">\n\t\t\t\t\t\t<section class=\"elementor-section elementor-inner-section elementor-element elementor-element-41d89f5 elementor-section-boxed elementor-section-height-default elementor-section-height-default\" data-id=\"41d89f5\" data-element_type=\"section\">\n\t\t\t\t\t\t<div class=\"elementor-container elementor-column-gap-default\">\n\t\t\t\t\t<div class=\"elementor-column elementor-col-100 elementor-inner-column elementor-element elementor-element-3557569\" data-id=\"3557569\" data-element_type=\"column\">\n\t\t\t<div class=\"elementor-widget-wrap elementor-element-populated\">\n\t\t\t\t\t\t<div class=\"elementor-element elementor-element-2a34b47 elementor-widget elementor-widget-heading\" data-id=\"2a34b47\" data-element_type=\"widget\" data-widget_type=\"heading.default\">\n\t\t\t\t<div class=\"elementor-widget-container\">\n\t\t\t\t\t<h3 class=\"elementor-heading-title elementor-size-default\">2 Faktory ovplyv\u0148uj\u00face osobnos\u0165 vysoko\u0161kolsk\u00e9ho\n\u0161tudenta v realiz\u00e1cii pedagogickej praxe<\/h3>\t\t\t\t<\/div>\n\t\t\t\t<\/div>\n\t\t\t\t<section class=\"elementor-section elementor-inner-section elementor-element elementor-element-4f50d59 elementor-section-full_width elementor-section-height-default elementor-section-height-default\" data-id=\"4f50d59\" data-element_type=\"section\">\n\t\t\t\t\t\t<div class=\"elementor-container elementor-column-gap-default\">\n\t\t\t\t\t<div class=\"elementor-column elementor-col-100 elementor-inner-column elementor-element elementor-element-617b429\" data-id=\"617b429\" data-element_type=\"column\">\n\t\t\t<div class=\"elementor-widget-wrap elementor-element-populated\">\n\t\t\t\t\t\t<div class=\"elementor-element elementor-element-c84b5b7 elementor-widget__width-auto elementor-widget elementor-widget-heading\" data-id=\"c84b5b7\" data-element_type=\"widget\" data-widget_type=\"heading.default\">\n\t\t\t\t<div class=\"elementor-widget-container\">\n\t\t\t\t\t<h2 class=\"elementor-heading-title elementor-size-default\">K\u013e\u00fa\u010dov\u00e9 ot\u00e1zky kapitoly<\/h2>\t\t\t\t<\/div>\n\t\t\t\t<\/div>\n\t\t\t\t\t<\/div>\n\t\t<\/div>\n\t\t\t\t\t<\/div>\n\t\t<\/section>\n\t\t\t\t<div class=\"elementor-element elementor-element-9009f6e elementor-icon-list--layout-traditional elementor-list-item-link-full_width elementor-widget elementor-widget-icon-list\" data-id=\"9009f6e\" data-element_type=\"widget\" data-widget_type=\"icon-list.default\">\n\t\t\t\t<div class=\"elementor-widget-container\">\n\t\t\t\t\t\t\t<ul class=\"elementor-icon-list-items\">\n\t\t\t\t\t\t\t<li class=\"elementor-icon-list-item\">\n\t\t\t\t\t\t\t\t\t\t\t<span class=\"elementor-icon-list-icon\">\n\t\t\t\t\t\t\t<i aria-hidden=\"true\" class=\"fas fa-check\"><\/i>\t\t\t\t\t\t<\/span>\n\t\t\t\t\t\t\t\t\t\t<span class=\"elementor-icon-list-text\">Ak\u00e9 faktory ovplyv\u0148uj\u00fa realiz\u00e1ciu pedagogickej praxe vysoko\u0161kolsk\u00e9ho \u0161tudenta?<\/span>\n\t\t\t\t\t\t\t\t\t<\/li>\n\t\t\t\t\t\t\t\t<li class=\"elementor-icon-list-item\">\n\t\t\t\t\t\t\t\t\t\t\t<span class=\"elementor-icon-list-icon\">\n\t\t\t\t\t\t\t<i aria-hidden=\"true\" class=\"fas fa-check\"><\/i>\t\t\t\t\t\t<\/span>\n\t\t\t\t\t\t\t\t\t\t<span class=\"elementor-icon-list-text\">M\u00f4\u017ee ka\u017ed\u00fd vysoko\u0161kolsk\u00fd u\u010dite\u013e prispie\u0165 k adekv\u00e1tnej pripravenosti vysoko\u0161kolsk\u00e9ho \u0161tudenta na pedagogick\u00fa prax?<\/span>\n\t\t\t\t\t\t\t\t\t<\/li>\n\t\t\t\t\t\t\t\t<li class=\"elementor-icon-list-item\">\n\t\t\t\t\t\t\t\t\t\t\t<span class=\"elementor-icon-list-icon\">\n\t\t\t\t\t\t\t<i aria-hidden=\"true\" class=\"fas fa-check\"><\/i>\t\t\t\t\t\t<\/span>\n\t\t\t\t\t\t\t\t\t\t<span class=\"elementor-icon-list-text\">Do akej miery dok\u00e1\u017eu vrstovn\u00edci ovplyvni\u0165 realiz\u00e1ciu pedagogickej praxe vysoko\u0161kolsk\u00e9ho \u0161tudenta?<\/span>\n\t\t\t\t\t\t\t\t\t<\/li>\n\t\t\t\t\t\t\t\t<li class=\"elementor-icon-list-item\">\n\t\t\t\t\t\t\t\t\t\t\t<span class=\"elementor-icon-list-icon\">\n\t\t\t\t\t\t\t<i aria-hidden=\"true\" class=\"fas fa-check\"><\/i>\t\t\t\t\t\t<\/span>\n\t\t\t\t\t\t\t\t\t\t<span class=\"elementor-icon-list-text\">M\u00e1 rodina vysoko\u0161kolsk\u00e9ho \u0161tudenta pozit\u00edvny \u010di negat\u00edvny vplyv na realiz\u00e1ciu pedagogickej praxe?<\/span>\n\t\t\t\t\t\t\t\t\t<\/li>\n\t\t\t\t\t\t\t\t<li class=\"elementor-icon-list-item\">\n\t\t\t\t\t\t\t\t\t\t\t<span class=\"elementor-icon-list-icon\">\n\t\t\t\t\t\t\t<i aria-hidden=\"true\" class=\"fas fa-check\"><\/i>\t\t\t\t\t\t<\/span>\n\t\t\t\t\t\t\t\t\t\t<span class=\"elementor-icon-list-text\">Ako vpl\u00fdva samotn\u00e9 akademick\u00e9 prostredie na realiz\u00e1ciu pedagogickej praxe?<\/span>\n\t\t\t\t\t\t\t\t\t<\/li>\n\t\t\t\t\t\t\t\t<li class=\"elementor-icon-list-item\">\n\t\t\t\t\t\t\t\t\t\t\t<span class=\"elementor-icon-list-icon\">\n\t\t\t\t\t\t\t<i aria-hidden=\"true\" class=\"fas fa-check\"><\/i>\t\t\t\t\t\t<\/span>\n\t\t\t\t\t\t\t\t\t\t<span class=\"elementor-icon-list-text\">Je kvalita pedagogickej praxe podmienen\u00e1 realiz\u00e1ciou eduka\u010dn\u00e9ho procesu vysokej \u0161koly?<\/span>\n\t\t\t\t\t\t\t\t\t<\/li>\n\t\t\t\t\t\t<\/ul>\n\t\t\t\t\t\t<\/div>\n\t\t\t\t<\/div>\n\t\t\t\t<div class=\"elementor-element elementor-element-8c0916e elementor-widget elementor-widget-text-editor\" data-id=\"8c0916e\" data-element_type=\"widget\" data-widget_type=\"text-editor.default\">\n\t\t\t\t<div class=\"elementor-widget-container\">\n\t\t\t\t\t\t\t\t\t<p style=\"text-align: justify;\">Pedagogick\u00e1 prax je neoddelite\u013enou s\u00fa\u010das\u0165ou pregradu\u00e1lnej pr\u00edpravy\nu\u010dite\u013eov na v\u00fdkon profesie. Do ve\u013ekej miery ovplyv\u0148uje kvalitu vyu\u010dovacieho\nprocesu na cvi\u010dn\u00fdch \u0161kol\u00e1ch a nesk\u00f4r aj na \u0161kol\u00e1ch, kde absolvent bude\npracova\u0165 ako u\u010dite\u013e. Z tohto d\u00f4vodu je potrebn\u00e9 analyzova\u0165 faktory,\nktor\u00e9 ovplyv\u0148uj\u00fa realiz\u00e1ciu pedagogickej praxe z poz\u00edcie praktikanta.\nOsobnos\u0165 \u0161tudenta \u2013 praktikanta \u2013 je jedn\u00fdm z najd\u00f4le\u017eitej\u0161\u00edch faktorov\novplyv\u0148uj\u00facich realiz\u00e1ciu pedagogickej praxe, a teda n\u00e1sledne aj kvalitu\nvyu\u010dovacieho procesu cvi\u010dnej \u0161koly. Chyby sp\u00f4soben\u00e9 vo vyu\u010dovan\u00ed\npraktikanta po\u010das pedagogickej praxe maj\u00fa dopad na rozvoj osobnosti\n\u017eiakov a ich odstr\u00e1nenie \u010di minimaliz\u00e1cia je nesk\u00f4r ve\u013emi n\u00e1ro\u010dn\u00e1.\nPri jednoduchej dedukcii m\u00f4\u017eeme identifi kova\u0165 viacer\u00e9 faktory, ktor\u00e9\nspolup\u00f4sobia pri formovan\u00ed osobnosti \u0161tudenta. Za najd\u00f4le\u017eitej\u0161ie pova\u017eujeme vysoko\u0161kolsk\u00e9ho u\u010dite\u013ea, vyu\u010dovac\u00ed proces vysokej \u0161koly,\nakademick\u00e9 prostredie, vrstovn\u00edkov a rodinu vysoko\u0161kolsk\u00e9ho \u0161tudenta.\nRealiz\u00e1ciu pedagogickej praxe samozrejme ovplyv\u0148uj\u00fa viacer\u00e9 faktory\nako s\u00fa m\u00e9dia, celkov\u00e1 atmosf\u00e9ra spolo\u010dnosti, form\u00e1lne i neform\u00e1lne\nprezentovanie pr\u00e1ce u\u010dite\u013ea, \u017eivotn\u00fd \u0161t\u00fdl a, v nemalej miere, spolo\u010densk\u00e9\na fi nan\u010dn\u00e9 ohodnotenie pr\u00e1ce u\u010dite\u013ea. Materializmus a konzumn\u00fd sp\u00f4sob\n\u017eivota preferovan\u00fd v s\u00fa\u010dasnej spolo\u010dnosti rovnako vpl\u00fdvaj\u00fa na realiz\u00e1ciu\npedagogickej praxe t\u00fdm, \u017ee ich p\u00f4sobenie negat\u00edvne ovplyv\u0148uje osobnos\u0165\nvysoko\u0161kolsk\u00e9ho \u0161tudenta. V na\u0161ej publik\u00e1cii sa v\u0161ak zameriame na\nfaktory, ktor\u00e9 je mo\u017en\u00e9, s\u00edce v obmedzenej miere, ale predsa, usmer\u0148ova\u0165.<\/p>\t\t\t\t\t\t\t\t<\/div>\n\t\t\t\t<\/div>\n\t\t\t\t\t<\/div>\n\t\t<\/div>\n\t\t\t\t\t<\/div>\n\t\t<\/section>\n\t\t\t\t\t<\/div>\n\t\t<\/div>\n\t\t\t\t\t<\/div>\n\t\t<\/section>\n\t\t\t\t<\/div>\n\t\t","protected":false},"excerpt":{"rendered":"<p>PEDAGOGICK\u00c1 PRAX V PREGRADU\u00c1LNEJ PR\u00cdPRAVE U\u010cITE\u013dOV 2 Faktory ovplyv\u0148uj\u00face osobnos\u0165 vysoko\u0161kolsk\u00e9ho \u0161tudenta v realiz\u00e1cii pedagogickej praxe K\u013e\u00fa\u010dov\u00e9 ot\u00e1zky kapitoly Ak\u00e9 faktory ovplyv\u0148uj\u00fa realiz\u00e1ciu pedagogickej praxe vysoko\u0161kolsk\u00e9ho \u0161tudenta? M\u00f4\u017ee ka\u017ed\u00fd vysoko\u0161kolsk\u00fd u\u010dite\u013e prispie\u0165 k adekv\u00e1tnej pripravenosti vysoko\u0161kolsk\u00e9ho \u0161tudenta na pedagogick\u00fa prax? Do akej miery dok\u00e1\u017eu vrstovn\u00edci ovplyvni\u0165 realiz\u00e1ciu pedagogickej praxe vysoko\u0161kolsk\u00e9ho \u0161tudenta? M\u00e1 rodina vysoko\u0161kolsk\u00e9ho \u0161tudenta [&hellip;]<\/p>\n","protected":false},"author":3,"featured_media":0,"parent":0,"menu_order":0,"comment_status":"closed","ping_status":"closed","template":"","meta":{"footnotes":""},"class_list":["post-660","page","type-page","status-publish","hentry"],"_links":{"self":[{"href":"https:\/\/e-ucebnice.ff.ucm.sk\/index.php\/wp-json\/wp\/v2\/pages\/660","targetHints":{"allow":["GET"]}}],"collection":[{"href":"https:\/\/e-ucebnice.ff.ucm.sk\/index.php\/wp-json\/wp\/v2\/pages"}],"about":[{"href":"https:\/\/e-ucebnice.ff.ucm.sk\/index.php\/wp-json\/wp\/v2\/types\/page"}],"author":[{"embeddable":true,"href":"https:\/\/e-ucebnice.ff.ucm.sk\/index.php\/wp-json\/wp\/v2\/users\/3"}],"replies":[{"embeddable":true,"href":"https:\/\/e-ucebnice.ff.ucm.sk\/index.php\/wp-json\/wp\/v2\/comments?post=660"}],"version-history":[{"count":10,"href":"https:\/\/e-ucebnice.ff.ucm.sk\/index.php\/wp-json\/wp\/v2\/pages\/660\/revisions"}],"predecessor-version":[{"id":804,"href":"https:\/\/e-ucebnice.ff.ucm.sk\/index.php\/wp-json\/wp\/v2\/pages\/660\/revisions\/804"}],"wp:attachment":[{"href":"https:\/\/e-ucebnice.ff.ucm.sk\/index.php\/wp-json\/wp\/v2\/media?parent=660"}],"curies":[{"name":"wp","href":"https:\/\/api.w.org\/{rel}","templated":true}]}}