{"id":6608,"date":"2023-04-26T16:35:31","date_gmt":"2023-04-26T14:35:31","guid":{"rendered":"https:\/\/e-ucebnice.ff.ucm.sk\/?page_id=6608"},"modified":"2023-04-26T16:51:32","modified_gmt":"2023-04-26T14:51:32","slug":"problematizovanie-edukacnej-reality-about","status":"publish","type":"page","link":"https:\/\/e-ucebnice.ff.ucm.sk\/index.php\/problematizovanie-edukacnej-reality-about\/","title":{"rendered":"Problematizovanie eduka\u010dnej reality-about"},"content":{"rendered":"\t\t<div data-elementor-type=\"wp-page\" data-elementor-id=\"6608\" class=\"elementor elementor-6608\" data-elementor-post-type=\"page\">\n\t\t\t\t\t\t<section class=\"elementor-section elementor-top-section elementor-element elementor-element-a087921 elementor-section-height-min-height elementor-section-boxed elementor-section-height-default elementor-section-items-middle\" data-id=\"a087921\" data-element_type=\"section\" data-settings=\"{&quot;background_background&quot;:&quot;classic&quot;}\">\n\t\t\t\t\t\t\t<div class=\"elementor-background-overlay\"><\/div>\n\t\t\t\t\t\t\t<div class=\"elementor-container elementor-column-gap-default\">\n\t\t\t\t\t<div class=\"elementor-column elementor-col-100 elementor-top-column elementor-element elementor-element-ca0908d\" data-id=\"ca0908d\" data-element_type=\"column\">\n\t\t\t<div class=\"elementor-widget-wrap elementor-element-populated\">\n\t\t\t\t\t\t<div class=\"elementor-element elementor-element-39e60c9 elementor-widget elementor-widget-heading\" data-id=\"39e60c9\" data-element_type=\"widget\" data-widget_type=\"heading.default\">\n\t\t\t\t<div class=\"elementor-widget-container\">\n\t\t\t\t\t<h1 class=\"elementor-heading-title elementor-size-default\">PROBLEMATIZOVANIE EDUKA\u010cNEJ REALITY. <br>PRAKTICK\u00c1 METODOL\u00d3GIA<\/h1>\t\t\t\t<\/div>\n\t\t\t\t<\/div>\n\t\t\t\t\t<\/div>\n\t\t<\/div>\n\t\t\t\t\t<\/div>\n\t\t<\/section>\n\t\t\t\t<section class=\"elementor-section elementor-top-section elementor-element elementor-element-cc1b0fc elementor-section-boxed elementor-section-height-default elementor-section-height-default\" data-id=\"cc1b0fc\" data-element_type=\"section\">\n\t\t\t\t\t\t<div class=\"elementor-container elementor-column-gap-default\">\n\t\t\t\t\t<div class=\"elementor-column elementor-col-100 elementor-top-column elementor-element elementor-element-ab23f8a\" data-id=\"ab23f8a\" data-element_type=\"column\">\n\t\t\t<div class=\"elementor-widget-wrap elementor-element-populated\">\n\t\t\t\t\t\t<section class=\"elementor-section elementor-inner-section elementor-element elementor-element-c1392bc elementor-section-boxed elementor-section-height-default elementor-section-height-default\" data-id=\"c1392bc\" data-element_type=\"section\">\n\t\t\t\t\t\t<div class=\"elementor-container elementor-column-gap-default\">\n\t\t\t\t\t<div class=\"elementor-column elementor-col-100 elementor-inner-column elementor-element elementor-element-3e336e9\" data-id=\"3e336e9\" data-element_type=\"column\">\n\t\t\t<div class=\"elementor-widget-wrap elementor-element-populated\">\n\t\t\t\t\t\t<div class=\"elementor-element elementor-element-1e77349 elementor-widget elementor-widget-heading\" data-id=\"1e77349\" data-element_type=\"widget\" data-widget_type=\"heading.default\">\n\t\t\t\t<div class=\"elementor-widget-container\">\n\t\t\t\t\t<h3 class=\"elementor-heading-title elementor-size-default\">Problematizovanie eduka\u010dnej reality.<\/h3>\t\t\t\t<\/div>\n\t\t\t\t<\/div>\n\t\t\t\t<div class=\"elementor-element elementor-element-1bef2b8 elementor-widget elementor-widget-text-editor\" data-id=\"1bef2b8\" data-element_type=\"widget\" data-widget_type=\"text-editor.default\">\n\t\t\t\t<div class=\"elementor-widget-container\">\n\t\t\t\t\t\t\t\t\t<p>Praktick\u00e1 metodol\u00f3gia<br \/>Autor: Prof. Dr. hab. Krzysztof Rubacha<br \/>Recenzenti: prof. PaedDr. J\u00e1n Danek, CSc.<br \/>doc. PhDr., Mgr. Viliam Kon\u010dal, CSc.<br \/>Vydavate\u013e : Univerzita sv. Cyrila a Metoda v Trnave, 2014<br \/>Realiz\u00e1cia<br \/>prekladu: LEXMAN, \u0160kult\u00e9tyho 1, 831 03 Bratislava<br \/>e-mail: bratislava@lexman.sk | www.lexman.sk<br \/>Tla\u010d: Michal Va\u0161ko \u2013 Vydavate\u013estvo, Pre\u0161ov<br \/>N\u00e1klad: 100 ks<br \/>Po\u010det str\u00e1n: 148<br \/>ISBN 978-80-8105-622-2<\/p>\t\t\t\t\t\t\t\t<\/div>\n\t\t\t\t<\/div>\n\t\t\t\t\t<\/div>\n\t\t<\/div>\n\t\t\t\t\t<\/div>\n\t\t<\/section>\n\t\t\t\t\t<\/div>\n\t\t<\/div>\n\t\t\t\t\t<\/div>\n\t\t<\/section>\n\t\t\t\t<\/div>\n\t\t","protected":false},"excerpt":{"rendered":"<p>PROBLEMATIZOVANIE EDUKA\u010cNEJ REALITY. PRAKTICK\u00c1 METODOL\u00d3GIA Problematizovanie eduka\u010dnej reality. Praktick\u00e1 metodol\u00f3giaAutor: Prof. Dr. hab. Krzysztof RubachaRecenzenti: prof. PaedDr. J\u00e1n Danek, CSc.doc. PhDr., Mgr. Viliam Kon\u010dal, CSc.Vydavate\u013e : Univerzita sv. Cyrila a Metoda v Trnave, 2014Realiz\u00e1ciaprekladu: LEXMAN, \u0160kult\u00e9tyho 1, 831 03 Bratislavae-mail: bratislava@lexman.sk | www.lexman.skTla\u010d: Michal Va\u0161ko \u2013 Vydavate\u013estvo, Pre\u0161ovN\u00e1klad: 100 ksPo\u010det str\u00e1n: 148ISBN 978-80-8105-622-2<\/p>\n","protected":false},"author":3,"featured_media":0,"parent":0,"menu_order":0,"comment_status":"closed","ping_status":"closed","template":"","meta":{"footnotes":""},"class_list":["post-6608","page","type-page","status-publish","hentry"],"_links":{"self":[{"href":"https:\/\/e-ucebnice.ff.ucm.sk\/index.php\/wp-json\/wp\/v2\/pages\/6608","targetHints":{"allow":["GET"]}}],"collection":[{"href":"https:\/\/e-ucebnice.ff.ucm.sk\/index.php\/wp-json\/wp\/v2\/pages"}],"about":[{"href":"https:\/\/e-ucebnice.ff.ucm.sk\/index.php\/wp-json\/wp\/v2\/types\/page"}],"author":[{"embeddable":true,"href":"https:\/\/e-ucebnice.ff.ucm.sk\/index.php\/wp-json\/wp\/v2\/users\/3"}],"replies":[{"embeddable":true,"href":"https:\/\/e-ucebnice.ff.ucm.sk\/index.php\/wp-json\/wp\/v2\/comments?post=6608"}],"version-history":[{"count":4,"href":"https:\/\/e-ucebnice.ff.ucm.sk\/index.php\/wp-json\/wp\/v2\/pages\/6608\/revisions"}],"predecessor-version":[{"id":6619,"href":"https:\/\/e-ucebnice.ff.ucm.sk\/index.php\/wp-json\/wp\/v2\/pages\/6608\/revisions\/6619"}],"wp:attachment":[{"href":"https:\/\/e-ucebnice.ff.ucm.sk\/index.php\/wp-json\/wp\/v2\/media?parent=6608"}],"curies":[{"name":"wp","href":"https:\/\/api.w.org\/{rel}","templated":true}]}}