{"id":722,"date":"2023-01-27T11:36:41","date_gmt":"2023-01-27T10:36:41","guid":{"rendered":"https:\/\/e-ucebnice.ff.ucm.sk\/?page_id=722"},"modified":"2023-01-27T11:37:40","modified_gmt":"2023-01-27T10:37:40","slug":"pedagogicka-prax-v-pregradualnej-priprave-ucitelov-1-3","status":"publish","type":"page","link":"https:\/\/e-ucebnice.ff.ucm.sk\/index.php\/pedagogicka-prax-v-pregradualnej-priprave-ucitelov-1-3\/","title":{"rendered":"Pedagogicka prax v pregradualnej priprave ucitelov-1-3"},"content":{"rendered":"\t\t<div data-elementor-type=\"wp-page\" data-elementor-id=\"722\" class=\"elementor elementor-722\" data-elementor-post-type=\"page\">\n\t\t\t\t\t\t<section class=\"elementor-section elementor-top-section elementor-element elementor-element-b43bafa elementor-section-height-min-height elementor-section-boxed elementor-section-height-default elementor-section-items-middle\" data-id=\"b43bafa\" data-element_type=\"section\" data-settings=\"{&quot;background_background&quot;:&quot;classic&quot;}\">\n\t\t\t\t\t\t\t<div class=\"elementor-background-overlay\"><\/div>\n\t\t\t\t\t\t\t<div class=\"elementor-container elementor-column-gap-default\">\n\t\t\t\t\t<div class=\"elementor-column elementor-col-100 elementor-top-column elementor-element elementor-element-4cfaeb6\" data-id=\"4cfaeb6\" data-element_type=\"column\">\n\t\t\t<div class=\"elementor-widget-wrap elementor-element-populated\">\n\t\t\t\t\t\t<div class=\"elementor-element elementor-element-c0b8525 elementor-widget elementor-widget-heading\" data-id=\"c0b8525\" data-element_type=\"widget\" data-widget_type=\"heading.default\">\n\t\t\t\t<div class=\"elementor-widget-container\">\n\t\t\t\t\t<h1 class=\"elementor-heading-title elementor-size-default\">PEDAGOGICK\u00c1 PRAX\nV PREGRADU\u00c1LNEJ\nPR\u00cdPRAVE U\u010cITE\u013dOV<\/h1>\t\t\t\t<\/div>\n\t\t\t\t<\/div>\n\t\t\t\t\t<\/div>\n\t\t<\/div>\n\t\t\t\t\t<\/div>\n\t\t<\/section>\n\t\t\t\t<section class=\"elementor-section elementor-top-section elementor-element elementor-element-c1fa251 elementor-section-boxed elementor-section-height-default elementor-section-height-default\" data-id=\"c1fa251\" data-element_type=\"section\">\n\t\t\t\t\t\t<div class=\"elementor-container elementor-column-gap-default\">\n\t\t\t\t\t<div class=\"elementor-column elementor-col-100 elementor-top-column elementor-element elementor-element-7e7f458\" data-id=\"7e7f458\" data-element_type=\"column\">\n\t\t\t<div class=\"elementor-widget-wrap elementor-element-populated\">\n\t\t\t\t\t\t<section class=\"elementor-section elementor-inner-section elementor-element elementor-element-8b5a0ee elementor-section-boxed elementor-section-height-default elementor-section-height-default\" data-id=\"8b5a0ee\" data-element_type=\"section\">\n\t\t\t\t\t\t<div class=\"elementor-container elementor-column-gap-default\">\n\t\t\t\t\t<div class=\"elementor-column elementor-col-100 elementor-inner-column elementor-element elementor-element-b07e739\" data-id=\"b07e739\" data-element_type=\"column\">\n\t\t\t<div class=\"elementor-widget-wrap elementor-element-populated\">\n\t\t\t\t\t\t<div class=\"elementor-element elementor-element-36f1896 elementor-widget elementor-widget-heading\" data-id=\"36f1896\" data-element_type=\"widget\" data-widget_type=\"heading.default\">\n\t\t\t\t<div class=\"elementor-widget-container\">\n\t\t\t\t\t<h3 class=\"elementor-heading-title elementor-size-default\">1.3 Osobnos\u0165 vysoko\u0161kolsk\u00e9ho \u0161tudenta v s\u00fa\u010dasnej pr\u00e1vnej legislat\u00edve<\/h3>\t\t\t\t<\/div>\n\t\t\t\t<\/div>\n\t\t\t\t<div class=\"elementor-element elementor-element-f8d9d98 elementor-widget elementor-widget-text-editor\" data-id=\"f8d9d98\" data-element_type=\"widget\" data-widget_type=\"text-editor.default\">\n\t\t\t\t<div class=\"elementor-widget-container\">\n\t\t\t\t\t\t\t\t\t<p style=\"text-align: justify;\">Poslednou zvolenou kateg\u00f3riou v charakteristike osobnosti \u0161tudenta\nje v s\u00fa\u010dasnosti platn\u00e1 pr\u00e1vna legislat\u00edva. Vych\u00e1dzaj\u00fac z \u00a7 69 Z\u00e1kona\no vysok\u00fdch \u0161kol\u00e1ch \u010d. 131\/2002 Z. z. je pod\u013ea T. \u0160eben Za\u0165kovej\n(2014) vysoko\u0161kolsk\u00fd \u0161tudent fyzick\u00e1 osoba, ktor\u00e1 splnila po\u017eiadavky\nprij\u00edmacieho konania (stanoven\u00e9 in\u0161tit\u00faciou), bola prijat\u00e1 na \u0161t\u00fadium,\nzap\u00edsan\u00e1 a vzdel\u00e1va sa v r\u00e1mci \u0161tudijn\u00e9ho programu danej fakulty\nalebo nieko\u013ek\u00fdch fak\u00falt vysokej \u0161koly. \u0160tudentom sa st\u00e1va uch\u00e1dza\u010d\no \u0161t\u00fadium zvolen\u00e9ho \u0161tudijn\u00e9ho programu d\u0148om z\u00e1pisu. Prest\u00e1va by\u0165\n\u0161tudentom odo d\u0148a skon\u010denia \u0161t\u00fadia, alebo odo d\u0148a preru\u0161enia \u0161t\u00fadia.\nZ\u00e1kon vo svojich paragrafoch taxat\u00edvne stanovuje pr\u00e1va a povinnosti\nvysoko\u0161kolsk\u00e9ho \u0161tudenta.<\/p>\nPod\u013ea \u00a770 bod (1) m\u00e1 \u0161tudent pr\u00e1vo najm\u00e4:\n<ol type=\"a\">\n<li>l\u0161tudova\u0165 \u0161tudijn\u00fd program, na ktor\u00fd bol prijat\u00fd,<\/li>\n<li>utvori\u0165 si \u0161tudijn\u00fd pl\u00e1n pod\u013ea pravidiel \u0161tudijn\u00e9ho programu,<\/li>\n<li>zap\u00edsa\u0165 sa do \u010fal\u0161ej \u010dasti \u0161tudijn\u00e9ho programu, ak splnil povinnosti\nur\u010den\u00e9 \u0161tudijn\u00fdm programom alebo \u0161tudijn\u00fdm poriadkom,<\/li>\n<li>pri re\u0161pektovan\u00ed \u010dasov\u00fdch a kapacitn\u00fdch obmedzen\u00ed dan\u00fdch\n\u0161tudijn\u00fdm poriadkom a \u0161tudijn\u00fdm programom zvoli\u0165 si tempo\n\u0161t\u00fadia, poradie absolvovania predmetov pri zachovan\u00ed ich\npredp\u00edsanej nadv\u00e4znosti a zvoli\u0165 si u\u010dite\u013ea pri predmete vyu\u010dovanom\nviacer\u00fdmi u\u010dite\u013emi,<\/li>\n<li>v r\u00e1mci svojho \u0161t\u00fadia uch\u00e1dza\u0165 sa aj o \u0161t\u00fadium na inej vysokej \u0161kole,\na to aj v zahrani\u010d\u00ed,<\/li>\n<li>z\u00fa\u010dast\u0148ova\u0165 sa na v\u00fdskumnej, v\u00fdvojovej alebo umeleckej a \u010fal\u0161ej\ntvorivej \u010dinnosti vysokej \u0161koly,<\/li>\n<li>z\u00fa\u010dastni\u0165 sa na zakladan\u00ed a \u010dinnosti nez\u00e1visl\u00fdch zdru\u017een\u00ed\np\u00f4sobiacich na akademickej p\u00f4de (spolkov, zv\u00e4zov, stavovsk\u00fdch\nzdru\u017een\u00ed) v s\u00falade s pr\u00e1vnymi predpismi,\n<\/li><li>aspo\u0148 raz ro\u010dne ma\u0165 mo\u017enos\u0165 formou anonymn\u00e9ho dotazn\u00edka vyjadri\u0165 sa o kvalite v\u00fdu\u010dby a u\u010dite\u013eoch,<\/li>\n<li>slobodne prejavova\u0165 n\u00e1zory a pripomienky k vysok\u00e9mu \u0161kolstvu,<\/li>\n<li> na informa\u010dn\u00e9 a poradensk\u00e9 slu\u017eby s\u00favisiace so \u0161t\u00fadiom\na mo\u017enos\u0165ou uplatnenia absolventov \u0161tudijn\u00fdch programov v praxi,<\/li>\n<li>ak sa neho vz\u0165ahuje povinnos\u0165 uhradi\u0165 \u0161koln\u00e9 pod\u013ea \u00a7 92 ods. 5,\nrozhodn\u00fa\u0165 sa, v ktorom \u0161tudijnom programe bude v pr\u00edslu\u0161nom\nakademickom roku \u0161tudova\u0165 bezplatne, ak m\u00e1 na bezplatn\u00e9\nvysoko\u0161kolsk\u00e9 \u0161t\u00fadium n\u00e1rok,<\/li>\n<li>za podmienok ur\u010den\u00fdch \u0161tudijn\u00fdm poriadkom zmeni\u0165 \u0161tudijn\u00fd\nprogram v r\u00e1mci toho ist\u00e9ho \u0161tudijn\u00e9ho odboru alebo pr\u00edbuzn\u00e9ho\n\u0161tudijn\u00e9ho odboru.<\/li><\/ol>\n(2) Na \u0161tudenta, ktor\u00fd sa z\u00fa\u010dast\u0148uje na praktickej v\u00fdu\u010dbe a praxi, sa\nvz\u0165ahuj\u00fa v\u0161eobecn\u00e9 predpisy o bezpe\u010dnosti a ochrane zdravia pri\npr\u00e1ci.<\/p>\n<p style=\"text-align: justify;\">Z\u00e1kladn\u00e9 povinnosti vysoko\u0161kolsk\u00e9ho \u0161tudenta ustanovuje \u00a7 71, ktor\u00fd\ntaxat\u00edvne ur\u010duje, \u017ee:\n<ol>\n<li>\u0160tudijn\u00e9 povinnosti \u0161tudenta vypl\u00fdvaj\u00fa zo \u0161tudijn\u00e9ho programu,\nktor\u00fd \u0161tuduje, a zo \u0161tudijn\u00e9ho poriadku.<\/li>\n<li>\u0160tudent je povinn\u00fd dodr\u017eiava\u0165 vn\u00fatorn\u00e9 predpisy vysokej \u0161koly\na jej s\u00fa\u010dast\u00ed.<\/li>\n<li>\u0160tudent je \u010falej povinn\u00fd najm\u00e4:\n<ol type=\"a\">\n<li>chr\u00e1ni\u0165 a hospod\u00e1rne vyu\u017e\u00edva\u0165 majetok, prostriedky a slu\u017eby\nvysokej \u0161koly,<\/li>\n<li>uhr\u00e1dza\u0165 \u0161koln\u00e9 a poplatky spojen\u00e9 so \u0161t\u00fadiom pod\u013ea tohto\nz\u00e1kona, a to v\u00fdlu\u010dne a priamo vysokej \u0161kole, na ktorej je\nzap\u00edsan\u00fd, a pravdivo uvies\u0165 skuto\u010dnosti rozhoduj\u00face na ich\nur\u010denie,<\/li>\n<li>ozn\u00e1mi\u0165 vysokej \u0161kole alebo fakulte, ak je zap\u00edsan\u00fd na\n\u0161tudijn\u00fd program uskuto\u010d\u0148ovan\u00fd na fakulte, adresu ur\u010den\u00fa na\ndoru\u010dovanie p\u00edsomnost\u00ed,<\/li>\n<li>osobne sa dostavi\u0165 na p\u00edsomn\u00e9 predvolanie rektora, dekana\nalebo nimi poveren\u00e9ho zamestnanca vysokej \u0161koly alebo\nfakulty na prerokovanie ot\u00e1zok t\u00fdkaj\u00facich sa priebehu alebo skon\u010denia jeho \u0161t\u00fadia alebo s\u00favisiacich s jeho pr\u00e1vami\na povinnos\u0165ami,<\/li>\n<li>p\u00edsomne ozn\u00e1mi\u0165 vysokej \u0161kole alebo fakulte, ak je zap\u00edsan\u00fd\nna \u0161tudijn\u00fd program uskuto\u010d\u0148ovan\u00fd na fakulte, rozhodnutie\npod\u013ea \u00a7 70 ods. 1 p\u00edsm. k) do 30. septembra pr\u00edslu\u0161n\u00e9ho\nakademick\u00e9ho roka.<\/li>\n<\/ol>\n<\/li>\n<\/ol><\/p>\n<p style=\"text-align: justify;\">Z legislat\u00edvneho vymedzenia charakteristiky je zrejm\u00e9, \u017ee \u0161tudent\nvysokej \u0161koly m\u00e1 ma\u0165 na jednej strane vytvoren\u00e9 adekv\u00e1tne podmienky, no\nna druhej strane m\u00e1 zodpovedne pristupova\u0165 k realiz\u00e1cii vysoko\u0161kolsk\u00e9ho\n\u0161t\u00fadia. Rovnako by mal pristupova\u0165 i k realiz\u00e1cii pedagogickej praxe,\nnako\u013eko si slobodne zvolil \u0161tudijn\u00fd program a je v jeho z\u00e1ujme, aby sa \u010do\nnajlep\u0161ie pripravil na v\u00fdkon bud\u00facej profesie u\u010dite\u013ea.<\/p>\n<p style=\"text-align: justify;\">Z\u00e1verom je potrebn\u00e9 kon\u0161tatova\u0165, \u017ee v praxi eduka\u010dn\u00e9ho procesu\nvysokej \u0161koly \u010di univerzity nie je mo\u017en\u00e9 striktne prira\u010fova\u0165 \u0161tudentov\nk ur\u010dit\u00e9mu typu z vy\u0161\u0161ie uveden\u00fdch klasifi k\u00e1ci\u00ed. Jednotliv\u00e9 typy sa\nprel\u00ednaj\u00fa a ide\u00e1lneho \u0161tudenta by sme \u0165a\u017eko h\u013eadali, rovnako ako\nide\u00e1lneho u\u010dite\u013ea, ale vzh\u013eadom na obdobie zrenia osobnosti mlad\u00e9ho\n\u010dloveka m\u00f4\u017eeme jeho spr\u00e1vanie a konanie usmer\u0148ova\u0165 a ovplyv\u0148ova\u0165\ntak rozvoj jeho osobnosti. Je potrebn\u00e9 zameriava\u0165 sa na pozit\u00edvne\n\u010drty a eliminova\u0165 negat\u00edvne \u010drty konkr\u00e9tneho typu prevl\u00e1daj\u00faceho\nv osobnosti \u0161tudenta. \u0160tudent si m\u00e1 po\u010das \u0161t\u00fadia osvoji\u0165 formy spr\u00e1vania,\nktor\u00e9 zodpovedaj\u00fa v\u0161eobecne prijat\u00fdm norm\u00e1m a pravidl\u00e1m spolo\u010dnosti\na rozv\u00edja\u0165 schopnos\u0165 vzdel\u00e1vania. Klasifi k\u00e1cie vysoko\u0161kolsk\u00fdch \u0161tudentov\numo\u017e\u0148uj\u00fa vysoko\u0161kolsk\u00e9mu u\u010dite\u013eovi adekv\u00e1tnu diagnostiku nevyhnutn\u00fa\npre jeho eduka\u010dn\u00fa pr\u00e1cu a vysoko\u0161kolsk\u00e9mu \u0161tudentovi napom\u00e1haj\u00fa\nk sebauvedomeniu a korekcii vlastn\u00e9ho spr\u00e1vania a \u010dinnosti v smere\npozit\u00edvneho rozvoja vlastnej osobnosti.<\/p>\t\t\t\t\t\t\t\t<\/div>\n\t\t\t\t<\/div>\n\t\t\t\t\t<\/div>\n\t\t<\/div>\n\t\t\t\t\t<\/div>\n\t\t<\/section>\n\t\t\t\t\t<\/div>\n\t\t<\/div>\n\t\t\t\t\t<\/div>\n\t\t<\/section>\n\t\t\t\t<\/div>\n\t\t","protected":false},"excerpt":{"rendered":"<p>PEDAGOGICK\u00c1 PRAX V PREGRADU\u00c1LNEJ PR\u00cdPRAVE U\u010cITE\u013dOV 1.3 Osobnos\u0165 vysoko\u0161kolsk\u00e9ho \u0161tudenta v s\u00fa\u010dasnej pr\u00e1vnej legislat\u00edve Poslednou zvolenou kateg\u00f3riou v charakteristike osobnosti \u0161tudenta je v s\u00fa\u010dasnosti platn\u00e1 pr\u00e1vna legislat\u00edva. Vych\u00e1dzaj\u00fac z \u00a7 69 Z\u00e1kona o vysok\u00fdch \u0161kol\u00e1ch \u010d. 131\/2002 Z. z. je pod\u013ea T. \u0160eben Za\u0165kovej (2014) vysoko\u0161kolsk\u00fd \u0161tudent fyzick\u00e1 osoba, ktor\u00e1 splnila po\u017eiadavky prij\u00edmacieho konania (stanoven\u00e9 [&hellip;]<\/p>\n","protected":false},"author":3,"featured_media":0,"parent":0,"menu_order":0,"comment_status":"closed","ping_status":"closed","template":"","meta":{"footnotes":""},"class_list":["post-722","page","type-page","status-publish","hentry"],"_links":{"self":[{"href":"https:\/\/e-ucebnice.ff.ucm.sk\/index.php\/wp-json\/wp\/v2\/pages\/722","targetHints":{"allow":["GET"]}}],"collection":[{"href":"https:\/\/e-ucebnice.ff.ucm.sk\/index.php\/wp-json\/wp\/v2\/pages"}],"about":[{"href":"https:\/\/e-ucebnice.ff.ucm.sk\/index.php\/wp-json\/wp\/v2\/types\/page"}],"author":[{"embeddable":true,"href":"https:\/\/e-ucebnice.ff.ucm.sk\/index.php\/wp-json\/wp\/v2\/users\/3"}],"replies":[{"embeddable":true,"href":"https:\/\/e-ucebnice.ff.ucm.sk\/index.php\/wp-json\/wp\/v2\/comments?post=722"}],"version-history":[{"count":4,"href":"https:\/\/e-ucebnice.ff.ucm.sk\/index.php\/wp-json\/wp\/v2\/pages\/722\/revisions"}],"predecessor-version":[{"id":726,"href":"https:\/\/e-ucebnice.ff.ucm.sk\/index.php\/wp-json\/wp\/v2\/pages\/722\/revisions\/726"}],"wp:attachment":[{"href":"https:\/\/e-ucebnice.ff.ucm.sk\/index.php\/wp-json\/wp\/v2\/media?parent=722"}],"curies":[{"name":"wp","href":"https:\/\/api.w.org\/{rel}","templated":true}]}}