{"id":7890,"date":"2023-05-11T07:58:53","date_gmt":"2023-05-11T05:58:53","guid":{"rendered":"https:\/\/e-ucebnice.ff.ucm.sk\/?page_id=7890"},"modified":"2023-05-11T08:06:47","modified_gmt":"2023-05-11T06:06:47","slug":"zaklady-pedagogiky-about","status":"publish","type":"page","link":"https:\/\/e-ucebnice.ff.ucm.sk\/index.php\/zaklady-pedagogiky-about\/","title":{"rendered":"Z\u00e1klady pedagogiky-About"},"content":{"rendered":"\t\t<div data-elementor-type=\"wp-page\" data-elementor-id=\"7890\" class=\"elementor elementor-7890\" data-elementor-post-type=\"page\">\n\t\t\t\t\t\t<section class=\"elementor-section elementor-top-section elementor-element elementor-element-d54bff6 elementor-section-height-min-height elementor-section-boxed elementor-section-height-default elementor-section-items-middle\" data-id=\"d54bff6\" data-element_type=\"section\" data-settings=\"{&quot;background_background&quot;:&quot;classic&quot;}\">\n\t\t\t\t\t\t\t<div class=\"elementor-background-overlay\"><\/div>\n\t\t\t\t\t\t\t<div class=\"elementor-container elementor-column-gap-default\">\n\t\t\t\t\t<div class=\"elementor-column elementor-col-100 elementor-top-column elementor-element elementor-element-adf5dd5\" data-id=\"adf5dd5\" data-element_type=\"column\">\n\t\t\t<div class=\"elementor-widget-wrap elementor-element-populated\">\n\t\t\t\t\t\t<div class=\"elementor-element elementor-element-6b3e607 elementor-widget elementor-widget-heading\" data-id=\"6b3e607\" data-element_type=\"widget\" data-widget_type=\"heading.default\">\n\t\t\t\t<div class=\"elementor-widget-container\">\n\t\t\t\t\t<h1 class=\"elementor-heading-title elementor-size-default\">Z\u00c1KLADY PEDAGOGIKY <\/h1>\t\t\t\t<\/div>\n\t\t\t\t<\/div>\n\t\t\t\t\t<\/div>\n\t\t<\/div>\n\t\t\t\t\t<\/div>\n\t\t<\/section>\n\t\t\t\t<section class=\"elementor-section elementor-top-section elementor-element elementor-element-d597b9f elementor-section-boxed elementor-section-height-default elementor-section-height-default\" data-id=\"d597b9f\" data-element_type=\"section\">\n\t\t\t\t\t\t<div class=\"elementor-container elementor-column-gap-default\">\n\t\t\t\t\t<div class=\"elementor-column elementor-col-100 elementor-top-column elementor-element elementor-element-37a0a21\" data-id=\"37a0a21\" data-element_type=\"column\">\n\t\t\t<div class=\"elementor-widget-wrap elementor-element-populated\">\n\t\t\t\t\t\t<section class=\"elementor-section elementor-inner-section elementor-element elementor-element-5856b25 elementor-section-boxed elementor-section-height-default elementor-section-height-default\" data-id=\"5856b25\" data-element_type=\"section\">\n\t\t\t\t\t\t<div class=\"elementor-container elementor-column-gap-default\">\n\t\t\t\t\t<div class=\"elementor-column elementor-col-100 elementor-inner-column elementor-element elementor-element-2584e43\" data-id=\"2584e43\" data-element_type=\"column\">\n\t\t\t<div class=\"elementor-widget-wrap elementor-element-populated\">\n\t\t\t\t\t\t<div class=\"elementor-element elementor-element-fb776c6 elementor-widget elementor-widget-heading\" data-id=\"fb776c6\" data-element_type=\"widget\" data-widget_type=\"heading.default\">\n\t\t\t\t<div class=\"elementor-widget-container\">\n\t\t\t\t\t<h3 class=\"elementor-heading-title elementor-size-default\">Z\u00e1klady pedagogiky<\/h3>\t\t\t\t<\/div>\n\t\t\t\t<\/div>\n\t\t\t\t<div class=\"elementor-element elementor-element-6b26410 elementor-widget elementor-widget-text-editor\" data-id=\"6b26410\" data-element_type=\"widget\" data-widget_type=\"text-editor.default\">\n\t\t\t\t<div class=\"elementor-widget-container\">\n\t\t\t\t\t\t\t\t\t<p>Publik\u00e1cia bola spracovan\u00e1 ako jeden z v\u00fdstupov rie\u0161enia projektu <strong><em>001UCM-2-1\/2022 Inov\u00e1cia a digitaliz\u00e1cia dopl\u0148uj\u00faceho pedagogick\u00e9ho \u0161t\u00fadia a roz\u0161iruj\u00faceho \u0161t\u00fadia na FF UCM v\u00a0Trnave<\/em><\/strong>. Tematick\u00e1 oblas\u0165: <em>2022.1.<\/em> T\u00e9ma 1: <em>Podpora poskytovania a uskuto\u010d\u0148ovania dopl\u0148uj\u00faceho pedagogick\u00e9ho \u0161t\u00fadia alebo roz\u0161iruj\u00faceho \u0161t\u00fadia.<\/em>\u00a0 Identifik\u00e1tor: 20220816131519110<\/p><p>\u00a0<\/p><p>Autor: \u00a0\u00a0\u00a0\u00a0\u00a0\u00a0\u00a0\u00a0\u00a0\u00a0\u00a0 \u00a0\u00a0\u00a0 PaedDr. T\u00edmea \u0160eben Za\u0165kov\u00e1, PhD.<\/p><p>Recenzenti: \u00a0\u00a0 \u00a0\u00a0doc. PaedDr. Na\u010fa Bizov\u00e1, PhD.<\/p><p>\u00a0\u00a0\u00a0\u00a0\u00a0\u00a0\u00a0\u00a0\u00a0\u00a0\u00a0\u00a0\u00a0\u00a0\u00a0\u00a0\u00a0\u00a0\u00a0\u00a0\u00a0\u00a0\u00a0\u00a0\u00a0\u00a0\u00a0 Mgr. Eva Ba\u010dkorov\u00e1, PhD.<\/p><p>\u00a0<\/p><p>Vydanie vysoko\u0161kolskej u\u010debnice bolo schv\u00e1len\u00e9 Edi\u010dnou radou Univerzity sv. Cyrila a\u00a0Metoda v\u00a0Trnave a\u00a0veden\u00edm Filozofickej fakulty Univerzity sv. Cyrila a\u00a0Metoda v\u00a0Trnave.<\/p><p>\u00a0<\/p><p>\u00a9 Univerzita sv. Cyrila a\u00a0Metoda v\u00a0Trnave<\/p><p>\u00a9 PaedDr. T\u00edmea \u0160eben Za\u0165kov\u00e1, PhD.<\/p><p>Za obsahov\u00fa str\u00e1nku publik\u00e1cie zodpoved\u00e1 autorka. V\u0161etky pr\u00e1va vyhraden\u00e9. Toto dielo ani jeho \u010das\u0165 nemo\u017eno reprodukova\u0165 bez s\u00fahlasu majite\u013eov autorsk\u00fdch pr\u00e1v.<\/p><p>\u00a0<\/p><p>Vydavate\u013e: Univerzita sv. Cyrila a\u00a0Metoda v\u00a0Trnave, 2023<\/p><p>Vydanie: prv\u00e9<\/p><p>\u00a0<\/p><p>ISBN 978-80-572-0320-9<\/p>\t\t\t\t\t\t\t\t<\/div>\n\t\t\t\t<\/div>\n\t\t\t\t\t<\/div>\n\t\t<\/div>\n\t\t\t\t\t<\/div>\n\t\t<\/section>\n\t\t\t\t\t<\/div>\n\t\t<\/div>\n\t\t\t\t\t<\/div>\n\t\t<\/section>\n\t\t\t\t<\/div>\n\t\t","protected":false},"excerpt":{"rendered":"<p>Z\u00c1KLADY PEDAGOGIKY Z\u00e1klady pedagogiky Publik\u00e1cia bola spracovan\u00e1 ako jeden z v\u00fdstupov rie\u0161enia projektu 001UCM-2-1\/2022 Inov\u00e1cia a digitaliz\u00e1cia dopl\u0148uj\u00faceho pedagogick\u00e9ho \u0161t\u00fadia a roz\u0161iruj\u00faceho \u0161t\u00fadia na FF UCM v\u00a0Trnave. Tematick\u00e1 oblas\u0165: 2022.1. T\u00e9ma 1: Podpora poskytovania a uskuto\u010d\u0148ovania dopl\u0148uj\u00faceho pedagogick\u00e9ho \u0161t\u00fadia alebo roz\u0161iruj\u00faceho \u0161t\u00fadia.\u00a0 Identifik\u00e1tor: 20220816131519110 \u00a0 Autor: \u00a0\u00a0\u00a0\u00a0\u00a0\u00a0\u00a0\u00a0\u00a0\u00a0\u00a0 \u00a0\u00a0\u00a0 PaedDr. T\u00edmea \u0160eben Za\u0165kov\u00e1, PhD. Recenzenti: \u00a0\u00a0 [&hellip;]<\/p>\n","protected":false},"author":3,"featured_media":0,"parent":0,"menu_order":0,"comment_status":"closed","ping_status":"closed","template":"","meta":{"footnotes":""},"class_list":["post-7890","page","type-page","status-publish","hentry"],"_links":{"self":[{"href":"https:\/\/e-ucebnice.ff.ucm.sk\/index.php\/wp-json\/wp\/v2\/pages\/7890","targetHints":{"allow":["GET"]}}],"collection":[{"href":"https:\/\/e-ucebnice.ff.ucm.sk\/index.php\/wp-json\/wp\/v2\/pages"}],"about":[{"href":"https:\/\/e-ucebnice.ff.ucm.sk\/index.php\/wp-json\/wp\/v2\/types\/page"}],"author":[{"embeddable":true,"href":"https:\/\/e-ucebnice.ff.ucm.sk\/index.php\/wp-json\/wp\/v2\/users\/3"}],"replies":[{"embeddable":true,"href":"https:\/\/e-ucebnice.ff.ucm.sk\/index.php\/wp-json\/wp\/v2\/comments?post=7890"}],"version-history":[{"count":10,"href":"https:\/\/e-ucebnice.ff.ucm.sk\/index.php\/wp-json\/wp\/v2\/pages\/7890\/revisions"}],"predecessor-version":[{"id":7906,"href":"https:\/\/e-ucebnice.ff.ucm.sk\/index.php\/wp-json\/wp\/v2\/pages\/7890\/revisions\/7906"}],"wp:attachment":[{"href":"https:\/\/e-ucebnice.ff.ucm.sk\/index.php\/wp-json\/wp\/v2\/media?parent=7890"}],"curies":[{"name":"wp","href":"https:\/\/api.w.org\/{rel}","templated":true}]}}