{"id":8021,"date":"2024-10-10T16:13:07","date_gmt":"2024-10-10T14:13:07","guid":{"rendered":"https:\/\/e-ucebnice.ff.ucm.sk\/?page_id=8021"},"modified":"2024-10-18T09:12:55","modified_gmt":"2024-10-18T07:12:55","slug":"prirucka-specificke-potreby-uvod","status":"publish","type":"page","link":"https:\/\/e-ucebnice.ff.ucm.sk\/index.php\/prirucka-specificke-potreby-uvod\/","title":{"rendered":"Prirucka-specificke-potreby-uvod"},"content":{"rendered":"\t\t<div data-elementor-type=\"wp-page\" data-elementor-id=\"8021\" class=\"elementor elementor-8021\" data-elementor-post-type=\"page\">\n\t\t\t\t\t\t<section class=\"elementor-section elementor-top-section elementor-element elementor-element-b2eeed8 elementor-section-height-min-height elementor-section-boxed elementor-section-height-default elementor-section-items-middle\" data-id=\"b2eeed8\" data-element_type=\"section\" data-settings=\"{&quot;background_background&quot;:&quot;classic&quot;}\">\n\t\t\t\t\t\t\t<div class=\"elementor-background-overlay\"><\/div>\n\t\t\t\t\t\t\t<div class=\"elementor-container elementor-column-gap-default\">\n\t\t\t\t\t<div class=\"elementor-column elementor-col-100 elementor-top-column elementor-element elementor-element-91ce5cd\" data-id=\"91ce5cd\" data-element_type=\"column\">\n\t\t\t<div class=\"elementor-widget-wrap elementor-element-populated\">\n\t\t\t\t\t\t<div class=\"elementor-element elementor-element-1c6da3b elementor-widget elementor-widget-heading\" data-id=\"1c6da3b\" data-element_type=\"widget\" data-widget_type=\"heading.default\">\n\t\t\t\t<div class=\"elementor-widget-container\">\n\t\t\t\t\t<h1 class=\"elementor-heading-title elementor-size-default\">Metodick\u00e1 pr\u00edru\u010dka pre z\u00e1ujemcov o \u0161t\u00fadium a \u0161tudentov so \u0161pecifick\u00fdmi potrebami<\/h1>\t\t\t\t<\/div>\n\t\t\t\t<\/div>\n\t\t\t\t\t<\/div>\n\t\t<\/div>\n\t\t\t\t\t<\/div>\n\t\t<\/section>\n\t\t\t\t<section class=\"elementor-section elementor-top-section elementor-element elementor-element-9f9a241 elementor-section-boxed elementor-section-height-default elementor-section-height-default\" data-id=\"9f9a241\" data-element_type=\"section\">\n\t\t\t\t\t\t<div class=\"elementor-container elementor-column-gap-default\">\n\t\t\t\t\t<div class=\"elementor-column elementor-col-100 elementor-top-column elementor-element elementor-element-36e8d15\" data-id=\"36e8d15\" data-element_type=\"column\">\n\t\t\t<div class=\"elementor-widget-wrap elementor-element-populated\">\n\t\t\t\t\t\t<section class=\"elementor-section elementor-inner-section elementor-element elementor-element-0f7453d elementor-section-boxed elementor-section-height-default elementor-section-height-default\" data-id=\"0f7453d\" data-element_type=\"section\">\n\t\t\t\t\t\t<div class=\"elementor-container elementor-column-gap-default\">\n\t\t\t\t\t<div class=\"elementor-column elementor-col-100 elementor-inner-column elementor-element elementor-element-4973de6\" data-id=\"4973de6\" data-element_type=\"column\">\n\t\t\t<div class=\"elementor-widget-wrap elementor-element-populated\">\n\t\t\t\t\t\t<div class=\"elementor-element elementor-element-198bac6 elementor-widget__width-initial elementor-fixed elementor-widget elementor-widget-button\" data-id=\"198bac6\" data-element_type=\"widget\" data-settings=\"{&quot;_position&quot;:&quot;fixed&quot;}\" data-widget_type=\"button.default\">\n\t\t\t\t<div class=\"elementor-widget-container\">\n\t\t\t\t\t\t\t\t\t<div class=\"elementor-button-wrapper\">\n\t\t\t\t\t<a class=\"elementor-button elementor-button-link elementor-size-sm\" href=\"#Kapitola1\">\n\t\t\t\t\t\t<span class=\"elementor-button-content-wrapper\">\n\t\t\t\t\t\t<span class=\"elementor-button-icon\">\n\t\t\t\t<i aria-hidden=\"true\" class=\"fas fa-arrow-up\"><\/i>\t\t\t<\/span>\n\t\t\t\t\t\t\t\t<\/span>\n\t\t\t\t\t<\/a>\n\t\t\t\t<\/div>\n\t\t\t\t\t\t\t\t<\/div>\n\t\t\t\t<\/div>\n\t\t\t\t\t<\/div>\n\t\t<\/div>\n\t\t\t\t\t<\/div>\n\t\t<\/section>\n\t\t\t\t\t<\/div>\n\t\t<\/div>\n\t\t\t\t\t<\/div>\n\t\t<\/section>\n\t\t\t\t<section class=\"elementor-section elementor-top-section elementor-element elementor-element-2858d6f elementor-section-boxed elementor-section-height-default elementor-section-height-default\" data-id=\"2858d6f\" data-element_type=\"section\">\n\t\t\t\t\t\t<div class=\"elementor-container elementor-column-gap-default\">\n\t\t\t\t\t<div class=\"elementor-column elementor-col-100 elementor-top-column elementor-element elementor-element-e63bd34\" data-id=\"e63bd34\" data-element_type=\"column\">\n\t\t\t<div class=\"elementor-widget-wrap elementor-element-populated\">\n\t\t\t\t\t\t<section class=\"elementor-section elementor-inner-section elementor-element elementor-element-0b79421 elementor-section-boxed elementor-section-height-default elementor-section-height-default\" data-id=\"0b79421\" data-element_type=\"section\">\n\t\t\t\t\t\t<div class=\"elementor-container elementor-column-gap-default\">\n\t\t\t\t\t<div class=\"elementor-column elementor-col-100 elementor-inner-column elementor-element elementor-element-bb0ded5\" data-id=\"bb0ded5\" data-element_type=\"column\">\n\t\t\t<div class=\"elementor-widget-wrap elementor-element-populated\">\n\t\t\t\t\t\t<div class=\"elementor-element elementor-element-759b076 elementor-widget elementor-widget-heading\" data-id=\"759b076\" data-element_type=\"widget\" data-widget_type=\"heading.default\">\n\t\t\t\t<div class=\"elementor-widget-container\">\n\t\t\t\t\t<h3 class=\"elementor-heading-title elementor-size-default\">\u00davod<\/h3>\t\t\t\t<\/div>\n\t\t\t\t<\/div>\n\t\t\t\t<div class=\"elementor-element elementor-element-5aa9d5d elementor-widget elementor-widget-text-editor\" data-id=\"5aa9d5d\" data-element_type=\"widget\" data-widget_type=\"text-editor.default\">\n\t\t\t\t<div class=\"elementor-widget-container\">\n\t\t\t\t\t\t\t\t\t<p>Filozofick\u00e1 fakulta UCM v Trnave (FF UCM) sa chce sta\u0165 poprednou fakultou na trhu pr\u00e1ce, chce by\u0165 l\u00eddrom v poskytovan\u00ed podpory odborn\u00e9ho rastu a inkl\u00fazie svojich \u0161tudentov, aj \u0161tudentov so zdravotn\u00fdm znev\u00fdhodnen\u00edm a so \u0161pecifick\u00fdmi potrebami pri ich za\u010dlenen\u00ed do vysoko\u0161kolsk\u00e9ho prostredia. Jednou z v\u00edzii FF UCM je z\u00e1ujem a povinnos\u0165 zabezpe\u010dova\u0165 \u0161tudijn\u00e9 programy a prostredie pre v\u0161etk\u00fdch \u0161tudentov nevyn\u00edmaj\u00fac \u0161tudentov so zdravotn\u00fdm znev\u00fdhodnen\u00edm a \u0161tudentov so \u0161pecifick\u00fdmi potrebami. Cielen\u00e1 podpora \u0161tudentov na Univerzite sv. Cyrila a Metoda v Trnave (\u010falej UCM) eliminuje bari\u00e9ry, zvy\u0161uje inkl\u00faziu a t\u00fdm prispieva k prosperite a pohode \u0161tudentov aj u\u010dite\u013eov.<\/p><p>T\u00e1to publik\u00e1cia vych\u00e1dza ako &#8222;open source&#8220; materi\u00e1l v podobe elektronickej formy metodickej pr\u00edru\u010dky ur\u010denej pre \u0161tudentov so \u0161pecifick\u00fdmi potrebami, ktor\u00fa m\u00f4\u017eu vyu\u017e\u00edva\u0165 v priebehu cel\u00e9ho svojho vysoko\u0161kolsk\u00e9ho \u0161t\u00fadia. Je vhodn\u00e1 aj \u00a0ako zdroj k predmetu \u00favod do \u0161t\u00fadia v \u0161tudijn\u00fdch programoch na FF UCM v Trnave.<\/p><p>V texte sa pou\u017e\u00edva generick\u00e9 maskul\u00ednum, t.j. v slovenskom jazyku zau\u017e\u00edvan\u00fd sp\u00f4sob pomen\u00favania oboch pohlav\u00ed iba mu\u017esk\u00fdm gramatick\u00fdm rodom. Znamen\u00e1 to z\u00e1stupn\u00e9 pomen\u00favanie \u017eien (s\u00fa\u010dasne s mu\u017emi) pojmami v mu\u017eskom rode, v na\u0161om pon\u00edman\u00ed uplat\u0148ovan\u00e9 ako neutr\u00e1lne ozna\u010denie oboch pohlav\u00ed.<\/p><p>Elektronick\u00e1 verzia publik\u00e1cie obsahuje u\u017eito\u010dn\u00e9 odkazy na podrobnej\u0161ie inform\u00e1cie. Okrem toho, boli vytvoren\u00e9 nov\u00e9 str\u00e1nky na UCM <strong>webovom s\u00eddle <\/strong><span style=\"color: #008000;\">(<a style=\"color: #008000;\" href=\"https:\/\/www.ucm.sk\/sk\/\" target=\"_blank\" rel=\"noopener\">https:\/\/www.ucm.sk\/sk\/<\/a>),<\/span> ktor\u00e9 ako d\u00fafame, bud\u00fa \u0161tudenti pou\u017e\u00edva\u0165 ako referen\u010dn\u00fd n\u00e1stroj.<\/p><p>Cie\u013eom tejto publik\u00e1cie je poskytn\u00fa\u0165 z\u00e1kladn\u00fa orient\u00e1ciu v mo\u017enostiach podporn\u00fdch opatren\u00ed po\u010das \u0161t\u00fadia na univerzite, u\u013eah\u010di\u0165 pr\u00edstup k potrebn\u00fdm inform\u00e1ci\u00e1m a v kone\u010dnom d\u00f4sledku zni\u017eova\u0165 rozdiely medzi po\u017eiadavkami prostredia a schopnos\u0165ami \u0161tudentov.<\/p>\t\t\t\t\t\t\t\t<\/div>\n\t\t\t\t<\/div>\n\t\t\t\t\t<\/div>\n\t\t<\/div>\n\t\t\t\t\t<\/div>\n\t\t<\/section>\n\t\t\t\t\t<\/div>\n\t\t<\/div>\n\t\t\t\t\t<\/div>\n\t\t<\/section>\n\t\t\t\t<\/div>\n\t\t","protected":false},"excerpt":{"rendered":"<p>Metodick\u00e1 pr\u00edru\u010dka pre z\u00e1ujemcov o \u0161t\u00fadium a \u0161tudentov so \u0161pecifick\u00fdmi potrebami \u00davod Filozofick\u00e1 fakulta UCM v Trnave (FF UCM) sa chce sta\u0165 poprednou fakultou na trhu pr\u00e1ce, chce by\u0165 l\u00eddrom v poskytovan\u00ed podpory odborn\u00e9ho rastu a inkl\u00fazie svojich \u0161tudentov, aj \u0161tudentov so zdravotn\u00fdm znev\u00fdhodnen\u00edm a so \u0161pecifick\u00fdmi potrebami pri ich za\u010dlenen\u00ed do vysoko\u0161kolsk\u00e9ho prostredia. Jednou [&hellip;]<\/p>\n","protected":false},"author":3,"featured_media":0,"parent":0,"menu_order":0,"comment_status":"closed","ping_status":"closed","template":"","meta":{"footnotes":""},"class_list":["post-8021","page","type-page","status-publish","hentry"],"_links":{"self":[{"href":"https:\/\/e-ucebnice.ff.ucm.sk\/index.php\/wp-json\/wp\/v2\/pages\/8021","targetHints":{"allow":["GET"]}}],"collection":[{"href":"https:\/\/e-ucebnice.ff.ucm.sk\/index.php\/wp-json\/wp\/v2\/pages"}],"about":[{"href":"https:\/\/e-ucebnice.ff.ucm.sk\/index.php\/wp-json\/wp\/v2\/types\/page"}],"author":[{"embeddable":true,"href":"https:\/\/e-ucebnice.ff.ucm.sk\/index.php\/wp-json\/wp\/v2\/users\/3"}],"replies":[{"embeddable":true,"href":"https:\/\/e-ucebnice.ff.ucm.sk\/index.php\/wp-json\/wp\/v2\/comments?post=8021"}],"version-history":[{"count":19,"href":"https:\/\/e-ucebnice.ff.ucm.sk\/index.php\/wp-json\/wp\/v2\/pages\/8021\/revisions"}],"predecessor-version":[{"id":8455,"href":"https:\/\/e-ucebnice.ff.ucm.sk\/index.php\/wp-json\/wp\/v2\/pages\/8021\/revisions\/8455"}],"wp:attachment":[{"href":"https:\/\/e-ucebnice.ff.ucm.sk\/index.php\/wp-json\/wp\/v2\/media?parent=8021"}],"curies":[{"name":"wp","href":"https:\/\/api.w.org\/{rel}","templated":true}]}}