{"id":8037,"date":"2024-10-10T16:23:28","date_gmt":"2024-10-10T14:23:28","guid":{"rendered":"https:\/\/e-ucebnice.ff.ucm.sk\/?page_id=8037"},"modified":"2024-10-18T11:51:44","modified_gmt":"2024-10-18T09:51:44","slug":"prirucka-specificke-potreby-3","status":"publish","type":"page","link":"https:\/\/e-ucebnice.ff.ucm.sk\/index.php\/prirucka-specificke-potreby-3\/","title":{"rendered":"Prirucka-specificke-potreby-3"},"content":{"rendered":"\t\t<div data-elementor-type=\"wp-page\" data-elementor-id=\"8037\" class=\"elementor elementor-8037\" data-elementor-post-type=\"page\">\n\t\t\t\t\t\t<section class=\"elementor-section elementor-top-section elementor-element elementor-element-b2eeed8 elementor-section-height-min-height elementor-section-boxed elementor-section-height-default elementor-section-items-middle\" data-id=\"b2eeed8\" data-element_type=\"section\" data-settings=\"{&quot;background_background&quot;:&quot;classic&quot;}\">\n\t\t\t\t\t\t\t<div class=\"elementor-background-overlay\"><\/div>\n\t\t\t\t\t\t\t<div class=\"elementor-container elementor-column-gap-default\">\n\t\t\t\t\t<div class=\"elementor-column elementor-col-100 elementor-top-column elementor-element elementor-element-91ce5cd\" data-id=\"91ce5cd\" data-element_type=\"column\">\n\t\t\t<div class=\"elementor-widget-wrap elementor-element-populated\">\n\t\t\t\t\t\t<div class=\"elementor-element elementor-element-1c6da3b elementor-widget elementor-widget-heading\" data-id=\"1c6da3b\" data-element_type=\"widget\" data-widget_type=\"heading.default\">\n\t\t\t\t<div class=\"elementor-widget-container\">\n\t\t\t\t\t<h1 class=\"elementor-heading-title elementor-size-default\">Metodick\u00e1 pr\u00edru\u010dka pre z\u00e1ujemcov o \u0161t\u00fadium a \u0161tudentov so \u0161pecifick\u00fdmi potrebami<\/h1>\t\t\t\t<\/div>\n\t\t\t\t<\/div>\n\t\t\t\t\t<\/div>\n\t\t<\/div>\n\t\t\t\t\t<\/div>\n\t\t<\/section>\n\t\t\t\t<section class=\"elementor-section elementor-top-section elementor-element elementor-element-9f9a241 elementor-section-boxed elementor-section-height-default elementor-section-height-default\" data-id=\"9f9a241\" data-element_type=\"section\">\n\t\t\t\t\t\t<div class=\"elementor-container elementor-column-gap-default\">\n\t\t\t\t\t<div class=\"elementor-column elementor-col-100 elementor-top-column elementor-element elementor-element-36e8d15\" data-id=\"36e8d15\" data-element_type=\"column\">\n\t\t\t<div class=\"elementor-widget-wrap elementor-element-populated\">\n\t\t\t\t\t\t<section class=\"elementor-section elementor-inner-section elementor-element elementor-element-0f7453d elementor-section-boxed elementor-section-height-default elementor-section-height-default\" data-id=\"0f7453d\" data-element_type=\"section\">\n\t\t\t\t\t\t<div class=\"elementor-container elementor-column-gap-default\">\n\t\t\t\t\t<div class=\"elementor-column elementor-col-100 elementor-inner-column elementor-element elementor-element-4973de6\" data-id=\"4973de6\" data-element_type=\"column\">\n\t\t\t<div class=\"elementor-widget-wrap elementor-element-populated\">\n\t\t\t\t\t\t<div class=\"elementor-element elementor-element-198bac6 elementor-widget__width-initial elementor-fixed elementor-widget elementor-widget-button\" data-id=\"198bac6\" data-element_type=\"widget\" data-settings=\"{&quot;_position&quot;:&quot;fixed&quot;}\" data-widget_type=\"button.default\">\n\t\t\t\t<div class=\"elementor-widget-container\">\n\t\t\t\t\t\t\t\t\t<div class=\"elementor-button-wrapper\">\n\t\t\t\t\t<a class=\"elementor-button elementor-button-link elementor-size-sm\" href=\"#Kapitola1\">\n\t\t\t\t\t\t<span class=\"elementor-button-content-wrapper\">\n\t\t\t\t\t\t<span class=\"elementor-button-icon\">\n\t\t\t\t<i aria-hidden=\"true\" class=\"fas fa-arrow-up\"><\/i>\t\t\t<\/span>\n\t\t\t\t\t\t\t\t<\/span>\n\t\t\t\t\t<\/a>\n\t\t\t\t<\/div>\n\t\t\t\t\t\t\t\t<\/div>\n\t\t\t\t<\/div>\n\t\t\t\t\t<\/div>\n\t\t<\/div>\n\t\t\t\t\t<\/div>\n\t\t<\/section>\n\t\t\t\t\t<\/div>\n\t\t<\/div>\n\t\t\t\t\t<\/div>\n\t\t<\/section>\n\t\t\t\t<section class=\"elementor-section elementor-top-section elementor-element elementor-element-2858d6f elementor-section-boxed elementor-section-height-default elementor-section-height-default\" data-id=\"2858d6f\" data-element_type=\"section\">\n\t\t\t\t\t\t<div class=\"elementor-container elementor-column-gap-default\">\n\t\t\t\t\t<div class=\"elementor-column elementor-col-100 elementor-top-column elementor-element elementor-element-e63bd34\" data-id=\"e63bd34\" data-element_type=\"column\">\n\t\t\t<div class=\"elementor-widget-wrap elementor-element-populated\">\n\t\t\t\t\t\t<section class=\"elementor-section elementor-inner-section elementor-element elementor-element-0b79421 elementor-section-boxed elementor-section-height-default elementor-section-height-default\" data-id=\"0b79421\" data-element_type=\"section\">\n\t\t\t\t\t\t<div class=\"elementor-container elementor-column-gap-default\">\n\t\t\t\t\t<div class=\"elementor-column elementor-col-100 elementor-inner-column elementor-element elementor-element-bb0ded5\" data-id=\"bb0ded5\" data-element_type=\"column\">\n\t\t\t<div class=\"elementor-widget-wrap elementor-element-populated\">\n\t\t\t\t\t\t<div class=\"elementor-element elementor-element-759b076 elementor-widget elementor-widget-heading\" data-id=\"759b076\" data-element_type=\"widget\" data-widget_type=\"heading.default\">\n\t\t\t\t<div class=\"elementor-widget-container\">\n\t\t\t\t\t<h3 class=\"elementor-heading-title elementor-size-default\">Poradensko-pr\u00e1vne centrum pre \u0161tudentov zo soci\u00e1lne znev\u00fdhodnen\u00e9ho prostredia a \u0161tudentov so \u0161pecifick\u00fdmi potrebami (PPCSZ)<\/h3>\t\t\t\t<\/div>\n\t\t\t\t<\/div>\n\t\t\t\t<div class=\"elementor-element elementor-element-5aa9d5d elementor-widget elementor-widget-text-editor\" data-id=\"5aa9d5d\" data-element_type=\"widget\" data-widget_type=\"text-editor.default\">\n\t\t\t\t<div class=\"elementor-widget-container\">\n\t\t\t\t\t\t\t\t\t<p>Poradensko-pr\u00e1vne centrum pre \u0161tudentov zo soci\u00e1lne znev\u00fdhodnen\u00e9ho prostredia a \u0161tudentov so \u0161pecifick\u00fdmi potrebami (PPCSZ) je <strong>celouniverzitn\u00e9 \u0161peci\u00e1lne pracovisko zameran\u00e9 na podporu \u0161tudentov<\/strong> zo soci\u00e1lne znev\u00fdhodnen\u00e9ho prostredia a \u0161tudentov so \u0161pecifick\u00fdmi potrebami a vytv\u00e1ra podmienky pre \u00faspe\u0161n\u00e9 ukon\u010denie vysoko\u0161kolsk\u00e9ho \u0161t\u00fadia.\u00a0\u00a0\u00a0<\/p><p><strong>Poslan\u00edm PPCSZ UCM<\/strong> je poskytovanie z\u00e1kladnej pr\u00e1vno-poradenskej \u010dinnosti \u0161tudentom UCM zo soci\u00e1lne znev\u00fdhodnen\u00e9ho prostredia a \u0161tudentom so \u0161pecifick\u00fdmi potrebami. PPCSZ UCM garantuje:<\/p><ul><li>jednoduch\u00fd pr\u00edstup k poradensk\u00fdm a pr\u00e1vnym slu\u017eb\u00e1m,<\/li><li>vytv\u00e1ra pr\u00edstupn\u00e9 akademick\u00e9 prostredie bez zni\u017eovania po\u017eiadaviek na \u0161tudijn\u00fd v\u00fdkon \u0161tudentov zo soci\u00e1lne znev\u00fdhodnen\u00e9ho prostredia a \u0161tudentov so \u0161pecifick\u00fdmi potrebami,<\/li><li>pom\u00e1ha \u0161tudentom zvl\u00e1dnu\u0165 \u0161t\u00fadium a pripravi\u0165 ich na riadne zvl\u00e1danie bud\u00facich pracovn\u00fdch a osobn\u00fdch povinnost\u00ed.<\/li><\/ul><p>\u00a0<\/p><p><strong><u>S\u00eddlo PPCSZ: <\/u><\/strong>\u00a0<\/p><p>N\u00e1mestie J. Herdu 2, miestnos\u0165 111b<\/p><p><a href=\"https:\/\/www.ucm.sk\/sk\/centra-podpory\/poradensko-pravne-centrum-studentov-zo-socialne-znevyhodneneho-prostredia-studentov-so-specifickymi-potrebami.html\" target=\"_blank\" rel=\"noopener\"><span style=\"color: #339966;\">https:\/\/www.ucm.sk\/sk\/centra-podpory\/poradensko-pravne-centrum-studentov-zo-socialne-znevyhodneneho-prostredia-studentov-so-specifickymi-potrebami.html<\/span><\/a><\/p><ul><li>PPCSZ UCM podlieha <a href=\"https:\/\/www.ucm.sk\/sk\/univerzita\/organy-skoly\/prorektor-vzdelavanie\/\" target=\"_blank\" rel=\"noopener\"><strong><span style=\"color: #339966;\">prorektorovi pre vzdel\u00e1vanie<\/span><\/strong><\/a><span style=\"color: #339966;\"> (<a style=\"color: #339966;\" href=\"https:\/\/www.ucm.sk\/sk\/univerzita\/organy-skoly\/prorektor-vzdelavanie\/\">https:\/\/www.ucm.sk\/sk\/univerzita\/organy-skoly\/prorektor-vzdelavanie\/<\/a><\/span><u>)<\/u>.<\/li><li>PPCSZ UCM vedie ved\u00faci PPCSZ UCM (<strong>univerzitn\u00fd koordin\u00e1tor) <\/strong>(<span style=\"color: #339966;\"><a style=\"color: #339966;\" href=\"https:\/\/www.ucm.sk\/sk\/centra-podpory\/poradensko-pravne-centrum-studentov-zo-socialne-znevyhodneneho-prostredia-studentov-so-specifickymi-potrebami.html\" target=\"_blank\" rel=\"noopener\">https:\/\/www.ucm.sk\/sk\/centra-podpory\/poradensko-pravne-centrum-studentov-zo-socialne-znevyhodneneho-prostredia-studentov-so-specifickymi-potrebami.html<\/a><\/span> ), ktor\u00fd sa podie\u013ea na realiz\u00e1cii \u010dinnost\u00ed centra. Univerzitn\u00fd koordin\u00e1tor spolupracuje <strong>s fakultn\u00fdmi koordin\u00e1tormi.<\/strong><\/li><\/ul><p>\u00a0<\/p><p><span style=\"text-decoration: underline;\"><strong>\u00dalohy PPCSZ:<\/strong><\/span><\/p><ol><li>poskytova\u0165 klientom mo\u017enos\u0165 <u>individu\u00e1lnych konzult\u00e1ci\u00ed<\/u> v r\u00e1mci rie\u0161enia ich \u0165a\u017ekost\u00ed a probl\u00e9mov,<\/li><li>poskytova\u0165 klientom <u>mo\u017enos\u0165 stretnut\u00ed eduka\u010dn\u00e9ho a poradensk\u00e9ho charakteru<\/u>,<\/li><li>pom\u00e1ha\u0165 vyu\u017e\u00edva\u0165 <u>poznatky z oblasti pr\u00e1va<\/u> pre zlep\u0161enie soci\u00e1lnej situ\u00e1cie klientov,<\/li><li><u>nasmerova\u0165 klientov<\/u> na \u010fal\u0161ie relevantn\u00e9 in\u0161tit\u00facie s cie\u013eom zabezpe\u010di\u0165 im adekv\u00e1tnu odborn\u00fa pomoc.<\/li><\/ol><p>\u00a0<\/p><p><strong>Ak sa chcete o tejto t\u00e9me dozvedie\u0165 viac nav\u0161t\u00edvte: <\/strong><span style=\"color: #339966;\"><em>\u00a0<\/em><\/span><a href=\"https:\/\/www.ucm.sk\/sk\/centra-podpory\/poradensko-pravne-centrum-studentov-zo-socialne-znevyhodneneho-prostredia-studentov-so-specifickymi-potrebami.html\" target=\"_blank\" rel=\"noopener\"><strong><span style=\"color: #339966;\">https:\/\/www.ucm.sk\/sk\/centra-podpory\/poradensko-pravne-centrum-studentov-zo-socialne-znevyhodneneho-prostredia-studentov-so-specifickymi-potrebami.html<\/span><\/strong><\/a><\/p>\t\t\t\t\t\t\t\t<\/div>\n\t\t\t\t<\/div>\n\t\t\t\t\t<\/div>\n\t\t<\/div>\n\t\t\t\t\t<\/div>\n\t\t<\/section>\n\t\t\t\t\t<\/div>\n\t\t<\/div>\n\t\t\t\t\t<\/div>\n\t\t<\/section>\n\t\t\t\t<\/div>\n\t\t","protected":false},"excerpt":{"rendered":"<p>Metodick\u00e1 pr\u00edru\u010dka pre z\u00e1ujemcov o \u0161t\u00fadium a \u0161tudentov so \u0161pecifick\u00fdmi potrebami Poradensko-pr\u00e1vne centrum pre \u0161tudentov zo soci\u00e1lne znev\u00fdhodnen\u00e9ho prostredia a \u0161tudentov so \u0161pecifick\u00fdmi potrebami (PPCSZ) Poradensko-pr\u00e1vne centrum pre \u0161tudentov zo soci\u00e1lne znev\u00fdhodnen\u00e9ho prostredia a \u0161tudentov so \u0161pecifick\u00fdmi potrebami (PPCSZ) je celouniverzitn\u00e9 \u0161peci\u00e1lne pracovisko zameran\u00e9 na podporu \u0161tudentov zo soci\u00e1lne znev\u00fdhodnen\u00e9ho prostredia a \u0161tudentov so \u0161pecifick\u00fdmi [&hellip;]<\/p>\n","protected":false},"author":3,"featured_media":0,"parent":0,"menu_order":0,"comment_status":"closed","ping_status":"closed","template":"","meta":{"footnotes":""},"class_list":["post-8037","page","type-page","status-publish","hentry"],"_links":{"self":[{"href":"https:\/\/e-ucebnice.ff.ucm.sk\/index.php\/wp-json\/wp\/v2\/pages\/8037","targetHints":{"allow":["GET"]}}],"collection":[{"href":"https:\/\/e-ucebnice.ff.ucm.sk\/index.php\/wp-json\/wp\/v2\/pages"}],"about":[{"href":"https:\/\/e-ucebnice.ff.ucm.sk\/index.php\/wp-json\/wp\/v2\/types\/page"}],"author":[{"embeddable":true,"href":"https:\/\/e-ucebnice.ff.ucm.sk\/index.php\/wp-json\/wp\/v2\/users\/3"}],"replies":[{"embeddable":true,"href":"https:\/\/e-ucebnice.ff.ucm.sk\/index.php\/wp-json\/wp\/v2\/comments?post=8037"}],"version-history":[{"count":25,"href":"https:\/\/e-ucebnice.ff.ucm.sk\/index.php\/wp-json\/wp\/v2\/pages\/8037\/revisions"}],"predecessor-version":[{"id":8496,"href":"https:\/\/e-ucebnice.ff.ucm.sk\/index.php\/wp-json\/wp\/v2\/pages\/8037\/revisions\/8496"}],"wp:attachment":[{"href":"https:\/\/e-ucebnice.ff.ucm.sk\/index.php\/wp-json\/wp\/v2\/media?parent=8037"}],"curies":[{"name":"wp","href":"https:\/\/api.w.org\/{rel}","templated":true}]}}