{"id":8039,"date":"2024-10-10T16:24:02","date_gmt":"2024-10-10T14:24:02","guid":{"rendered":"https:\/\/e-ucebnice.ff.ucm.sk\/?page_id=8039"},"modified":"2024-10-18T11:54:00","modified_gmt":"2024-10-18T09:54:00","slug":"prirucka-specificke-potreby-4","status":"publish","type":"page","link":"https:\/\/e-ucebnice.ff.ucm.sk\/index.php\/prirucka-specificke-potreby-4\/","title":{"rendered":"Prirucka-specificke-potreby-4"},"content":{"rendered":"\t\t<div data-elementor-type=\"wp-page\" data-elementor-id=\"8039\" class=\"elementor elementor-8039\" data-elementor-post-type=\"page\">\n\t\t\t\t\t\t<section class=\"elementor-section elementor-top-section elementor-element elementor-element-b2eeed8 elementor-section-height-min-height elementor-section-boxed elementor-section-height-default elementor-section-items-middle\" data-id=\"b2eeed8\" data-element_type=\"section\" data-settings=\"{&quot;background_background&quot;:&quot;classic&quot;}\">\n\t\t\t\t\t\t\t<div class=\"elementor-background-overlay\"><\/div>\n\t\t\t\t\t\t\t<div class=\"elementor-container elementor-column-gap-default\">\n\t\t\t\t\t<div class=\"elementor-column elementor-col-100 elementor-top-column elementor-element elementor-element-91ce5cd\" data-id=\"91ce5cd\" data-element_type=\"column\">\n\t\t\t<div class=\"elementor-widget-wrap elementor-element-populated\">\n\t\t\t\t\t\t<div class=\"elementor-element elementor-element-1c6da3b elementor-widget elementor-widget-heading\" data-id=\"1c6da3b\" data-element_type=\"widget\" data-widget_type=\"heading.default\">\n\t\t\t\t<div class=\"elementor-widget-container\">\n\t\t\t\t\t<h1 class=\"elementor-heading-title elementor-size-default\">Metodick\u00e1 pr\u00edru\u010dka pre z\u00e1ujemcov o \u0161t\u00fadium a \u0161tudentov so \u0161pecifick\u00fdmi potrebami<\/h1>\t\t\t\t<\/div>\n\t\t\t\t<\/div>\n\t\t\t\t\t<\/div>\n\t\t<\/div>\n\t\t\t\t\t<\/div>\n\t\t<\/section>\n\t\t\t\t<section class=\"elementor-section elementor-top-section elementor-element elementor-element-9f9a241 elementor-section-boxed elementor-section-height-default elementor-section-height-default\" data-id=\"9f9a241\" data-element_type=\"section\">\n\t\t\t\t\t\t<div class=\"elementor-container elementor-column-gap-default\">\n\t\t\t\t\t<div class=\"elementor-column elementor-col-100 elementor-top-column elementor-element elementor-element-36e8d15\" data-id=\"36e8d15\" data-element_type=\"column\">\n\t\t\t<div class=\"elementor-widget-wrap elementor-element-populated\">\n\t\t\t\t\t\t<section class=\"elementor-section elementor-inner-section elementor-element elementor-element-0f7453d elementor-section-boxed elementor-section-height-default elementor-section-height-default\" data-id=\"0f7453d\" data-element_type=\"section\">\n\t\t\t\t\t\t<div class=\"elementor-container elementor-column-gap-default\">\n\t\t\t\t\t<div class=\"elementor-column elementor-col-100 elementor-inner-column elementor-element elementor-element-4973de6\" data-id=\"4973de6\" data-element_type=\"column\">\n\t\t\t<div class=\"elementor-widget-wrap elementor-element-populated\">\n\t\t\t\t\t\t<div class=\"elementor-element elementor-element-198bac6 elementor-widget__width-initial elementor-fixed elementor-widget elementor-widget-button\" data-id=\"198bac6\" data-element_type=\"widget\" data-settings=\"{&quot;_position&quot;:&quot;fixed&quot;}\" data-widget_type=\"button.default\">\n\t\t\t\t<div class=\"elementor-widget-container\">\n\t\t\t\t\t\t\t\t\t<div class=\"elementor-button-wrapper\">\n\t\t\t\t\t<a class=\"elementor-button elementor-button-link elementor-size-sm\" href=\"#Kapitola1\">\n\t\t\t\t\t\t<span class=\"elementor-button-content-wrapper\">\n\t\t\t\t\t\t<span class=\"elementor-button-icon\">\n\t\t\t\t<i aria-hidden=\"true\" class=\"fas fa-arrow-up\"><\/i>\t\t\t<\/span>\n\t\t\t\t\t\t\t\t<\/span>\n\t\t\t\t\t<\/a>\n\t\t\t\t<\/div>\n\t\t\t\t\t\t\t\t<\/div>\n\t\t\t\t<\/div>\n\t\t\t\t\t<\/div>\n\t\t<\/div>\n\t\t\t\t\t<\/div>\n\t\t<\/section>\n\t\t\t\t\t<\/div>\n\t\t<\/div>\n\t\t\t\t\t<\/div>\n\t\t<\/section>\n\t\t\t\t<section class=\"elementor-section elementor-top-section elementor-element elementor-element-2858d6f elementor-section-boxed elementor-section-height-default elementor-section-height-default\" data-id=\"2858d6f\" data-element_type=\"section\">\n\t\t\t\t\t\t<div class=\"elementor-container elementor-column-gap-default\">\n\t\t\t\t\t<div class=\"elementor-column elementor-col-100 elementor-top-column elementor-element elementor-element-e63bd34\" data-id=\"e63bd34\" data-element_type=\"column\">\n\t\t\t<div class=\"elementor-widget-wrap elementor-element-populated\">\n\t\t\t\t\t\t<section class=\"elementor-section elementor-inner-section elementor-element elementor-element-0b79421 elementor-section-boxed elementor-section-height-default elementor-section-height-default\" data-id=\"0b79421\" data-element_type=\"section\">\n\t\t\t\t\t\t<div class=\"elementor-container elementor-column-gap-default\">\n\t\t\t\t\t<div class=\"elementor-column elementor-col-100 elementor-inner-column elementor-element elementor-element-bb0ded5\" data-id=\"bb0ded5\" data-element_type=\"column\">\n\t\t\t<div class=\"elementor-widget-wrap elementor-element-populated\">\n\t\t\t\t\t\t<div class=\"elementor-element elementor-element-759b076 elementor-widget elementor-widget-heading\" data-id=\"759b076\" data-element_type=\"widget\" data-widget_type=\"heading.default\">\n\t\t\t\t<div class=\"elementor-widget-container\">\n\t\t\t\t\t<h3 class=\"elementor-heading-title elementor-size-default\">Fakultn\u00fd koordin\u00e1tor pre pr\u00e1cu so \u0161tudentmi so \u0161pecifick\u00fdmi potrebami <\/h3>\t\t\t\t<\/div>\n\t\t\t\t<\/div>\n\t\t\t\t<div class=\"elementor-element elementor-element-5aa9d5d elementor-widget elementor-widget-text-editor\" data-id=\"5aa9d5d\" data-element_type=\"widget\" data-widget_type=\"text-editor.default\">\n\t\t\t\t<div class=\"elementor-widget-container\">\n\t\t\t\t\t\t\t\t\t<p style=\"text-align: justify;\">Na ka\u017edej fakulte a in\u0161tit\u00fate UCM p\u00f4sob\u00ed fakultn\u00fd koordin\u00e1tor. Fakultn\u00fdm koordin\u00e1torom je spravidla vysoko\u0161kolsk\u00fd u\u010dite\u013e a v\u00fdkonom \u010dinnosti ho poveruje dekan pr\u00edslu\u0161nej fakulty UCM.<\/p>\n<strong>\u00dalohy fakultn\u00e9ho koordin\u00e1tora:<\/strong>\n<div style=\"text-align: justify;\">\n<ol type=\"a\">\n \t<li> <em>spolupracuje<\/em> vo v\u0161etk\u00fdch \u00faloh\u00e1ch pri rie\u0161en\u00ed podmienok podpory \u0161tudentov so \u0161pecifick\u00fdmi potrebami (\u010falej \u0160P) s univerzitn\u00fdm koordin\u00e1torom a prorektorom pre v\u00fdchovno-vzdel\u00e1vaciu \u010dinnos\u0165 a akredit\u00e1ciu,<\/li>\n \t<li> v s\u00fa\u010dinnosti so \u0161tudijn\u00fdm oddelen\u00edm <em>eviduje<\/em> uch\u00e1dza\u010dov o \u0161t\u00fadium a \u0161tudentov so \u0160P, ktor\u00ed sa uch\u00e1dzaj\u00fa o \u0161tat\u00fat \u0161tudenta so \u0160P,<\/li>\n \t<li> <em>vykon\u00e1va poradenstvo<\/em> pre uch\u00e1dza\u010dov a \u0161tudentov so \u0160P a asistuje pri zabezpe\u010dovan\u00ed podporn\u00fdch slu\u017eieb,<\/li>\n \t<li> <em>podie\u013ea sa na vyhodnocovan\u00ed \u0161pecifick\u00fdch potrieb<\/em> uch\u00e1dza\u010dov a \u0161tudentov so \u0160P a pr\u00edprave n\u00e1vrhu na primeran\u00e9 \u00fapravy a podporn\u00e9 slu\u017eby,<\/li>\n \t<li> <em>zabezpe\u010duje spolupr\u00e1cu s pracoviskami<\/em> a so zamestnancami fakulty \u2013 poskytuje im inform\u00e1cie a poradenstvo v s\u00favislosti so zabezpe\u010dovan\u00edm podmienok \u0161t\u00fadia \u0161tudenta so \u0160P.<\/li>\n<\/ol>\n<\/div>\n&nbsp;\n<p style=\"text-align: justify;\">Fakultn\u00e9ho koordin\u00e1tora m\u00f4\u017eete <strong>kontaktova\u0165<\/strong> priamo a prediskutova\u0165 s n\u00edm mo\u017enosti rie\u0161enia Va\u0161ich \u0161pecifick\u00fdch potrieb.<\/p>\n<p style=\"text-align: justify;\">Fakultn\u00e1 kordin\u00e1torka <strong>PaedDr. T\u00edmea \u0160eben Za\u0165kov\u00e1, PhD. <\/strong>(z Katedry pedagogiky FF UCM v Trnave) je k dispoz\u00edcii v\u0161etk\u00fdm \u0161tudentom fakulty a m\u00e1 kancel\u00e1riu na 3. poschod\u00ed &#8211; Katedra pedagogiky (N\u00e1m. J. Herdu 2, Trnava), miestnos\u0165 <strong>301 b.<\/strong><\/p>\nV\u0161etci \u0161tudenti fakulty (\u0161tudenti so \u0160P, ale aj v\u0161etci ostatn\u00ed \u0161tudenti) maj\u00fa <strong>mo\u017enos\u0165 objedna\u0165 si stretnutie<\/strong> s koordin\u00e1torkou osobne aj online.\n\n\u0160tudenti m\u00f4\u017eu <u>prediskutova\u0165<\/u> mo\u017enosti a <u>postup \u017eiadosti o zaradenie do evidencie<\/u> \u0161tudentov so \u0160P na UCM, ich <u>mo\u017enosti rie\u0161enia probl\u00e9mov\u00fdch situ\u00e1ci\u00ed<\/u> v \u0161t\u00fadiu, m\u00f4\u017ee <u>koordinova\u0165 spolupr\u00e1cu a komunik\u00e1ciu<\/u> \u0161tudenta medzi katedrami a vyu\u010duj\u00facimi, pr\u00edpadne sta\u010d\u00ed pr\u00eds\u0165 sa iba <u>porozpr\u00e1va\u0165 o v\u0161etkom<\/u> s \u010d\u00edm si neviete da\u0165 rady sami, alebo o v\u0161etkom \u010do ovplyv\u0148uje V\u00e1\u0161 \u0161tudijn\u00fd \u010das.\n<p style=\"text-align: justify;\">Fakultn\u00fd koordin\u00e1tor pom\u00e1ha \u0161tudentom so \u0160P pri kontakte s ich u\u010dite\u013emi, napr. pri tvorbe rozvrhu, pri z\u00edskavan\u00ed pr\u00edstupnej \u0161tudijnej literat\u00fary, pri dohode o vhodn\u00fdch form\u00e1ch komunik\u00e1cie a pod. Koordin\u00e1tor napom\u00e1ha za\u010dleneniu sa \u0161tudenta so \u0160P do \u0161t\u00fadia a \u017eivota na UCM a podporuje jeho snahu o dosiahnutie sebesta\u010dnosti a auton\u00f3mie.<\/p>\t\t\t\t\t\t\t\t<\/div>\n\t\t\t\t<\/div>\n\t\t\t\t\t<\/div>\n\t\t<\/div>\n\t\t\t\t\t<\/div>\n\t\t<\/section>\n\t\t\t\t\t<\/div>\n\t\t<\/div>\n\t\t\t\t\t<\/div>\n\t\t<\/section>\n\t\t\t\t<section class=\"elementor-section elementor-top-section elementor-element elementor-element-cdbdf68 elementor-section-boxed elementor-section-height-default elementor-section-height-default\" data-id=\"cdbdf68\" data-element_type=\"section\">\n\t\t\t\t\t\t<div class=\"elementor-container elementor-column-gap-default\">\n\t\t\t\t\t<div class=\"elementor-column elementor-col-100 elementor-top-column elementor-element elementor-element-6101b55\" data-id=\"6101b55\" data-element_type=\"column\">\n\t\t\t<div class=\"elementor-widget-wrap elementor-element-populated\">\n\t\t\t\t\t\t<section class=\"elementor-section elementor-inner-section elementor-element elementor-element-cb69839 elementor-section-boxed elementor-section-height-default elementor-section-height-default\" data-id=\"cb69839\" data-element_type=\"section\">\n\t\t\t\t\t\t<div class=\"elementor-container elementor-column-gap-default\">\n\t\t\t\t\t<div class=\"elementor-column elementor-col-100 elementor-inner-column elementor-element elementor-element-082e56d\" data-id=\"082e56d\" data-element_type=\"column\">\n\t\t\t<div class=\"elementor-widget-wrap elementor-element-populated\">\n\t\t\t\t\t\t<div class=\"elementor-element elementor-element-8c5ccbd elementor-widget elementor-widget-heading\" data-id=\"8c5ccbd\" data-element_type=\"widget\" data-widget_type=\"heading.default\">\n\t\t\t\t<div class=\"elementor-widget-container\">\n\t\t\t\t\t<h3 class=\"elementor-heading-title elementor-size-default\">Fakultn\u00fd koordin\u00e1tor pre pr\u00e1cu so \u0161tudentami so \u0160P:<\/h3>\t\t\t\t<\/div>\n\t\t\t\t<\/div>\n\t\t\t\t\t<\/div>\n\t\t<\/div>\n\t\t\t\t\t<\/div>\n\t\t<\/section>\n\t\t\t\t<section class=\"elementor-section elementor-inner-section elementor-element elementor-element-b18cd53 elementor-section-boxed elementor-section-height-default elementor-section-height-default\" data-id=\"b18cd53\" data-element_type=\"section\">\n\t\t\t\t\t\t<div class=\"elementor-container elementor-column-gap-default\">\n\t\t\t\t\t<div class=\"elementor-column elementor-col-50 elementor-inner-column elementor-element elementor-element-bd55554\" data-id=\"bd55554\" data-element_type=\"column\">\n\t\t\t<div class=\"elementor-widget-wrap elementor-element-populated\">\n\t\t\t\t\t\t<div class=\"elementor-element elementor-element-350c589 elementor-widget elementor-widget-image\" data-id=\"350c589\" data-element_type=\"widget\" data-widget_type=\"image.default\">\n\t\t\t\t<div class=\"elementor-widget-container\">\n\t\t\t\t\t\t\t\t\t\t\t\t\t\t\t<img fetchpriority=\"high\" decoding=\"async\" width=\"199\" height=\"300\" src=\"https:\/\/e-ucebnice.ff.ucm.sk\/wp-content\/uploads\/2023\/03\/autor-timea-seben-zatkova-199x300.jpg\" class=\"attachment-medium size-medium wp-image-5560\" alt=\"\" srcset=\"https:\/\/e-ucebnice.ff.ucm.sk\/wp-content\/uploads\/2023\/03\/autor-timea-seben-zatkova-199x300.jpg 199w, https:\/\/e-ucebnice.ff.ucm.sk\/wp-content\/uploads\/2023\/03\/autor-timea-seben-zatkova-680x1024.jpg 680w, https:\/\/e-ucebnice.ff.ucm.sk\/wp-content\/uploads\/2023\/03\/autor-timea-seben-zatkova-768x1157.jpg 768w, https:\/\/e-ucebnice.ff.ucm.sk\/wp-content\/uploads\/2023\/03\/autor-timea-seben-zatkova.jpg 887w\" sizes=\"(max-width: 199px) 100vw, 199px\" \/>\t\t\t\t\t\t\t\t\t\t\t\t\t\t\t<\/div>\n\t\t\t\t<\/div>\n\t\t\t\t\t<\/div>\n\t\t<\/div>\n\t\t\t\t<div class=\"elementor-column elementor-col-50 elementor-inner-column elementor-element elementor-element-913c528\" data-id=\"913c528\" data-element_type=\"column\">\n\t\t\t<div class=\"elementor-widget-wrap elementor-element-populated\">\n\t\t\t\t\t\t<div class=\"elementor-element elementor-element-cbadb40 elementor-widget elementor-widget-text-editor\" data-id=\"cbadb40\" data-element_type=\"widget\" data-widget_type=\"text-editor.default\">\n\t\t\t\t<div class=\"elementor-widget-container\">\n\t\t\t\t\t\t\t\t\t<p><strong>PaedDr. T\u00edmea \u0160eben Za\u0165kov\u00e1, PhD.\u00a0\u00a0\u00a0\u00a0\u00a0\u00a0\u00a0\u00a0\u00a0\u00a0\u00a0\u00a0 <\/strong><\/p><p>Na konzult\u00e1ciu\/rozhovor je mo\u017en\u00e9 objedna\u0165 sa prostredn\u00edctvom:<\/p><ul><li>e-mailu: <a href=\"mailto:timea.seben.zatkova@ucm.sk\"><span style=\"color: #339966;\">timea.seben.zatkova@ucm.sk<\/span><\/a><\/li><li>cez chat \/ videohovor prostredn\u00edctvom aplik\u00e1cie MS Teams<\/li><li>telefonicky: 033 5565 <strong>285<\/strong><\/li><\/ul>\t\t\t\t\t\t\t\t<\/div>\n\t\t\t\t<\/div>\n\t\t\t\t\t<\/div>\n\t\t<\/div>\n\t\t\t\t\t<\/div>\n\t\t<\/section>\n\t\t\t\t\t<\/div>\n\t\t<\/div>\n\t\t\t\t\t<\/div>\n\t\t<\/section>\n\t\t\t\t<\/div>\n\t\t","protected":false},"excerpt":{"rendered":"<p>Metodick\u00e1 pr\u00edru\u010dka pre z\u00e1ujemcov o \u0161t\u00fadium a \u0161tudentov so \u0161pecifick\u00fdmi potrebami Fakultn\u00fd koordin\u00e1tor pre pr\u00e1cu so \u0161tudentmi so \u0161pecifick\u00fdmi potrebami Na ka\u017edej fakulte a in\u0161tit\u00fate UCM p\u00f4sob\u00ed fakultn\u00fd koordin\u00e1tor. Fakultn\u00fdm koordin\u00e1torom je spravidla vysoko\u0161kolsk\u00fd u\u010dite\u013e a v\u00fdkonom \u010dinnosti ho poveruje dekan pr\u00edslu\u0161nej fakulty UCM. \u00dalohy fakultn\u00e9ho koordin\u00e1tora: spolupracuje vo v\u0161etk\u00fdch \u00faloh\u00e1ch pri rie\u0161en\u00ed podmienok podpory [&hellip;]<\/p>\n","protected":false},"author":3,"featured_media":0,"parent":0,"menu_order":0,"comment_status":"closed","ping_status":"closed","template":"","meta":{"footnotes":""},"class_list":["post-8039","page","type-page","status-publish","hentry"],"_links":{"self":[{"href":"https:\/\/e-ucebnice.ff.ucm.sk\/index.php\/wp-json\/wp\/v2\/pages\/8039","targetHints":{"allow":["GET"]}}],"collection":[{"href":"https:\/\/e-ucebnice.ff.ucm.sk\/index.php\/wp-json\/wp\/v2\/pages"}],"about":[{"href":"https:\/\/e-ucebnice.ff.ucm.sk\/index.php\/wp-json\/wp\/v2\/types\/page"}],"author":[{"embeddable":true,"href":"https:\/\/e-ucebnice.ff.ucm.sk\/index.php\/wp-json\/wp\/v2\/users\/3"}],"replies":[{"embeddable":true,"href":"https:\/\/e-ucebnice.ff.ucm.sk\/index.php\/wp-json\/wp\/v2\/comments?post=8039"}],"version-history":[{"count":25,"href":"https:\/\/e-ucebnice.ff.ucm.sk\/index.php\/wp-json\/wp\/v2\/pages\/8039\/revisions"}],"predecessor-version":[{"id":8499,"href":"https:\/\/e-ucebnice.ff.ucm.sk\/index.php\/wp-json\/wp\/v2\/pages\/8039\/revisions\/8499"}],"wp:attachment":[{"href":"https:\/\/e-ucebnice.ff.ucm.sk\/index.php\/wp-json\/wp\/v2\/media?parent=8039"}],"curies":[{"name":"wp","href":"https:\/\/api.w.org\/{rel}","templated":true}]}}