{"id":8041,"date":"2024-10-10T16:24:39","date_gmt":"2024-10-10T14:24:39","guid":{"rendered":"https:\/\/e-ucebnice.ff.ucm.sk\/?page_id=8041"},"modified":"2024-10-11T13:03:27","modified_gmt":"2024-10-11T11:03:27","slug":"prirucka-specificke-potreby-5","status":"publish","type":"page","link":"https:\/\/e-ucebnice.ff.ucm.sk\/index.php\/prirucka-specificke-potreby-5\/","title":{"rendered":"Prirucka-specificke-potreby-5"},"content":{"rendered":"\t\t<div data-elementor-type=\"wp-page\" data-elementor-id=\"8041\" class=\"elementor elementor-8041\" data-elementor-post-type=\"page\">\n\t\t\t\t\t\t<section class=\"elementor-section elementor-top-section elementor-element elementor-element-b2eeed8 elementor-section-height-min-height elementor-section-boxed elementor-section-height-default elementor-section-items-middle\" data-id=\"b2eeed8\" data-element_type=\"section\" data-settings=\"{&quot;background_background&quot;:&quot;classic&quot;}\">\n\t\t\t\t\t\t\t<div class=\"elementor-background-overlay\"><\/div>\n\t\t\t\t\t\t\t<div class=\"elementor-container elementor-column-gap-default\">\n\t\t\t\t\t<div class=\"elementor-column elementor-col-100 elementor-top-column elementor-element elementor-element-91ce5cd\" data-id=\"91ce5cd\" data-element_type=\"column\">\n\t\t\t<div class=\"elementor-widget-wrap elementor-element-populated\">\n\t\t\t\t\t\t<div class=\"elementor-element elementor-element-1c6da3b elementor-widget elementor-widget-heading\" data-id=\"1c6da3b\" data-element_type=\"widget\" data-widget_type=\"heading.default\">\n\t\t\t\t<div class=\"elementor-widget-container\">\n\t\t\t\t\t<h1 class=\"elementor-heading-title elementor-size-default\">Metodick\u00e1 pr\u00edru\u010dka pre z\u00e1ujemcov o \u0161t\u00fadium a \u0161tudentov so \u0161pecifick\u00fdmi potrebami<\/h1>\t\t\t\t<\/div>\n\t\t\t\t<\/div>\n\t\t\t\t\t<\/div>\n\t\t<\/div>\n\t\t\t\t\t<\/div>\n\t\t<\/section>\n\t\t\t\t<section class=\"elementor-section elementor-top-section elementor-element elementor-element-9f9a241 elementor-section-boxed elementor-section-height-default elementor-section-height-default\" data-id=\"9f9a241\" data-element_type=\"section\">\n\t\t\t\t\t\t<div class=\"elementor-container elementor-column-gap-default\">\n\t\t\t\t\t<div class=\"elementor-column elementor-col-100 elementor-top-column elementor-element elementor-element-36e8d15\" data-id=\"36e8d15\" data-element_type=\"column\">\n\t\t\t<div class=\"elementor-widget-wrap elementor-element-populated\">\n\t\t\t\t\t\t<section class=\"elementor-section elementor-inner-section elementor-element elementor-element-0f7453d elementor-section-boxed elementor-section-height-default elementor-section-height-default\" data-id=\"0f7453d\" data-element_type=\"section\">\n\t\t\t\t\t\t<div class=\"elementor-container elementor-column-gap-default\">\n\t\t\t\t\t<div class=\"elementor-column elementor-col-100 elementor-inner-column elementor-element elementor-element-4973de6\" data-id=\"4973de6\" data-element_type=\"column\">\n\t\t\t<div class=\"elementor-widget-wrap elementor-element-populated\">\n\t\t\t\t\t\t<div class=\"elementor-element elementor-element-198bac6 elementor-widget__width-initial elementor-fixed elementor-widget elementor-widget-button\" data-id=\"198bac6\" data-element_type=\"widget\" data-settings=\"{&quot;_position&quot;:&quot;fixed&quot;}\" data-widget_type=\"button.default\">\n\t\t\t\t<div class=\"elementor-widget-container\">\n\t\t\t\t\t\t\t\t\t<div class=\"elementor-button-wrapper\">\n\t\t\t\t\t<a class=\"elementor-button elementor-button-link elementor-size-sm\" href=\"#Kapitola1\">\n\t\t\t\t\t\t<span class=\"elementor-button-content-wrapper\">\n\t\t\t\t\t\t<span class=\"elementor-button-icon\">\n\t\t\t\t<i aria-hidden=\"true\" class=\"fas fa-arrow-up\"><\/i>\t\t\t<\/span>\n\t\t\t\t\t\t\t\t<\/span>\n\t\t\t\t\t<\/a>\n\t\t\t\t<\/div>\n\t\t\t\t\t\t\t\t<\/div>\n\t\t\t\t<\/div>\n\t\t\t\t\t<\/div>\n\t\t<\/div>\n\t\t\t\t\t<\/div>\n\t\t<\/section>\n\t\t\t\t\t<\/div>\n\t\t<\/div>\n\t\t\t\t\t<\/div>\n\t\t<\/section>\n\t\t\t\t<section class=\"elementor-section elementor-top-section elementor-element elementor-element-2858d6f elementor-section-boxed elementor-section-height-default elementor-section-height-default\" data-id=\"2858d6f\" data-element_type=\"section\">\n\t\t\t\t\t\t<div class=\"elementor-container elementor-column-gap-default\">\n\t\t\t\t\t<div class=\"elementor-column elementor-col-100 elementor-top-column elementor-element elementor-element-e63bd34\" data-id=\"e63bd34\" data-element_type=\"column\">\n\t\t\t<div class=\"elementor-widget-wrap elementor-element-populated\">\n\t\t\t\t\t\t<section class=\"elementor-section elementor-inner-section elementor-element elementor-element-0b79421 elementor-section-boxed elementor-section-height-default elementor-section-height-default\" data-id=\"0b79421\" data-element_type=\"section\">\n\t\t\t\t\t\t<div class=\"elementor-container elementor-column-gap-default\">\n\t\t\t\t\t<div class=\"elementor-column elementor-col-100 elementor-inner-column elementor-element elementor-element-bb0ded5\" data-id=\"bb0ded5\" data-element_type=\"column\">\n\t\t\t<div class=\"elementor-widget-wrap elementor-element-populated\">\n\t\t\t\t\t\t<div class=\"elementor-element elementor-element-759b076 elementor-widget elementor-widget-heading\" data-id=\"759b076\" data-element_type=\"widget\" data-widget_type=\"heading.default\">\n\t\t\t\t<div class=\"elementor-widget-container\">\n\t\t\t\t\t<h3 class=\"elementor-heading-title elementor-size-default\">Uch\u00e1dza\u010d o \u0161t\u00fadium so \u0161pecifick\u00fdmi potrebami<\/h3>\t\t\t\t<\/div>\n\t\t\t\t<\/div>\n\t\t\t\t<div class=\"elementor-element elementor-element-5aa9d5d elementor-widget elementor-widget-text-editor\" data-id=\"5aa9d5d\" data-element_type=\"widget\" data-widget_type=\"text-editor.default\">\n\t\t\t\t<div class=\"elementor-widget-container\">\n\t\t\t\t\t\t\t\t\t<p style=\"text-align: justify;\">Pred podan\u00edm prihl\u00e1\u0161ky na \u0161t\u00fadium\u00a0 odpor\u00fa\u010dame uch\u00e1dza\u010dovi so \u0161pecifick\u00fdmi potrebami kontaktova\u0165 fakultn\u00e9ho (<span style=\"color: #339966;\"><a style=\"color: #339966;\" href=\"https:\/\/e-ucebnice.ff.ucm.sk\/index.php\/prirucka-specificke-potreby-4\/\">pozri kapitola 4<\/a><\/span>) alebo univerzitn\u00e9ho <strong>koordin\u00e1tora <\/strong>(<span style=\"color: #339966;\"><a style=\"color: #339966;\" href=\"https:\/\/e-ucebnice.ff.ucm.sk\/index.php\/prirucka-specificke-potreby-3\/\">pozri kapitola 3<\/a><\/span>) za \u00fa\u010delom poradenstva pri v\u00fdbere odboru \u0161t\u00fadia a rozsahu podporn\u00fdch slu\u017eieb na UCM. Uch\u00e1dza\u010d by mal poskytn\u00fa\u0165 koordin\u00e1torovi dostato\u010dn\u00e9 inform\u00e1cie o svojich obmedzeniach a potreb\u00e1ch.<\/p><p style=\"text-align: justify;\">Uch\u00e1dza\u010d so \u0160P vykon\u00e1 <strong>samostatn\u00e9 <em>rozhodnutie <\/em><em>o kone\u010dnom v\u00fdbere odboru<\/em><\/strong>, \u0161tudijn\u00e9ho programu a vlastn\u00fdch schopnostiach a predpokladoch na zvl\u00e1dnutie \u0161tudijn\u00fdch povinnost\u00ed.<\/p><p style=\"text-align: justify;\"><strong>\u0160tudijn\u00e9 oddelenie fakulty<\/strong> eviduje v\u0161etk\u00fdch uch\u00e1dza\u010dov, ktor\u00ed p\u00edsomne deklarovali \u2013 potvrden\u00edm o zdravotnom stave a\/alebo poruche u\u010denia ak\u00fdko\u013evek druh, typ a stupe\u0148 svojho zdravotn\u00e9ho postihnutia, \u010di znev\u00fdhodnenia.<\/p><p style=\"text-align: justify;\">V \u010dase pred prij\u00edmac\u00edmi sk\u00fa\u0161kami a po\u010das nich:<\/p><p style=\"text-align: justify;\">1) Uch\u00e1dza\u010d o \u0161t\u00fadium v dostato\u010dnom predstihu (obvykle 1 mesiac pred prij\u00edmac\u00edmi sk\u00fa\u0161kami) kontaktuje fakultn\u00e9ho koordin\u00e1tora za \u00fa\u010delom zabezpe\u010denia primeran\u00fdch podmienok pri prij\u00edmacej sk\u00fa\u0161ke.<\/p><p style=\"text-align: justify;\">2) Fakultn\u00fd koordin\u00e1tor informuje prodekana pre vzdel\u00e1vanie a pr\u00edslu\u0161n\u00e9 katedry o uch\u00e1dza\u010doch so \u0161pecifick\u00fdmi potrebami a po dohode so \u0161tudijn\u00fdm oddelen\u00edm spolo\u010dne ur\u010dia formu prij\u00edmacej sk\u00fa\u0161ky a sp\u00f4sob jej vykonania s prihliadnut\u00edm na \u0161pecifick\u00e9 potreby uch\u00e1dza\u010da.<\/p><p style=\"text-align: justify;\">3) \u0160pecifick\u00e1 potreba uch\u00e1dza\u010da nesmie by\u0165 d\u00f4vodom neprijatia na \u0161t\u00fadium.<\/p>\t\t\t\t\t\t\t\t<\/div>\n\t\t\t\t<\/div>\n\t\t\t\t\t<\/div>\n\t\t<\/div>\n\t\t\t\t\t<\/div>\n\t\t<\/section>\n\t\t\t\t\t<\/div>\n\t\t<\/div>\n\t\t\t\t\t<\/div>\n\t\t<\/section>\n\t\t\t\t<\/div>\n\t\t","protected":false},"excerpt":{"rendered":"<p>Metodick\u00e1 pr\u00edru\u010dka pre z\u00e1ujemcov o \u0161t\u00fadium a \u0161tudentov so \u0161pecifick\u00fdmi potrebami Uch\u00e1dza\u010d o \u0161t\u00fadium so \u0161pecifick\u00fdmi potrebami Pred podan\u00edm prihl\u00e1\u0161ky na \u0161t\u00fadium\u00a0 odpor\u00fa\u010dame uch\u00e1dza\u010dovi so \u0161pecifick\u00fdmi potrebami kontaktova\u0165 fakultn\u00e9ho (pozri kapitola 4) alebo univerzitn\u00e9ho koordin\u00e1tora (pozri kapitola 3) za \u00fa\u010delom poradenstva pri v\u00fdbere odboru \u0161t\u00fadia a rozsahu podporn\u00fdch slu\u017eieb na UCM. Uch\u00e1dza\u010d by mal poskytn\u00fa\u0165 [&hellip;]<\/p>\n","protected":false},"author":3,"featured_media":0,"parent":0,"menu_order":0,"comment_status":"closed","ping_status":"closed","template":"","meta":{"footnotes":""},"class_list":["post-8041","page","type-page","status-publish","hentry"],"_links":{"self":[{"href":"https:\/\/e-ucebnice.ff.ucm.sk\/index.php\/wp-json\/wp\/v2\/pages\/8041","targetHints":{"allow":["GET"]}}],"collection":[{"href":"https:\/\/e-ucebnice.ff.ucm.sk\/index.php\/wp-json\/wp\/v2\/pages"}],"about":[{"href":"https:\/\/e-ucebnice.ff.ucm.sk\/index.php\/wp-json\/wp\/v2\/types\/page"}],"author":[{"embeddable":true,"href":"https:\/\/e-ucebnice.ff.ucm.sk\/index.php\/wp-json\/wp\/v2\/users\/3"}],"replies":[{"embeddable":true,"href":"https:\/\/e-ucebnice.ff.ucm.sk\/index.php\/wp-json\/wp\/v2\/comments?post=8041"}],"version-history":[{"count":10,"href":"https:\/\/e-ucebnice.ff.ucm.sk\/index.php\/wp-json\/wp\/v2\/pages\/8041\/revisions"}],"predecessor-version":[{"id":8177,"href":"https:\/\/e-ucebnice.ff.ucm.sk\/index.php\/wp-json\/wp\/v2\/pages\/8041\/revisions\/8177"}],"wp:attachment":[{"href":"https:\/\/e-ucebnice.ff.ucm.sk\/index.php\/wp-json\/wp\/v2\/media?parent=8041"}],"curies":[{"name":"wp","href":"https:\/\/api.w.org\/{rel}","templated":true}]}}