{"id":8043,"date":"2024-10-10T16:25:14","date_gmt":"2024-10-10T14:25:14","guid":{"rendered":"https:\/\/e-ucebnice.ff.ucm.sk\/?page_id=8043"},"modified":"2024-10-18T11:56:37","modified_gmt":"2024-10-18T09:56:37","slug":"prirucka-specificke-potreby-6","status":"publish","type":"page","link":"https:\/\/e-ucebnice.ff.ucm.sk\/index.php\/prirucka-specificke-potreby-6\/","title":{"rendered":"Prirucka-specificke-potreby-6"},"content":{"rendered":"\t\t<div data-elementor-type=\"wp-page\" data-elementor-id=\"8043\" class=\"elementor elementor-8043\" data-elementor-post-type=\"page\">\n\t\t\t\t\t\t<section class=\"elementor-section elementor-top-section elementor-element elementor-element-b2eeed8 elementor-section-height-min-height elementor-section-boxed elementor-section-height-default elementor-section-items-middle\" data-id=\"b2eeed8\" data-element_type=\"section\" data-settings=\"{&quot;background_background&quot;:&quot;classic&quot;}\">\n\t\t\t\t\t\t\t<div class=\"elementor-background-overlay\"><\/div>\n\t\t\t\t\t\t\t<div class=\"elementor-container elementor-column-gap-default\">\n\t\t\t\t\t<div class=\"elementor-column elementor-col-100 elementor-top-column elementor-element elementor-element-91ce5cd\" data-id=\"91ce5cd\" data-element_type=\"column\">\n\t\t\t<div class=\"elementor-widget-wrap elementor-element-populated\">\n\t\t\t\t\t\t<div class=\"elementor-element elementor-element-1c6da3b elementor-widget elementor-widget-heading\" data-id=\"1c6da3b\" data-element_type=\"widget\" data-widget_type=\"heading.default\">\n\t\t\t\t<div class=\"elementor-widget-container\">\n\t\t\t\t\t<h1 class=\"elementor-heading-title elementor-size-default\">Metodick\u00e1 pr\u00edru\u010dka pre z\u00e1ujemcov o \u0161t\u00fadium a \u0161tudentov so \u0161pecifick\u00fdmi potrebami<\/h1>\t\t\t\t<\/div>\n\t\t\t\t<\/div>\n\t\t\t\t\t<\/div>\n\t\t<\/div>\n\t\t\t\t\t<\/div>\n\t\t<\/section>\n\t\t\t\t<section class=\"elementor-section elementor-top-section elementor-element elementor-element-9f9a241 elementor-section-boxed elementor-section-height-default elementor-section-height-default\" data-id=\"9f9a241\" data-element_type=\"section\">\n\t\t\t\t\t\t<div class=\"elementor-container elementor-column-gap-default\">\n\t\t\t\t\t<div class=\"elementor-column elementor-col-100 elementor-top-column elementor-element elementor-element-36e8d15\" data-id=\"36e8d15\" data-element_type=\"column\">\n\t\t\t<div class=\"elementor-widget-wrap elementor-element-populated\">\n\t\t\t\t\t\t<section class=\"elementor-section elementor-inner-section elementor-element elementor-element-0f7453d elementor-section-boxed elementor-section-height-default elementor-section-height-default\" data-id=\"0f7453d\" data-element_type=\"section\">\n\t\t\t\t\t\t<div class=\"elementor-container elementor-column-gap-default\">\n\t\t\t\t\t<div class=\"elementor-column elementor-col-100 elementor-inner-column elementor-element elementor-element-4973de6\" data-id=\"4973de6\" data-element_type=\"column\">\n\t\t\t<div class=\"elementor-widget-wrap elementor-element-populated\">\n\t\t\t\t\t\t<div class=\"elementor-element elementor-element-198bac6 elementor-widget__width-initial elementor-fixed elementor-widget elementor-widget-button\" data-id=\"198bac6\" data-element_type=\"widget\" data-settings=\"{&quot;_position&quot;:&quot;fixed&quot;}\" data-widget_type=\"button.default\">\n\t\t\t\t<div class=\"elementor-widget-container\">\n\t\t\t\t\t\t\t\t\t<div class=\"elementor-button-wrapper\">\n\t\t\t\t\t<a class=\"elementor-button elementor-button-link elementor-size-sm\" href=\"#Kapitola1\">\n\t\t\t\t\t\t<span class=\"elementor-button-content-wrapper\">\n\t\t\t\t\t\t<span class=\"elementor-button-icon\">\n\t\t\t\t<i aria-hidden=\"true\" class=\"fas fa-arrow-up\"><\/i>\t\t\t<\/span>\n\t\t\t\t\t\t\t\t<\/span>\n\t\t\t\t\t<\/a>\n\t\t\t\t<\/div>\n\t\t\t\t\t\t\t\t<\/div>\n\t\t\t\t<\/div>\n\t\t\t\t\t<\/div>\n\t\t<\/div>\n\t\t\t\t\t<\/div>\n\t\t<\/section>\n\t\t\t\t\t<\/div>\n\t\t<\/div>\n\t\t\t\t\t<\/div>\n\t\t<\/section>\n\t\t\t\t<section class=\"elementor-section elementor-top-section elementor-element elementor-element-2858d6f elementor-section-boxed elementor-section-height-default elementor-section-height-default\" data-id=\"2858d6f\" data-element_type=\"section\">\n\t\t\t\t\t\t<div class=\"elementor-container elementor-column-gap-default\">\n\t\t\t\t\t<div class=\"elementor-column elementor-col-100 elementor-top-column elementor-element elementor-element-e63bd34\" data-id=\"e63bd34\" data-element_type=\"column\">\n\t\t\t<div class=\"elementor-widget-wrap elementor-element-populated\">\n\t\t\t\t\t\t<section class=\"elementor-section elementor-inner-section elementor-element elementor-element-0b79421 elementor-section-boxed elementor-section-height-default elementor-section-height-default\" data-id=\"0b79421\" data-element_type=\"section\">\n\t\t\t\t\t\t<div class=\"elementor-container elementor-column-gap-default\">\n\t\t\t\t\t<div class=\"elementor-column elementor-col-100 elementor-inner-column elementor-element elementor-element-bb0ded5\" data-id=\"bb0ded5\" data-element_type=\"column\">\n\t\t\t<div class=\"elementor-widget-wrap elementor-element-populated\">\n\t\t\t\t\t\t<div class=\"elementor-element elementor-element-759b076 elementor-widget elementor-widget-heading\" data-id=\"759b076\" data-element_type=\"widget\" data-widget_type=\"heading.default\">\n\t\t\t\t<div class=\"elementor-widget-container\">\n\t\t\t\t\t<h3 class=\"elementor-heading-title elementor-size-default\">\u0160tudent so \u0161pecifick\u00fdmi potrebami<\/h3>\t\t\t\t<\/div>\n\t\t\t\t<\/div>\n\t\t\t\t<div class=\"elementor-element elementor-element-5aa9d5d elementor-widget elementor-widget-text-editor\" data-id=\"5aa9d5d\" data-element_type=\"widget\" data-widget_type=\"text-editor.default\">\n\t\t\t\t<div class=\"elementor-widget-container\">\n\t\t\t\t\t\t\t\t\t<p style=\"text-align: justify;\">Pre priznanie <strong>\u0161tat\u00fatu \u0161tudenta so \u0160P<\/strong> je potrebn\u00e9 <strong>poda\u0165 ofici\u00e1lnu \u017eiados\u0165<\/strong> na PPCSZ UCM. A\u017e po jej schv\u00e1len\u00ed m\u00e1te n\u00e1rok na zabezpe\u010denie podporn\u00fdch slu\u017eieb po\u010das V\u00e1\u0161ho \u0161t\u00fadia.<\/p>\n<p style=\"text-align: justify;\">O zaraden\u00ed do evidencie \u0161tudentov so \u0161pecifick\u00fdmi potrebami a priznan\u00ed primeran\u00fdch \u00faprav a podporn\u00fdch slu\u017eieb na z\u00e1klade n\u00e1vrhu PPCSZ <strong>rozhoduje dekan<\/strong> pr\u00edslu\u0161nej fakulty UCM (dekan FF UCM V Trnave &#8211; <span style=\"color: #008000;\"><a style=\"color: #008000;\" href=\"https:\/\/ff.ucm.sk\/sk\/dekanat\/\" target=\"_blank\" rel=\"noopener\">https:\/\/ff.ucm.sk\/sk\/dekanat\/<\/a><\/span>) .<\/p>\n<p style=\"text-align: justify;\"><strong>Univerzitn\u00fd koordin\u00e1tor<\/strong> vyhodnot\u00ed \u0161pecifick\u00e9 potreby \u0161tudenta a ur\u010d\u00ed primeran\u00e9 \u00fapravy a podporn\u00e9 slu\u017eby. Koordin\u00e1tor PPCSZ v sporn\u00fdch pr\u00edpadoch zvol\u00e1 <strong>komisiu<\/strong>, na ktor\u00fa v pr\u00edpade potreby poz\u00fdva aj \u0161tudenta \u017eiadaj\u00faceho o priznanie \u0161tat\u00fatu \u201e\u0161tudent so \u0160P\u201c. <strong>Komisia pozost\u00e1va z:<\/strong> &#8211;<em> univerzitn\u00e9ho koordin\u00e1tora&nbsp; &#8211; fakultn\u00e9ho koordin\u00e1tora &#8211; \u010fal\u0161\u00edch odborn\u00edkov pod\u013ea potreby (prodekan, prorektor, garant \u0161tudijn\u00e9ho programu, psychol\u00f3g,<\/em>&#8230;). Komisia svoje odpor\u00fa\u010danie na priznanie \u0161tat\u00fatu \u0161tudenta so \u0160P a priznanie primeran\u00fdch \u00faprav a podporn\u00fdch slu\u017eieb adresuje dekanovi.<\/p>\n<p style=\"text-align: justify;\">\u0160tudenti <strong>pod\u00e1vaj\u00fa <span style=\"color: #008000;\">\u017eiados\u0165 o zaradenie do evidencie \u0161tudentov<\/span><\/strong> so \u0161pecifick\u00fdmi potrebami spravidla pri z\u00e1pise na \u0161t\u00fadium resp. <strong>na za\u010diatku akademick\u00e9ho roka<\/strong> univerzitn\u00e9mu koordin\u00e1torovi v PPCSZ.<\/p>\n<p style=\"text-align: justify;\">\u017diados\u0165 o primeran\u00e9 \u00fapravy a podporn\u00e9 slu\u017eby mo\u017eno poda\u0165 <strong>aj v priebehu akademick\u00e9ho roka<\/strong>, priznanie primeran\u00fdch \u00faprav, podporn\u00fdch slu\u017eieb a\/alebo zv\u00fdhodnen\u00ed v\u0161ak nem\u00e1 sp\u00e4tn\u00fa platnos\u0165.<\/p>\n<p style=\"text-align: justify;\">Schv\u00e1len\u00fd <strong>\u0161tat\u00fat \u0161tudenta so \u0160P je platn\u00fd<\/strong> spravidla po dobu dan\u00e9ho stup\u0148a \u0161t\u00fadia- t.j. ak \u0161tudent ukon\u010d\u00ed stupe\u0148 \u0161t\u00fadia (napr. ukon\u010d\u00ed bakal\u00e1rske \u0161t\u00fadium) a pokra\u010duje na vy\u0161\u0161om stupni \u0161t\u00fadia (magistersk\u00e9 \u0161t\u00fadium\/ doktorandsk\u00e9 \u0161t\u00fadium\/ \u010fal\u0161ie formy vzdel\u00e1vania) je znova potrebn\u00e9 po\u017eiada\u0165 pri n\u00e1stupe do 1. ro\u010dn\u00edka vy\u0161\u0161ieho stup\u0148a vzdel\u00e1vania <strong>o zaradenie do evidencie \u0161tudentov so \u0161pecifick\u00fdmi potrebami.<\/strong><\/p>\n<p style=\"text-align: justify;\">\u0160tudent <strong>pod\u00e1va \u017eiados\u0165 opakovane v priebehu dan\u00e9ho stup\u0148a \u0161t\u00fadia<\/strong> ak do\u0161lo k zmen\u00e1m v deklarovan\u00fdch \u0161pecifick\u00fdch potrieb \u0161tudenta.<\/p>\t\t\t\t\t\t\t\t<\/div>\n\t\t\t\t<\/div>\n\t\t\t\t\t<\/div>\n\t\t<\/div>\n\t\t\t\t\t<\/div>\n\t\t<\/section>\n\t\t\t\t\t<\/div>\n\t\t<\/div>\n\t\t\t\t\t<\/div>\n\t\t<\/section>\n\t\t\t\t<\/div>\n\t\t","protected":false},"excerpt":{"rendered":"<p>Metodick\u00e1 pr\u00edru\u010dka pre z\u00e1ujemcov o \u0161t\u00fadium a \u0161tudentov so \u0161pecifick\u00fdmi potrebami \u0160tudent so \u0161pecifick\u00fdmi potrebami Pre priznanie \u0161tat\u00fatu \u0161tudenta so \u0160P je potrebn\u00e9 poda\u0165 ofici\u00e1lnu \u017eiados\u0165 na PPCSZ UCM. A\u017e po jej schv\u00e1len\u00ed m\u00e1te n\u00e1rok na zabezpe\u010denie podporn\u00fdch slu\u017eieb po\u010das V\u00e1\u0161ho \u0161t\u00fadia. O zaraden\u00ed do evidencie \u0161tudentov so \u0161pecifick\u00fdmi potrebami a priznan\u00ed primeran\u00fdch \u00faprav a [&hellip;]<\/p>\n","protected":false},"author":3,"featured_media":0,"parent":0,"menu_order":0,"comment_status":"closed","ping_status":"closed","template":"","meta":{"footnotes":""},"class_list":["post-8043","page","type-page","status-publish","hentry"],"_links":{"self":[{"href":"https:\/\/e-ucebnice.ff.ucm.sk\/index.php\/wp-json\/wp\/v2\/pages\/8043","targetHints":{"allow":["GET"]}}],"collection":[{"href":"https:\/\/e-ucebnice.ff.ucm.sk\/index.php\/wp-json\/wp\/v2\/pages"}],"about":[{"href":"https:\/\/e-ucebnice.ff.ucm.sk\/index.php\/wp-json\/wp\/v2\/types\/page"}],"author":[{"embeddable":true,"href":"https:\/\/e-ucebnice.ff.ucm.sk\/index.php\/wp-json\/wp\/v2\/users\/3"}],"replies":[{"embeddable":true,"href":"https:\/\/e-ucebnice.ff.ucm.sk\/index.php\/wp-json\/wp\/v2\/comments?post=8043"}],"version-history":[{"count":19,"href":"https:\/\/e-ucebnice.ff.ucm.sk\/index.php\/wp-json\/wp\/v2\/pages\/8043\/revisions"}],"predecessor-version":[{"id":8505,"href":"https:\/\/e-ucebnice.ff.ucm.sk\/index.php\/wp-json\/wp\/v2\/pages\/8043\/revisions\/8505"}],"wp:attachment":[{"href":"https:\/\/e-ucebnice.ff.ucm.sk\/index.php\/wp-json\/wp\/v2\/media?parent=8043"}],"curies":[{"name":"wp","href":"https:\/\/api.w.org\/{rel}","templated":true}]}}