{"id":8047,"date":"2024-10-10T16:26:45","date_gmt":"2024-10-10T14:26:45","guid":{"rendered":"https:\/\/e-ucebnice.ff.ucm.sk\/?page_id=8047"},"modified":"2024-10-15T18:13:55","modified_gmt":"2024-10-15T16:13:55","slug":"prirucka-specificke-potreby-8","status":"publish","type":"page","link":"https:\/\/e-ucebnice.ff.ucm.sk\/index.php\/prirucka-specificke-potreby-8\/","title":{"rendered":"Prirucka-specificke-potreby-8"},"content":{"rendered":"\t\t<div data-elementor-type=\"wp-page\" data-elementor-id=\"8047\" class=\"elementor elementor-8047\" data-elementor-post-type=\"page\">\n\t\t\t\t\t\t<section class=\"elementor-section elementor-top-section elementor-element elementor-element-b2eeed8 elementor-section-height-min-height elementor-section-boxed elementor-section-height-default elementor-section-items-middle\" data-id=\"b2eeed8\" data-element_type=\"section\" data-settings=\"{&quot;background_background&quot;:&quot;classic&quot;}\">\n\t\t\t\t\t\t\t<div class=\"elementor-background-overlay\"><\/div>\n\t\t\t\t\t\t\t<div class=\"elementor-container elementor-column-gap-default\">\n\t\t\t\t\t<div class=\"elementor-column elementor-col-100 elementor-top-column elementor-element elementor-element-91ce5cd\" data-id=\"91ce5cd\" data-element_type=\"column\">\n\t\t\t<div class=\"elementor-widget-wrap elementor-element-populated\">\n\t\t\t\t\t\t<div class=\"elementor-element elementor-element-1c6da3b elementor-widget elementor-widget-heading\" data-id=\"1c6da3b\" data-element_type=\"widget\" data-widget_type=\"heading.default\">\n\t\t\t\t<div class=\"elementor-widget-container\">\n\t\t\t\t\t<h1 class=\"elementor-heading-title elementor-size-default\">Metodick\u00e1 pr\u00edru\u010dka pre z\u00e1ujemcov o \u0161t\u00fadium a \u0161tudentov so \u0161pecifick\u00fdmi potrebami<\/h1>\t\t\t\t<\/div>\n\t\t\t\t<\/div>\n\t\t\t\t\t<\/div>\n\t\t<\/div>\n\t\t\t\t\t<\/div>\n\t\t<\/section>\n\t\t\t\t<section class=\"elementor-section elementor-top-section elementor-element elementor-element-9f9a241 elementor-section-boxed elementor-section-height-default elementor-section-height-default\" data-id=\"9f9a241\" data-element_type=\"section\">\n\t\t\t\t\t\t<div class=\"elementor-container elementor-column-gap-default\">\n\t\t\t\t\t<div class=\"elementor-column elementor-col-100 elementor-top-column elementor-element elementor-element-36e8d15\" data-id=\"36e8d15\" data-element_type=\"column\">\n\t\t\t<div class=\"elementor-widget-wrap elementor-element-populated\">\n\t\t\t\t\t\t<section class=\"elementor-section elementor-inner-section elementor-element elementor-element-0f7453d elementor-section-boxed elementor-section-height-default elementor-section-height-default\" data-id=\"0f7453d\" data-element_type=\"section\">\n\t\t\t\t\t\t<div class=\"elementor-container elementor-column-gap-default\">\n\t\t\t\t\t<div class=\"elementor-column elementor-col-100 elementor-inner-column elementor-element elementor-element-4973de6\" data-id=\"4973de6\" data-element_type=\"column\">\n\t\t\t<div class=\"elementor-widget-wrap elementor-element-populated\">\n\t\t\t\t\t\t<div class=\"elementor-element elementor-element-198bac6 elementor-widget__width-initial elementor-fixed elementor-widget elementor-widget-button\" data-id=\"198bac6\" data-element_type=\"widget\" data-settings=\"{&quot;_position&quot;:&quot;fixed&quot;}\" data-widget_type=\"button.default\">\n\t\t\t\t<div class=\"elementor-widget-container\">\n\t\t\t\t\t\t\t\t\t<div class=\"elementor-button-wrapper\">\n\t\t\t\t\t<a class=\"elementor-button elementor-button-link elementor-size-sm\" href=\"#Kapitola1\">\n\t\t\t\t\t\t<span class=\"elementor-button-content-wrapper\">\n\t\t\t\t\t\t<span class=\"elementor-button-icon\">\n\t\t\t\t<i aria-hidden=\"true\" class=\"fas fa-arrow-up\"><\/i>\t\t\t<\/span>\n\t\t\t\t\t\t\t\t<\/span>\n\t\t\t\t\t<\/a>\n\t\t\t\t<\/div>\n\t\t\t\t\t\t\t\t<\/div>\n\t\t\t\t<\/div>\n\t\t\t\t\t<\/div>\n\t\t<\/div>\n\t\t\t\t\t<\/div>\n\t\t<\/section>\n\t\t\t\t\t<\/div>\n\t\t<\/div>\n\t\t\t\t\t<\/div>\n\t\t<\/section>\n\t\t\t\t<section class=\"elementor-section elementor-top-section elementor-element elementor-element-2858d6f elementor-section-boxed elementor-section-height-default elementor-section-height-default\" data-id=\"2858d6f\" data-element_type=\"section\">\n\t\t\t\t\t\t<div class=\"elementor-container elementor-column-gap-default\">\n\t\t\t\t\t<div class=\"elementor-column elementor-col-100 elementor-top-column elementor-element elementor-element-e63bd34\" data-id=\"e63bd34\" data-element_type=\"column\">\n\t\t\t<div class=\"elementor-widget-wrap elementor-element-populated\">\n\t\t\t\t\t\t<section class=\"elementor-section elementor-inner-section elementor-element elementor-element-0b79421 elementor-section-boxed elementor-section-height-default elementor-section-height-default\" data-id=\"0b79421\" data-element_type=\"section\">\n\t\t\t\t\t\t<div class=\"elementor-container elementor-column-gap-default\">\n\t\t\t\t\t<div class=\"elementor-column elementor-col-100 elementor-inner-column elementor-element elementor-element-bb0ded5\" data-id=\"bb0ded5\" data-element_type=\"column\">\n\t\t\t<div class=\"elementor-widget-wrap elementor-element-populated\">\n\t\t\t\t\t\t<div class=\"elementor-element elementor-element-759b076 elementor-widget elementor-widget-heading\" data-id=\"759b076\" data-element_type=\"widget\" data-widget_type=\"heading.default\">\n\t\t\t\t<div class=\"elementor-widget-container\">\n\t\t\t\t\t<h3 class=\"elementor-heading-title elementor-size-default\">Rozdelenie zodpovednosti a \u00faloh pri realiz\u00e1cii podpory a poradenstva pre \u0161tudentov so \u0161pecifick\u00fdmi potrebami <\/h3>\t\t\t\t<\/div>\n\t\t\t\t<\/div>\n\t\t\t\t<div class=\"elementor-element elementor-element-ffbcfca elementor-widget elementor-widget-heading\" data-id=\"ffbcfca\" data-element_type=\"widget\" id=\"81\" data-widget_type=\"heading.default\">\n\t\t\t\t<div class=\"elementor-widget-container\">\n\t\t\t\t\t<h4 class=\"elementor-heading-title elementor-size-default\">Zodpovednos\u0165 \u0161tudentov<\/h4>\t\t\t\t<\/div>\n\t\t\t\t<\/div>\n\t\t\t\t<div class=\"elementor-element elementor-element-5aa9d5d elementor-widget elementor-widget-text-editor\" data-id=\"5aa9d5d\" data-element_type=\"widget\" data-widget_type=\"text-editor.default\">\n\t\t\t\t<div class=\"elementor-widget-container\">\n\t\t\t\t\t\t\t\t\t<ul><li style=\"text-align: justify;\">Vyh\u013eadajte koordin\u00e1tora pre \u0161tudentov so \u0160P (fakultn\u00e9ho alebo univerzitn\u00e9ho) a porozpr\u00e1vajte sa s n\u00edm o Va\u0161ich mo\u017enostiach, pr\u00e1vach a povinnostiach.<\/li><li style=\"text-align: justify;\">Po\u017eiadajte ofici\u00e1lnou cestou o priznanie \u0161tat\u00fatu \u0161tudenta so \u0160P v spolupr\u00e1ci s koordin\u00e1torom.<\/li><li style=\"text-align: justify;\">Zabezpe\u010dte si riadne zdokumentovanie zdravotn\u00e9ho postihnutia (logopedick\u00fd posudok, lek\u00e1rske potvrdenie at\u010f.).<\/li><li style=\"text-align: justify;\">V pr\u00edpade potreby v spolupr\u00e1ci s koordin\u00e1torom po\u017eiadajte o primeran\u00e9 \u00fapravy a podporn\u00e9 slu\u017eby na u\u013eah\u010denie V\u00e1\u0161ho \u0161t\u00fadia.<\/li><li style=\"text-align: justify;\">Po\u017eiadajte o pom\u00f4cky z Poradensko-pr\u00e1vneho centra pre \u0161tudentov zo soci\u00e1lne znev\u00fdhodnen\u00e9ho prostredia a \u0161tudentov so \u0161pecifick\u00fdmi potrebami (PPCSZ).<\/li><li style=\"text-align: justify;\">Po\u017eiadajte konkr\u00e9tneho vyu\u010duj\u00faceho o prisp\u00f4sobenie sk\u00fa\u0161ky v stanovenom term\u00edne.<\/li><li style=\"text-align: justify;\">Dodr\u017eiavajte po\u017eiadavky stanoven\u00e9 \u0160tudijn\u00fdm poriadkom UCM (<span style=\"color: #008000;\"><a style=\"color: #008000;\" href=\"https:\/\/ff.ucm.sk\/sk\/studijny-poriadok-ff-ucm\/\" target=\"_blank\" rel=\"noopener\">https:\/\/ff.ucm.sk\/sk\/studijny-poriadok-ff-ucm\/<\/a><\/span> ), Harmonogramom \u0161t\u00fadia pre pr\u00edslu\u0161n\u00fd akademick\u00fd rok (<span style=\"color: #008000;\"><a style=\"color: #008000;\" href=\"https:\/\/ff.ucm.sk\/sk\/harmonogram-studia\/\" target=\"_blank\" rel=\"noopener\">https:\/\/ff.ucm.sk\/sk\/harmonogram-studia\/<\/a><\/span>) a po\u017eiadavky pre pr\u00edslu\u0161n\u00e9 \u0161tudijn\u00e9 programy a \u0161tudijn\u00e9 predmety stanoven\u00e9 v akredita\u010dn\u00fdch spisoch a informa\u010dn\u00fdch listoch (dostupn\u00e9 v AIS).<\/li><\/ul>\t\t\t\t\t\t\t\t<\/div>\n\t\t\t\t<\/div>\n\t\t\t\t\t<\/div>\n\t\t<\/div>\n\t\t\t\t\t<\/div>\n\t\t<\/section>\n\t\t\t\t\t<\/div>\n\t\t<\/div>\n\t\t\t\t\t<\/div>\n\t\t<\/section>\n\t\t\t\t<\/div>\n\t\t","protected":false},"excerpt":{"rendered":"<p>Metodick\u00e1 pr\u00edru\u010dka pre z\u00e1ujemcov o \u0161t\u00fadium a \u0161tudentov so \u0161pecifick\u00fdmi potrebami Rozdelenie zodpovednosti a \u00faloh pri realiz\u00e1cii podpory a poradenstva pre \u0161tudentov so \u0161pecifick\u00fdmi potrebami Zodpovednos\u0165 \u0161tudentov Vyh\u013eadajte koordin\u00e1tora pre \u0161tudentov so \u0160P (fakultn\u00e9ho alebo univerzitn\u00e9ho) a porozpr\u00e1vajte sa s n\u00edm o Va\u0161ich mo\u017enostiach, pr\u00e1vach a povinnostiach. Po\u017eiadajte ofici\u00e1lnou cestou o priznanie \u0161tat\u00fatu \u0161tudenta so [&hellip;]<\/p>\n","protected":false},"author":3,"featured_media":0,"parent":0,"menu_order":0,"comment_status":"closed","ping_status":"closed","template":"","meta":{"footnotes":""},"class_list":["post-8047","page","type-page","status-publish","hentry"],"_links":{"self":[{"href":"https:\/\/e-ucebnice.ff.ucm.sk\/index.php\/wp-json\/wp\/v2\/pages\/8047","targetHints":{"allow":["GET"]}}],"collection":[{"href":"https:\/\/e-ucebnice.ff.ucm.sk\/index.php\/wp-json\/wp\/v2\/pages"}],"about":[{"href":"https:\/\/e-ucebnice.ff.ucm.sk\/index.php\/wp-json\/wp\/v2\/types\/page"}],"author":[{"embeddable":true,"href":"https:\/\/e-ucebnice.ff.ucm.sk\/index.php\/wp-json\/wp\/v2\/users\/3"}],"replies":[{"embeddable":true,"href":"https:\/\/e-ucebnice.ff.ucm.sk\/index.php\/wp-json\/wp\/v2\/comments?post=8047"}],"version-history":[{"count":16,"href":"https:\/\/e-ucebnice.ff.ucm.sk\/index.php\/wp-json\/wp\/v2\/pages\/8047\/revisions"}],"predecessor-version":[{"id":8284,"href":"https:\/\/e-ucebnice.ff.ucm.sk\/index.php\/wp-json\/wp\/v2\/pages\/8047\/revisions\/8284"}],"wp:attachment":[{"href":"https:\/\/e-ucebnice.ff.ucm.sk\/index.php\/wp-json\/wp\/v2\/media?parent=8047"}],"curies":[{"name":"wp","href":"https:\/\/api.w.org\/{rel}","templated":true}]}}