{"id":8053,"date":"2024-10-10T16:29:44","date_gmt":"2024-10-10T14:29:44","guid":{"rendered":"https:\/\/e-ucebnice.ff.ucm.sk\/?page_id=8053"},"modified":"2024-10-17T14:34:45","modified_gmt":"2024-10-17T12:34:45","slug":"prirucka-specificke-potreby-zoznam-zdrojov","status":"publish","type":"page","link":"https:\/\/e-ucebnice.ff.ucm.sk\/index.php\/prirucka-specificke-potreby-zoznam-zdrojov\/","title":{"rendered":"Prirucka-specificke-potreby-zoznam-zdrojov"},"content":{"rendered":"\t\t<div data-elementor-type=\"wp-page\" data-elementor-id=\"8053\" class=\"elementor elementor-8053\" data-elementor-post-type=\"page\">\n\t\t\t\t\t\t<section class=\"elementor-section elementor-top-section elementor-element elementor-element-b2eeed8 elementor-section-height-min-height elementor-section-boxed elementor-section-height-default elementor-section-items-middle\" data-id=\"b2eeed8\" data-element_type=\"section\" data-settings=\"{&quot;background_background&quot;:&quot;classic&quot;}\">\n\t\t\t\t\t\t\t<div class=\"elementor-background-overlay\"><\/div>\n\t\t\t\t\t\t\t<div class=\"elementor-container elementor-column-gap-default\">\n\t\t\t\t\t<div class=\"elementor-column elementor-col-100 elementor-top-column elementor-element elementor-element-91ce5cd\" data-id=\"91ce5cd\" data-element_type=\"column\">\n\t\t\t<div class=\"elementor-widget-wrap elementor-element-populated\">\n\t\t\t\t\t\t<div class=\"elementor-element elementor-element-1c6da3b elementor-widget elementor-widget-heading\" data-id=\"1c6da3b\" data-element_type=\"widget\" data-widget_type=\"heading.default\">\n\t\t\t\t<div class=\"elementor-widget-container\">\n\t\t\t\t\t<h1 class=\"elementor-heading-title elementor-size-default\">Metodick\u00e1 pr\u00edru\u010dka pre z\u00e1ujemcov o \u0161t\u00fadium a \u0161tudentov so \u0161pecifick\u00fdmi potrebami<\/h1>\t\t\t\t<\/div>\n\t\t\t\t<\/div>\n\t\t\t\t\t<\/div>\n\t\t<\/div>\n\t\t\t\t\t<\/div>\n\t\t<\/section>\n\t\t\t\t<section class=\"elementor-section elementor-top-section elementor-element elementor-element-9f9a241 elementor-section-boxed elementor-section-height-default elementor-section-height-default\" data-id=\"9f9a241\" data-element_type=\"section\">\n\t\t\t\t\t\t<div class=\"elementor-container elementor-column-gap-default\">\n\t\t\t\t\t<div class=\"elementor-column elementor-col-100 elementor-top-column elementor-element elementor-element-36e8d15\" data-id=\"36e8d15\" data-element_type=\"column\">\n\t\t\t<div class=\"elementor-widget-wrap elementor-element-populated\">\n\t\t\t\t\t\t<section class=\"elementor-section elementor-inner-section elementor-element elementor-element-0f7453d elementor-section-boxed elementor-section-height-default elementor-section-height-default\" data-id=\"0f7453d\" data-element_type=\"section\">\n\t\t\t\t\t\t<div class=\"elementor-container elementor-column-gap-default\">\n\t\t\t\t\t<div class=\"elementor-column elementor-col-100 elementor-inner-column elementor-element elementor-element-4973de6\" data-id=\"4973de6\" data-element_type=\"column\">\n\t\t\t<div class=\"elementor-widget-wrap elementor-element-populated\">\n\t\t\t\t\t\t<div class=\"elementor-element elementor-element-198bac6 elementor-widget__width-initial elementor-fixed elementor-widget elementor-widget-button\" data-id=\"198bac6\" data-element_type=\"widget\" data-settings=\"{&quot;_position&quot;:&quot;fixed&quot;}\" data-widget_type=\"button.default\">\n\t\t\t\t<div class=\"elementor-widget-container\">\n\t\t\t\t\t\t\t\t\t<div class=\"elementor-button-wrapper\">\n\t\t\t\t\t<a class=\"elementor-button elementor-button-link elementor-size-sm\" href=\"#Kapitola1\">\n\t\t\t\t\t\t<span class=\"elementor-button-content-wrapper\">\n\t\t\t\t\t\t<span class=\"elementor-button-icon\">\n\t\t\t\t<i aria-hidden=\"true\" class=\"fas fa-arrow-up\"><\/i>\t\t\t<\/span>\n\t\t\t\t\t\t\t\t<\/span>\n\t\t\t\t\t<\/a>\n\t\t\t\t<\/div>\n\t\t\t\t\t\t\t\t<\/div>\n\t\t\t\t<\/div>\n\t\t\t\t\t<\/div>\n\t\t<\/div>\n\t\t\t\t\t<\/div>\n\t\t<\/section>\n\t\t\t\t\t<\/div>\n\t\t<\/div>\n\t\t\t\t\t<\/div>\n\t\t<\/section>\n\t\t\t\t<section class=\"elementor-section elementor-top-section elementor-element elementor-element-2858d6f elementor-section-boxed elementor-section-height-default elementor-section-height-default\" data-id=\"2858d6f\" data-element_type=\"section\">\n\t\t\t\t\t\t<div class=\"elementor-container elementor-column-gap-default\">\n\t\t\t\t\t<div class=\"elementor-column elementor-col-100 elementor-top-column elementor-element elementor-element-e63bd34\" data-id=\"e63bd34\" data-element_type=\"column\">\n\t\t\t<div class=\"elementor-widget-wrap elementor-element-populated\">\n\t\t\t\t\t\t<section class=\"elementor-section elementor-inner-section elementor-element elementor-element-0b79421 elementor-section-boxed elementor-section-height-default elementor-section-height-default\" data-id=\"0b79421\" data-element_type=\"section\">\n\t\t\t\t\t\t<div class=\"elementor-container elementor-column-gap-default\">\n\t\t\t\t\t<div class=\"elementor-column elementor-col-100 elementor-inner-column elementor-element elementor-element-bb0ded5\" data-id=\"bb0ded5\" data-element_type=\"column\">\n\t\t\t<div class=\"elementor-widget-wrap elementor-element-populated\">\n\t\t\t\t\t\t<div class=\"elementor-element elementor-element-759b076 elementor-widget elementor-widget-heading\" data-id=\"759b076\" data-element_type=\"widget\" data-widget_type=\"heading.default\">\n\t\t\t\t<div class=\"elementor-widget-container\">\n\t\t\t\t\t<h3 class=\"elementor-heading-title elementor-size-default\">Zoznam pou\u017eit\u00fdch bibliografick\u00fdch odkazov a zdrojov<\/h3>\t\t\t\t<\/div>\n\t\t\t\t<\/div>\n\t\t\t\t<div class=\"elementor-element elementor-element-5aa9d5d elementor-widget elementor-widget-text-editor\" data-id=\"5aa9d5d\" data-element_type=\"widget\" data-widget_type=\"text-editor.default\">\n\t\t\t\t<div class=\"elementor-widget-container\">\n\t\t\t\t\t\t\t\t\t<p>BOLEKOV\u00c1, A. a kol. 2020. Ako sa u\u010di\u0165 a nezab\u00fada\u0165 princ\u00edpy mozgovo-kompatibiln\u00e9ho u\u010denia [online]. Ko\u0161ice: UPJ\u0160, ISBN 978-80-8152-898-9 (cit. 12. 08. 2024). Dostupn\u00e9 na: <span style=\"color: #008000;\"><a style=\"color: #008000;\" href=\"https:\/\/unibook.upjs.sk\/sk\/lekarska-fakulta\/1390-ako-sa-ucit-a-nezabudat-principy-mozgovo-kompatibilneho-ucenia\" target=\"_blank\" rel=\"noopener\">https:\/\/unibook.upjs.sk\/sk\/lekarska-fakulta\/1390-ako-sa-ucit-a-nezabudat-principy-mozgovo-kompatibilneho-ucenia<\/a><\/span><\/p><p>BOLEKOV\u00c1, A. a kol. 2023. Nau\u010d sa u\u010di\u0165 pracovn\u00fd zo\u0161it [online]. Ko\u0161ice: UPJ\u0160. (cit. 12. 08. 2024). Dostupn\u00e9 na: <span style=\"color: #008000;\"><a style=\"color: #008000;\" href=\"https:\/\/unibook.upjs.sk\/img\/cms\/2021\/nauc-sa-ucit.pdf\" target=\"_blank\" rel=\"noopener\">nauc-sa-ucit.pdf (upjs.sk)<\/a><\/span><\/p><p>HAR\u010cARIKOV\u00c1, T. 2008. Pedagogika jednotlivcov s poruchami u\u010denia, vybran\u00e9 kapitoly. Bratislava: Mabag, 94 s. ISBN 978-80-89113-57-6.<\/p><p>JA\u0160KOV\u00c1, \u013d. 2022. Asisten\u010dn\u00e9 technol\u00f3gie pre osoby s poruchami u\u010denia. In <em>Digit\u00e1lne technol\u00f3gie pre \u017eiakov so \u0161peci\u00e1lnymi vzdel\u00e1vac\u00edmi potrebami<\/em> [online]. (cit. 17.07.2024). Bratislava: UK. Dostupn\u00e9 na: <span style=\"color: #008000;\"><a style=\"color: #008000;\" href=\"http:\/\/www.edu.fmph.uniba.sk\/~jaskova\/IKTH\/tema05\/tema05.html#technologie\" target=\"_blank\" rel=\"noopener\">http:\/\/www.edu.fmph.uniba.sk\/~jaskova\/IKTH\/tema05\/tema05.html#technologie<\/a><\/span><\/p><p>Ministerstvo \u0161kolstva, v\u00fdskumu, v\u00fdvoja a ml\u00e1de\u017ee. 2023.\u00a0 Sie\u0165 zariaden\u00ed poradenstva a prevencie od 1.1.2023 [online]. (cit. 17.07.2024). Dostupn\u00e9 na: <span style=\"color: #008000;\"><a style=\"color: #008000;\" href=\"https:\/\/www.minedu.sk\/siet-zariadeni-poradenstva-a-prevencie-od-112023\" target=\"_blank\" rel=\"noopener\">https:\/\/www.minedu.sk\/siet-zariadeni-poradenstva-a-prevencie-od-112023<\/a><\/span><\/p><p>PAZ, I. 2024. 14 najlep\u0161\u00edch aplik\u00e1ci\u00ed ADHD pre dospel\u00fdch [online]. (cit. 12. 08. 2024). Dostupn\u00e9 na:\u00a0 <span style=\"color: #008000;\"><a style=\"color: #008000;\" href=\"https:\/\/www.morningdough.com\/sk\/ai-tools\/best-adhd-apps-for-adults\/\" target=\"_blank\" rel=\"noopener\">https:\/\/www.morningdough.com\/sk\/ai-tools\/best-adhd-apps-for-adults\/<\/a><\/span><\/p><p>Poradensko-pr\u00e1vne centrum pre \u0161tudentov zo soci\u00e1lne znev\u00fdhodnen\u00e9ho prostredia a \u0161tudentov so \u0161pecifick\u00fdmi potrebami. [online]. (cit. 18.07.2024). Dostupn\u00e9 na internete: <span style=\"color: #008000;\"><a style=\"color: #008000;\" href=\"https:\/\/www.ucm.sk\/sk\/centra-podpory\/poradensko-pravne-centrum-studentov-zo-socialne-znevyhodneneho-prostredia-studentov-so-specifickymi-potrebami.html\" target=\"_blank\" rel=\"noopener\">https:\/\/www.ucm.sk\/sk\/centra-podpory\/poradensko-pravne-centrum-studentov-zo-socialne-znevyhodneneho-prostredia-studentov-so-specifickymi-potrebami.html<\/a><\/span><\/p><p>\u0160IME\u010cKOV\u00c1, K. 2022. Technika Pomodoro: pomoc s u\u010den\u00edm i prokrastin\u00e1ciou [online]. (cit. 30. 04. 2024). Dostupn\u00e9 na: <span style=\"color: #008000;\"><a style=\"color: #008000;\" href=\"https:\/\/aktin.sk\/technika-pomodoro-pomoc-s-ucenim-i-prokrastinaciou\" target=\"_blank\" rel=\"noopener\">https:\/\/aktin.sk\/technika-pomodoro-pomoc-s-ucenim-i-prokrastinaciou<\/a><\/span><\/p><p>Univerzita sv. Cyrila a Metoda, b.r.v. Umiestnenie pom\u00f4cok pre \u0161tudentov so \u0161pecifick\u00fdmi potrebami [online]. (cit. 18.07.2024). Dostupn\u00e9 na: <span style=\"color: #008000;\"><a style=\"color: #008000;\" href=\"https:\/\/www.ucm.sk\/sk\/centra-podpory\/poradensko-pravne-centrum-studentov-zo-socialne-znevyhodneneho-prostredia-studentov-so-specifickymi-potrebami.html\" target=\"_blank\" rel=\"noopener\">https:\/\/www.ucm.sk\/sk\/centra-podpory\/poradensko-pravne-centrum-studentov-zo-socialne-znevyhodneneho-prostredia-studentov-so-specifickymi-potrebami.html<\/a><\/span><\/p><p>Univerzita sv. Cyrila a Metoda. 2023. <span style=\"color: #008000;\"><a style=\"color: #008000;\" href=\"https:\/\/www.ucm.sk\/docs\/legislativa\/2023\/Smernica_na_zabezpecenie_AP.docx\" target=\"_blank\" rel=\"noopener\">Smernica na zabezpe\u010denie v\u0161eobecne pr\u00edstupn\u00e9ho akademick\u00e9ho prostredia pre \u0161tudentov so \u0161pecifick\u00fdmi potrebami<\/a><\/span> [online]. (cit. 18.07.2024). Dostupn\u00e9 na: <span style=\"color: #008000;\"><a style=\"color: #008000;\" href=\"https:\/\/www.ucm.sk\/docs\/legislativa\/2023\/Smernica_na_zabezpecenie_AP.docx\" target=\"_blank\" rel=\"noopener\">https:\/\/www.ucm.sk\/docs\/legislativa\/2023\/Smernica_na_zabezpecenie_AP.docx<\/a><\/span><\/p><p>UPJ\u0160, 2023. Chcete sa u\u010di\u0165 efekt\u00edvne? [online]. (cit. 12. 08. 2024). Dostupn\u00e9 na: <span style=\"color: #008000;\"><a style=\"color: #008000;\" href=\"https:\/\/www.upjs.sk\/app\/uploads\/sites\/20\/2023\/01\/Tipy-na-efektivne-ucenie.pdf\" target=\"_blank\" rel=\"noopener\">https:\/\/www.upjs.sk\/app\/uploads\/sites\/20\/2023\/01\/Tipy-na-efektivne-ucenie.pdf<\/a><\/span><\/p><p>VYHL\u00c1\u0160KA Ministerstva \u0161kolstva, vedy, v\u00fdskumu a \u0161portu Slovenskej republiky z 20. decembra 2012 o minim\u00e1lnych n\u00e1rokoch \u0161tudenta so \u0161pecifick\u00fdmi potrebami [online]. (cit. 30. 04. 2024). Dostupn\u00e9 na: <span style=\"color: #008000;\"><a style=\"color: #008000;\" href=\"https:\/\/www.slov-lex.sk\/pravne-predpisy\/SK\/ZZ\/2012\/458\/20130901\" target=\"_blank\" rel=\"noopener\">https:\/\/www.slov-lex.sk\/pravne-predpisy\/SK\/ZZ\/2012\/458\/20130901<\/a><\/span><\/p><p>Z\u00e1kon \u010d<em>. 131\/2002 <\/em>Z. z. o vysok\u00fdch \u0161kol\u00e1ch a o zmene a doplnen\u00ed niektor\u00fdch z\u00e1konov [online]. (cit. 30. 04. 2024). Dostupn\u00e9 na: <span style=\"color: #008000;\"><a style=\"color: #008000;\" href=\"https:\/\/www.slov-lex.sk\/pravne-predpisy\/SK\/ZZ\/2002\/131\/20230101\" target=\"_blank\" rel=\"noopener\">https:\/\/www.slov-lex.sk\/pravne-predpisy\/SK\/ZZ\/2002\/131\/20230101<\/a><\/span>\u00a0\u00a0<\/p><p>Z\u00e1kon \u010d. 365\/2004 Z.z.\u00a0 o rovnakom zaobch\u00e1dzan\u00ed v niektor\u00fdch oblastiach a o ochrane pred diskrimin\u00e1ciou a o zmene a doplnen\u00ed niektor\u00fdch z\u00e1konov (antidiskrimina\u010dn\u00fd z\u00e1kon) [online]. (cit. 30. 04. 2024). Dostupn\u00e9 na: <span style=\"color: #008000;\"><a style=\"color: #008000;\" href=\"https:\/\/www.slov-lex.sk\/pravne-predpisy\/SK\/ZZ\/2004\/365\/20080401.html\" target=\"_blank\" rel=\"noopener\">https:\/\/www.slov-lex.sk\/pravne-predpisy\/SK\/ZZ\/2004\/365\/20080401.html<\/a><\/span><\/p>\t\t\t\t\t\t\t\t<\/div>\n\t\t\t\t<\/div>\n\t\t\t\t\t<\/div>\n\t\t<\/div>\n\t\t\t\t\t<\/div>\n\t\t<\/section>\n\t\t\t\t\t<\/div>\n\t\t<\/div>\n\t\t\t\t\t<\/div>\n\t\t<\/section>\n\t\t\t\t<\/div>\n\t\t","protected":false},"excerpt":{"rendered":"<p>Metodick\u00e1 pr\u00edru\u010dka pre z\u00e1ujemcov o \u0161t\u00fadium a \u0161tudentov so \u0161pecifick\u00fdmi potrebami Zoznam pou\u017eit\u00fdch bibliografick\u00fdch odkazov a zdrojov BOLEKOV\u00c1, A. a kol. 2020. Ako sa u\u010di\u0165 a nezab\u00fada\u0165 princ\u00edpy mozgovo-kompatibiln\u00e9ho u\u010denia [online]. Ko\u0161ice: UPJ\u0160, ISBN 978-80-8152-898-9 (cit. 12. 08. 2024). Dostupn\u00e9 na: https:\/\/unibook.upjs.sk\/sk\/lekarska-fakulta\/1390-ako-sa-ucit-a-nezabudat-principy-mozgovo-kompatibilneho-ucenia BOLEKOV\u00c1, A. a kol. 2023. Nau\u010d sa u\u010di\u0165 pracovn\u00fd zo\u0161it [online]. Ko\u0161ice: UPJ\u0160. [&hellip;]<\/p>\n","protected":false},"author":3,"featured_media":0,"parent":0,"menu_order":0,"comment_status":"closed","ping_status":"closed","template":"","meta":{"footnotes":""},"class_list":["post-8053","page","type-page","status-publish","hentry"],"_links":{"self":[{"href":"https:\/\/e-ucebnice.ff.ucm.sk\/index.php\/wp-json\/wp\/v2\/pages\/8053","targetHints":{"allow":["GET"]}}],"collection":[{"href":"https:\/\/e-ucebnice.ff.ucm.sk\/index.php\/wp-json\/wp\/v2\/pages"}],"about":[{"href":"https:\/\/e-ucebnice.ff.ucm.sk\/index.php\/wp-json\/wp\/v2\/types\/page"}],"author":[{"embeddable":true,"href":"https:\/\/e-ucebnice.ff.ucm.sk\/index.php\/wp-json\/wp\/v2\/users\/3"}],"replies":[{"embeddable":true,"href":"https:\/\/e-ucebnice.ff.ucm.sk\/index.php\/wp-json\/wp\/v2\/comments?post=8053"}],"version-history":[{"count":13,"href":"https:\/\/e-ucebnice.ff.ucm.sk\/index.php\/wp-json\/wp\/v2\/pages\/8053\/revisions"}],"predecessor-version":[{"id":8415,"href":"https:\/\/e-ucebnice.ff.ucm.sk\/index.php\/wp-json\/wp\/v2\/pages\/8053\/revisions\/8415"}],"wp:attachment":[{"href":"https:\/\/e-ucebnice.ff.ucm.sk\/index.php\/wp-json\/wp\/v2\/media?parent=8053"}],"curies":[{"name":"wp","href":"https:\/\/api.w.org\/{rel}","templated":true}]}}