{"id":8088,"date":"2024-10-10T19:06:27","date_gmt":"2024-10-10T17:06:27","guid":{"rendered":"https:\/\/e-ucebnice.ff.ucm.sk\/?page_id=8088"},"modified":"2024-10-18T11:49:26","modified_gmt":"2024-10-18T09:49:26","slug":"prirucka-specificke-potreby-2-1","status":"publish","type":"page","link":"https:\/\/e-ucebnice.ff.ucm.sk\/index.php\/prirucka-specificke-potreby-2-1\/","title":{"rendered":"Prirucka-specificke-potreby-2-1"},"content":{"rendered":"\t\t<div data-elementor-type=\"wp-page\" data-elementor-id=\"8088\" class=\"elementor elementor-8088\" data-elementor-post-type=\"page\">\n\t\t\t\t\t\t<section class=\"elementor-section elementor-top-section elementor-element elementor-element-b2eeed8 elementor-section-height-min-height elementor-section-boxed elementor-section-height-default elementor-section-items-middle\" data-id=\"b2eeed8\" data-element_type=\"section\" data-settings=\"{&quot;background_background&quot;:&quot;classic&quot;}\">\n\t\t\t\t\t\t\t<div class=\"elementor-background-overlay\"><\/div>\n\t\t\t\t\t\t\t<div class=\"elementor-container elementor-column-gap-default\">\n\t\t\t\t\t<div class=\"elementor-column elementor-col-100 elementor-top-column elementor-element elementor-element-91ce5cd\" data-id=\"91ce5cd\" data-element_type=\"column\">\n\t\t\t<div class=\"elementor-widget-wrap elementor-element-populated\">\n\t\t\t\t\t\t<div class=\"elementor-element elementor-element-1c6da3b elementor-widget elementor-widget-heading\" data-id=\"1c6da3b\" data-element_type=\"widget\" data-widget_type=\"heading.default\">\n\t\t\t\t<div class=\"elementor-widget-container\">\n\t\t\t\t\t<h1 class=\"elementor-heading-title elementor-size-default\">Metodick\u00e1 pr\u00edru\u010dka pre z\u00e1ujemcov o \u0161t\u00fadium a \u0161tudentov so \u0161pecifick\u00fdmi potrebami<\/h1>\t\t\t\t<\/div>\n\t\t\t\t<\/div>\n\t\t\t\t\t<\/div>\n\t\t<\/div>\n\t\t\t\t\t<\/div>\n\t\t<\/section>\n\t\t\t\t<section class=\"elementor-section elementor-top-section elementor-element elementor-element-9f9a241 elementor-section-boxed elementor-section-height-default elementor-section-height-default\" data-id=\"9f9a241\" data-element_type=\"section\">\n\t\t\t\t\t\t<div class=\"elementor-container elementor-column-gap-default\">\n\t\t\t\t\t<div class=\"elementor-column elementor-col-100 elementor-top-column elementor-element elementor-element-36e8d15\" data-id=\"36e8d15\" data-element_type=\"column\">\n\t\t\t<div class=\"elementor-widget-wrap elementor-element-populated\">\n\t\t\t\t\t\t<section class=\"elementor-section elementor-inner-section elementor-element elementor-element-0f7453d elementor-section-boxed elementor-section-height-default elementor-section-height-default\" data-id=\"0f7453d\" data-element_type=\"section\">\n\t\t\t\t\t\t<div class=\"elementor-container elementor-column-gap-default\">\n\t\t\t\t\t<div class=\"elementor-column elementor-col-100 elementor-inner-column elementor-element elementor-element-4973de6\" data-id=\"4973de6\" data-element_type=\"column\">\n\t\t\t<div class=\"elementor-widget-wrap elementor-element-populated\">\n\t\t\t\t\t\t<div class=\"elementor-element elementor-element-198bac6 elementor-widget__width-initial elementor-fixed elementor-widget elementor-widget-button\" data-id=\"198bac6\" data-element_type=\"widget\" data-settings=\"{&quot;_position&quot;:&quot;fixed&quot;}\" data-widget_type=\"button.default\">\n\t\t\t\t<div class=\"elementor-widget-container\">\n\t\t\t\t\t\t\t\t\t<div class=\"elementor-button-wrapper\">\n\t\t\t\t\t<a class=\"elementor-button elementor-button-link elementor-size-sm\" href=\"#Kapitola1\">\n\t\t\t\t\t\t<span class=\"elementor-button-content-wrapper\">\n\t\t\t\t\t\t<span class=\"elementor-button-icon\">\n\t\t\t\t<i aria-hidden=\"true\" class=\"fas fa-arrow-up\"><\/i>\t\t\t<\/span>\n\t\t\t\t\t\t\t\t<\/span>\n\t\t\t\t\t<\/a>\n\t\t\t\t<\/div>\n\t\t\t\t\t\t\t\t<\/div>\n\t\t\t\t<\/div>\n\t\t\t\t\t<\/div>\n\t\t<\/div>\n\t\t\t\t\t<\/div>\n\t\t<\/section>\n\t\t\t\t\t<\/div>\n\t\t<\/div>\n\t\t\t\t\t<\/div>\n\t\t<\/section>\n\t\t\t\t<section class=\"elementor-section elementor-top-section elementor-element elementor-element-2858d6f elementor-section-boxed elementor-section-height-default elementor-section-height-default\" data-id=\"2858d6f\" data-element_type=\"section\">\n\t\t\t\t\t\t<div class=\"elementor-container elementor-column-gap-default\">\n\t\t\t\t\t<div class=\"elementor-column elementor-col-100 elementor-top-column elementor-element elementor-element-e63bd34\" data-id=\"e63bd34\" data-element_type=\"column\">\n\t\t\t<div class=\"elementor-widget-wrap elementor-element-populated\">\n\t\t\t\t\t\t<section class=\"elementor-section elementor-inner-section elementor-element elementor-element-0b79421 elementor-section-boxed elementor-section-height-default elementor-section-height-default\" data-id=\"0b79421\" data-element_type=\"section\">\n\t\t\t\t\t\t<div class=\"elementor-container elementor-column-gap-default\">\n\t\t\t\t\t<div class=\"elementor-column elementor-col-100 elementor-inner-column elementor-element elementor-element-bb0ded5\" data-id=\"bb0ded5\" data-element_type=\"column\">\n\t\t\t<div class=\"elementor-widget-wrap elementor-element-populated\">\n\t\t\t\t\t\t<div class=\"elementor-element elementor-element-759b076 elementor-widget elementor-widget-heading\" data-id=\"759b076\" data-element_type=\"widget\" data-widget_type=\"heading.default\">\n\t\t\t\t<div class=\"elementor-widget-container\">\n\t\t\t\t\t<h3 class=\"elementor-heading-title elementor-size-default\">Vhodn\u00e9 individu\u00e1lne prisp\u00f4sobenie<\/h3>\t\t\t\t<\/div>\n\t\t\t\t<\/div>\n\t\t\t\t<div class=\"elementor-element elementor-element-5aa9d5d elementor-widget elementor-widget-text-editor\" data-id=\"5aa9d5d\" data-element_type=\"widget\" data-widget_type=\"text-editor.default\">\n\t\t\t\t<div class=\"elementor-widget-container\">\n\t\t\t\t\t\t\t\t\t<p>Fakulta posudzuje <strong>vhodn\u00e9 individu\u00e1lne prisp\u00f4sobenie<\/strong> pod\u013ea vlastn\u00fdch intern\u00fdch mo\u017enost\u00ed.<\/p><p>Pri posudzovan\u00ed je potrebn\u00e9 vn\u00edma\u0165 potreby \u0161tudenta v kontexte dostupn\u00fdch zdrojov a akademick\u00fdch po\u017eiadaviek individu\u00e1lneho programu. Akademick\u00e9 po\u017eiadavky s\u00fa vyjadren\u00e9 <strong>v cie\u013eoch vzdel\u00e1vania<\/strong> a v <strong>opise \u0161tudijn\u00e9ho programu<\/strong> (Opis \u0161tudijn\u00e9ho programu a Informa\u010dn\u00e9 listy a sylaby konkr\u00e9tnych predmetov &#8211; dostupn\u00e9 v Akademickom informa\u010dnom syst\u00e9me UCM &#8211; AIS <span style=\"color: #008000;\"><a style=\"color: #008000;\" href=\"https:\/\/ais2.ucm.sk\/ais\/portal\/changeLocale.do?locale=SK\" target=\"_blank\" rel=\"noopener\">https:\/\/ais2.ucm.sk\/ais\/portal\/changeLocale.do?locale=SK<\/a><\/span> ).<\/p><p>V\u00fdchodiskom prisp\u00f4sobenia s\u00fa <strong>potreby konkr\u00e9tneho \u0161tudenta<\/strong>. Preto je pre n\u00e1jdenie dobr\u00fdch rie\u0161en\u00ed \u010dasto rozhoduj\u00faci <strong>dial\u00f3g<\/strong> so \u0161tudentom. Skuto\u010dnos\u0165, \u017ee pos\u00fadenie mus\u00ed by\u0165 individu\u00e1lne, znamen\u00e1, \u017ee odmietnutie nie je mo\u017en\u00e9 vykona\u0165 s odkazom na be\u017en\u00fa prax alebo na to, \u010do dostali in\u00ed \u0161tudenti z h\u013eadiska prisp\u00f4sobenia.<\/p><p>Napr\u00edklad dvaja \u0161tudenti, ktor\u00ed maj\u00fa probl\u00e9my s \u010d\u00edtan\u00edm a p\u00edsan\u00edm, m\u00f4\u017eu ma\u0165 prospech z odli\u0161n\u00e9ho softv\u00e9ru na p\u00edsomn\u00fa sk\u00fa\u0161ku. Dvaja \u0161tudenti s \u00fazkos\u0165ou nepotrebuj\u00fa v\u017edy rovnak\u00e9 prisp\u00f4sobenie u\u010diva. Preto nie je mo\u017en\u00e9 nap\u00edsa\u0165 vy\u010derp\u00e1vaj\u00faci zoznam toho, \u010do predstavuje dobr\u00fa podporu a facilit\u00e1ciu \u0161t\u00fadia.<\/p>\t\t\t\t\t\t\t\t<\/div>\n\t\t\t\t<\/div>\n\t\t\t\t\t<\/div>\n\t\t<\/div>\n\t\t\t\t\t<\/div>\n\t\t<\/section>\n\t\t\t\t<section class=\"elementor-section elementor-inner-section elementor-element elementor-element-7d3582e elementor-section-boxed elementor-section-height-default elementor-section-height-default\" data-id=\"7d3582e\" data-element_type=\"section\" data-settings=\"{&quot;background_background&quot;:&quot;classic&quot;}\">\n\t\t\t\t\t\t<div class=\"elementor-container elementor-column-gap-default\">\n\t\t\t\t\t<div class=\"elementor-column elementor-col-100 elementor-inner-column elementor-element elementor-element-1e5b774\" data-id=\"1e5b774\" data-element_type=\"column\">\n\t\t\t<div class=\"elementor-widget-wrap elementor-element-populated\">\n\t\t\t\t\t\t<div class=\"elementor-element elementor-element-ab08640 elementor-widget elementor-widget-text-editor\" data-id=\"ab08640\" data-element_type=\"widget\" data-widget_type=\"text-editor.default\">\n\t\t\t\t<div class=\"elementor-widget-container\">\n\t\t\t\t\t\t\t\t\t<h6><strong>Existuje nejak\u00e1 hranica povinnosti fakulty prisp\u00f4sobenia sa?\u00a0<\/strong><\/h6><ul><li>Pr\u00e1vo \u0161tudentov na u\u013eah\u010denie sa nevz\u0165ahuje na opatrenia, ktor\u00e9 znamenaj\u00fa <strong>neprimeran\u00fa finan\u010dn\u00fa alebo zdrojov\u00fa z\u00e1\u0165a\u017e<\/strong> pre vzdel\u00e1vacie in\u0161tit\u00facie.<\/li><li>U\u013eah\u010denie nikdy <strong>nesmie vies\u0165 k zn\u00ed\u017eeniu akademick\u00fdch po\u017eiadaviek<\/strong> jednotliv\u00fdch \u0161tudijn\u00fdch programov.<\/li><li>UCM nie je povinn\u00e1 prizna\u0165 po\u017eadovan\u00e9 \u00fapravy tie\u017e <strong>\u0161tudent nesp\u013a\u0148a<\/strong> \u0161tandardn\u00e9 akademick\u00e9 a technick\u00e9 <strong>podmienky pre prijatie na \u0161t\u00fadium<\/strong> a <strong>\u00fa\u010das\u0165 na vzdel\u00e1van\u00ed<\/strong>, alebo ak \u00fa\u010das\u0165 na vzdel\u00e1van\u00ed by pre \u0161tudenta so \u0161pecifick\u00fdmi potrebami alebo pre ostatn\u00fdch z\u00fa\u010dastnen\u00fdch predstavovalo <strong>priame ohrozenie zdravia alebo bezpe\u010dnosti<\/strong>.<\/li><\/ul>\t\t\t\t\t\t\t\t<\/div>\n\t\t\t\t<\/div>\n\t\t\t\t\t<\/div>\n\t\t<\/div>\n\t\t\t\t\t<\/div>\n\t\t<\/section>\n\t\t\t\t<section class=\"elementor-section elementor-inner-section elementor-element elementor-element-7ab22ee elementor-section-boxed elementor-section-height-default elementor-section-height-default\" data-id=\"7ab22ee\" data-element_type=\"section\">\n\t\t\t\t\t\t<div class=\"elementor-container elementor-column-gap-default\">\n\t\t\t\t\t<div class=\"elementor-column elementor-col-100 elementor-inner-column elementor-element elementor-element-4850f3d\" data-id=\"4850f3d\" data-element_type=\"column\">\n\t\t\t<div class=\"elementor-widget-wrap elementor-element-populated\">\n\t\t\t\t\t\t<div class=\"elementor-element elementor-element-eab259c elementor-widget elementor-widget-text-editor\" data-id=\"eab259c\" data-element_type=\"widget\" data-widget_type=\"text-editor.default\">\n\t\t\t\t<div class=\"elementor-widget-container\">\n\t\t\t\t\t\t\t\t\t<p>UCM zabezpe\u010duje v s\u00falade so svojimi person\u00e1lnymi a materi\u00e1lnymi mo\u017enos\u0165ami <strong>spr\u00edstupnenie akademick\u00e9ho prostredia <\/strong>v \u010do najv\u00e4\u010d\u0161ej mo\u017enej miere a to napr.:<\/p><ul><li><span style=\"color: #339966;\"><strong>V univerzitnej kni\u017enici<\/strong> m\u00f4\u017ee \u0161tudent prezen\u010dne \u0161tudova\u0165 s pou\u017eit\u00edm podpornej technol\u00f3gie<\/span> pre \u0161tudentov s telesn\u00fdm postihnut\u00edm, zmyslov\u00fdm postihnut\u00edm.<\/li><li>Technick\u00fa podporu pri pr\u00e1ci s informa\u010dnou technol\u00f3giou a pri pr\u00e1ci s katal\u00f3gmi poskytuj\u00fa <strong><span style=\"color: #339966;\">vy\u0161kolen\u00ed pracovn\u00edci univerzitnej kni\u017enice<\/span>.<\/strong><\/li><li>\u0160tudijn\u00e1 literat\u00fara m\u00f4\u017ee by\u0165 poskytovan\u00e1 pre \u0161tudentov na <strong><span style=\"color: #339966;\">pred\u013a\u017een\u00fd \u010das<\/span>.<\/strong><\/li><li>Jednotliv\u00e9 priestory maj\u00fa zabezpe\u010den\u00e9 <span style=\"color: #339966;\"><strong>bezbari\u00e9rov\u00e9 pr\u00edstupy<\/strong><\/span> do budov a pohybovania sa v ich priestoroch. Pohyb je zjednodu\u0161en\u00fd pou\u017e\u00edvan\u00edm v\u00fd\u0165ahu, n\u00e1jazdov\u00fdch plo\u0161\u00edn. V budov\u00e1ch s\u00fa pod\u013ea mo\u017enost\u00ed upraven\u00e9 soci\u00e1lne zariadenia.<\/li><li>Na UCM v Trnave je <span style=\"color: #339966;\">ve\u013ek\u00e1 \u010das\u0165 form\u00e1lnych inform\u00e1ci\u00ed, \u0161tudijn\u00fdch pl\u00e1nov a pozn\u00e1mok k predn\u00e1\u0161kam k dispoz\u00edcii <strong>elektronicky<\/strong><\/span><strong>.<\/strong><\/li><\/ul>\t\t\t\t\t\t\t\t<\/div>\n\t\t\t\t<\/div>\n\t\t\t\t\t<\/div>\n\t\t<\/div>\n\t\t\t\t\t<\/div>\n\t\t<\/section>\n\t\t\t\t<section class=\"elementor-section elementor-inner-section elementor-element elementor-element-2786a92 elementor-section-boxed elementor-section-height-default elementor-section-height-default\" data-id=\"2786a92\" data-element_type=\"section\" data-settings=\"{&quot;background_background&quot;:&quot;classic&quot;}\">\n\t\t\t\t\t\t<div class=\"elementor-container elementor-column-gap-default\">\n\t\t\t\t\t<div class=\"elementor-column elementor-col-100 elementor-inner-column elementor-element elementor-element-0ec1772\" data-id=\"0ec1772\" data-element_type=\"column\">\n\t\t\t<div class=\"elementor-widget-wrap elementor-element-populated\">\n\t\t\t\t\t\t<div class=\"elementor-element elementor-element-4de3e37 elementor-widget elementor-widget-text-editor\" data-id=\"4de3e37\" data-element_type=\"widget\" data-widget_type=\"text-editor.default\">\n\t\t\t\t<div class=\"elementor-widget-container\">\n\t\t\t\t\t\t\t\t\t<h6><strong>\u0160tudent na UCM m\u00e1 pr\u00e1vo \u017eiada\u0165 v r\u00e1mci vyu\u010dovania:<\/strong><\/h6><ul><li>Ak je technick\u00e9 vybavenie k dispoz\u00edcii \u017eiadajte od predn\u00e1\u0161aj\u00facich pou\u017e\u00edvanie mikrof\u00f3nu a reproduktorov.<\/li><li>Pre niektor\u00fdch \u0161tudentov je\u00a0 nevyhnutn\u00e9, aby mohli vizu\u00e1lne sledova\u0165 predn\u00e1\u0161ku (ppt prezent\u00e1cia\/ z\u00e1pis na tabu\u013eu),\u00a0 je to vhodn\u00e9 aj pre ostatn\u00fdch \u0161tudentov, ktor\u00ed nemusia vynaklada\u0165 energiu na to, aby rozumeli tomu, \u010do sa hovor\u00ed.<\/li><li>Povinn\u00e9 u\u010debn\u00e9 zdroje by mali by\u0165 digit\u00e1lne alebo fyzicky dostupn\u00e9 v kni\u017enici univerzity \u2013 \u017eiadajte si od vyu\u010duj\u00facich inform\u00e1cie k miestu ulo\u017eenia povinnej literat\u00fary k jednotliv\u00fdm predmetom (online &#8211; web; MS Teams; Moodle) \/ univerzitn\u00e1 kni\u017enica\/&#8230;) (- v pr\u00edpade \u0161tudentov s poruchami zraku a dyslexiou elektronick\u00fd text umo\u017en\u00ed, aby si text pre\u010d\u00edtali pomocou syntetickej re\u010di. M\u00e1 to v\u00fdhody aj pre ostatn\u00fdch \u0161tudentov, ktor\u00ed maj\u00fa probl\u00e9my so s\u00fastreden\u00edm).<\/li><li>Sylaby musia by\u0165 pripraven\u00e9 v dostato\u010dnom predstihu \u2013 \u017eiadajte vyu\u010duj\u00faceho o obozn\u00e1menie s po\u017eiadavkami predmetu na \u00favodnom stretnut\u00ed v predmete (1. hodina semestra).<\/li><li>Je d\u00f4le\u017eit\u00e9 pre \u0161tudentov, ktor\u00ed maj\u00fa n\u00e1rok na prisp\u00f4soben\u00e9 u\u010debn\u00e9 materi\u00e1ly, aby inform\u00e1cie k zdrojom obdr\u017eali v dostato\u010dnom \u010dasovom predstihu, resp. aby im bol umo\u017enen\u00fd pred\u013a\u017een\u00fd \u010das k \u0161t\u00fadiu literat\u00fary. Pre \u0161tudenta bude pr\u00ednosom, ak m\u00f4\u017ee za\u010da\u0165 \u010d\u00edta\u0165 \u010do najsk\u00f4r, aby kompenzoval pomal\u00fa r\u00fdchlos\u0165 \u010d\u00edtania.<\/li><\/ul>\t\t\t\t\t\t\t\t<\/div>\n\t\t\t\t<\/div>\n\t\t\t\t\t<\/div>\n\t\t<\/div>\n\t\t\t\t\t<\/div>\n\t\t<\/section>\n\t\t\t\t\t<\/div>\n\t\t<\/div>\n\t\t\t\t\t<\/div>\n\t\t<\/section>\n\t\t\t\t<\/div>\n\t\t","protected":false},"excerpt":{"rendered":"<p>Metodick\u00e1 pr\u00edru\u010dka pre z\u00e1ujemcov o \u0161t\u00fadium a \u0161tudentov so \u0161pecifick\u00fdmi potrebami Vhodn\u00e9 individu\u00e1lne prisp\u00f4sobenie Fakulta posudzuje vhodn\u00e9 individu\u00e1lne prisp\u00f4sobenie pod\u013ea vlastn\u00fdch intern\u00fdch mo\u017enost\u00ed. Pri posudzovan\u00ed je potrebn\u00e9 vn\u00edma\u0165 potreby \u0161tudenta v kontexte dostupn\u00fdch zdrojov a akademick\u00fdch po\u017eiadaviek individu\u00e1lneho programu. Akademick\u00e9 po\u017eiadavky s\u00fa vyjadren\u00e9 v cie\u013eoch vzdel\u00e1vania a v opise \u0161tudijn\u00e9ho programu (Opis \u0161tudijn\u00e9ho programu a [&hellip;]<\/p>\n","protected":false},"author":3,"featured_media":0,"parent":0,"menu_order":0,"comment_status":"closed","ping_status":"closed","template":"","meta":{"footnotes":""},"class_list":["post-8088","page","type-page","status-publish","hentry"],"_links":{"self":[{"href":"https:\/\/e-ucebnice.ff.ucm.sk\/index.php\/wp-json\/wp\/v2\/pages\/8088","targetHints":{"allow":["GET"]}}],"collection":[{"href":"https:\/\/e-ucebnice.ff.ucm.sk\/index.php\/wp-json\/wp\/v2\/pages"}],"about":[{"href":"https:\/\/e-ucebnice.ff.ucm.sk\/index.php\/wp-json\/wp\/v2\/types\/page"}],"author":[{"embeddable":true,"href":"https:\/\/e-ucebnice.ff.ucm.sk\/index.php\/wp-json\/wp\/v2\/users\/3"}],"replies":[{"embeddable":true,"href":"https:\/\/e-ucebnice.ff.ucm.sk\/index.php\/wp-json\/wp\/v2\/comments?post=8088"}],"version-history":[{"count":43,"href":"https:\/\/e-ucebnice.ff.ucm.sk\/index.php\/wp-json\/wp\/v2\/pages\/8088\/revisions"}],"predecessor-version":[{"id":8490,"href":"https:\/\/e-ucebnice.ff.ucm.sk\/index.php\/wp-json\/wp\/v2\/pages\/8088\/revisions\/8490"}],"wp:attachment":[{"href":"https:\/\/e-ucebnice.ff.ucm.sk\/index.php\/wp-json\/wp\/v2\/media?parent=8088"}],"curies":[{"name":"wp","href":"https:\/\/api.w.org\/{rel}","templated":true}]}}