{"id":8239,"date":"2024-10-15T16:45:08","date_gmt":"2024-10-15T14:45:08","guid":{"rendered":"https:\/\/e-ucebnice.ff.ucm.sk\/?page_id=8239"},"modified":"2024-10-15T17:00:49","modified_gmt":"2024-10-15T15:00:49","slug":"prirucka-specificke-potreby-7-1","status":"publish","type":"page","link":"https:\/\/e-ucebnice.ff.ucm.sk\/index.php\/prirucka-specificke-potreby-7-1\/","title":{"rendered":"Prirucka-specificke-potreby-7-1"},"content":{"rendered":"\t\t<div data-elementor-type=\"wp-page\" data-elementor-id=\"8239\" class=\"elementor elementor-8239\" data-elementor-post-type=\"page\">\n\t\t\t\t\t\t<section class=\"elementor-section elementor-top-section elementor-element elementor-element-b2eeed8 elementor-section-height-min-height elementor-section-boxed elementor-section-height-default elementor-section-items-middle\" data-id=\"b2eeed8\" data-element_type=\"section\" data-settings=\"{&quot;background_background&quot;:&quot;classic&quot;}\">\n\t\t\t\t\t\t\t<div class=\"elementor-background-overlay\"><\/div>\n\t\t\t\t\t\t\t<div class=\"elementor-container elementor-column-gap-default\">\n\t\t\t\t\t<div class=\"elementor-column elementor-col-100 elementor-top-column elementor-element elementor-element-91ce5cd\" data-id=\"91ce5cd\" data-element_type=\"column\">\n\t\t\t<div class=\"elementor-widget-wrap elementor-element-populated\">\n\t\t\t\t\t\t<div class=\"elementor-element elementor-element-1c6da3b elementor-widget elementor-widget-heading\" data-id=\"1c6da3b\" data-element_type=\"widget\" data-widget_type=\"heading.default\">\n\t\t\t\t<div class=\"elementor-widget-container\">\n\t\t\t\t\t<h1 class=\"elementor-heading-title elementor-size-default\">Metodick\u00e1 pr\u00edru\u010dka pre z\u00e1ujemcov o \u0161t\u00fadium a \u0161tudentov so \u0161pecifick\u00fdmi potrebami<\/h1>\t\t\t\t<\/div>\n\t\t\t\t<\/div>\n\t\t\t\t\t<\/div>\n\t\t<\/div>\n\t\t\t\t\t<\/div>\n\t\t<\/section>\n\t\t\t\t<section class=\"elementor-section elementor-top-section elementor-element elementor-element-9f9a241 elementor-section-boxed elementor-section-height-default elementor-section-height-default\" data-id=\"9f9a241\" data-element_type=\"section\">\n\t\t\t\t\t\t<div class=\"elementor-container elementor-column-gap-default\">\n\t\t\t\t\t<div class=\"elementor-column elementor-col-100 elementor-top-column elementor-element elementor-element-36e8d15\" data-id=\"36e8d15\" data-element_type=\"column\">\n\t\t\t<div class=\"elementor-widget-wrap elementor-element-populated\">\n\t\t\t\t\t\t<section class=\"elementor-section elementor-inner-section elementor-element elementor-element-0f7453d elementor-section-boxed elementor-section-height-default elementor-section-height-default\" data-id=\"0f7453d\" data-element_type=\"section\">\n\t\t\t\t\t\t<div class=\"elementor-container elementor-column-gap-default\">\n\t\t\t\t\t<div class=\"elementor-column elementor-col-100 elementor-inner-column elementor-element elementor-element-4973de6\" data-id=\"4973de6\" data-element_type=\"column\">\n\t\t\t<div class=\"elementor-widget-wrap elementor-element-populated\">\n\t\t\t\t\t\t<div class=\"elementor-element elementor-element-198bac6 elementor-widget__width-initial elementor-fixed elementor-widget elementor-widget-button\" data-id=\"198bac6\" data-element_type=\"widget\" data-settings=\"{&quot;_position&quot;:&quot;fixed&quot;}\" data-widget_type=\"button.default\">\n\t\t\t\t<div class=\"elementor-widget-container\">\n\t\t\t\t\t\t\t\t\t<div class=\"elementor-button-wrapper\">\n\t\t\t\t\t<a class=\"elementor-button elementor-button-link elementor-size-sm\" href=\"#Kapitola1\">\n\t\t\t\t\t\t<span class=\"elementor-button-content-wrapper\">\n\t\t\t\t\t\t<span class=\"elementor-button-icon\">\n\t\t\t\t<i aria-hidden=\"true\" class=\"fas fa-arrow-up\"><\/i>\t\t\t<\/span>\n\t\t\t\t\t\t\t\t<\/span>\n\t\t\t\t\t<\/a>\n\t\t\t\t<\/div>\n\t\t\t\t\t\t\t\t<\/div>\n\t\t\t\t<\/div>\n\t\t\t\t\t<\/div>\n\t\t<\/div>\n\t\t\t\t\t<\/div>\n\t\t<\/section>\n\t\t\t\t\t<\/div>\n\t\t<\/div>\n\t\t\t\t\t<\/div>\n\t\t<\/section>\n\t\t\t\t<section class=\"elementor-section elementor-top-section elementor-element elementor-element-2858d6f elementor-section-boxed elementor-section-height-default elementor-section-height-default\" data-id=\"2858d6f\" data-element_type=\"section\">\n\t\t\t\t\t\t<div class=\"elementor-container elementor-column-gap-default\">\n\t\t\t\t\t<div class=\"elementor-column elementor-col-100 elementor-top-column elementor-element elementor-element-e63bd34\" data-id=\"e63bd34\" data-element_type=\"column\">\n\t\t\t<div class=\"elementor-widget-wrap elementor-element-populated\">\n\t\t\t\t\t\t<section class=\"elementor-section elementor-inner-section elementor-element elementor-element-0b79421 elementor-section-boxed elementor-section-height-default elementor-section-height-default\" data-id=\"0b79421\" data-element_type=\"section\">\n\t\t\t\t\t\t<div class=\"elementor-container elementor-column-gap-default\">\n\t\t\t\t\t<div class=\"elementor-column elementor-col-100 elementor-inner-column elementor-element elementor-element-bb0ded5\" data-id=\"bb0ded5\" data-element_type=\"column\">\n\t\t\t<div class=\"elementor-widget-wrap elementor-element-populated\">\n\t\t\t\t\t\t<div class=\"elementor-element elementor-element-759b076 elementor-widget elementor-widget-heading\" data-id=\"759b076\" data-element_type=\"widget\" data-widget_type=\"heading.default\">\n\t\t\t\t<div class=\"elementor-widget-container\">\n\t\t\t\t\t<h3 class=\"elementor-heading-title elementor-size-default\">Pr\u00e1vo \u0161tudenta na poradenstvo a podporn\u00e9 slu\u017eby <\/h3>\t\t\t\t<\/div>\n\t\t\t\t<\/div>\n\t\t\t\t<div class=\"elementor-element elementor-element-5aa9d5d elementor-widget elementor-widget-text-editor\" data-id=\"5aa9d5d\" data-element_type=\"widget\" data-widget_type=\"text-editor.default\">\n\t\t\t\t<div class=\"elementor-widget-container\">\n\t\t\t\t\t\t\t\t\t<p style=\"text-align: justify;\">V s\u00falade s intern\u00fdmi mo\u017enos\u0165ami fakulty a univerzity m\u00f4\u017ee \u0161tudent po\u017eiada\u0165\u00a0 o nasledovn\u00e9 oblasti poradenstva a podpory:<\/p>\n<p style=\"text-align: justify;\"><strong>Poradenstvo: <\/strong><\/p>\n<ul><li>nadviazanie kontaktov, poskytnutie inform\u00e1ci\u00ed a konzult\u00e1ci\u00ed pri prechode zo strednej \u0161koly na univerzitu;<\/li>\n<li>pomoc pri rie\u0161en\u00ed probl\u00e9mov vypl\u00fdvaj\u00facich zo \u0161tudentsk\u00fdch povinnost\u00ed;<\/li>\n<li>spolupr\u00e1ca s u\u010dite\u013emi aktu\u00e1lnych fak\u00falt a katedier, konzult\u00e1cie k alternat\u00edvnym form\u00e1m sk\u00fa\u0161ok, k ot\u00e1zke pred\u013a\u017eenia \u010dasu na pr\u00edpravu na sk\u00fa\u0161ku, spolupr\u00e1ca pri v\u010dasnom zabezpe\u010den\u00ed povinnej \u0161tudijnej literat\u00fary.<\/li><\/ul>\n<br>\n<p style=\"text-align: justify;\"><strong>Spracovanie \u0161tudijnej literat\u00fary do vhodnej formy:<\/strong><\/p>\n\n<ul>\n \t<li>sn\u00edmanie pomocou skenera (\u0161tudent m\u00e1 mo\u017enos\u0165 zapo\u017ei\u010dania skenovacieho pera, resp. in\u00fdch technick\u00fdch pom\u00f4cok v PPCSZ),<\/li>\n \t<li>kop\u00edrovanie do zv\u00e4\u010d\u0161enej formy so zv\u00fd\u0161en\u00fdm kontrastom \/ tla\u010d do zv\u00e4\u010d\u0161en\u00e9ho p\u00edsma.<\/li>\n<\/ul>\n<br><p style=\"text-align: justify;\"><strong>Zabezpe\u010denie pozn\u00e1mok z vyu\u010dovania:<\/strong><\/p>\n\n<ul>\n \t<li>prim\u00e1rne ur\u010den\u00e9 pre \u0161tudentov so sluchov\u00fdm postihnut\u00edm, s obmedzen\u00edm jemnej motoriky &#8211; po s\u00fahlase a dohode s vyu\u010duj\u00facim mo\u017enos\u0165 poskytnutia prezent\u00e1ci\u00ed z predn\u00e1\u0161ok,<\/li>\n \t<li>obsahov\u00fd z\u00e1znam z predn\u00e1\u0161ok a vyu\u010dovania &#8211; v pr\u00edpade s\u00fahlasu a dohovoru s vyu\u010duj\u00facim.<\/li>\n<\/ul>\n<br><p style=\"text-align: justify;\"><strong>Individu\u00e1lne vyu\u010dovanie vybran\u00fdch predmetov formou konzult\u00e1ci\u00ed:<\/strong><\/p>\n\n<ul>\n \t<li>n\u00e1hradn\u00e9, alternat\u00edvne vyu\u010dovanie pod\u013ea in\u0161trukci\u00ed u\u010dite\u013ea, ur\u010den\u00e9 na kompenz\u00e1ciu d\u00f4sledkov\/limitov vypl\u00fdvaj\u00facich z postihnutia\/ochorenia\/poruchy a\/alebo akademick\u00fdch bari\u00e9r \u2192 vyrovnanie podmienok s podmienkami be\u017en\u00fdch \u0161tudentov. T\u00fdka sa len vybran\u00fdch predmetov na vopred ur\u010den\u00fd \u010das.<\/li>\n<\/ul>\n<br><p style=\"text-align: justify;\"><strong>Akademick\u00e1 asistencia:<\/strong><\/p>\n\n<ul>\n \t<li>po dohovore s PPCSZ a len v rozsahu dostupn\u00fdch person\u00e1lnych a materi\u00e1lnych kapac\u00edt UCM.\n\n<p style=\"text-align: justify;\">Zameranie pri akademickej asistencii:<\/p>\n<ol type=a>\n \t<li>) asistencia pri akt\u00edvnej \u00fa\u010dasti na vyu\u010dovan\u00ed a asistencia pri \u0161t\u00fadiu,<\/li>\n \t<li>) asistencia pri zvl\u00e1dan\u00ed \u0161tudijn\u00e9ho programu a plnen\u00ed \u0161tudijn\u00fdch povinnost\u00ed.<\/li>\n<\/ol><\/li><\/ul>\n<br><p style=\"text-align: justify;\"><strong>Zabezpe\u010denie parkovania:<\/strong><\/p>\n\n<ul>\n \t<li>pred budovou UCM s\u00fa vyhraden\u00e9 parkovacie miesta pre nemobiln\u00fdch \u0161tudentov s vlastn\u00fdm motorov\u00fdm vozidlom.<\/li>\n<\/ul>\n<br><p style=\"text-align: justify;\"><strong>Zapo\u017ei\u010danie vybran\u00fdch druhov asisten\u010dn\u00fdch technol\u00f3gi\u00ed na prechodn\u00fa dobu:<\/strong><\/p>\n\n<ul>\n \t<li style=\"text-align: justify;\">technol\u00f3gie dostupn\u00e9 v PPCSZ (napr. n\u00e1hradn\u00fd NB, stolov\u00e1 lupa, \u0161peci\u00e1lne zariadenia, \u0161peci\u00e1lne softv\u00e9ry, mobiln\u00e9 skenery, hovoriace skenery, \u2026).<\/li>\n<\/ul>\t\t\t\t\t\t\t\t<\/div>\n\t\t\t\t<\/div>\n\t\t\t\t\t<\/div>\n\t\t<\/div>\n\t\t\t\t\t<\/div>\n\t\t<\/section>\n\t\t\t\t\t<\/div>\n\t\t<\/div>\n\t\t\t\t\t<\/div>\n\t\t<\/section>\n\t\t\t\t<\/div>\n\t\t","protected":false},"excerpt":{"rendered":"<p>Metodick\u00e1 pr\u00edru\u010dka pre z\u00e1ujemcov o \u0161t\u00fadium a \u0161tudentov so \u0161pecifick\u00fdmi potrebami Pr\u00e1vo \u0161tudenta na poradenstvo a podporn\u00e9 slu\u017eby V s\u00falade s intern\u00fdmi mo\u017enos\u0165ami fakulty a univerzity m\u00f4\u017ee \u0161tudent po\u017eiada\u0165\u00a0 o nasledovn\u00e9 oblasti poradenstva a podpory: Poradenstvo: nadviazanie kontaktov, poskytnutie inform\u00e1ci\u00ed a konzult\u00e1ci\u00ed pri prechode zo strednej \u0161koly na univerzitu; pomoc pri rie\u0161en\u00ed probl\u00e9mov vypl\u00fdvaj\u00facich zo [&hellip;]<\/p>\n","protected":false},"author":3,"featured_media":0,"parent":0,"menu_order":0,"comment_status":"closed","ping_status":"closed","template":"","meta":{"footnotes":""},"class_list":["post-8239","page","type-page","status-publish","hentry"],"_links":{"self":[{"href":"https:\/\/e-ucebnice.ff.ucm.sk\/index.php\/wp-json\/wp\/v2\/pages\/8239","targetHints":{"allow":["GET"]}}],"collection":[{"href":"https:\/\/e-ucebnice.ff.ucm.sk\/index.php\/wp-json\/wp\/v2\/pages"}],"about":[{"href":"https:\/\/e-ucebnice.ff.ucm.sk\/index.php\/wp-json\/wp\/v2\/types\/page"}],"author":[{"embeddable":true,"href":"https:\/\/e-ucebnice.ff.ucm.sk\/index.php\/wp-json\/wp\/v2\/users\/3"}],"replies":[{"embeddable":true,"href":"https:\/\/e-ucebnice.ff.ucm.sk\/index.php\/wp-json\/wp\/v2\/comments?post=8239"}],"version-history":[{"count":13,"href":"https:\/\/e-ucebnice.ff.ucm.sk\/index.php\/wp-json\/wp\/v2\/pages\/8239\/revisions"}],"predecessor-version":[{"id":8257,"href":"https:\/\/e-ucebnice.ff.ucm.sk\/index.php\/wp-json\/wp\/v2\/pages\/8239\/revisions\/8257"}],"wp:attachment":[{"href":"https:\/\/e-ucebnice.ff.ucm.sk\/index.php\/wp-json\/wp\/v2\/media?parent=8239"}],"curies":[{"name":"wp","href":"https:\/\/api.w.org\/{rel}","templated":true}]}}