{"id":8241,"date":"2024-10-15T16:45:47","date_gmt":"2024-10-15T14:45:47","guid":{"rendered":"https:\/\/e-ucebnice.ff.ucm.sk\/?page_id=8241"},"modified":"2024-10-15T17:10:12","modified_gmt":"2024-10-15T15:10:12","slug":"prirucka-specificke-potreby-7-2","status":"publish","type":"page","link":"https:\/\/e-ucebnice.ff.ucm.sk\/index.php\/prirucka-specificke-potreby-7-2\/","title":{"rendered":"Prirucka-specificke-potreby-7-2"},"content":{"rendered":"\t\t<div data-elementor-type=\"wp-page\" data-elementor-id=\"8241\" class=\"elementor elementor-8241\" data-elementor-post-type=\"page\">\n\t\t\t\t\t\t<section class=\"elementor-section elementor-top-section elementor-element elementor-element-b2eeed8 elementor-section-height-min-height elementor-section-boxed elementor-section-height-default elementor-section-items-middle\" data-id=\"b2eeed8\" data-element_type=\"section\" data-settings=\"{&quot;background_background&quot;:&quot;classic&quot;}\">\n\t\t\t\t\t\t\t<div class=\"elementor-background-overlay\"><\/div>\n\t\t\t\t\t\t\t<div class=\"elementor-container elementor-column-gap-default\">\n\t\t\t\t\t<div class=\"elementor-column elementor-col-100 elementor-top-column elementor-element elementor-element-91ce5cd\" data-id=\"91ce5cd\" data-element_type=\"column\">\n\t\t\t<div class=\"elementor-widget-wrap elementor-element-populated\">\n\t\t\t\t\t\t<div class=\"elementor-element elementor-element-1c6da3b elementor-widget elementor-widget-heading\" data-id=\"1c6da3b\" data-element_type=\"widget\" data-widget_type=\"heading.default\">\n\t\t\t\t<div class=\"elementor-widget-container\">\n\t\t\t\t\t<h1 class=\"elementor-heading-title elementor-size-default\">Metodick\u00e1 pr\u00edru\u010dka pre z\u00e1ujemcov o \u0161t\u00fadium a \u0161tudentov so \u0161pecifick\u00fdmi potrebami<\/h1>\t\t\t\t<\/div>\n\t\t\t\t<\/div>\n\t\t\t\t\t<\/div>\n\t\t<\/div>\n\t\t\t\t\t<\/div>\n\t\t<\/section>\n\t\t\t\t<section class=\"elementor-section elementor-top-section elementor-element elementor-element-9f9a241 elementor-section-boxed elementor-section-height-default elementor-section-height-default\" data-id=\"9f9a241\" data-element_type=\"section\">\n\t\t\t\t\t\t<div class=\"elementor-container elementor-column-gap-default\">\n\t\t\t\t\t<div class=\"elementor-column elementor-col-100 elementor-top-column elementor-element elementor-element-36e8d15\" data-id=\"36e8d15\" data-element_type=\"column\">\n\t\t\t<div class=\"elementor-widget-wrap elementor-element-populated\">\n\t\t\t\t\t\t<section class=\"elementor-section elementor-inner-section elementor-element elementor-element-0f7453d elementor-section-boxed elementor-section-height-default elementor-section-height-default\" data-id=\"0f7453d\" data-element_type=\"section\">\n\t\t\t\t\t\t<div class=\"elementor-container elementor-column-gap-default\">\n\t\t\t\t\t<div class=\"elementor-column elementor-col-100 elementor-inner-column elementor-element elementor-element-4973de6\" data-id=\"4973de6\" data-element_type=\"column\">\n\t\t\t<div class=\"elementor-widget-wrap elementor-element-populated\">\n\t\t\t\t\t\t<div class=\"elementor-element elementor-element-198bac6 elementor-widget__width-initial elementor-fixed elementor-widget elementor-widget-button\" data-id=\"198bac6\" data-element_type=\"widget\" data-settings=\"{&quot;_position&quot;:&quot;fixed&quot;}\" data-widget_type=\"button.default\">\n\t\t\t\t<div class=\"elementor-widget-container\">\n\t\t\t\t\t\t\t\t\t<div class=\"elementor-button-wrapper\">\n\t\t\t\t\t<a class=\"elementor-button elementor-button-link elementor-size-sm\" href=\"#Kapitola1\">\n\t\t\t\t\t\t<span class=\"elementor-button-content-wrapper\">\n\t\t\t\t\t\t<span class=\"elementor-button-icon\">\n\t\t\t\t<i aria-hidden=\"true\" class=\"fas fa-arrow-up\"><\/i>\t\t\t<\/span>\n\t\t\t\t\t\t\t\t<\/span>\n\t\t\t\t\t<\/a>\n\t\t\t\t<\/div>\n\t\t\t\t\t\t\t\t<\/div>\n\t\t\t\t<\/div>\n\t\t\t\t\t<\/div>\n\t\t<\/div>\n\t\t\t\t\t<\/div>\n\t\t<\/section>\n\t\t\t\t\t<\/div>\n\t\t<\/div>\n\t\t\t\t\t<\/div>\n\t\t<\/section>\n\t\t\t\t<section class=\"elementor-section elementor-top-section elementor-element elementor-element-2858d6f elementor-section-boxed elementor-section-height-default elementor-section-height-default\" data-id=\"2858d6f\" data-element_type=\"section\">\n\t\t\t\t\t\t<div class=\"elementor-container elementor-column-gap-default\">\n\t\t\t\t\t<div class=\"elementor-column elementor-col-100 elementor-top-column elementor-element elementor-element-e63bd34\" data-id=\"e63bd34\" data-element_type=\"column\">\n\t\t\t<div class=\"elementor-widget-wrap elementor-element-populated\">\n\t\t\t\t\t\t<section class=\"elementor-section elementor-inner-section elementor-element elementor-element-0b79421 elementor-section-boxed elementor-section-height-default elementor-section-height-default\" data-id=\"0b79421\" data-element_type=\"section\">\n\t\t\t\t\t\t<div class=\"elementor-container elementor-column-gap-default\">\n\t\t\t\t\t<div class=\"elementor-column elementor-col-100 elementor-inner-column elementor-element elementor-element-bb0ded5\" data-id=\"bb0ded5\" data-element_type=\"column\">\n\t\t\t<div class=\"elementor-widget-wrap elementor-element-populated\">\n\t\t\t\t\t\t<div class=\"elementor-element elementor-element-759b076 elementor-widget elementor-widget-heading\" data-id=\"759b076\" data-element_type=\"widget\" data-widget_type=\"heading.default\">\n\t\t\t\t<div class=\"elementor-widget-container\">\n\t\t\t\t\t<h3 class=\"elementor-heading-title elementor-size-default\">Syst\u00e9m poradenstva na UCM<\/h3>\t\t\t\t<\/div>\n\t\t\t\t<\/div>\n\t\t\t\t<div class=\"elementor-element elementor-element-5aa9d5d elementor-widget elementor-widget-text-editor\" data-id=\"5aa9d5d\" data-element_type=\"widget\" data-widget_type=\"text-editor.default\">\n\t\t\t\t<div class=\"elementor-widget-container\">\n\t\t\t\t\t\t\t\t\t<p style=\"text-align: justify;\">Poradensk\u00e9 a informa\u010dn\u00e9 slu\u017eby vysok\u00fdch \u0161k\u00f4l s\u00fa v zmysle z\u00e1kona o vysok\u00fdch \u0161kol\u00e1ch (Z\u00e1kon \u010d. 131\/2002 Z. z.)\u00a0 jedn\u00fdm z pr\u00e1v \u0161tudenta a poskytuj\u00fa sa bezplatne. Poradenstvo sa poskytuje na \u00fa\u010dely zlep\u0161ovania du\u0161evn\u00e9ho zdravia \u0161tudentov a ich motiv\u00e1cie k \u0161t\u00fadiu, pomoci pri probl\u00e9moch, ktor\u00e9 by mohli ohrozi\u0165 riadne skon\u010denie \u0161t\u00fadia, a pomoci pri uplatnen\u00ed sa na trhu pr\u00e1ce.<\/p><p style=\"text-align: justify;\">Komplex podporn\u00fdch a poradensk\u00fdch slu\u017eieb sa zacie\u013euje na podporu <strong>v \u0161tudijnej<\/strong> a <strong>kari\u00e9rovej orient\u00e1cii<\/strong> a prechodu zo \u0161t\u00fadia na trh pr\u00e1ce, <strong>podporu v adapt\u00e1cii<\/strong> na \u0161pecifik\u00e1 vysoko\u0161kolsk\u00e9ho \u017eivota, <strong>v elimin\u00e1cii faktorov pred\u010dasn\u00e9ho ukon\u010denia \u0161t\u00fadia<\/strong>, v podpore v\u00fdnimo\u010dn\u00e9ho <strong>talentu<\/strong>, <strong>v zvl\u00e1dan\u00ed psychick\u00fdch a soci\u00e1lnych v\u00fdziev<\/strong> s\u00favisiacich s vysoko\u0161kolsk\u00fdm \u0161t\u00fadiom a neakademick\u00fdm \u017eivotom \u0161tudenta.<\/p><p style=\"text-align: justify;\">Vysok\u00e9 \u0161koly poskytuj\u00fa poradensk\u00e9 slu\u017eby <strong>v r\u00e1mci vlastn\u00fdch s\u00fa\u010dast\u00ed<\/strong> (najm\u00e4 ako \u0161tudijn\u00e9 poradenstvo) a <strong>samostatn\u00fdch poradensk\u00fdch pracov\u00edsk <\/strong>(centr\u00e1 podpory: <span style=\"color: #008000;\"><a style=\"color: #008000;\" href=\"https:\/\/www.ucm.sk\/sk\/univerzita\/fakulty-pracoviska\/\" target=\"_blank\" rel=\"noopener\">https:\/\/www.ucm.sk\/sk\/univerzita\/fakulty-pracoviska\/<\/a><\/span>), ktor\u00e9 zah\u0155\u0148aj\u00fa okrem poradenstva \u0161tudijn\u00e9ho a kari\u00e9rov\u00e9ho, naj\u010dastej\u0161ie aj psychologick\u00e9, soci\u00e1lne a duchovn\u00e9, ale i in\u00e9, \u010dasto v kombin\u00e1cii.<\/p><ul style=\"text-align: justify;\"><li><strong>Poradenstvo pre \u0161tudentov vysok\u00fdch \u0161k\u00f4l do 30 rokov<\/strong> (do ukon\u010denia pr\u00edpravy na povolanie) maj\u00fa v portf\u00f3liu \u010dinnost\u00ed aj <strong>zariadenia poradenstva a prevencie<\/strong> &#8211; Centr\u00e1 poradenstva a prevencie CPP- predt\u00fdm CPPPaP) a \u0160pecializovan\u00e9 centr\u00e1 poradenstva a prevencie (\u0160CPP). Zoznam dostupn\u00fd tu: <span style=\"color: #008000;\"><a style=\"color: #008000;\" href=\"https:\/\/www.minedu.sk\/siet-zariadeni-poradenstva-a-prevencie-od-112023\" target=\"_blank\" rel=\"noopener\">https:\/\/www.minedu.sk\/siet-zariadeni-poradenstva-a-prevencie-od-112023<\/a><\/span>.<\/li><\/ul><p style=\"text-align: justify;\">\u00a0<\/p><ul style=\"text-align: justify;\"><li><strong>\u0160tudijn\u00e9 poradenstvo: <\/strong><\/li><\/ul><p style=\"text-align: justify;\">\u0160tudijn\u00e9 poradenstvo na \u00farovni fakulty zabezpe\u010duje \u0161tudijn\u00fd prodekan (<strong>prodekan pre vzdel\u00e1vanie<\/strong>), pracovn\u00edci (referentky) <strong>\u0161tudijn\u00e9ho oddelenia<\/strong> a <strong>katedrov\u00ed koordin\u00e1tori \u0161t\u00fadia<\/strong> (konkr\u00e9tne men\u00e1 n\u00e1jdete na web str\u00e1nke Filozofickej fakulty a pr\u00edslu\u0161n\u00fdch katedier).<\/p><ul style=\"text-align: justify;\"><li><strong>Univerzitn\u00e9 centr\u00e1 podpory na UCM v Trnave:<\/strong><\/li><\/ul><p style=\"text-align: justify;\">Na UCM v Trnave p\u00f4sobia na celouniverzitnej \u00farovni tieto <strong>centr\u00e1 podpory pre \u0161tudentov<\/strong>:<\/p><p style=\"text-align: justify;\"><a href=\"https:\/\/kariera.ucm.sk\/\" target=\"_blank\" rel=\"noopener\"><strong><span style=\"color: #008000;\">Kari\u00e9rne centrum UCM v Trnave<\/span><\/strong><\/a> ( <span style=\"color: #008000;\"><a style=\"color: #008000;\" href=\"https:\/\/kariera.ucm.sk\/\" target=\"_blank\" rel=\"noopener\">https:\/\/kariera.ucm.sk\/<\/a><\/span> )<\/p><p style=\"text-align: justify;\"><span style=\"color: #008000;\"><a style=\"color: #008000;\" href=\"https:\/\/www.ucm.sk\/sk\/centra-podpory\/poradensko-pravne-centrum-studentov-zo-socialne-znevyhodneneho-prostredia-studentov-so-specifickymi-potrebami.html\" target=\"_blank\" rel=\"noopener\"><strong>Poradensko-pr\u00e1vne centrum pre \u0161tudentov zo soci\u00e1lne znev\u00fdhodnen\u00e9ho prostredia a \u0161tudentov so \u0161pecifick\u00fdmi potrebami<\/strong><\/a><\/span> (<a href=\"https:\/\/www.ucm.sk\/sk\/centra-podpory\/poradensko-pravne-centrum-studentov-zo-socialne-znevyhodneneho-prostredia-studentov-so-specifickymi-potrebami.html\" target=\"_blank\" rel=\"noopener\"><span style=\"color: #008000;\">https:\/\/www.ucm.sk\/sk\/centra-podpory\/poradensko-pravne-centrum-studentov-zo-socialne-znevyhodneneho-prostredia-studentov-so-specifickymi-potrebami.html<\/span><\/a> )<\/p><p style=\"text-align: justify;\"><span style=\"color: #008000;\"><a style=\"color: #008000;\" href=\"https:\/\/www.ucm.sk\/sk\/centra-podpory\/psychologicke-centrum.html\" target=\"_blank\" rel=\"noopener\"><strong>Psychologick\u00e9 centrum<\/strong><\/a><\/span> (<span style=\"color: #008000;\"><a style=\"color: #008000;\" href=\"https:\/\/www.ucm.sk\/sk\/centra-podpory\/psychologicke-centrum.html\" target=\"_blank\" rel=\"noopener\">https:\/\/www.ucm.sk\/sk\/centra-podpory\/psychologicke-centrum.html<\/a><\/span> )<\/p><p style=\"text-align: justify;\"><a href=\"https:\/\/www.ucm.sk\/sk\/centra-podpory\/duchovne-centrum.html\" target=\"_blank\" rel=\"noopener\"><strong><span style=\"color: #008000;\">Centrum duchovn\u00fdch slu\u017eieb<\/span><\/strong><\/a> (<span style=\"color: #008000;\"><a style=\"color: #008000;\" href=\"https:\/\/www.ucm.sk\/sk\/centra-podpory\/duchovne-centrum.html\" target=\"_blank\" rel=\"noopener\">https:\/\/www.ucm.sk\/sk\/centra-podpory\/duchovne-centrum.html<\/a><\/span> )<\/p>\t\t\t\t\t\t\t\t<\/div>\n\t\t\t\t<\/div>\n\t\t\t\t\t<\/div>\n\t\t<\/div>\n\t\t\t\t\t<\/div>\n\t\t<\/section>\n\t\t\t\t\t<\/div>\n\t\t<\/div>\n\t\t\t\t\t<\/div>\n\t\t<\/section>\n\t\t\t\t<\/div>\n\t\t","protected":false},"excerpt":{"rendered":"<p>Metodick\u00e1 pr\u00edru\u010dka pre z\u00e1ujemcov o \u0161t\u00fadium a \u0161tudentov so \u0161pecifick\u00fdmi potrebami Syst\u00e9m poradenstva na UCM Poradensk\u00e9 a informa\u010dn\u00e9 slu\u017eby vysok\u00fdch \u0161k\u00f4l s\u00fa v zmysle z\u00e1kona o vysok\u00fdch \u0161kol\u00e1ch (Z\u00e1kon \u010d. 131\/2002 Z. z.)\u00a0 jedn\u00fdm z pr\u00e1v \u0161tudenta a poskytuj\u00fa sa bezplatne. Poradenstvo sa poskytuje na \u00fa\u010dely zlep\u0161ovania du\u0161evn\u00e9ho zdravia \u0161tudentov a ich motiv\u00e1cie k \u0161t\u00fadiu, [&hellip;]<\/p>\n","protected":false},"author":3,"featured_media":0,"parent":0,"menu_order":0,"comment_status":"closed","ping_status":"closed","template":"","meta":{"footnotes":""},"class_list":["post-8241","page","type-page","status-publish","hentry"],"_links":{"self":[{"href":"https:\/\/e-ucebnice.ff.ucm.sk\/index.php\/wp-json\/wp\/v2\/pages\/8241","targetHints":{"allow":["GET"]}}],"collection":[{"href":"https:\/\/e-ucebnice.ff.ucm.sk\/index.php\/wp-json\/wp\/v2\/pages"}],"about":[{"href":"https:\/\/e-ucebnice.ff.ucm.sk\/index.php\/wp-json\/wp\/v2\/types\/page"}],"author":[{"embeddable":true,"href":"https:\/\/e-ucebnice.ff.ucm.sk\/index.php\/wp-json\/wp\/v2\/users\/3"}],"replies":[{"embeddable":true,"href":"https:\/\/e-ucebnice.ff.ucm.sk\/index.php\/wp-json\/wp\/v2\/comments?post=8241"}],"version-history":[{"count":13,"href":"https:\/\/e-ucebnice.ff.ucm.sk\/index.php\/wp-json\/wp\/v2\/pages\/8241\/revisions"}],"predecessor-version":[{"id":8269,"href":"https:\/\/e-ucebnice.ff.ucm.sk\/index.php\/wp-json\/wp\/v2\/pages\/8241\/revisions\/8269"}],"wp:attachment":[{"href":"https:\/\/e-ucebnice.ff.ucm.sk\/index.php\/wp-json\/wp\/v2\/media?parent=8241"}],"curies":[{"name":"wp","href":"https:\/\/api.w.org\/{rel}","templated":true}]}}