{"id":8287,"date":"2024-10-15T18:16:08","date_gmt":"2024-10-15T16:16:08","guid":{"rendered":"https:\/\/e-ucebnice.ff.ucm.sk\/?page_id=8287"},"modified":"2024-10-15T18:29:50","modified_gmt":"2024-10-15T16:29:50","slug":"prirucka-specificke-potreby-8-2-3","status":"publish","type":"page","link":"https:\/\/e-ucebnice.ff.ucm.sk\/index.php\/prirucka-specificke-potreby-8-2-3\/","title":{"rendered":"Prirucka-specificke-potreby-8-3"},"content":{"rendered":"\t\t<div data-elementor-type=\"wp-page\" data-elementor-id=\"8287\" class=\"elementor elementor-8287\" data-elementor-post-type=\"page\">\n\t\t\t\t\t\t<section class=\"elementor-section elementor-top-section elementor-element elementor-element-b2eeed8 elementor-section-height-min-height elementor-section-boxed elementor-section-height-default elementor-section-items-middle\" data-id=\"b2eeed8\" data-element_type=\"section\" data-settings=\"{&quot;background_background&quot;:&quot;classic&quot;}\">\n\t\t\t\t\t\t\t<div class=\"elementor-background-overlay\"><\/div>\n\t\t\t\t\t\t\t<div class=\"elementor-container elementor-column-gap-default\">\n\t\t\t\t\t<div class=\"elementor-column elementor-col-100 elementor-top-column elementor-element elementor-element-91ce5cd\" data-id=\"91ce5cd\" data-element_type=\"column\">\n\t\t\t<div class=\"elementor-widget-wrap elementor-element-populated\">\n\t\t\t\t\t\t<div class=\"elementor-element elementor-element-1c6da3b elementor-widget elementor-widget-heading\" data-id=\"1c6da3b\" data-element_type=\"widget\" data-widget_type=\"heading.default\">\n\t\t\t\t<div class=\"elementor-widget-container\">\n\t\t\t\t\t<h1 class=\"elementor-heading-title elementor-size-default\">Metodick\u00e1 pr\u00edru\u010dka pre z\u00e1ujemcov o \u0161t\u00fadium a \u0161tudentov so \u0161pecifick\u00fdmi potrebami<\/h1>\t\t\t\t<\/div>\n\t\t\t\t<\/div>\n\t\t\t\t\t<\/div>\n\t\t<\/div>\n\t\t\t\t\t<\/div>\n\t\t<\/section>\n\t\t\t\t<section class=\"elementor-section elementor-top-section elementor-element elementor-element-9f9a241 elementor-section-boxed elementor-section-height-default elementor-section-height-default\" data-id=\"9f9a241\" data-element_type=\"section\">\n\t\t\t\t\t\t<div class=\"elementor-container elementor-column-gap-default\">\n\t\t\t\t\t<div class=\"elementor-column elementor-col-100 elementor-top-column elementor-element elementor-element-36e8d15\" data-id=\"36e8d15\" data-element_type=\"column\">\n\t\t\t<div class=\"elementor-widget-wrap elementor-element-populated\">\n\t\t\t\t\t\t<section class=\"elementor-section elementor-inner-section elementor-element elementor-element-0f7453d elementor-section-boxed elementor-section-height-default elementor-section-height-default\" data-id=\"0f7453d\" data-element_type=\"section\">\n\t\t\t\t\t\t<div class=\"elementor-container elementor-column-gap-default\">\n\t\t\t\t\t<div class=\"elementor-column elementor-col-100 elementor-inner-column elementor-element elementor-element-4973de6\" data-id=\"4973de6\" data-element_type=\"column\">\n\t\t\t<div class=\"elementor-widget-wrap elementor-element-populated\">\n\t\t\t\t\t\t<div class=\"elementor-element elementor-element-198bac6 elementor-widget__width-initial elementor-fixed elementor-widget elementor-widget-button\" data-id=\"198bac6\" data-element_type=\"widget\" data-settings=\"{&quot;_position&quot;:&quot;fixed&quot;}\" data-widget_type=\"button.default\">\n\t\t\t\t<div class=\"elementor-widget-container\">\n\t\t\t\t\t\t\t\t\t<div class=\"elementor-button-wrapper\">\n\t\t\t\t\t<a class=\"elementor-button elementor-button-link elementor-size-sm\" href=\"#Kapitola1\">\n\t\t\t\t\t\t<span class=\"elementor-button-content-wrapper\">\n\t\t\t\t\t\t<span class=\"elementor-button-icon\">\n\t\t\t\t<i aria-hidden=\"true\" class=\"fas fa-arrow-up\"><\/i>\t\t\t<\/span>\n\t\t\t\t\t\t\t\t<\/span>\n\t\t\t\t\t<\/a>\n\t\t\t\t<\/div>\n\t\t\t\t\t\t\t\t<\/div>\n\t\t\t\t<\/div>\n\t\t\t\t\t<\/div>\n\t\t<\/div>\n\t\t\t\t\t<\/div>\n\t\t<\/section>\n\t\t\t\t\t<\/div>\n\t\t<\/div>\n\t\t\t\t\t<\/div>\n\t\t<\/section>\n\t\t\t\t<section class=\"elementor-section elementor-top-section elementor-element elementor-element-2858d6f elementor-section-boxed elementor-section-height-default elementor-section-height-default\" data-id=\"2858d6f\" data-element_type=\"section\">\n\t\t\t\t\t\t<div class=\"elementor-container elementor-column-gap-default\">\n\t\t\t\t\t<div class=\"elementor-column elementor-col-100 elementor-top-column elementor-element elementor-element-e63bd34\" data-id=\"e63bd34\" data-element_type=\"column\">\n\t\t\t<div class=\"elementor-widget-wrap elementor-element-populated\">\n\t\t\t\t\t\t<section class=\"elementor-section elementor-inner-section elementor-element elementor-element-0b79421 elementor-section-boxed elementor-section-height-default elementor-section-height-default\" data-id=\"0b79421\" data-element_type=\"section\">\n\t\t\t\t\t\t<div class=\"elementor-container elementor-column-gap-default\">\n\t\t\t\t\t<div class=\"elementor-column elementor-col-100 elementor-inner-column elementor-element elementor-element-bb0ded5\" data-id=\"bb0ded5\" data-element_type=\"column\">\n\t\t\t<div class=\"elementor-widget-wrap elementor-element-populated\">\n\t\t\t\t\t\t<div class=\"elementor-element elementor-element-759b076 elementor-widget elementor-widget-heading\" data-id=\"759b076\" data-element_type=\"widget\" data-widget_type=\"heading.default\">\n\t\t\t\t<div class=\"elementor-widget-container\">\n\t\t\t\t\t<h3 class=\"elementor-heading-title elementor-size-default\">Povinnosti a \u00falohy PPCSZ<\/h3>\t\t\t\t<\/div>\n\t\t\t\t<\/div>\n\t\t\t\t<div class=\"elementor-element elementor-element-5aa9d5d elementor-widget elementor-widget-text-editor\" data-id=\"5aa9d5d\" data-element_type=\"widget\" data-widget_type=\"text-editor.default\">\n\t\t\t\t<div class=\"elementor-widget-container\">\n\t\t\t\t\t\t\t\t\t<ul><li>Zamestnanci PPCSZ, resp. univerzitn\u00fd koordin\u00e1tor vedie pravideln\u00e9 dial\u00f3gy so \u0161tudentmi.<\/li><li>PPCSZ poskytuje poradenstvo a usmernenia \u0161tudentom a zamestnancom univerzity.<\/li><li>Udr\u017eiava aktu\u00e1lne inform\u00e1cie a z\u00edskava odborn\u00e9 znalosti o adapt\u00e1cii \u0161tudentov a podporn\u00fdch a poradensk\u00fdch slu\u017eb\u00e1ch.<\/li><li>Spolupracuje s prev\u00e1dzkou univerzity a veden\u00edm univerzity na prisp\u00f4soben\u00ed vzdel\u00e1vac\u00edch priestorov.<\/li><li>Spolupracuje s tvorcami rozvrhov, oddelen\u00edm IT a prev\u00e1dzkov\u00fdm oddelen\u00edm pri h\u013eadan\u00ed vhodn\u00fdch miestnost\u00ed, ktor\u00e9 sp\u013a\u0148aj\u00fa potreby \u0161tudentov.<\/li><li>Spolupracuje s fakultami\/\u0161tudijn\u00fdm oddelen\u00edm\/prodekanom pre vzdel\u00e1vanie pri h\u013eadan\u00ed praktick\u00fdch rie\u0161en\u00ed v zlo\u017eit\u00fdch pr\u00edpadoch.<\/li><li>Pracuje na tom, aby univerzita v pr\u00edpadoch u\u013eah\u010denia \u0161t\u00fadia a podporn\u00fdch opatren\u00ed dodr\u017eiavala platn\u00e9 pr\u00e1vne predpisy.<\/li><li>V pr\u00edpade potreby \u0161tudenta sa podie\u013ea na zabezpe\u010den\u00ed vhodn\u00e9ho mentora.<\/li><li>Prispieva k posil\u0148ovaniu odborn\u00fdch znalost\u00ed iniverzity v oblasti u\u013eah\u010dovania a univerz\u00e1lneho navrhovania prostredn\u00edctvom poradenstva, inform\u00e1ci\u00ed a \u0161kolen\u00ed v r\u00f4znych kan\u00e1loch a na r\u00f4znych f\u00f3rach.<\/li><li>Udr\u017eiava kontakty so spolupracuj\u00facimi org\u00e1nmi mimo UCM (napr. psychologick\u00e9 poradne, \u0161peci\u00e1lno pedagogick\u00e9 poradne,\u00a0 metodick\u00e9, znalostn\u00e9 a koordina\u010dn\u00e9 centr\u00e1 zriaden\u00e9 na Univerzite Komensk\u00e9ho v Bratislave a Technickej univerzite v Ko\u0161iciach, apod.).<\/li><li>Zabezpe\u010denie d\u00f4vernosti &#8211; inform\u00e1cie o \u0161tudentoch poskytuje tret\u00edm stran\u00e1m iba na z\u00e1klade s\u00fahlasu \u0161tudenta.<\/li><li>Zamestnanci PPCSZ, resp. univerzitn\u00fd koordin\u00e1tor vedie pravideln\u00e9 dial\u00f3gy so \u0161tudentmi.<\/li><li>PPCSZ poskytuje poradenstvo a usmernenia \u0161tudentom a zamestnancom univerzity.<\/li><li>Udr\u017eiava aktu\u00e1lne inform\u00e1cie a z\u00edskava odborn\u00e9 znalosti o adapt\u00e1cii \u0161tudentov a podporn\u00fdch a poradensk\u00fdch slu\u017eb\u00e1ch.<\/li><li>Spolupracuje s prev\u00e1dzkou univerzity a veden\u00edm univerzity na prisp\u00f4soben\u00ed vzdel\u00e1vac\u00edch priestorov.<\/li><li>Spolupracuje s tvorcami rozvrhov, oddelen\u00edm IT a prev\u00e1dzkov\u00fdm oddelen\u00edm pri h\u013eadan\u00ed vhodn\u00fdch miestnost\u00ed, ktor\u00e9 sp\u013a\u0148aj\u00fa potreby \u0161tudentov.<\/li><li>Spolupracuje s fakultami\/\u0161tudijn\u00fdm oddelen\u00edm\/prodekanom pre vzdel\u00e1vanie pri h\u013eadan\u00ed praktick\u00fdch rie\u0161en\u00ed v zlo\u017eit\u00fdch pr\u00edpadoch.<\/li><li>Pracuje na tom, aby univerzita v pr\u00edpadoch u\u013eah\u010denia \u0161t\u00fadia a podporn\u00fdch opatren\u00ed dodr\u017eiavala platn\u00e9 pr\u00e1vne predpisy.<\/li><li>V pr\u00edpade potreby \u0161tudenta sa podie\u013ea na zabezpe\u010den\u00ed vhodn\u00e9ho mentora.<\/li><li>Prispieva k posil\u0148ovaniu odborn\u00fdch znalost\u00ed iniverzity v oblasti u\u013eah\u010dovania a univerz\u00e1lneho navrhovania prostredn\u00edctvom poradenstva, inform\u00e1ci\u00ed a \u0161kolen\u00ed v r\u00f4znych kan\u00e1loch a na r\u00f4znych f\u00f3rach.<\/li><li>Udr\u017eiava kontakty so spolupracuj\u00facimi org\u00e1nmi mimo UCM (napr. psychologick\u00e9 poradne, \u0161peci\u00e1lno pedagogick\u00e9 poradne,\u00a0 metodick\u00e9, znalostn\u00e9 a koordina\u010dn\u00e9 centr\u00e1 zriaden\u00e9 na Univerzite Komensk\u00e9ho v Bratislave a Technickej univerzite v Ko\u0161iciach, apod.).<\/li><li>Zabezpe\u010denie d\u00f4vernosti &#8211; inform\u00e1cie o \u0161tudentoch poskytuje tret\u00edm stran\u00e1m iba na z\u00e1klade s\u00fahlasu \u0161tudenta.<\/li><\/ul><p>\u00a0<\/p>\t\t\t\t\t\t\t\t<\/div>\n\t\t\t\t<\/div>\n\t\t\t\t\t<\/div>\n\t\t<\/div>\n\t\t\t\t\t<\/div>\n\t\t<\/section>\n\t\t\t\t\t<\/div>\n\t\t<\/div>\n\t\t\t\t\t<\/div>\n\t\t<\/section>\n\t\t\t\t<\/div>\n\t\t","protected":false},"excerpt":{"rendered":"<p>Metodick\u00e1 pr\u00edru\u010dka pre z\u00e1ujemcov o \u0161t\u00fadium a \u0161tudentov so \u0161pecifick\u00fdmi potrebami Povinnosti a \u00falohy PPCSZ Zamestnanci PPCSZ, resp. univerzitn\u00fd koordin\u00e1tor vedie pravideln\u00e9 dial\u00f3gy so \u0161tudentmi. PPCSZ poskytuje poradenstvo a usmernenia \u0161tudentom a zamestnancom univerzity. Udr\u017eiava aktu\u00e1lne inform\u00e1cie a z\u00edskava odborn\u00e9 znalosti o adapt\u00e1cii \u0161tudentov a podporn\u00fdch a poradensk\u00fdch slu\u017eb\u00e1ch. Spolupracuje s prev\u00e1dzkou univerzity a veden\u00edm [&hellip;]<\/p>\n","protected":false},"author":3,"featured_media":0,"parent":0,"menu_order":0,"comment_status":"closed","ping_status":"closed","template":"","meta":{"footnotes":""},"class_list":["post-8287","page","type-page","status-publish","hentry"],"_links":{"self":[{"href":"https:\/\/e-ucebnice.ff.ucm.sk\/index.php\/wp-json\/wp\/v2\/pages\/8287","targetHints":{"allow":["GET"]}}],"collection":[{"href":"https:\/\/e-ucebnice.ff.ucm.sk\/index.php\/wp-json\/wp\/v2\/pages"}],"about":[{"href":"https:\/\/e-ucebnice.ff.ucm.sk\/index.php\/wp-json\/wp\/v2\/types\/page"}],"author":[{"embeddable":true,"href":"https:\/\/e-ucebnice.ff.ucm.sk\/index.php\/wp-json\/wp\/v2\/users\/3"}],"replies":[{"embeddable":true,"href":"https:\/\/e-ucebnice.ff.ucm.sk\/index.php\/wp-json\/wp\/v2\/comments?post=8287"}],"version-history":[{"count":5,"href":"https:\/\/e-ucebnice.ff.ucm.sk\/index.php\/wp-json\/wp\/v2\/pages\/8287\/revisions"}],"predecessor-version":[{"id":8302,"href":"https:\/\/e-ucebnice.ff.ucm.sk\/index.php\/wp-json\/wp\/v2\/pages\/8287\/revisions\/8302"}],"wp:attachment":[{"href":"https:\/\/e-ucebnice.ff.ucm.sk\/index.php\/wp-json\/wp\/v2\/media?parent=8287"}],"curies":[{"name":"wp","href":"https:\/\/api.w.org\/{rel}","templated":true}]}}