{"id":8328,"date":"2024-10-15T18:47:22","date_gmt":"2024-10-15T16:47:22","guid":{"rendered":"https:\/\/e-ucebnice.ff.ucm.sk\/?page_id=8328"},"modified":"2024-10-17T13:38:12","modified_gmt":"2024-10-17T11:38:12","slug":"prirucka-specificke-potreby-9-4","status":"publish","type":"page","link":"https:\/\/e-ucebnice.ff.ucm.sk\/index.php\/prirucka-specificke-potreby-9-4\/","title":{"rendered":"Prirucka-specificke-potreby-9-4"},"content":{"rendered":"\t\t<div data-elementor-type=\"wp-page\" data-elementor-id=\"8328\" class=\"elementor elementor-8328\" data-elementor-post-type=\"page\">\n\t\t\t\t\t\t<section class=\"elementor-section elementor-top-section elementor-element elementor-element-b2eeed8 elementor-section-height-min-height elementor-section-boxed elementor-section-height-default elementor-section-items-middle\" data-id=\"b2eeed8\" data-element_type=\"section\" data-settings=\"{&quot;background_background&quot;:&quot;classic&quot;}\">\n\t\t\t\t\t\t\t<div class=\"elementor-background-overlay\"><\/div>\n\t\t\t\t\t\t\t<div class=\"elementor-container elementor-column-gap-default\">\n\t\t\t\t\t<div class=\"elementor-column elementor-col-100 elementor-top-column elementor-element elementor-element-91ce5cd\" data-id=\"91ce5cd\" data-element_type=\"column\">\n\t\t\t<div class=\"elementor-widget-wrap elementor-element-populated\">\n\t\t\t\t\t\t<div class=\"elementor-element elementor-element-1c6da3b elementor-widget elementor-widget-heading\" data-id=\"1c6da3b\" data-element_type=\"widget\" data-widget_type=\"heading.default\">\n\t\t\t\t<div class=\"elementor-widget-container\">\n\t\t\t\t\t<h1 class=\"elementor-heading-title elementor-size-default\">Metodick\u00e1 pr\u00edru\u010dka pre z\u00e1ujemcov o \u0161t\u00fadium a \u0161tudentov so \u0161pecifick\u00fdmi potrebami<\/h1>\t\t\t\t<\/div>\n\t\t\t\t<\/div>\n\t\t\t\t\t<\/div>\n\t\t<\/div>\n\t\t\t\t\t<\/div>\n\t\t<\/section>\n\t\t\t\t<section class=\"elementor-section elementor-top-section elementor-element elementor-element-9f9a241 elementor-section-boxed elementor-section-height-default elementor-section-height-default\" data-id=\"9f9a241\" data-element_type=\"section\">\n\t\t\t\t\t\t<div class=\"elementor-container elementor-column-gap-default\">\n\t\t\t\t\t<div class=\"elementor-column elementor-col-100 elementor-top-column elementor-element elementor-element-36e8d15\" data-id=\"36e8d15\" data-element_type=\"column\">\n\t\t\t<div class=\"elementor-widget-wrap elementor-element-populated\">\n\t\t\t\t\t\t<section class=\"elementor-section elementor-inner-section elementor-element elementor-element-0f7453d elementor-section-boxed elementor-section-height-default elementor-section-height-default\" data-id=\"0f7453d\" data-element_type=\"section\">\n\t\t\t\t\t\t<div class=\"elementor-container elementor-column-gap-default\">\n\t\t\t\t\t<div class=\"elementor-column elementor-col-100 elementor-inner-column elementor-element elementor-element-4973de6\" data-id=\"4973de6\" data-element_type=\"column\">\n\t\t\t<div class=\"elementor-widget-wrap elementor-element-populated\">\n\t\t\t\t\t\t<div class=\"elementor-element elementor-element-198bac6 elementor-widget__width-initial elementor-fixed elementor-widget elementor-widget-button\" data-id=\"198bac6\" data-element_type=\"widget\" data-settings=\"{&quot;_position&quot;:&quot;fixed&quot;}\" data-widget_type=\"button.default\">\n\t\t\t\t<div class=\"elementor-widget-container\">\n\t\t\t\t\t\t\t\t\t<div class=\"elementor-button-wrapper\">\n\t\t\t\t\t<a class=\"elementor-button elementor-button-link elementor-size-sm\" href=\"#Kapitola1\">\n\t\t\t\t\t\t<span class=\"elementor-button-content-wrapper\">\n\t\t\t\t\t\t<span class=\"elementor-button-icon\">\n\t\t\t\t<i aria-hidden=\"true\" class=\"fas fa-arrow-up\"><\/i>\t\t\t<\/span>\n\t\t\t\t\t\t\t\t<\/span>\n\t\t\t\t\t<\/a>\n\t\t\t\t<\/div>\n\t\t\t\t\t\t\t\t<\/div>\n\t\t\t\t<\/div>\n\t\t\t\t\t<\/div>\n\t\t<\/div>\n\t\t\t\t\t<\/div>\n\t\t<\/section>\n\t\t\t\t\t<\/div>\n\t\t<\/div>\n\t\t\t\t\t<\/div>\n\t\t<\/section>\n\t\t\t\t<section class=\"elementor-section elementor-top-section elementor-element elementor-element-2858d6f elementor-section-boxed elementor-section-height-default elementor-section-height-default\" data-id=\"2858d6f\" data-element_type=\"section\">\n\t\t\t\t\t\t<div class=\"elementor-container elementor-column-gap-default\">\n\t\t\t\t\t<div class=\"elementor-column elementor-col-100 elementor-top-column elementor-element elementor-element-e63bd34\" data-id=\"e63bd34\" data-element_type=\"column\">\n\t\t\t<div class=\"elementor-widget-wrap elementor-element-populated\">\n\t\t\t\t\t\t<section class=\"elementor-section elementor-inner-section elementor-element elementor-element-0b79421 elementor-section-boxed elementor-section-height-default elementor-section-height-default\" data-id=\"0b79421\" data-element_type=\"section\">\n\t\t\t\t\t\t<div class=\"elementor-container elementor-column-gap-default\">\n\t\t\t\t\t<div class=\"elementor-column elementor-col-100 elementor-inner-column elementor-element elementor-element-bb0ded5\" data-id=\"bb0ded5\" data-element_type=\"column\">\n\t\t\t<div class=\"elementor-widget-wrap elementor-element-populated\">\n\t\t\t\t\t\t<div class=\"elementor-element elementor-element-759b076 elementor-widget elementor-widget-heading\" data-id=\"759b076\" data-element_type=\"widget\" data-widget_type=\"heading.default\">\n\t\t\t\t<div class=\"elementor-widget-container\">\n\t\t\t\t\t<h3 class=\"elementor-heading-title elementor-size-default\">\u0164a\u017ekosti s \u010d\u00edtan\u00edm a p\u00edsan\u00edm, dyslexia, poruchy u\u010denia<\/h3>\t\t\t\t<\/div>\n\t\t\t\t<\/div>\n\t\t\t\t<div class=\"elementor-element elementor-element-5aa9d5d elementor-widget elementor-widget-text-editor\" data-id=\"5aa9d5d\" data-element_type=\"widget\" data-widget_type=\"text-editor.default\">\n\t\t\t\t<div class=\"elementor-widget-container\">\n\t\t\t\t\t\t\t\t\t<p>\u0160pecifick\u00e9 v\u00fdvinov\u00e9 poruchy u\u010denia predstavuj\u00fa heterog\u00e9nnu skupinu \u0165a\u017ekost\u00ed a sk\u00f4r sa vyskytuj\u00fa vo vz\u00e1jomnej kombin\u00e1cii ne\u017e izolovane. Existuje viacero druhov popisovan\u00fdch por\u00fach u\u010denia (napr.: dyslexia,\u00a0 dysgrafia,\u00a0 dysortografia,\u00a0 dyskalk\u00falia, dyspraxia, dyspinxia, dysm\u00fazia,&#8230;). \u010casto nimi trpia jedinci, ktor\u00ed s\u00fa s\u00fa\u010dasne <strong>hyperakt\u00edvni, nes\u00fastreden\u00ed<\/strong> alebo <strong>impulz\u00edvni<\/strong> (jedinci so \u0161pecifickou poruchou ADD alebo <span style=\"color: #008000;\"><a style=\"color: #008000;\" href=\"https:\/\/etabletka.sk\/adhd-ako-sa-u-deti-prejavuje-a-co-vas-ako-rodica-caka\/\" target=\"_blank\" rel=\"noopener\">ADHD<\/a><\/span> &#8211; bli\u017e\u0161ie pozri <span style=\"color: #008000;\"><a style=\"color: #008000;\" href=\"https:\/\/e-ucebnice.ff.ucm.sk\/index.php\/prirucka-specificke-potreby-9-8\/\">kap. 9.8<\/a><\/span> ), pr\u00edpadne \u0161tudenti, ktor\u00ed maj\u00fa hor\u0161ie motorick\u00e9 funkcie alebo probl\u00e9my s re\u010dou.<\/p><p>Prel\u00ednanie jednotliv\u00fdch por\u00fach a pridru\u017eenie \u010fal\u0161\u00edch \u010dasto sp\u00f4sobuje, \u017ee \u0161tudent v \u0161kole nest\u00edha vn\u00edma\u0165 vzdel\u00e1vac\u00ed proces, nerozumie pokynom u\u010dite\u013ea a nedok\u00e1\u017ee dostato\u010dne sp\u013a\u0148a\u0165 zadania (Har\u010darikov\u00e1, 2008).<\/p><p><strong><u>Po\u017eiadavky na dokument\u00e1ciu:<\/u><\/strong> Dokument o pos\u00faden\u00ed z niektor\u00e9ho zo zariaden\u00ed poradenstva a prevencie, logop\u00e9da, psychol\u00f3ga alebo in\u00fdch odborn\u00edkov.<\/p><p><strong><u>Na sk\u00fa\u0161ke m\u00f4\u017eete \u017eiada\u0165:<\/u><\/strong><\/p><ul><li>PC s programom na p\u00edsanie a ozna\u010dovanie ch\u00fdb.<\/li><li>Pred\u010d\u00edtanie textu na sk\u00fa\u0161ke.<\/li><li>Pred\u013a\u017een\u00fd \u010das (cca 30 &#8211; 60 min.).<\/li><li>Men\u0161iu miestnos\u0165 (v pr\u00edpade ak je to mo\u017en\u00e9 z prev\u00e1dzkov\u00fdch d\u00f4vodov zabezpe\u010di\u0165).<\/li><\/ul><p>\u00a0<\/p><p><strong><u>Mo\u017en\u00e9 organiza\u010dn\u00e9 opatrenia:<\/u><\/strong><\/p><ul><li>PC Program p\u00edsania\/editovania.<\/li><li>Digit\u00e1lne u\u010debnice a zborn\u00edky (ktor\u00e9 mo\u017eno \u010d\u00edta\u0165 pomocou synt\u00e9zy re\u010di).<\/li><li>Pr\u00edstup k pozn\u00e1mkam z predn\u00e1\u0161ok vopred.<\/li><li>Asisten\u010dn\u00e9 technol\u00f3gie dostupn\u00e9 na UCM (PPCSZ) alebo osobn\u00e9 pom\u00f4cky \u0161tudenta.<\/li><li>Skener\/syntetiz\u00e1tor re\u010di (\u010d\u00edtacie pero PPCSZ).<\/li><li>Program na prevod re\u010di na text (PPCSZ).<\/li><\/ul>\t\t\t\t\t\t\t\t<\/div>\n\t\t\t\t<\/div>\n\t\t\t\t\t<\/div>\n\t\t<\/div>\n\t\t\t\t\t<\/div>\n\t\t<\/section>\n\t\t\t\t<section class=\"elementor-section elementor-inner-section elementor-element elementor-element-81d0a5f elementor-section-boxed elementor-section-height-default elementor-section-height-default\" data-id=\"81d0a5f\" data-element_type=\"section\">\n\t\t\t\t\t\t<div class=\"elementor-container elementor-column-gap-default\">\n\t\t\t\t\t<div class=\"elementor-column elementor-col-100 elementor-inner-column elementor-element elementor-element-2359e95\" data-id=\"2359e95\" data-element_type=\"column\">\n\t\t\t<div class=\"elementor-widget-wrap elementor-element-populated\">\n\t\t\t\t\t\t<div class=\"elementor-element elementor-element-9ddf6ec elementor-widget elementor-widget-heading\" data-id=\"9ddf6ec\" data-element_type=\"widget\" data-widget_type=\"heading.default\">\n\t\t\t\t<div class=\"elementor-widget-container\">\n\t\t\t\t\t<h3 class=\"elementor-heading-title elementor-size-default\">Asisten\u010dn\u00e9 technol\u00f3gie vyu\u017eite\u013en\u00e9 pre \u0161tudentov s poruchami u\u010denia<\/h3>\t\t\t\t<\/div>\n\t\t\t\t<\/div>\n\t\t\t\t<div class=\"elementor-element elementor-element-cc4b845 elementor-widget elementor-widget-text-editor\" data-id=\"cc4b845\" data-element_type=\"widget\" data-widget_type=\"text-editor.default\">\n\t\t\t\t<div class=\"elementor-widget-container\">\n\t\t\t\t\t\t\t\t\t<p style=\"text-align: justify;\">V tejto \u010dasti uv\u00e1dzame niektor\u00e9 dostupn\u00e9 technol\u00f3gie, ktor\u00e9 u\u013eah\u010duj\u00fa osob\u00e1m s poruchami u\u010denia pr\u00edstup k inform\u00e1ci\u00e1m (pod\u013ea Ja\u0161kov\u00e1, 2022):<\/p><p style=\"text-align: justify;\">&#8211; <strong>Softv\u00e9r na tvorbu my\u0161lienkov\u00fdch m\u00e1p: <\/strong>My\u0161lienkov\u00e9 mapy s\u00fa vizu\u00e1lne mapy, zn\u00e1zor\u0148uj\u00face s\u00favislosti medzi my\u0161lienkami, vych\u00e1dzaj\u00facimi z jednej \u00fastrednej my\u0161lienky. My\u0161lienkov\u00e9 mapy pou\u017e\u00edvaj\u00fa iba stru\u010dn\u00e9 pozn\u00e1mky a skratky, ktor\u00e9 maj\u00fa mozgu pom\u00f4c\u0165, aby si r\u00fdchlej\u0161ie spomenul na ur\u010dit\u00fa inform\u00e1ciu, \u010di asoci\u00e1ciu, pri\u010dom vyu\u017e\u00edvaj\u00fa farby a \u013eudsk\u00fa predstavivos\u0165. Dyslektikom m\u00f4\u017eu pon\u00faknu\u0165 lep\u0161\u00ed sp\u00f4sob ako prija\u0165 a uklada\u0165 inform\u00e1cie. Z vo\u013ene dostupn\u00fdch programov na tvorbu my\u0161lienkov\u00fdch m\u00e1p m\u00f4\u017eete vyu\u017ei\u0165\u00a0 napr\u00edklad: <span style=\"color: #008000;\"><a style=\"color: #008000;\" href=\"http:\/\/freemind.sourceforge.net\/wiki\/index.php\/Main_Page\" target=\"_blank\" rel=\"noopener\">Free Mind<\/a><\/span>, <span style=\"color: #008000;\"><a style=\"color: #008000;\" href=\"http:\/\/www.matchware.com\/en\/special\/mind-mapping-free.php\" target=\"_blank\" rel=\"noopener\">MindView<\/a><\/span>, <span style=\"color: #008000;\"><a style=\"color: #008000;\" href=\"https:\/\/www.edrawsoft.com\/mindmaster\/\" target=\"_blank\" rel=\"noopener\">EDraw MindMaster<\/a><\/span> .<\/p><p style=\"text-align: justify;\">Okrem toho s\u00fa aj online n\u00e1stroje na webe, ako napr\u00edklad webov\u00e9 s\u00eddlo <span style=\"color: #008000;\"><a style=\"color: #008000;\" href=\"http:\/\/www.mindmapfree.com\" target=\"_blank\" rel=\"noopener\">http:\/\/www.mindmapfree.com<\/a><\/span> .<\/p><p style=\"text-align: justify;\"><strong>&#8211; \u010c\u00edta\u010d obrazovky: <\/strong>Vhodn\u00fdm prostriedkom je aj skener, ktor\u00fd sn\u00edma dokumenty v kombin\u00e1cii s \u010d\u00edta\u010dom obrazovky. Zn\u00e1me s\u00fa \u010d\u00edta\u010de obrazovky NVDA a JAWS.<\/p><ul><li style=\"text-align: justify;\">Pre MS Word 10 a vy\u0161\u0161\u00ed existuje zabudovan\u00e1 funkcia \u010c\u00edta\u0165 nahlas (na paneli Rev\u00edzia), ktor\u00e1 umo\u017e\u0148uje pre\u010d\u00edta\u0165 vybran\u00fd blok textu.<\/li><li style=\"text-align: justify;\">Webov\u00fd prehliada\u010d Microsoft Edge pon\u00faka funkciu \u010c\u00edta\u0165 nahlas pre PDF dokumenty.<\/li><li style=\"text-align: justify;\">Webov\u00fd prehliada\u010d Google Chrome m\u00e1 zabudovan\u00fa funkciu hlasn\u00e9ho \u010d\u00edtania v aplik\u00e1cii Google translator.<\/li><li style=\"text-align: justify;\"><strong>Textov\u00e9 editory &#8211; <\/strong>textov\u00fd editor pom\u00e1ha predch\u00e1dza\u0165 nov\u00fdm chyb\u00e1m v postupnom prepracov\u00e1van\u00ed textu a umo\u017e\u0148uje bez probl\u00e9mov aj \u00fa\u010das\u0165 in\u00fdch os\u00f4b na prehliadan\u00ed a oprav\u00e1ch materi\u00e1lu. Automatick\u00e1 oprava pravopisu je v\u00fdhodn\u00e1 iba do istej miery, preto\u017ee dyslektik \u010dasto nie je schopn\u00fd rozli\u0161ova\u0165 medzi detailn\u00fdmi odch\u00fdlkami pravopisu toho ist\u00e9ho slova. Pre MS Word existuje aj <strong>predikt\u00edvny softv\u00e9r<\/strong> <strong>Typing Assistant<\/strong>, ktor\u00fd umo\u017e\u0148uje pou\u017e\u00edvate\u013eovi zvoli\u0165 si p\u00edsan\u00e9 slovo zo zoznamu. <strong>Funkcia predikt\u00edvneho textu<\/strong> je aj s\u00fa\u010das\u0165ou mnoh\u00fdch vyh\u013ead\u00e1va\u010dov na webe, predikt\u00edvny text je tie\u017e funkciou mobiln\u00fdch telef\u00f3nov.<\/li><li style=\"text-align: justify;\"><strong>Diktovac\u00ed softv\u00e9r<\/strong> &#8211; umo\u017e\u0148uje zad\u00e1va\u0165 text pomocou mikrof\u00f3nu. T\u00e1to funkcia sa d\u00e1 pou\u017ei\u0165 aj v textovom editore MS Word 365. Dostupn\u00fd je aj softv\u00e9r<span style=\"color: #008000;\"><a style=\"color: #008000;\" href=\"https:\/\/www.newtontech.net\/en\/newton-dictate\/\" target=\"_blank\" rel=\"noopener\"> Newton Dictate<\/a><\/span>. Na jednoduch\u0161ej \u00farovni mo\u017eno v \u0161kole pou\u017ei\u0165 diktaf\u00f3n, ktor\u00fd umo\u017e\u0148uje nahra\u0165 a uchova\u0165 pozn\u00e1mky a prezent\u00e1cie bez vystavenia sa tlaku p\u00edsania si pozn\u00e1mok.\u00a0<\/li><\/ul>\t\t\t\t\t\t\t\t<\/div>\n\t\t\t\t<\/div>\n\t\t\t\t\t<\/div>\n\t\t<\/div>\n\t\t\t\t\t<\/div>\n\t\t<\/section>\n\t\t\t\t\t<\/div>\n\t\t<\/div>\n\t\t\t\t\t<\/div>\n\t\t<\/section>\n\t\t\t\t<\/div>\n\t\t","protected":false},"excerpt":{"rendered":"<p>Metodick\u00e1 pr\u00edru\u010dka pre z\u00e1ujemcov o \u0161t\u00fadium a \u0161tudentov so \u0161pecifick\u00fdmi potrebami \u0164a\u017ekosti s \u010d\u00edtan\u00edm a p\u00edsan\u00edm, dyslexia, poruchy u\u010denia \u0160pecifick\u00e9 v\u00fdvinov\u00e9 poruchy u\u010denia predstavuj\u00fa heterog\u00e9nnu skupinu \u0165a\u017ekost\u00ed a sk\u00f4r sa vyskytuj\u00fa vo vz\u00e1jomnej kombin\u00e1cii ne\u017e izolovane. Existuje viacero druhov popisovan\u00fdch por\u00fach u\u010denia (napr.: dyslexia,\u00a0 dysgrafia,\u00a0 dysortografia,\u00a0 dyskalk\u00falia, dyspraxia, dyspinxia, dysm\u00fazia,&#8230;). \u010casto nimi trpia jedinci, ktor\u00ed [&hellip;]<\/p>\n","protected":false},"author":3,"featured_media":0,"parent":0,"menu_order":0,"comment_status":"closed","ping_status":"closed","template":"","meta":{"footnotes":""},"class_list":["post-8328","page","type-page","status-publish","hentry"],"_links":{"self":[{"href":"https:\/\/e-ucebnice.ff.ucm.sk\/index.php\/wp-json\/wp\/v2\/pages\/8328","targetHints":{"allow":["GET"]}}],"collection":[{"href":"https:\/\/e-ucebnice.ff.ucm.sk\/index.php\/wp-json\/wp\/v2\/pages"}],"about":[{"href":"https:\/\/e-ucebnice.ff.ucm.sk\/index.php\/wp-json\/wp\/v2\/types\/page"}],"author":[{"embeddable":true,"href":"https:\/\/e-ucebnice.ff.ucm.sk\/index.php\/wp-json\/wp\/v2\/users\/3"}],"replies":[{"embeddable":true,"href":"https:\/\/e-ucebnice.ff.ucm.sk\/index.php\/wp-json\/wp\/v2\/comments?post=8328"}],"version-history":[{"count":10,"href":"https:\/\/e-ucebnice.ff.ucm.sk\/index.php\/wp-json\/wp\/v2\/pages\/8328\/revisions"}],"predecessor-version":[{"id":8367,"href":"https:\/\/e-ucebnice.ff.ucm.sk\/index.php\/wp-json\/wp\/v2\/pages\/8328\/revisions\/8367"}],"wp:attachment":[{"href":"https:\/\/e-ucebnice.ff.ucm.sk\/index.php\/wp-json\/wp\/v2\/media?parent=8328"}],"curies":[{"name":"wp","href":"https:\/\/api.w.org\/{rel}","templated":true}]}}