{"id":8330,"date":"2024-10-15T18:47:59","date_gmt":"2024-10-15T16:47:59","guid":{"rendered":"https:\/\/e-ucebnice.ff.ucm.sk\/?page_id=8330"},"modified":"2024-10-17T13:46:55","modified_gmt":"2024-10-17T11:46:55","slug":"prirucka-specificke-potreby-9-5","status":"publish","type":"page","link":"https:\/\/e-ucebnice.ff.ucm.sk\/index.php\/prirucka-specificke-potreby-9-5\/","title":{"rendered":"Prirucka-specificke-potreby-9-5"},"content":{"rendered":"\t\t<div data-elementor-type=\"wp-page\" data-elementor-id=\"8330\" class=\"elementor elementor-8330\" data-elementor-post-type=\"page\">\n\t\t\t\t\t\t<section class=\"elementor-section elementor-top-section elementor-element elementor-element-b2eeed8 elementor-section-height-min-height elementor-section-boxed elementor-section-height-default elementor-section-items-middle\" data-id=\"b2eeed8\" data-element_type=\"section\" data-settings=\"{&quot;background_background&quot;:&quot;classic&quot;}\">\n\t\t\t\t\t\t\t<div class=\"elementor-background-overlay\"><\/div>\n\t\t\t\t\t\t\t<div class=\"elementor-container elementor-column-gap-default\">\n\t\t\t\t\t<div class=\"elementor-column elementor-col-100 elementor-top-column elementor-element elementor-element-91ce5cd\" data-id=\"91ce5cd\" data-element_type=\"column\">\n\t\t\t<div class=\"elementor-widget-wrap elementor-element-populated\">\n\t\t\t\t\t\t<div class=\"elementor-element elementor-element-1c6da3b elementor-widget elementor-widget-heading\" data-id=\"1c6da3b\" data-element_type=\"widget\" data-widget_type=\"heading.default\">\n\t\t\t\t<div class=\"elementor-widget-container\">\n\t\t\t\t\t<h1 class=\"elementor-heading-title elementor-size-default\">Metodick\u00e1 pr\u00edru\u010dka pre z\u00e1ujemcov o \u0161t\u00fadium a \u0161tudentov so \u0161pecifick\u00fdmi potrebami<\/h1>\t\t\t\t<\/div>\n\t\t\t\t<\/div>\n\t\t\t\t\t<\/div>\n\t\t<\/div>\n\t\t\t\t\t<\/div>\n\t\t<\/section>\n\t\t\t\t<section class=\"elementor-section elementor-top-section elementor-element elementor-element-9f9a241 elementor-section-boxed elementor-section-height-default elementor-section-height-default\" data-id=\"9f9a241\" data-element_type=\"section\">\n\t\t\t\t\t\t<div class=\"elementor-container elementor-column-gap-default\">\n\t\t\t\t\t<div class=\"elementor-column elementor-col-100 elementor-top-column elementor-element elementor-element-36e8d15\" data-id=\"36e8d15\" data-element_type=\"column\">\n\t\t\t<div class=\"elementor-widget-wrap elementor-element-populated\">\n\t\t\t\t\t\t<section class=\"elementor-section elementor-inner-section elementor-element elementor-element-0f7453d elementor-section-boxed elementor-section-height-default elementor-section-height-default\" data-id=\"0f7453d\" data-element_type=\"section\">\n\t\t\t\t\t\t<div class=\"elementor-container elementor-column-gap-default\">\n\t\t\t\t\t<div class=\"elementor-column elementor-col-100 elementor-inner-column elementor-element elementor-element-4973de6\" data-id=\"4973de6\" data-element_type=\"column\">\n\t\t\t<div class=\"elementor-widget-wrap elementor-element-populated\">\n\t\t\t\t\t\t<div class=\"elementor-element elementor-element-198bac6 elementor-widget__width-initial elementor-fixed elementor-widget elementor-widget-button\" data-id=\"198bac6\" data-element_type=\"widget\" data-settings=\"{&quot;_position&quot;:&quot;fixed&quot;}\" data-widget_type=\"button.default\">\n\t\t\t\t<div class=\"elementor-widget-container\">\n\t\t\t\t\t\t\t\t\t<div class=\"elementor-button-wrapper\">\n\t\t\t\t\t<a class=\"elementor-button elementor-button-link elementor-size-sm\" href=\"#Kapitola1\">\n\t\t\t\t\t\t<span class=\"elementor-button-content-wrapper\">\n\t\t\t\t\t\t<span class=\"elementor-button-icon\">\n\t\t\t\t<i aria-hidden=\"true\" class=\"fas fa-arrow-up\"><\/i>\t\t\t<\/span>\n\t\t\t\t\t\t\t\t<\/span>\n\t\t\t\t\t<\/a>\n\t\t\t\t<\/div>\n\t\t\t\t\t\t\t\t<\/div>\n\t\t\t\t<\/div>\n\t\t\t\t\t<\/div>\n\t\t<\/div>\n\t\t\t\t\t<\/div>\n\t\t<\/section>\n\t\t\t\t\t<\/div>\n\t\t<\/div>\n\t\t\t\t\t<\/div>\n\t\t<\/section>\n\t\t\t\t<section class=\"elementor-section elementor-top-section elementor-element elementor-element-2858d6f elementor-section-boxed elementor-section-height-default elementor-section-height-default\" data-id=\"2858d6f\" data-element_type=\"section\">\n\t\t\t\t\t\t<div class=\"elementor-container elementor-column-gap-default\">\n\t\t\t\t\t<div class=\"elementor-column elementor-col-100 elementor-top-column elementor-element elementor-element-e63bd34\" data-id=\"e63bd34\" data-element_type=\"column\">\n\t\t\t<div class=\"elementor-widget-wrap elementor-element-populated\">\n\t\t\t\t\t\t<section class=\"elementor-section elementor-inner-section elementor-element elementor-element-0b79421 elementor-section-boxed elementor-section-height-default elementor-section-height-default\" data-id=\"0b79421\" data-element_type=\"section\">\n\t\t\t\t\t\t<div class=\"elementor-container elementor-column-gap-default\">\n\t\t\t\t\t<div class=\"elementor-column elementor-col-100 elementor-inner-column elementor-element elementor-element-bb0ded5\" data-id=\"bb0ded5\" data-element_type=\"column\">\n\t\t\t<div class=\"elementor-widget-wrap elementor-element-populated\">\n\t\t\t\t\t\t<div class=\"elementor-element elementor-element-759b076 elementor-widget elementor-widget-heading\" data-id=\"759b076\" data-element_type=\"widget\" data-widget_type=\"heading.default\">\n\t\t\t\t<div class=\"elementor-widget-container\">\n\t\t\t\t\t<h3 class=\"elementor-heading-title elementor-size-default\">Strata sluchu a nedosl\u00fdchavos\u0165<\/h3>\t\t\t\t<\/div>\n\t\t\t\t<\/div>\n\t\t\t\t<div class=\"elementor-element elementor-element-5aa9d5d elementor-widget elementor-widget-text-editor\" data-id=\"5aa9d5d\" data-element_type=\"widget\" data-widget_type=\"text-editor.default\">\n\t\t\t\t<div class=\"elementor-widget-container\">\n\t\t\t\t\t\t\t\t\t<p>Poruchy sluchu sa pohybuj\u00fa od pomerne miernych, prechodn\u00fdch por\u00fach a\u017e po hluchotu. Sluchov\u00e9 postihnutie je aj soci\u00e1lnym hendikepom a m\u00f4\u017ee predstavova\u0165 psychick\u00fa z\u00e1\u0165a\u017e.<\/p><p><strong><u>Po\u017eiadavky na dokument\u00e1ciu:<\/u><\/strong> Potvrdenie od lek\u00e1ra.<\/p><p><strong><u>Na sk\u00fa\u0161ke m\u00f4\u017eete \u017eiada\u0165:<\/u><\/strong><\/p><ul><li>Pred\u013a\u017een\u00fd \u010das.<\/li><li>Povolenie pr\u00edtomnosti vlastn\u00e9ho tlmo\u010dn\u00edka (v pr\u00edpade nepo\u010duj\u00facich).<\/li><\/ul><p>\u00a0<\/p><p><strong><u>Mo\u017en\u00e9 organiza\u010dn\u00e9 opatrenia:<\/u><\/strong><\/p><ul><li>Tlmo\u010dn\u00edk (\u0161tudent si zabezpe\u010d\u00ed s\u00e1m).<\/li><li>P\u00edsomn\u00e9 materi\u00e1ly k \u0161t\u00fadiu.<\/li><li>Pou\u017e\u00edvanie mikrof\u00f3nov.<\/li><li>Pr\u00edstup k prezent\u00e1ci\u00e1m Power Point pred predn\u00e1\u0161kami.<\/li><li>Poskytnutie inform\u00e1ci\u00ed o dostupn\u00fdch \u00fanikov\u00fdch cest\u00e1ch a o tom, na koho sa obr\u00e1ti\u0165 v pr\u00edpade po\u017eiaru a \u00faniku.<\/li><li>Vyu\u017e\u00edvanie \u0161peci\u00e1lnych technick\u00fdch pom\u00f4cok (napr.<span style=\"color: #008000;\"><a style=\"color: #008000;\" href=\"http:\/\/www.edu.fmph.uniba.sk\/~jaskova\/IKTH\/tema03\/tema03.html#nacuvaci\" target=\"_blank\" rel=\"noopener\"> Na\u010d\u00favac\u00ed pr\u00edstroj<\/a><\/span>; <span style=\"color: #008000;\"><a style=\"color: #008000;\" href=\"http:\/\/www.edu.fmph.uniba.sk\/~jaskova\/IKTH\/tema03\/tema03.html#FM_system\" target=\"_blank\" rel=\"noopener\">\u00a0FM syst\u00e9m<\/a><\/span>; <span style=\"color: #008000;\"><a style=\"color: #008000;\" href=\"http:\/\/www.edu.fmph.uniba.sk\/~jaskova\/IKTH\/tema03\/tema03.html#slucka\" target=\"_blank\" rel=\"noopener\">\u00a0Induk\u010dn\u00e1 slu\u010dka<\/a><\/span><u>; <\/u><span style=\"color: #008000;\"><a style=\"color: #008000;\" href=\"http:\/\/www.edu.fmph.uniba.sk\/~jaskova\/IKTH\/tema03\/tema03.html#telefony\" target=\"_blank\" rel=\"noopener\">Telef\u00f3nne syst\u00e9my<\/a><\/span>; <span style=\"color: #008000;\"><a style=\"color: #008000;\" href=\"http:\/\/www.edu.fmph.uniba.sk\/~jaskova\/IKTH\/tema03\/tema03.html#signal\" target=\"_blank\" rel=\"noopener\">\u00a0Signaliza\u010dn\u00e9 syst\u00e9my<\/a><\/span><u>; <\/u><span style=\"color: #008000;\"><a style=\"color: #008000;\" href=\"http:\/\/www.edu.fmph.uniba.sk\/~jaskova\/IKTH\/tema03\/tema03.html#artikulacia\" target=\"_blank\" rel=\"noopener\">\u00a0Pom\u00f4cky pre n\u00e1cvik spr\u00e1vnej artikul\u00e1cie<\/a><\/span>; <span style=\"color: #008000;\"><a style=\"color: #008000;\" href=\"http:\/\/www.edu.fmph.uniba.sk\/~jaskova\/IKTH\/tema03\/tema03.html#odzeranie\" target=\"_blank\" rel=\"noopener\">Syst\u00e9my pre tr\u00e9ning odzerania<\/a><\/span>; <span style=\"color: #008000;\"><a style=\"color: #008000;\" href=\"http:\/\/www.edu.fmph.uniba.sk\/~jaskova\/IKTH\/tema03\/tema03.html#posunky\" target=\"_blank\" rel=\"noopener\">\u00a0Syst\u00e9my pre tr\u00e9ning znakov\u00e9ho jazyka a prstovej abecedy<\/a><\/span>; <span style=\"color: #008000;\"><a style=\"color: #008000;\" href=\"http:\/\/www.edu.fmph.uniba.sk\/~jaskova\/IKTH\/tema03\/tema03.html#programy\" target=\"_blank\" rel=\"noopener\">\u00a0V\u00fdu\u010dbov\u00e9 programy<\/a><\/span>; <span style=\"color: #008000;\"><a style=\"color: #008000;\" href=\"http:\/\/www.edu.fmph.uniba.sk\/~jaskova\/IKTH\/tema03\/tema03.html#titulkovanie\" target=\"_blank\" rel=\"noopener\">\u00a0Simult\u00e1nne titulkovanie telev\u00edznych programov<\/a><\/span> &#8211;\u00a0 (pozri napr.: Ja\u0161kov\u00e1, 2022. Asisten\u010dn\u00e9 technol\u00f3gie pre osoby so sluchov\u00fdm postihnut\u00edm (<a href=\"http:\/\/www.edu.fmph.uniba.sk\/~jaskova\/IKTH\/tema03\/tema03.html#artikulacia\">h<\/a><span style=\"color: #008000;\"><a style=\"color: #008000;\" href=\"http:\/\/www.edu.fmph.uniba.sk\/~jaskova\/IKTH\/tema03\/tema03.html#artikulacia\" target=\"_blank\" rel=\"noopener\">ttp:\/\/www.edu.fmph.uniba.sk\/~jaskova\/IKTH\/tema03\/tema03.html#artikulaci<\/a><\/span>)<\/li><\/ul><p>\u00a0<\/p><p><strong><u>Realiz\u00e1cia praxe:<\/u><\/strong><\/p><ul><li>Vytvorenie dobrej \u0161trukt\u00fary pri pl\u00e1novan\u00ed praxe.<\/li><li>Asisten\u010dn\u00e9 zariadenia<\/li><li>Vlastn\u00fd tlmo\u010dn\u00edk.<\/li><\/ul>\t\t\t\t\t\t\t\t<\/div>\n\t\t\t\t<\/div>\n\t\t\t\t\t<\/div>\n\t\t<\/div>\n\t\t\t\t\t<\/div>\n\t\t<\/section>\n\t\t\t\t\t<\/div>\n\t\t<\/div>\n\t\t\t\t\t<\/div>\n\t\t<\/section>\n\t\t\t\t<\/div>\n\t\t","protected":false},"excerpt":{"rendered":"<p>Metodick\u00e1 pr\u00edru\u010dka pre z\u00e1ujemcov o \u0161t\u00fadium a \u0161tudentov so \u0161pecifick\u00fdmi potrebami Strata sluchu a nedosl\u00fdchavos\u0165 Poruchy sluchu sa pohybuj\u00fa od pomerne miernych, prechodn\u00fdch por\u00fach a\u017e po hluchotu. Sluchov\u00e9 postihnutie je aj soci\u00e1lnym hendikepom a m\u00f4\u017ee predstavova\u0165 psychick\u00fa z\u00e1\u0165a\u017e. Po\u017eiadavky na dokument\u00e1ciu: Potvrdenie od lek\u00e1ra. Na sk\u00fa\u0161ke m\u00f4\u017eete \u017eiada\u0165: Pred\u013a\u017een\u00fd \u010das. Povolenie pr\u00edtomnosti vlastn\u00e9ho tlmo\u010dn\u00edka (v [&hellip;]<\/p>\n","protected":false},"author":3,"featured_media":0,"parent":0,"menu_order":0,"comment_status":"closed","ping_status":"closed","template":"","meta":{"footnotes":""},"class_list":["post-8330","page","type-page","status-publish","hentry"],"_links":{"self":[{"href":"https:\/\/e-ucebnice.ff.ucm.sk\/index.php\/wp-json\/wp\/v2\/pages\/8330","targetHints":{"allow":["GET"]}}],"collection":[{"href":"https:\/\/e-ucebnice.ff.ucm.sk\/index.php\/wp-json\/wp\/v2\/pages"}],"about":[{"href":"https:\/\/e-ucebnice.ff.ucm.sk\/index.php\/wp-json\/wp\/v2\/types\/page"}],"author":[{"embeddable":true,"href":"https:\/\/e-ucebnice.ff.ucm.sk\/index.php\/wp-json\/wp\/v2\/users\/3"}],"replies":[{"embeddable":true,"href":"https:\/\/e-ucebnice.ff.ucm.sk\/index.php\/wp-json\/wp\/v2\/comments?post=8330"}],"version-history":[{"count":7,"href":"https:\/\/e-ucebnice.ff.ucm.sk\/index.php\/wp-json\/wp\/v2\/pages\/8330\/revisions"}],"predecessor-version":[{"id":8373,"href":"https:\/\/e-ucebnice.ff.ucm.sk\/index.php\/wp-json\/wp\/v2\/pages\/8330\/revisions\/8373"}],"wp:attachment":[{"href":"https:\/\/e-ucebnice.ff.ucm.sk\/index.php\/wp-json\/wp\/v2\/media?parent=8330"}],"curies":[{"name":"wp","href":"https:\/\/api.w.org\/{rel}","templated":true}]}}