{"id":8334,"date":"2024-10-15T18:49:17","date_gmt":"2024-10-15T16:49:17","guid":{"rendered":"https:\/\/e-ucebnice.ff.ucm.sk\/?page_id=8334"},"modified":"2024-10-17T14:16:27","modified_gmt":"2024-10-17T12:16:27","slug":"prirucka-specificke-potreby-9-7","status":"publish","type":"page","link":"https:\/\/e-ucebnice.ff.ucm.sk\/index.php\/prirucka-specificke-potreby-9-7\/","title":{"rendered":"Prirucka-specificke-potreby-9-7"},"content":{"rendered":"\t\t<div data-elementor-type=\"wp-page\" data-elementor-id=\"8334\" class=\"elementor elementor-8334\" data-elementor-post-type=\"page\">\n\t\t\t\t\t\t<section class=\"elementor-section elementor-top-section elementor-element elementor-element-b2eeed8 elementor-section-height-min-height elementor-section-boxed elementor-section-height-default elementor-section-items-middle\" data-id=\"b2eeed8\" data-element_type=\"section\" data-settings=\"{&quot;background_background&quot;:&quot;classic&quot;}\">\n\t\t\t\t\t\t\t<div class=\"elementor-background-overlay\"><\/div>\n\t\t\t\t\t\t\t<div class=\"elementor-container elementor-column-gap-default\">\n\t\t\t\t\t<div class=\"elementor-column elementor-col-100 elementor-top-column elementor-element elementor-element-91ce5cd\" data-id=\"91ce5cd\" data-element_type=\"column\">\n\t\t\t<div class=\"elementor-widget-wrap elementor-element-populated\">\n\t\t\t\t\t\t<div class=\"elementor-element elementor-element-1c6da3b elementor-widget elementor-widget-heading\" data-id=\"1c6da3b\" data-element_type=\"widget\" data-widget_type=\"heading.default\">\n\t\t\t\t<div class=\"elementor-widget-container\">\n\t\t\t\t\t<h1 class=\"elementor-heading-title elementor-size-default\">Metodick\u00e1 pr\u00edru\u010dka pre z\u00e1ujemcov o \u0161t\u00fadium a \u0161tudentov so \u0161pecifick\u00fdmi potrebami<\/h1>\t\t\t\t<\/div>\n\t\t\t\t<\/div>\n\t\t\t\t\t<\/div>\n\t\t<\/div>\n\t\t\t\t\t<\/div>\n\t\t<\/section>\n\t\t\t\t<section class=\"elementor-section elementor-top-section elementor-element elementor-element-9f9a241 elementor-section-boxed elementor-section-height-default elementor-section-height-default\" data-id=\"9f9a241\" data-element_type=\"section\">\n\t\t\t\t\t\t<div class=\"elementor-container elementor-column-gap-default\">\n\t\t\t\t\t<div class=\"elementor-column elementor-col-100 elementor-top-column elementor-element elementor-element-36e8d15\" data-id=\"36e8d15\" data-element_type=\"column\">\n\t\t\t<div class=\"elementor-widget-wrap elementor-element-populated\">\n\t\t\t\t\t\t<section class=\"elementor-section elementor-inner-section elementor-element elementor-element-0f7453d elementor-section-boxed elementor-section-height-default elementor-section-height-default\" data-id=\"0f7453d\" data-element_type=\"section\">\n\t\t\t\t\t\t<div class=\"elementor-container elementor-column-gap-default\">\n\t\t\t\t\t<div class=\"elementor-column elementor-col-100 elementor-inner-column elementor-element elementor-element-4973de6\" data-id=\"4973de6\" data-element_type=\"column\">\n\t\t\t<div class=\"elementor-widget-wrap elementor-element-populated\">\n\t\t\t\t\t\t<div class=\"elementor-element elementor-element-198bac6 elementor-widget__width-initial elementor-fixed elementor-widget elementor-widget-button\" data-id=\"198bac6\" data-element_type=\"widget\" data-settings=\"{&quot;_position&quot;:&quot;fixed&quot;}\" data-widget_type=\"button.default\">\n\t\t\t\t<div class=\"elementor-widget-container\">\n\t\t\t\t\t\t\t\t\t<div class=\"elementor-button-wrapper\">\n\t\t\t\t\t<a class=\"elementor-button elementor-button-link elementor-size-sm\" href=\"#Kapitola1\">\n\t\t\t\t\t\t<span class=\"elementor-button-content-wrapper\">\n\t\t\t\t\t\t<span class=\"elementor-button-icon\">\n\t\t\t\t<i aria-hidden=\"true\" class=\"fas fa-arrow-up\"><\/i>\t\t\t<\/span>\n\t\t\t\t\t\t\t\t<\/span>\n\t\t\t\t\t<\/a>\n\t\t\t\t<\/div>\n\t\t\t\t\t\t\t\t<\/div>\n\t\t\t\t<\/div>\n\t\t\t\t\t<\/div>\n\t\t<\/div>\n\t\t\t\t\t<\/div>\n\t\t<\/section>\n\t\t\t\t\t<\/div>\n\t\t<\/div>\n\t\t\t\t\t<\/div>\n\t\t<\/section>\n\t\t\t\t<section class=\"elementor-section elementor-top-section elementor-element elementor-element-2858d6f elementor-section-boxed elementor-section-height-default elementor-section-height-default\" data-id=\"2858d6f\" data-element_type=\"section\">\n\t\t\t\t\t\t<div class=\"elementor-container elementor-column-gap-default\">\n\t\t\t\t\t<div class=\"elementor-column elementor-col-100 elementor-top-column elementor-element elementor-element-e63bd34\" data-id=\"e63bd34\" data-element_type=\"column\">\n\t\t\t<div class=\"elementor-widget-wrap elementor-element-populated\">\n\t\t\t\t\t\t<section class=\"elementor-section elementor-inner-section elementor-element elementor-element-0b79421 elementor-section-boxed elementor-section-height-default elementor-section-height-default\" data-id=\"0b79421\" data-element_type=\"section\">\n\t\t\t\t\t\t<div class=\"elementor-container elementor-column-gap-default\">\n\t\t\t\t\t<div class=\"elementor-column elementor-col-100 elementor-inner-column elementor-element elementor-element-bb0ded5\" data-id=\"bb0ded5\" data-element_type=\"column\">\n\t\t\t<div class=\"elementor-widget-wrap elementor-element-populated\">\n\t\t\t\t\t\t<div class=\"elementor-element elementor-element-759b076 elementor-widget elementor-widget-heading\" data-id=\"759b076\" data-element_type=\"widget\" data-widget_type=\"heading.default\">\n\t\t\t\t<div class=\"elementor-widget-container\">\n\t\t\t\t\t<h3 class=\"elementor-heading-title elementor-size-default\">Du\u0161evn\u00e9 a emocion\u00e1lne poruchy<\/h3>\t\t\t\t<\/div>\n\t\t\t\t<\/div>\n\t\t\t\t<div class=\"elementor-element elementor-element-5aa9d5d elementor-widget elementor-widget-text-editor\" data-id=\"5aa9d5d\" data-element_type=\"widget\" data-widget_type=\"text-editor.default\">\n\t\t\t\t<div class=\"elementor-widget-container\">\n\t\t\t\t\t\t\t\t\t<p>Du\u0161evn\u00e9 poruchy zah\u0155\u0148aj\u00fa poruchy a ochorenia, ktor\u00e9 prim\u00e1rne ovplyv\u0148uj\u00fa myse\u013e a vedomie. Medzi du\u0161evn\u00e9 poruchy patria r\u00f4zne ochorenia od jednoduch\u00fdch f\u00f3bi\u00ed, miernych depresi\u00ed a \u00fazkost\u00ed a\u017e po z\u00e1va\u017en\u00e9 ochorenia, ako schizofr\u00e9nia, paranoja a bipol\u00e1rna porucha. Du\u0161evn\u00e9 poruchy ovplyv\u0148uj\u00fa aj spr\u00e1vanie a sp\u00f4soby spr\u00e1vania, my\u0161lienky (poznanie) a em\u00f3cie. Tieto poruchy m\u00f4\u017eu z\u00e1va\u017ene vpl\u00fdva\u0165 na \u017eivot \u0161tudenta a \u013eud\u00ed v jeho okol\u00ed.<\/p><p><strong><u>Po\u017eiadavky na dokument\u00e1ciu:<\/u><\/strong> Lek\u00e1rske potvrdenie\/potvrdenie z CPPPaP\/ pedagogicko-psychologickej poradne\/ klinick\u00e9ho psychol\u00f3ga\/psychiatra.\u00a0\u00a0<\/p><p><strong><u>Na sk\u00fa\u0161ke m\u00f4\u017eete \u017eiada\u0165:<\/u><\/strong><\/p><ul><li>Pred\u013a\u017een\u00fd \u010das.<\/li><li>S\u00fakromn\u00fa miestnos\u0165.<\/li><li>Alternat\u00edvnu formu sk\u00fa\u0161ky.<\/li><li>Opatrenia na zn\u00ed\u017eenie \u00fazkosti na z\u00e1klade dial\u00f3gu \u0161tudenta s vyu\u010duj\u00facim alebo psychol\u00f3ga z psychologick\u00e9ho centra UCM.<\/li><\/ul><p>\u00a0<\/p><p><strong><u>Mo\u017en\u00e9 organiza\u010dn\u00e9 opatrenia:<\/u><\/strong><\/p><ul><li>Individu\u00e1lny harmonogram \u0161t\u00fadia.<\/li><li>Zn\u00ed\u017eenie po\u010dtu situ\u00e1ci\u00ed, ktor\u00e9 vyvol\u00e1vaj\u00fa poruchy, alebo oslobodenie od nich.<\/li><li>Poradenstvo o zvl\u00e1dan\u00ed \u0161t\u00fadia s poradcom zo psychologick\u00e9ho centra UCM (bli\u017e\u0161ie: <span style=\"color: #008000;\"><a style=\"color: #008000;\" href=\"https:\/\/www.ucm.sk\/sk\/centra-podpory\/psychologicke-centrum.html\" target=\"_blank\" rel=\"noopener\">https:\/\/www.ucm.sk\/sk\/centra-podpory\/psychologicke-centrum.html<\/a><\/span><\/li><li>Bu\u010fte otvoren\u00fd: informujte spolu\u017eiakov a zamestnancov univerzity o svojich vlastn\u00fdch probl\u00e9moch.<\/li><li>Poradenstvo pri zvl\u00e1dan\u00ed \u0161t\u00fadia (univerzitn\u00fd koordin\u00e1tor pre pr\u00e1cu so \u0161tudentmi so \u0160P, fakultn\u00fd koordin\u00e1tor pre pr\u00e1cu so \u0161tudentmi so \u0160P, katedrov\u00fd koordin\u00e1tor \u0161t\u00fadia, prodekan pre vzdel\u00e1vanie, ved\u00faci pr\u00edslu\u0161nej katedry).<\/li><li>Pr\u00edstup k relaxa\u010dnej miestnosti (3. poschodie, N\u00e1m. J. Herdu 2).<\/li><\/ul><p>\u00a0<\/p><p><strong><u>Realiz\u00e1cia praxe:<\/u><\/strong><\/p><ul><li>Vytvorte si dobr\u00fa \u0161trukt\u00faru pri pl\u00e1novan\u00ed praxe.<\/li><li>Bu\u010fte otvoren\u00fd v s\u00favislosti s v\u00fdzvami.<\/li><li>Informujte garanta praxe a organiz\u00e1ciu kde sa prax bude vykon\u00e1va\u0165 o obmedzeniach spojen\u00fdch s Va\u0161\u00edm zdravotn\u00fdm stavom.<\/li><\/ul>\t\t\t\t\t\t\t\t<\/div>\n\t\t\t\t<\/div>\n\t\t\t\t\t<\/div>\n\t\t<\/div>\n\t\t\t\t\t<\/div>\n\t\t<\/section>\n\t\t\t\t\t<\/div>\n\t\t<\/div>\n\t\t\t\t\t<\/div>\n\t\t<\/section>\n\t\t\t\t<\/div>\n\t\t","protected":false},"excerpt":{"rendered":"<p>Metodick\u00e1 pr\u00edru\u010dka pre z\u00e1ujemcov o \u0161t\u00fadium a \u0161tudentov so \u0161pecifick\u00fdmi potrebami Du\u0161evn\u00e9 a emocion\u00e1lne poruchy Du\u0161evn\u00e9 poruchy zah\u0155\u0148aj\u00fa poruchy a ochorenia, ktor\u00e9 prim\u00e1rne ovplyv\u0148uj\u00fa myse\u013e a vedomie. Medzi du\u0161evn\u00e9 poruchy patria r\u00f4zne ochorenia od jednoduch\u00fdch f\u00f3bi\u00ed, miernych depresi\u00ed a \u00fazkost\u00ed a\u017e po z\u00e1va\u017en\u00e9 ochorenia, ako schizofr\u00e9nia, paranoja a bipol\u00e1rna porucha. Du\u0161evn\u00e9 poruchy ovplyv\u0148uj\u00fa aj spr\u00e1vanie [&hellip;]<\/p>\n","protected":false},"author":3,"featured_media":0,"parent":0,"menu_order":0,"comment_status":"closed","ping_status":"closed","template":"","meta":{"footnotes":""},"class_list":["post-8334","page","type-page","status-publish","hentry"],"_links":{"self":[{"href":"https:\/\/e-ucebnice.ff.ucm.sk\/index.php\/wp-json\/wp\/v2\/pages\/8334","targetHints":{"allow":["GET"]}}],"collection":[{"href":"https:\/\/e-ucebnice.ff.ucm.sk\/index.php\/wp-json\/wp\/v2\/pages"}],"about":[{"href":"https:\/\/e-ucebnice.ff.ucm.sk\/index.php\/wp-json\/wp\/v2\/types\/page"}],"author":[{"embeddable":true,"href":"https:\/\/e-ucebnice.ff.ucm.sk\/index.php\/wp-json\/wp\/v2\/users\/3"}],"replies":[{"embeddable":true,"href":"https:\/\/e-ucebnice.ff.ucm.sk\/index.php\/wp-json\/wp\/v2\/comments?post=8334"}],"version-history":[{"count":7,"href":"https:\/\/e-ucebnice.ff.ucm.sk\/index.php\/wp-json\/wp\/v2\/pages\/8334\/revisions"}],"predecessor-version":[{"id":8394,"href":"https:\/\/e-ucebnice.ff.ucm.sk\/index.php\/wp-json\/wp\/v2\/pages\/8334\/revisions\/8394"}],"wp:attachment":[{"href":"https:\/\/e-ucebnice.ff.ucm.sk\/index.php\/wp-json\/wp\/v2\/media?parent=8334"}],"curies":[{"name":"wp","href":"https:\/\/api.w.org\/{rel}","templated":true}]}}