{"id":8535,"date":"2024-10-30T16:36:15","date_gmt":"2024-10-30T15:36:15","guid":{"rendered":"https:\/\/e-ucebnice.ff.ucm.sk\/?page_id=8535"},"modified":"2024-10-30T18:42:16","modified_gmt":"2024-10-30T17:42:16","slug":"metodicka_prirucka_studentstvo_so_specifickymi_potrebami-1","status":"publish","type":"page","link":"https:\/\/e-ucebnice.ff.ucm.sk\/index.php\/metodicka_prirucka_studentstvo_so_specifickymi_potrebami-1\/","title":{"rendered":"Metodicka_prirucka_studentstvo_so_specifickymi_potrebami-1"},"content":{"rendered":"\t\t<div data-elementor-type=\"wp-page\" data-elementor-id=\"8535\" class=\"elementor elementor-8535\" data-elementor-post-type=\"page\">\n\t\t\t\t\t\t<section class=\"elementor-section elementor-top-section elementor-element elementor-element-52eab80 elementor-section-height-min-height elementor-section-boxed elementor-section-height-default elementor-section-items-middle\" data-id=\"52eab80\" data-element_type=\"section\" data-settings=\"{&quot;background_background&quot;:&quot;classic&quot;}\">\n\t\t\t\t\t\t\t<div class=\"elementor-background-overlay\"><\/div>\n\t\t\t\t\t\t\t<div class=\"elementor-container elementor-column-gap-default\">\n\t\t\t\t\t<div class=\"elementor-column elementor-col-100 elementor-top-column elementor-element elementor-element-0d7e08e\" data-id=\"0d7e08e\" data-element_type=\"column\">\n\t\t\t<div class=\"elementor-widget-wrap elementor-element-populated\">\n\t\t\t\t\t\t<div class=\"elementor-element elementor-element-b9e6c31 elementor-widget elementor-widget-heading\" data-id=\"b9e6c31\" data-element_type=\"widget\" data-widget_type=\"heading.default\">\n\t\t\t\t<div class=\"elementor-widget-container\">\n\t\t\t\t\t<h1 class=\"elementor-heading-title elementor-size-default\">Metodick\u00e1 pr\u00edru\u010dka vysoko\u0161kolsk\u00e9ho u\u010dite\u013estva pre pr\u00e1cu so \u0161tudentstvom so \u0161pecifick\u00fdmi potrebami<\/h1>\t\t\t\t<\/div>\n\t\t\t\t<\/div>\n\t\t\t\t\t<\/div>\n\t\t<\/div>\n\t\t\t\t\t<\/div>\n\t\t<\/section>\n\t\t\t\t<section class=\"elementor-section elementor-top-section elementor-element elementor-element-1340877 elementor-section-boxed elementor-section-height-default elementor-section-height-default\" data-id=\"1340877\" data-element_type=\"section\">\n\t\t\t\t\t\t<div class=\"elementor-container elementor-column-gap-default\">\n\t\t\t\t\t<div class=\"elementor-column elementor-col-100 elementor-top-column elementor-element elementor-element-a3d63e2\" data-id=\"a3d63e2\" data-element_type=\"column\">\n\t\t\t<div class=\"elementor-widget-wrap elementor-element-populated\">\n\t\t\t\t\t\t<section class=\"elementor-section elementor-inner-section elementor-element elementor-element-50ffd26 elementor-section-boxed elementor-section-height-default elementor-section-height-default\" data-id=\"50ffd26\" data-element_type=\"section\">\n\t\t\t\t\t\t<div class=\"elementor-container elementor-column-gap-default\">\n\t\t\t\t\t<div class=\"elementor-column elementor-col-100 elementor-inner-column elementor-element elementor-element-b8a87cb\" data-id=\"b8a87cb\" data-element_type=\"column\">\n\t\t\t<div class=\"elementor-widget-wrap elementor-element-populated\">\n\t\t\t\t\t\t<div class=\"elementor-element elementor-element-1268766 elementor-widget elementor-widget-heading\" data-id=\"1268766\" data-element_type=\"widget\" data-widget_type=\"heading.default\">\n\t\t\t\t<div class=\"elementor-widget-container\">\n\t\t\t\t\t<h3 class=\"elementor-heading-title elementor-size-default\">1. INKLUZ\u00cdVNE VZDEL\u00c1VANIE NA VYSOK\u00ddCH \u0160KOL\u00c1CH<\/h3>\t\t\t\t<\/div>\n\t\t\t\t<\/div>\n\t\t\t\t<div class=\"elementor-element elementor-element-37f819c elementor-widget elementor-widget-text-editor\" data-id=\"37f819c\" data-element_type=\"widget\" data-widget_type=\"text-editor.default\">\n\t\t\t\t<div class=\"elementor-widget-container\">\n\t\t\t\t\t\t\t\t\t<p style=\"text-align: justify;\">Koncepcia inkluz\u00edvneho vzdel\u00e1vania na vysok\u00fdch \u0161kol\u00e1ch by mala reflektova\u0165 v\u0161eobecn\u00fa koncepciu inkl\u00fazie. T\u00e1to v\u0161eobecn\u00e1 koncepcia inkluz\u00edvneho vzdel\u00e1vania je sk\u00f4r orientovan\u00e1 na ni\u017e\u0161ie stupne vzdel\u00e1vania, no pr\u00e1ve z t\u00fdchto prich\u00e1dza \u0161tudentstvo na vysok\u00e9 \u0161koly, a preto je potrebn\u00e9 prisp\u00f4sobova\u0165 ich vzdel\u00e1vanie \u0161t\u00fdlu, ktor\u00fdm boli doposia\u013e edukovan\u00ed. Tento pr\u00edstup umo\u017en\u00ed nielen optim\u00e1lnu adapt\u00e1ciu na podmienky a syst\u00e9m vysoko\u0161kolsk\u00e9ho vzdel\u00e1vania, ale aj zabezpe\u010d\u00ed kvalitn\u00e9 vzdel\u00e1vanie \u0161tudentstva so \u0161pecifick\u00fdmi potrebami.<\/p>\t\t\t\t\t\t\t\t<\/div>\n\t\t\t\t<\/div>\n\t\t\t\t\t<\/div>\n\t\t<\/div>\n\t\t\t\t\t<\/div>\n\t\t<\/section>\n\t\t\t\t<section class=\"elementor-section elementor-inner-section elementor-element elementor-element-737b441 elementor-section-boxed elementor-section-height-default elementor-section-height-default\" data-id=\"737b441\" data-element_type=\"section\">\n\t\t\t\t\t\t<div class=\"elementor-container elementor-column-gap-default\">\n\t\t\t\t\t<div class=\"elementor-column elementor-col-100 elementor-inner-column elementor-element elementor-element-19a2608\" data-id=\"19a2608\" data-element_type=\"column\">\n\t\t\t<div class=\"elementor-widget-wrap elementor-element-populated\">\n\t\t\t\t\t\t<div class=\"elementor-element elementor-element-da218cd elementor-widget elementor-widget-text-editor\" data-id=\"da218cd\" data-element_type=\"widget\" data-widget_type=\"text-editor.default\">\n\t\t\t\t<div class=\"elementor-widget-container\">\n\t\t\t\t\t\t\t\t\tTabu\u013eka \u010d. 1 &#8211; inkluz\u00edvne vzdel\u00e1vanie na vysok\u00fdch \u0161kol\u00e1ch\n<table>\n<tbody>\n<tr bgcolor=\"#6bc78b\">\n<td width=\"50%\"><span style=\"color: #ffffff;\"><strong>V\u0161eobecn\u00e1 koncepcia inkl\u00fazie<\/strong> (Hapalov\u00e1, 2018)<\/span><\/td>\n<td width=\"50%\"><span style=\"color: #ffffff;\"><strong>Inkl\u00fazia na vysok\u00fdch \u0161kol\u00e1ch<\/strong><\/span><\/td>\n<\/tr>\n<tr>\n<td>inkluz\u00edvne vzdel\u00e1vanie vych\u00e1dza z predpokladu, \u017ee ka\u017ed\u00e9 die\u0165a je jedine\u010dn\u00e9, m\u00e1 svoje siln\u00e9 aj slab\u0161ie str\u00e1nky, teda aj jedine\u010dn\u00e9 vzdel\u00e1vacie potreby<\/td>\n<td>inkluz\u00edvne vzdel\u00e1vanie vych\u00e1dza z predpokladu, \u017ee ka\u017ed\u00fd \u0161tudent je individualitou, m\u00e1 svoje siln\u00e9 aj slab\u0161ie str\u00e1nky, teda aj individu\u00e1lne vzdel\u00e1vacie potreby (nielen \u0161tudent so \u0161pecifick\u00fdmi potrebami)<\/td>\n<\/tr>\n<tr>\n<td>r\u00f4znorodos\u0165 det\u00ed v triede a v\u00a0\u0161kole je vn\u00edman\u00e1 ako nie\u010do prirodzen\u00e9 a norm\u00e1lne<\/td>\n<td>r\u00f4znorodos\u0165 \u0161tudentov v\u00a0\u0161tudijnej skupine a\u00a0na vysokej \u0161kole je vn\u00edman\u00e1 ako nie\u010do prirodzen\u00e9 a\u00a0norm\u00e1lne, je s\u00fa\u010das\u0165ou akademickej kult\u00fary<\/td>\n<\/tr>\n<tr>\n<td>cie\u013eom inkl\u00fazie je pom\u00f4c\u0165 v\u0161etk\u00fdm de\u0165om naplni\u0165 svoj potenci\u00e1l a\u00a0dosiahnu\u0165 osobn\u00e9 maximum v prirodzenej skupine svojich rovesn\u00edkov<\/td>\n<td>cie\u013eom inkl\u00fazie je vytvori\u0165 eduka\u010dn\u00e9\u00a0 prostredie, v\u00a0ktorom sa realizuje eduka\u010dn\u00fd proces umo\u017e\u0148uj\u00faci ka\u017ed\u00e9mu \u0161tudentovi vyu\u017ei\u0165 svoj potenci\u00e1l a dosiahnu\u0165 osobn\u00e9 maximum v prirodzenej skupine svojich kolegov \u0161tudentov a\u00a0u\u010dite\u013eov (obojstranne obohacuj\u00faci kolegi\u00e1lny vz\u0165ah)<\/td>\n<\/tr>\n<tr>\n<td>predpoklad\u00e1, \u017ee sa \u0161pecifick\u00fdm potreb\u00e1m \u017eiakov prisp\u00f4sob\u00ed samotn\u00fd vzdel\u00e1vac\u00ed syst\u00e9m<\/td>\n<td>eduka\u010dn\u00e9 prostredie a\u00a0eduka\u010dn\u00fd proces realizovan\u00fd na vysokej \u0161kole sa prisp\u00f4sob\u00ed potreb\u00e1m v\u0161etk\u00fdch \u0161tudentov, teda aj \u0161tudentov so \u0161pecifick\u00fdmi potrebami<\/td>\n<\/tr>\n<tr>\n<td>od die\u0165a\u0165a, resp. rodi\u010dov sa tak neo\u010dak\u00e1va, \u017ee\n\nbud\u00fa prin\u00e1\u0161a\u0165 rie\u0161enia a bud\u00fa sa prisp\u00f4sobova\u0165,\n\nale naopak, o\u010dak\u00e1va sa od \u0161koly, \u017ee rie\u0161enie n\u00e1jde a zrealizuje do praxe<\/td>\n<td>od \u0161tudenta so \u0161pecifick\u00fdmi potrebami sa neo\u010dak\u00e1va, \u017ee bude prich\u00e1dza\u0165 s\u00a0rie\u0161eniami na minimaliz\u00e1ciu bari\u00e9r jeho vzdel\u00e1vania, ale \u017ee mu ich poskytne u\u010dite\u013e, podporn\u00fd person\u00e1l \u010di vysok\u00e1 \u0161kola<\/td>\n<\/tr>\n<tr>\n<td>bremeno tak v pr\u00edpade inkl\u00fazie le\u017e\u00ed na \u0161kole, resp. na \u0161t\u00e1tnych org\u00e1noch<\/td>\n<td>zodpovednos\u0165 za inkluz\u00edvny pr\u00edstup vo vzdel\u00e1van\u00ed nesie vysok\u00e1 \u0161kola, resp. nadriaden\u00fd \u0161t\u00e1tny org\u00e1n<\/td>\n<\/tr>\n<\/tbody>\n<\/table>\t\t\t\t\t\t\t\t<\/div>\n\t\t\t\t<\/div>\n\t\t\t\t\t<\/div>\n\t\t<\/div>\n\t\t\t\t\t<\/div>\n\t\t<\/section>\n\t\t\t\t\t<\/div>\n\t\t<\/div>\n\t\t\t\t\t<\/div>\n\t\t<\/section>\n\t\t\t\t<\/div>\n\t\t","protected":false},"excerpt":{"rendered":"<p>Metodick\u00e1 pr\u00edru\u010dka vysoko\u0161kolsk\u00e9ho u\u010dite\u013estva pre pr\u00e1cu so \u0161tudentstvom so \u0161pecifick\u00fdmi potrebami 1. INKLUZ\u00cdVNE VZDEL\u00c1VANIE NA VYSOK\u00ddCH \u0160KOL\u00c1CH Koncepcia inkluz\u00edvneho vzdel\u00e1vania na vysok\u00fdch \u0161kol\u00e1ch by mala reflektova\u0165 v\u0161eobecn\u00fa koncepciu inkl\u00fazie. T\u00e1to v\u0161eobecn\u00e1 koncepcia inkluz\u00edvneho vzdel\u00e1vania je sk\u00f4r orientovan\u00e1 na ni\u017e\u0161ie stupne vzdel\u00e1vania, no pr\u00e1ve z t\u00fdchto prich\u00e1dza \u0161tudentstvo na vysok\u00e9 \u0161koly, a preto je potrebn\u00e9 prisp\u00f4sobova\u0165 [&hellip;]<\/p>\n","protected":false},"author":3,"featured_media":0,"parent":0,"menu_order":0,"comment_status":"closed","ping_status":"closed","template":"","meta":{"footnotes":""},"class_list":["post-8535","page","type-page","status-publish","hentry"],"_links":{"self":[{"href":"https:\/\/e-ucebnice.ff.ucm.sk\/index.php\/wp-json\/wp\/v2\/pages\/8535","targetHints":{"allow":["GET"]}}],"collection":[{"href":"https:\/\/e-ucebnice.ff.ucm.sk\/index.php\/wp-json\/wp\/v2\/pages"}],"about":[{"href":"https:\/\/e-ucebnice.ff.ucm.sk\/index.php\/wp-json\/wp\/v2\/types\/page"}],"author":[{"embeddable":true,"href":"https:\/\/e-ucebnice.ff.ucm.sk\/index.php\/wp-json\/wp\/v2\/users\/3"}],"replies":[{"embeddable":true,"href":"https:\/\/e-ucebnice.ff.ucm.sk\/index.php\/wp-json\/wp\/v2\/comments?post=8535"}],"version-history":[{"count":7,"href":"https:\/\/e-ucebnice.ff.ucm.sk\/index.php\/wp-json\/wp\/v2\/pages\/8535\/revisions"}],"predecessor-version":[{"id":8575,"href":"https:\/\/e-ucebnice.ff.ucm.sk\/index.php\/wp-json\/wp\/v2\/pages\/8535\/revisions\/8575"}],"wp:attachment":[{"href":"https:\/\/e-ucebnice.ff.ucm.sk\/index.php\/wp-json\/wp\/v2\/media?parent=8535"}],"curies":[{"name":"wp","href":"https:\/\/api.w.org\/{rel}","templated":true}]}}