{"id":8537,"date":"2024-10-30T16:37:22","date_gmt":"2024-10-30T15:37:22","guid":{"rendered":"https:\/\/e-ucebnice.ff.ucm.sk\/?page_id=8537"},"modified":"2024-10-30T19:11:12","modified_gmt":"2024-10-30T18:11:12","slug":"metodicka_prirucka_studentstvo_so_specifickymi_potrebami-2","status":"publish","type":"page","link":"https:\/\/e-ucebnice.ff.ucm.sk\/index.php\/metodicka_prirucka_studentstvo_so_specifickymi_potrebami-2\/","title":{"rendered":"Metodicka_prirucka_studentstvo_so_specifickymi_potrebami-2"},"content":{"rendered":"\t\t<div data-elementor-type=\"wp-page\" data-elementor-id=\"8537\" class=\"elementor elementor-8537\" data-elementor-post-type=\"page\">\n\t\t\t\t\t\t<section class=\"elementor-section elementor-top-section elementor-element elementor-element-52eab80 elementor-section-height-min-height elementor-section-boxed elementor-section-height-default elementor-section-items-middle\" data-id=\"52eab80\" data-element_type=\"section\" data-settings=\"{&quot;background_background&quot;:&quot;classic&quot;}\">\n\t\t\t\t\t\t\t<div class=\"elementor-background-overlay\"><\/div>\n\t\t\t\t\t\t\t<div class=\"elementor-container elementor-column-gap-default\">\n\t\t\t\t\t<div class=\"elementor-column elementor-col-100 elementor-top-column elementor-element elementor-element-0d7e08e\" data-id=\"0d7e08e\" data-element_type=\"column\">\n\t\t\t<div class=\"elementor-widget-wrap elementor-element-populated\">\n\t\t\t\t\t\t<div class=\"elementor-element elementor-element-b9e6c31 elementor-widget elementor-widget-heading\" data-id=\"b9e6c31\" data-element_type=\"widget\" data-widget_type=\"heading.default\">\n\t\t\t\t<div class=\"elementor-widget-container\">\n\t\t\t\t\t<h1 class=\"elementor-heading-title elementor-size-default\">Metodick\u00e1 pr\u00edru\u010dka vysoko\u0161kolsk\u00e9ho u\u010dite\u013estva pre pr\u00e1cu so \u0161tudentstvom so \u0161pecifick\u00fdmi potrebami<\/h1>\t\t\t\t<\/div>\n\t\t\t\t<\/div>\n\t\t\t\t\t<\/div>\n\t\t<\/div>\n\t\t\t\t\t<\/div>\n\t\t<\/section>\n\t\t\t\t<section class=\"elementor-section elementor-top-section elementor-element elementor-element-1340877 elementor-section-boxed elementor-section-height-default elementor-section-height-default\" data-id=\"1340877\" data-element_type=\"section\">\n\t\t\t\t\t\t<div class=\"elementor-container elementor-column-gap-default\">\n\t\t\t\t\t<div class=\"elementor-column elementor-col-100 elementor-top-column elementor-element elementor-element-a3d63e2\" data-id=\"a3d63e2\" data-element_type=\"column\">\n\t\t\t<div class=\"elementor-widget-wrap elementor-element-populated\">\n\t\t\t\t\t\t<section class=\"elementor-section elementor-inner-section elementor-element elementor-element-50ffd26 elementor-section-boxed elementor-section-height-default elementor-section-height-default\" data-id=\"50ffd26\" data-element_type=\"section\">\n\t\t\t\t\t\t<div class=\"elementor-container elementor-column-gap-default\">\n\t\t\t\t\t<div class=\"elementor-column elementor-col-100 elementor-inner-column elementor-element elementor-element-b8a87cb\" data-id=\"b8a87cb\" data-element_type=\"column\">\n\t\t\t<div class=\"elementor-widget-wrap elementor-element-populated\">\n\t\t\t\t\t\t<div class=\"elementor-element elementor-element-1268766 elementor-widget elementor-widget-heading\" data-id=\"1268766\" data-element_type=\"widget\" data-widget_type=\"heading.default\">\n\t\t\t\t<div class=\"elementor-widget-container\">\n\t\t\t\t\t<h3 class=\"elementor-heading-title elementor-size-default\">2. \u0160TUDENTSTVO SO \u0160PECIFICK\u00ddMI POTREBAMI NA VYSOKEJ \u0160KOLE<\/h3>\t\t\t\t<\/div>\n\t\t\t\t<\/div>\n\t\t\t\t<div class=\"elementor-element elementor-element-37f819c elementor-widget elementor-widget-text-editor\" data-id=\"37f819c\" data-element_type=\"widget\" data-widget_type=\"text-editor.default\">\n\t\t\t\t<div class=\"elementor-widget-container\">\n\t\t\t\t\t\t\t\t\t<p style=\"text-align: justify;\">V s\u00fa\u010dasnej legislat\u00edve nach\u00e1dzame zatia\u013e proces integr\u00e1cie \u0161tudentov so \u0161pecifick\u00fdmi potrebami. Legislat\u00edvne vymedzenie stanovuje \u00a7 100 Z\u00e1kona \u010d. 131\/2002 Z. z. o vysok\u00fdch \u0161kol\u00e1ch a o zmene a doplnen\u00ed niektor\u00fdch z\u00e1konov\u00a0 \u201e<span style=\"color: #008000;\"><a style=\"color: #008000;\" href=\"https:\/\/www.slov-lex.sk\/ezbierky\/pravne-predpisy\/SK\/ZZ\/2002\/131\/vyhlasene_znenie.html\" target=\"_blank\" rel=\"noopener\">Podpora \u0161tudentov a uch\u00e1dza\u010dov o \u0161t\u00fadium so \u0161pecifick\u00fdmi potrebami<\/a><\/span>\u201c, ktor\u00fd:<\/p><ul><li style=\"text-align: justify;\">v odseku stanovuje vysokej \u0161kole povinnos\u0165 vytv\u00e1ra\u0165 v\u0161eobecne pr\u00edstupn\u00e9 akademick\u00e9 prostredie vytv\u00e1ran\u00edm zodpovedaj\u00facich podmienok \u0161t\u00fadia pre \u0161tudentov so \u0161pecifick\u00fdmi potrebami bez zni\u017eovania po\u017eiadaviek na ich \u0161tudijn\u00fd v\u00fdkon,<\/li><li style=\"text-align: justify;\">v odseku (2) vymedzuje \u0161tudenta so \u0161pecifick\u00fdmi potrebami a v \u010fal\u0161\u00edch odsekoch stanovuje procesy, ktor\u00fdmi \u0161tudent\u00a0 z\u00edskava \u0161tat\u00fat \u0161tudenta so \u0161pecifick\u00fdmi potrebami, stanovuje jeho pr\u00e1va, charakterizuje p\u00f4sobenie koordin\u00e1tora pre \u0161tudentov so \u0161pecifick\u00fdmi potrebami na univerzitnej a fakultnej \u00farovni a pr\u00e1cu \u0161peci\u00e1lnych pedagogick\u00fdch pracov\u00edsk na podporu \u0161t\u00fadia \u0161tudentov so \u0161pecifick\u00fdmi potrebami. Paragraf 100 je podrobnej\u0161ie rozpracovan\u00fd\u00a0 vo <span style=\"color: #008000;\"><a style=\"color: #008000;\" href=\"https:\/\/www.minedu.sk\/usmernenie-k-vytvaraniu-podmienok-studia-pre-studentov-so-specifickymi-potrebami\/\" target=\"_blank\" rel=\"noopener\">Vyhl\u00e1\u0161ke M\u0160VV\u0160 SR \u010d. 458\/2012 Z. z. o minim\u00e1lnych n\u00e1rokoch \u0161tudenta so \u0161pecifick\u00fdmi potrebami a metodickom usmernen\u00ed M\u0160VV\u0160 SR pre vytv\u00e1ranie podmienok na podporu \u0161tudentov so \u0161pecifick\u00fdmi potrebami na vysok\u00fdch \u0161kol\u00e1ch<\/a><\/span> z roku 2021.<strong> <br \/><\/strong><\/li><\/ul>\t\t\t\t\t\t\t\t<\/div>\n\t\t\t\t<\/div>\n\t\t\t\t\t<\/div>\n\t\t<\/div>\n\t\t\t\t\t<\/div>\n\t\t<\/section>\n\t\t\t\t<section class=\"elementor-section elementor-inner-section elementor-element elementor-element-6b633d3 elementor-section-boxed elementor-section-height-default elementor-section-height-default\" data-id=\"6b633d3\" data-element_type=\"section\">\n\t\t\t\t\t\t<div class=\"elementor-container elementor-column-gap-default\">\n\t\t\t\t\t<div class=\"elementor-column elementor-col-100 elementor-inner-column elementor-element elementor-element-fd12a2a\" data-id=\"fd12a2a\" data-element_type=\"column\">\n\t\t\t<div class=\"elementor-widget-wrap elementor-element-populated\">\n\t\t\t\t\t\t<div class=\"elementor-element elementor-element-a2e7cf0 elementor-widget elementor-widget-text-editor\" data-id=\"a2e7cf0\" data-element_type=\"widget\" data-widget_type=\"text-editor.default\">\n\t\t\t\t<div class=\"elementor-widget-container\">\n\t\t\t\t\t\t\t\t\t<p style=\"text-align: justify;\">Vo v\u0161etk\u00fdch dokumentoch sa deklaruje pr\u00e1vo \u0161tudentstva so \u0161pecifick\u00fdmi potrebami na individu\u00e1lny pr\u00edstup vysoko\u0161kolsk\u00e9ho u\u010dite\u013estva, individu\u00e1lne vzdel\u00e1vacie postupy, najm\u00e4 individu\u00e1lnu v\u00fdu\u010dbu vybran\u00fdch predmetov pre \u0161tudentstvo so zmyslov\u00fdm postihnut\u00edm. A teraz vyvst\u00e1va ot\u00e1zka, \u010di sme my, vysoko\u0161kolsk\u00e9 u\u010dite\u013estvo, dostato\u010dne vzdelan\u00e9 a pripraven\u00e9 v oblasti vzdel\u00e1vac\u00edch postupov pre \u0161tudentstvo so \u0161pecifick\u00fdmi potrebami, ktor\u00e9 je v legislat\u00edve definovan\u00e9 v t\u00fdchto z\u00e1kladn\u00fdch kateg\u00f3ri\u00e1ch:<\/p><ol style=\"text-align: justify;\" type=\"a\"><li>\u0161tudentstvo so zmyslov\u00fdm, telesn\u00fdm a viacn\u00e1sobn\u00fdm postihnut\u00edm,<\/li><li>\u0161tudentstvo s chronick\u00fdm ochoren\u00edm,<\/li><li>\u0161tudentstvo so zdravotn\u00fdm oslaben\u00edm,<\/li><li>\u0161tudentstvo s psychick\u00fdm ochoren\u00edm,<\/li><li>\u0161tudentstvo s autizmom alebo \u010fal\u0161\u00edmi pervaz\u00edvnymi v\u00fdvinov\u00fdmi poruchami,<\/li><li>\u0161tudentstvo s poruchami u\u010denia.<\/li><\/ol><p style=\"text-align: justify;\">\u00a0<\/p><p style=\"text-align: justify;\">Do skupiny os\u00f4b so \u0161pecifick\u00fdmi potrebami patria uch\u00e1dza\u010di\/uch\u00e1dza\u010dky o \u0161t\u00fadium a \u0161tudentstvo so zdravotn\u00fdm znev\u00fdhodnen\u00edm a s poruchami u\u010denia. Do kateg\u00f3rie \u0161tudentstvo so zdravotn\u00fdm znev\u00fdhodnen\u00edm patr\u00ed:<\/p><ol style=\"text-align: justify;\" type=\"a\"><li>\u0161tudentstvo so zdravotn\u00fdm postihnut\u00edm (postihnutie zrakov\u00e9, sluchov\u00e9, telesn\u00e9, s\u00a0naru\u0161enou komunika\u010dnou schopnos\u0165ou, s autizmom alebo \u010fal\u0161\u00edmi pervaz\u00edvnymi v\u00fdvinov\u00fdmi poruchami alebo s viacn\u00e1sobn\u00fdm postihnut\u00edm), ktor\u00e9 v interakcii s\u00a0r\u00f4znymi prek\u00e1\u017ekami soci\u00e1lneho prostredia br\u00e1ni rovnocenn\u00e9mu zapojeniu \u0161tudentstva so zdravotn\u00fdm postihnut\u00edm do procesu vzdel\u00e1vania a dosahovaniu po\u017eadovan\u00fdch v\u00fdsledkov v porovnan\u00ed so \u0161tudentstvom bez zdravotn\u00e9ho postihnutia;<\/li><li>\u0161tudentstvo s chronick\u00fdm ochoren\u00edm, psychick\u00fdm ochoren\u00edm a zdravotn\u00fdm oslaben\u00edm kr\u00e1tkodob\u00e9ho, dlhodob\u00e9ho alebo trval\u00e9ho charakteru, z d\u00f4vodu ktor\u00fdch potrebuje primeran\u00e9 \u00fapravy a podporu pri vzdel\u00e1van\u00ed (Metodick\u00e9 usmernenie na vytv\u00e1ranie podmienok \u0161t\u00fadia pre \u0161tudentov so \u0161pecifick\u00fdmi potrebami na vysok\u00fdch \u0161kol\u00e1ch, 2021).<\/li><\/ol><p style=\"text-align: justify;\">\u00a0<\/p><p style=\"text-align: justify;\">Aplik\u00e1ciu klasifik\u00e1cie jednotliv\u00fdch postihnut\u00ed u \u0161tudentstva so \u0161pecifick\u00fdmi potrebami realizujeme v\u00a0dvoch kateg\u00f3ri\u00e1ch. Prv\u00e1 kateg\u00f3ria ur\u010duje zaradenie \u0161tudentstva do jednotliv\u00fdch skup\u00edn pre potreby klasifik\u00e1cie akademick\u00e9ho informa\u010dn\u00e9ho syst\u00e9mu.<\/p><p style=\"text-align: justify;\">V tomto pon\u00edman\u00ed je \u0161tudentstvo ve\u013emi pr\u00edsne klasifikovan\u00e9 do jednej alebo viacer\u00fdch z 11 skup\u00edn. O zaraden\u00ed do skupiny nerozhoduje \u0161tudentka\/\u0161tudent sama\/s\u00e1m, ale zaradenie je konsenzom viacer\u00fdch odborn\u00edkov participuj\u00facich na zhodnoten\u00ed \u0161pecifick\u00fdch potrieb, najm\u00e4 odborn\u00edka z podporn\u00e9ho centra, koordin\u00e1tora pr\u00edslu\u0161nej fakulty, pr\u00edp. z\u00e1stupkyne\/z\u00e1stupcu katedry, na ktorej \u0161tudentstvo \u0161tuduje. Ak je to potrebn\u00e9, priz\u00fdvaj\u00fa sa aj \u010fal\u0161\u00ed odborn\u00edci (psychol\u00f3g, lek\u00e1r a pod.). Druh\u00e1 kateg\u00f3ria ur\u010duje zara\u010fovanie \u0161tudentstva k\u00a0\u0161iestim z\u00e1kladn\u00fdm kateg\u00f3ri\u00e1m vymedzen\u00fdch dot\u00e1ciou \u0161t\u00e1tneho rozpo\u010dtu pride\u013eovanej vysok\u00fdm \u0161kol\u00e1m na \u0161tudentstvo so \u0161pecifick\u00fdmi potrebami.<\/p><p style=\"text-align: justify;\">V r\u00e1mci tejto klasifik\u00e1cie je vymedzen\u00fdch \u0161es\u0165 kateg\u00f3ri\u00ed postihnut\u00ed tak, \u017ee im je pridelen\u00fd koeficient n\u00e1ro\u010dnosti pre vysoko\u0161kolsk\u00e9 vzdel\u00e1vanie. Kateg\u00f3rie A1, B2, C1, C2, D a E (tabu\u013eka \u010d. 2) s\u00fa zoraden\u00e9 od najvy\u0161\u0161ej n\u00e1ro\u010dnosti po najni\u017e\u0161iu (dotovan\u00fa najni\u017e\u0161ou sumou).<\/p>\t\t\t\t\t\t\t\t<\/div>\n\t\t\t\t<\/div>\n\t\t\t\t\t<\/div>\n\t\t<\/div>\n\t\t\t\t\t<\/div>\n\t\t<\/section>\n\t\t\t\t<section class=\"elementor-section elementor-inner-section elementor-element elementor-element-16610a3 elementor-section-boxed elementor-section-height-default elementor-section-height-default\" data-id=\"16610a3\" data-element_type=\"section\">\n\t\t\t\t\t\t<div class=\"elementor-container elementor-column-gap-default\">\n\t\t\t\t\t<div class=\"elementor-column elementor-col-100 elementor-inner-column elementor-element elementor-element-151bbb0\" data-id=\"151bbb0\" data-element_type=\"column\">\n\t\t\t<div class=\"elementor-widget-wrap elementor-element-populated\">\n\t\t\t\t\t\t<div class=\"elementor-element elementor-element-10cd9e2 elementor-widget elementor-widget-text-editor\" data-id=\"10cd9e2\" data-element_type=\"widget\" data-widget_type=\"text-editor.default\">\n\t\t\t\t<div class=\"elementor-widget-container\">\n\t\t\t\t\t\t\t\t\t<p>Tabu\u013eka \u010d. 2 &#8211; Skupiny a jednotkov\u00e9 dot\u00e1cie pre \u0161tudentstvo so \u0161pecifick\u00fdmi potrebami<\/p><table><tbody><tr bgcolor=\"#6bc78b\"><td width=\"8%\"><span style=\"color: #ffffff;\"><strong>K\u00f3d<\/strong><\/span><\/td><td width=\"72%\"><span style=\"color: #ffffff;\"><strong>K\u00f3d a vymedzenie<\/strong><\/span><\/td><td width=\"10%\"><span style=\"color: #ffffff;\"><strong>Suma<\/strong><\/span><\/td><td width=\"10%\"><span style=\"color: #ffffff;\"><strong>Skupina<\/strong><\/span><\/td><\/tr><tr><td>1<\/td><td>1 \u2013 nevidiaci \u0161tudent<\/td><td>2500<\/td><td>A1<\/td><\/tr><tr><td>2<\/td><td>2 \u2013 slabozrak\u00fd \u0161tudent<\/td><td>2500<\/td><td>A1<\/td><\/tr><tr><td>3<\/td><td>3 \u2013 nepo\u010duj\u00faci \u0161tudent<\/td><td>5400<\/td><td>B2<\/td><\/tr><tr><td>4<\/td><td>4 \u2013 nedosl\u00fdchav\u00fd \u0161tudent<\/td><td>5400<\/td><td>B2<\/td><\/tr><tr><td>5<\/td><td>5 \u2013 \u0161tudent s\u00a0telesn\u00fdm postihnut\u00edm doln\u00fdch kon\u010dat\u00edn<\/td><td>1800<\/td><td>C1<\/td><\/tr><tr><td>6<\/td><td>6 \u2013 \u0161tudent s\u00a0telesn\u00fdm postihnut\u00edm horn\u00fdch kon\u010dat\u00edn<\/td><td>4000<\/td><td>C2<\/td><\/tr><tr><td>10<\/td><td>10 \u2013 \u0161tudent s\u00a0autizmom alebo \u010fal\u0161\u00edmi pervaz\u00edvnymi v\u00fdvinov\u00fdmi poruchami<\/td><td>700<\/td><td>D<\/td><\/tr><tr><td>11<\/td><td>11 \u2013 \u0161tudent s\u00a0poruchami u\u010denia<\/td><td>700<\/td><td>D<\/td><\/tr><tr><td>7<\/td><td>7 \u2013 \u0161tudent s\u00a0chronick\u00fdm ochoren\u00edm<\/td><td>325<\/td><td>E<\/td><\/tr><tr><td>8<\/td><td>8 \u2013 \u0161tudent so zdravotn\u00fdm oslaben\u00edm<\/td><td>325<\/td><td>E<\/td><\/tr><tr><td>9<\/td><td>9 \u2013 \u0161tudent so psychick\u00fdm ochoren\u00edm<\/td><td>325<\/td><td>E<\/td><\/tr><\/tbody><\/table><p>Zdroj: Metodika rozpisu dot\u00e1ci\u00ed zo \u0161t\u00e1tneho rozpo\u010dtu verejn\u00fdm vysok\u00fdm \u0161kol\u00e1m na rok 2024. Pr\u00edloha \u010d. 5 \u2013Skupiny a\u00a0jednotkov\u00e9 dot\u00e1cie pre \u0161pecifick\u00e9 potreby<\/p>\t\t\t\t\t\t\t\t<\/div>\n\t\t\t\t<\/div>\n\t\t\t\t\t<\/div>\n\t\t<\/div>\n\t\t\t\t\t<\/div>\n\t\t<\/section>\n\t\t\t\t\t<\/div>\n\t\t<\/div>\n\t\t\t\t\t<\/div>\n\t\t<\/section>\n\t\t\t\t<\/div>\n\t\t","protected":false},"excerpt":{"rendered":"<p>Metodick\u00e1 pr\u00edru\u010dka vysoko\u0161kolsk\u00e9ho u\u010dite\u013estva pre pr\u00e1cu so \u0161tudentstvom so \u0161pecifick\u00fdmi potrebami 2. \u0160TUDENTSTVO SO \u0160PECIFICK\u00ddMI POTREBAMI NA VYSOKEJ \u0160KOLE V s\u00fa\u010dasnej legislat\u00edve nach\u00e1dzame zatia\u013e proces integr\u00e1cie \u0161tudentov so \u0161pecifick\u00fdmi potrebami. Legislat\u00edvne vymedzenie stanovuje \u00a7 100 Z\u00e1kona \u010d. 131\/2002 Z. z. o vysok\u00fdch \u0161kol\u00e1ch a o zmene a doplnen\u00ed niektor\u00fdch z\u00e1konov\u00a0 \u201ePodpora \u0161tudentov a uch\u00e1dza\u010dov o [&hellip;]<\/p>\n","protected":false},"author":3,"featured_media":0,"parent":0,"menu_order":0,"comment_status":"closed","ping_status":"closed","template":"","meta":{"footnotes":""},"class_list":["post-8537","page","type-page","status-publish","hentry"],"_links":{"self":[{"href":"https:\/\/e-ucebnice.ff.ucm.sk\/index.php\/wp-json\/wp\/v2\/pages\/8537","targetHints":{"allow":["GET"]}}],"collection":[{"href":"https:\/\/e-ucebnice.ff.ucm.sk\/index.php\/wp-json\/wp\/v2\/pages"}],"about":[{"href":"https:\/\/e-ucebnice.ff.ucm.sk\/index.php\/wp-json\/wp\/v2\/types\/page"}],"author":[{"embeddable":true,"href":"https:\/\/e-ucebnice.ff.ucm.sk\/index.php\/wp-json\/wp\/v2\/users\/3"}],"replies":[{"embeddable":true,"href":"https:\/\/e-ucebnice.ff.ucm.sk\/index.php\/wp-json\/wp\/v2\/comments?post=8537"}],"version-history":[{"count":25,"href":"https:\/\/e-ucebnice.ff.ucm.sk\/index.php\/wp-json\/wp\/v2\/pages\/8537\/revisions"}],"predecessor-version":[{"id":8601,"href":"https:\/\/e-ucebnice.ff.ucm.sk\/index.php\/wp-json\/wp\/v2\/pages\/8537\/revisions\/8601"}],"wp:attachment":[{"href":"https:\/\/e-ucebnice.ff.ucm.sk\/index.php\/wp-json\/wp\/v2\/media?parent=8537"}],"curies":[{"name":"wp","href":"https:\/\/api.w.org\/{rel}","templated":true}]}}