{"id":8549,"date":"2024-10-30T16:41:40","date_gmt":"2024-10-30T15:41:40","guid":{"rendered":"https:\/\/e-ucebnice.ff.ucm.sk\/?page_id=8549"},"modified":"2024-10-31T13:22:52","modified_gmt":"2024-10-31T12:22:52","slug":"metodicka_prirucka_studentstvo_so_specifickymi_potrebami-8","status":"publish","type":"page","link":"https:\/\/e-ucebnice.ff.ucm.sk\/index.php\/metodicka_prirucka_studentstvo_so_specifickymi_potrebami-8\/","title":{"rendered":"Metodicka_prirucka_studentstvo_so_specifickymi_potrebami-8"},"content":{"rendered":"\t\t<div data-elementor-type=\"wp-page\" data-elementor-id=\"8549\" class=\"elementor elementor-8549\" data-elementor-post-type=\"page\">\n\t\t\t\t\t\t<section class=\"elementor-section elementor-top-section elementor-element elementor-element-52eab80 elementor-section-height-min-height elementor-section-boxed elementor-section-height-default elementor-section-items-middle\" data-id=\"52eab80\" data-element_type=\"section\" data-settings=\"{&quot;background_background&quot;:&quot;classic&quot;}\">\n\t\t\t\t\t\t\t<div class=\"elementor-background-overlay\"><\/div>\n\t\t\t\t\t\t\t<div class=\"elementor-container elementor-column-gap-default\">\n\t\t\t\t\t<div class=\"elementor-column elementor-col-100 elementor-top-column elementor-element elementor-element-0d7e08e\" data-id=\"0d7e08e\" data-element_type=\"column\">\n\t\t\t<div class=\"elementor-widget-wrap elementor-element-populated\">\n\t\t\t\t\t\t<div class=\"elementor-element elementor-element-b9e6c31 elementor-widget elementor-widget-heading\" data-id=\"b9e6c31\" data-element_type=\"widget\" data-widget_type=\"heading.default\">\n\t\t\t\t<div class=\"elementor-widget-container\">\n\t\t\t\t\t<h1 class=\"elementor-heading-title elementor-size-default\">Metodick\u00e1 pr\u00edru\u010dka vysoko\u0161kolsk\u00e9ho u\u010dite\u013estva pre pr\u00e1cu so \u0161tudentstvom so \u0161pecifick\u00fdmi potrebami<\/h1>\t\t\t\t<\/div>\n\t\t\t\t<\/div>\n\t\t\t\t\t<\/div>\n\t\t<\/div>\n\t\t\t\t\t<\/div>\n\t\t<\/section>\n\t\t\t\t<section class=\"elementor-section elementor-top-section elementor-element elementor-element-1340877 elementor-section-boxed elementor-section-height-default elementor-section-height-default\" data-id=\"1340877\" data-element_type=\"section\">\n\t\t\t\t\t\t<div class=\"elementor-container elementor-column-gap-default\">\n\t\t\t\t\t<div class=\"elementor-column elementor-col-100 elementor-top-column elementor-element elementor-element-a3d63e2\" data-id=\"a3d63e2\" data-element_type=\"column\">\n\t\t\t<div class=\"elementor-widget-wrap elementor-element-populated\">\n\t\t\t\t\t\t<section class=\"elementor-section elementor-inner-section elementor-element elementor-element-50ffd26 elementor-section-boxed elementor-section-height-default elementor-section-height-default\" data-id=\"50ffd26\" data-element_type=\"section\">\n\t\t\t\t\t\t<div class=\"elementor-container elementor-column-gap-default\">\n\t\t\t\t\t<div class=\"elementor-column elementor-col-100 elementor-inner-column elementor-element elementor-element-b8a87cb\" data-id=\"b8a87cb\" data-element_type=\"column\">\n\t\t\t<div class=\"elementor-widget-wrap elementor-element-populated\">\n\t\t\t\t\t\t<div class=\"elementor-element elementor-element-1268766 elementor-widget elementor-widget-heading\" data-id=\"1268766\" data-element_type=\"widget\" data-widget_type=\"heading.default\">\n\t\t\t\t<div class=\"elementor-widget-container\">\n\t\t\t\t\t<h3 class=\"elementor-heading-title elementor-size-default\">8. \u0160TUDENTSTVO DLHODOBO A CHRONICKY CHOR\u00c9 V EDUKA\u010cNOM PROCESE<\/h3>\t\t\t\t<\/div>\n\t\t\t\t<\/div>\n\t\t\t\t<div class=\"elementor-element elementor-element-37f819c elementor-widget elementor-widget-text-editor\" data-id=\"37f819c\" data-element_type=\"widget\" data-widget_type=\"text-editor.default\">\n\t\t\t\t<div class=\"elementor-widget-container\">\n\t\t\t\t\t\t\t\t\t<p>Pod\u013ea \u00a7 100 ods. 2\u00a0 Z\u00e1kona o V\u0160 a vyhl\u00e1\u0161ky M\u0160VV\u0160 SR \u010d.458\/2012 Z.z. o minim\u00e1lnych n\u00e1rokoch \u0161tudenta so \u0161pecifick\u00fdmi potrebami do kateg\u00f3rie \u0161tudentstvo dlhodobo a\u00a0chronicky chor\u00e9 zara\u010fujeme:<\/p><ul><li>\u0160tudenta\/ku s chronick\u00fdm ochoren\u00edm. Za \u0161tudenta\/ku s chronick\u00fdm ochoren\u00edm sa pova\u017euje najm\u00e4 \u0161tudent\/ka s cystickou fibr\u00f3zou, epilepsiou, skler\u00f3zou mutiplex, po transplant\u00e1cii org\u00e1nu alebo tkan\u00edv, srdcovo-cievnym ochoren\u00edm, neurologick\u00fdm ochoren\u00edm, ako i s in\u00fdmi progres\u00edvnymi ochoreniami, \u010do m\u00f4\u017ee zapr\u00ed\u010dini\u0165 \u010dast\u00fa, resp. dlhodob\u00fa a nepravideln\u00fa pr\u00e1ceneschopnos\u0165 alebo negat\u00edvne ovplyv\u0148ova\u0165 schopnos\u0165 \u0161t\u00fadia v be\u017en\u00fdch podmienkach.<\/li><li>\u0160tudenta\/ku so zdravotn\u00fdm oslaben\u00edm. Za \u0161tudenta\/ku so zdravotn\u00fdm oslaben\u00edm sa pova\u017euje dlhodobo chor\u00fd \u0161tudent\/ka s n\u00e1slednou rekonvalescenciou alebo so zn\u00ed\u017eenou odolnos\u0165ou vo\u010di chorob\u00e1m, \u010di tendenciou k recid\u00edve choroby alebo \u0161tudent\/ka s ohrozen\u00edm zdravia v d\u00f4sledku vplyvu nevhodn\u00e9ho prostredia, nevhodn\u00e9ho \u017eivotn\u00e9ho re\u017eimu, nespr\u00e1vnej v\u00fd\u017eivy.<\/li><\/ul><p>\u00a0<\/p><p><strong><em>Odpor\u00fa\u010dania pre pr\u00e1cu so \u0161tudentstvom dlhodobo a\u00a0chronicky chor\u00fdm:<\/em><\/strong><\/p><ol><li>Eliminovanie stresov\u00fdch situ\u00e1ci\u00ed (napr. astma) \u2013 zamedzenie zhor\u0161enia chronick\u00e9ho alebo dlhodob\u00e9ho ochorenia, ktor\u00e9 by mohlo by\u0165 podmienen\u00e9 vplyvom stresu.<\/li><li>Posunutie term\u00ednov odovzdania \u00faloh \u2013 dlhodob\u00e9, resp. chronick\u00e9 ochorenie m\u00f4\u017ee by\u0165 sprev\u00e1dzan\u00e9 aj lie\u010dbou, mnohokr\u00e1t aj dlhodob\u00e9ho a\u00a0n\u00e1ro\u010dn\u00e9ho charakteru. Z\u00a0tohto d\u00f4vodu by malo by\u0165 dlhodobo resp. chronicky chor\u00e9mu \u0161tudentstvu umo\u017enen\u00e9 odovzda\u0165 \u00falohy v\u00a0\u0161pecifick\u00fdch term\u00ednoch po dohode s\u00a0u\u010dite\u013estvom.<\/li><li>Vplyv prostredia (napr. prach) \u2013 z\u00a0tohto d\u00f4vodu je potrebn\u00e9 skontrolova\u0165 stav miestnosti, v\u00a0ktorej je realizovan\u00e1 v\u00fdu\u010dba.<\/li><li>Umo\u017enenie nahr\u00e1vania predn\u00e1\u0161ok \u2013 nahr\u00e1vanie predn\u00e1\u0161ok umo\u017en\u00ed \u0161tudentovi alebo \u0161tudentke efekt\u00edvnej\u0161ie absolvovanie konkr\u00e9tneho predmetu.<\/li><li>Kr\u00e1tke prest\u00e1vky pri sk\u00fa\u0161an\u00ed \u2013 kr\u00e1tke prest\u00e1vky pri sk\u00fa\u0161an\u00ed pom\u00f4\u017eu \u0161tudentstvu pri regener\u00e1cii fyzickej aj psychickej sily potrebnej na \u00faspe\u0161n\u00e9 absolvovanie sk\u00fa\u0161ky.<\/li><li>\u201ePr\u00e1ca v ter\u00e9ne\u201c \u2013 eliminovanie strachu z cestovania, zaradenie pravideln\u00fdch prest\u00e1vok podmie\u0148uj\u00facich potrebn\u00fd oddych.<\/li><\/ol><p><strong><em>\u00a0<\/em><\/strong><\/p><p><strong><em>Odpor\u00fa\u010dania pre realiz\u00e1ciu sk\u00fa\u0161ania \u00a0dlhodobo a\u00a0chronicky chor\u00e9ho \u0161tudentstva: <\/em><\/strong><\/p><ul><li>pred\u013a\u017eenie \u010dasu pri \u00fastnej\/p\u00edsomnej sk\u00fa\u0161ke,<\/li><li>umo\u017enenie prest\u00e1vok na oddych po\u010das sk\u00fa\u0161ania,<\/li><li>zadanie na p\u00edsomn\u00fa sk\u00fa\u0161ku v\u00a0p\u00edsomnej\/upravenej podobe,<\/li><li>vytvorenie bezpe\u010dn\u00e9ho prostredia\/miestnos\u0165 bez stimulantov podnecuj\u00facich rozvinutie pr\u00edznakov ochorenia,<\/li><li>pomoc asistenta pri p\u00edsomnej\/ \u00fastnej sk\u00fa\u0161ke,<\/li><li>mo\u017enos\u0165 robi\u0165 p\u00edsomn\u00fa sk\u00fa\u0161ku na po\u010d\u00edta\u010di,<\/li><li>mo\u017enos\u0165 individu\u00e1lne vysk\u00fa\u0161a\u0165 \u0161tudenta\/ku bez pr\u00edtomnosti ostatn\u00e9ho \u0161tudentstva v\u00a0osobitnej miestnosti.<\/li><\/ul>\t\t\t\t\t\t\t\t<\/div>\n\t\t\t\t<\/div>\n\t\t\t\t\t<\/div>\n\t\t<\/div>\n\t\t\t\t\t<\/div>\n\t\t<\/section>\n\t\t\t\t<section class=\"elementor-section elementor-inner-section elementor-element elementor-element-fa2ec10 elementor-section-boxed elementor-section-height-default elementor-section-height-default\" data-id=\"fa2ec10\" data-element_type=\"section\">\n\t\t\t\t\t\t<div class=\"elementor-container elementor-column-gap-default\">\n\t\t\t\t\t<div class=\"elementor-column elementor-col-100 elementor-inner-column elementor-element elementor-element-7bee25e\" data-id=\"7bee25e\" data-element_type=\"column\">\n\t\t\t<div class=\"elementor-widget-wrap elementor-element-populated\">\n\t\t\t\t\t\t<div class=\"elementor-element elementor-element-96edb44 elementor-widget elementor-widget-text-editor\" data-id=\"96edb44\" data-element_type=\"widget\" data-widget_type=\"text-editor.default\">\n\t\t\t\t<div class=\"elementor-widget-container\">\n\t\t\t\t\t\t\t\t\t<p><strong><em>\u00a0Minim\u00e1lne n\u00e1roky \u0161tudentstva dlhodobo a chronicky chor\u00e9ho pod\u013ea VYHL\u00c1\u0160KY 458\/2012 Z.z.<\/em><\/strong><\/p><table><tbody><tr bgcolor=\"#6bc78b\"><td width=\"30%\">\u00a0<\/td><td width=\"20%\"><span style=\"color: #ffffff;\"><strong>Priestorov\u00e9 n\u00e1roky<\/strong><\/span><\/td><td width=\"20%\"><span style=\"color: #ffffff;\"><strong>Materi\u00e1lne n\u00e1roky<\/strong><\/span><\/td><td width=\"30%\"><span style=\"color: #ffffff;\"><strong>N\u00e1roky s\u00favisiace<br \/>so \u0161t\u00fadiom<\/strong><\/span><\/td><\/tr><tr><td><strong>\u0160tudent s chronick\u00fdm ochoren\u00edm<\/strong><\/td><td>\u2013<\/td><td>\u2013<\/td><td>Individu\u00e1lny harmonogram plnenia \u0161tudijn\u00fdch povinnost\u00ed<\/td><\/tr><tr><td><strong>\u0160tudent so zdravotn\u00fdm oslaben\u00edm<\/strong><\/td><td>\u2013<\/td><td>\u2013<\/td><td>Individu\u00e1lny harmonogram plnenia \u0161tudijn\u00fdch povinnost\u00ed<\/td><\/tr><\/tbody><\/table>\t\t\t\t\t\t\t\t<\/div>\n\t\t\t\t<\/div>\n\t\t\t\t\t<\/div>\n\t\t<\/div>\n\t\t\t\t\t<\/div>\n\t\t<\/section>\n\t\t\t\t\t<\/div>\n\t\t<\/div>\n\t\t\t\t\t<\/div>\n\t\t<\/section>\n\t\t\t\t<\/div>\n\t\t","protected":false},"excerpt":{"rendered":"<p>Metodick\u00e1 pr\u00edru\u010dka vysoko\u0161kolsk\u00e9ho u\u010dite\u013estva pre pr\u00e1cu so \u0161tudentstvom so \u0161pecifick\u00fdmi potrebami 8. \u0160TUDENTSTVO DLHODOBO A CHRONICKY CHOR\u00c9 V EDUKA\u010cNOM PROCESE Pod\u013ea \u00a7 100 ods. 2\u00a0 Z\u00e1kona o V\u0160 a vyhl\u00e1\u0161ky M\u0160VV\u0160 SR \u010d.458\/2012 Z.z. o minim\u00e1lnych n\u00e1rokoch \u0161tudenta so \u0161pecifick\u00fdmi potrebami do kateg\u00f3rie \u0161tudentstvo dlhodobo a\u00a0chronicky chor\u00e9 zara\u010fujeme: \u0160tudenta\/ku s chronick\u00fdm ochoren\u00edm. Za \u0161tudenta\/ku s [&hellip;]<\/p>\n","protected":false},"author":3,"featured_media":0,"parent":0,"menu_order":0,"comment_status":"closed","ping_status":"closed","template":"","meta":{"footnotes":""},"class_list":["post-8549","page","type-page","status-publish","hentry"],"_links":{"self":[{"href":"https:\/\/e-ucebnice.ff.ucm.sk\/index.php\/wp-json\/wp\/v2\/pages\/8549","targetHints":{"allow":["GET"]}}],"collection":[{"href":"https:\/\/e-ucebnice.ff.ucm.sk\/index.php\/wp-json\/wp\/v2\/pages"}],"about":[{"href":"https:\/\/e-ucebnice.ff.ucm.sk\/index.php\/wp-json\/wp\/v2\/types\/page"}],"author":[{"embeddable":true,"href":"https:\/\/e-ucebnice.ff.ucm.sk\/index.php\/wp-json\/wp\/v2\/users\/3"}],"replies":[{"embeddable":true,"href":"https:\/\/e-ucebnice.ff.ucm.sk\/index.php\/wp-json\/wp\/v2\/comments?post=8549"}],"version-history":[{"count":7,"href":"https:\/\/e-ucebnice.ff.ucm.sk\/index.php\/wp-json\/wp\/v2\/pages\/8549\/revisions"}],"predecessor-version":[{"id":8681,"href":"https:\/\/e-ucebnice.ff.ucm.sk\/index.php\/wp-json\/wp\/v2\/pages\/8549\/revisions\/8681"}],"wp:attachment":[{"href":"https:\/\/e-ucebnice.ff.ucm.sk\/index.php\/wp-json\/wp\/v2\/media?parent=8549"}],"curies":[{"name":"wp","href":"https:\/\/api.w.org\/{rel}","templated":true}]}}