{"id":8553,"date":"2024-10-30T16:43:20","date_gmt":"2024-10-30T15:43:20","guid":{"rendered":"https:\/\/e-ucebnice.ff.ucm.sk\/?page_id=8553"},"modified":"2024-10-31T13:41:00","modified_gmt":"2024-10-31T12:41:00","slug":"metodicka_prirucka_studentstvo_so_specifickymi_potrebami-l","status":"publish","type":"page","link":"https:\/\/e-ucebnice.ff.ucm.sk\/index.php\/metodicka_prirucka_studentstvo_so_specifickymi_potrebami-l\/","title":{"rendered":"Metodicka_prirucka_studentstvo_so_specifickymi_potrebami-l"},"content":{"rendered":"\t\t<div data-elementor-type=\"wp-page\" data-elementor-id=\"8553\" class=\"elementor elementor-8553\" data-elementor-post-type=\"page\">\n\t\t\t\t\t\t<section class=\"elementor-section elementor-top-section elementor-element elementor-element-52eab80 elementor-section-height-min-height elementor-section-boxed elementor-section-height-default elementor-section-items-middle\" data-id=\"52eab80\" data-element_type=\"section\" data-settings=\"{&quot;background_background&quot;:&quot;classic&quot;}\">\n\t\t\t\t\t\t\t<div class=\"elementor-background-overlay\"><\/div>\n\t\t\t\t\t\t\t<div class=\"elementor-container elementor-column-gap-default\">\n\t\t\t\t\t<div class=\"elementor-column elementor-col-100 elementor-top-column elementor-element elementor-element-0d7e08e\" data-id=\"0d7e08e\" data-element_type=\"column\">\n\t\t\t<div class=\"elementor-widget-wrap elementor-element-populated\">\n\t\t\t\t\t\t<div class=\"elementor-element elementor-element-b9e6c31 elementor-widget elementor-widget-heading\" data-id=\"b9e6c31\" data-element_type=\"widget\" data-widget_type=\"heading.default\">\n\t\t\t\t<div class=\"elementor-widget-container\">\n\t\t\t\t\t<h1 class=\"elementor-heading-title elementor-size-default\">Metodick\u00e1 pr\u00edru\u010dka vysoko\u0161kolsk\u00e9ho u\u010dite\u013estva pre pr\u00e1cu so \u0161tudentstvom so \u0161pecifick\u00fdmi potrebami<\/h1>\t\t\t\t<\/div>\n\t\t\t\t<\/div>\n\t\t\t\t\t<\/div>\n\t\t<\/div>\n\t\t\t\t\t<\/div>\n\t\t<\/section>\n\t\t\t\t<section class=\"elementor-section elementor-top-section elementor-element elementor-element-1340877 elementor-section-boxed elementor-section-height-default elementor-section-height-default\" data-id=\"1340877\" data-element_type=\"section\">\n\t\t\t\t\t\t<div class=\"elementor-container elementor-column-gap-default\">\n\t\t\t\t\t<div class=\"elementor-column elementor-col-100 elementor-top-column elementor-element elementor-element-a3d63e2\" data-id=\"a3d63e2\" data-element_type=\"column\">\n\t\t\t<div class=\"elementor-widget-wrap elementor-element-populated\">\n\t\t\t\t\t\t<section class=\"elementor-section elementor-inner-section elementor-element elementor-element-50ffd26 elementor-section-boxed elementor-section-height-default elementor-section-height-default\" data-id=\"50ffd26\" data-element_type=\"section\">\n\t\t\t\t\t\t<div class=\"elementor-container elementor-column-gap-default\">\n\t\t\t\t\t<div class=\"elementor-column elementor-col-100 elementor-inner-column elementor-element elementor-element-b8a87cb\" data-id=\"b8a87cb\" data-element_type=\"column\">\n\t\t\t<div class=\"elementor-widget-wrap elementor-element-populated\">\n\t\t\t\t\t\t<div class=\"elementor-element elementor-element-1268766 elementor-widget elementor-widget-heading\" data-id=\"1268766\" data-element_type=\"widget\" data-widget_type=\"heading.default\">\n\t\t\t\t<div class=\"elementor-widget-container\">\n\t\t\t\t\t<h3 class=\"elementor-heading-title elementor-size-default\">Literat\u00fara<\/h3>\t\t\t\t<\/div>\n\t\t\t\t<\/div>\n\t\t\t\t<div class=\"elementor-element elementor-element-37f819c elementor-widget elementor-widget-text-editor\" data-id=\"37f819c\" data-element_type=\"widget\" data-widget_type=\"text-editor.default\">\n\t\t\t\t<div class=\"elementor-widget-container\">\n\t\t\t\t\t\t\t\t\t<p>BELKOV\u00c1, V. 2015. Vytv\u00e1ranie inkluz\u00edvneho vzdel\u00e1vacieho prostredia v podmienkach vysokej \u0161koly. In <em>Eduk\u00e1cia<\/em>, ro\u010d. 1 \u010d. 1, 1339-8725, s. 20-26.<\/p><p>BELIKOV\u00c1, V. &#8211; ZELEN\u00c1, H. &#8211; BABULICOV\u00c1, Z. 2012. \u0160pecifik\u00e1 integr\u00e1cie \u0161tudentov so \u0161pecifick\u00fdmi eduka\u010dn\u00fdmi potrebami na vysokej \u0161kole<strong>. <\/strong>In <em>GRANT journal<\/em>, ro\u010d. 1 HAPALOV\u00c1, M. 2018. Inkl\u00fazia ako filozofia, ktor\u00e1 ovplyv\u0148uje ka\u017ed\u00e9 die\u0165a. In: <em>U\u010dite\u013esk\u00e9 noviny<\/em> [online] 2018, [cit. 2020-10-28]. Dostupn\u00e9 na: https:\/\/www.ucn.sk\/vzdelavanie\/inkluzia-ako-filozofia-ktora-ovplyvnuje-kazde-dieta\u010d. 1 ISSN 1805-062X, 1805-0638 (online), ETTN 072-11-00002-09-4, s. 6-10<\/p><p>LOP\u00daCHOV\u00c1, J. \u2013 KRAJ\u010c\u00cd, P. 2014. <em>Te\u00f3ria a\u00a0v\u00fdskum digit\u00e1lnych a\u00a0asisten\u010dn\u00fdch technol\u00f3gi\u00ed v\u00a0inkluz\u00edvnej \u0161peci\u00e1lnej pedagogike<\/em>. Ostrava: Ostravsk\u00e1 univerzita v\u00a0Ostrave, 2014. ISBN 978-80-7464-675-1.<\/p><p>LOP\u00daCHOV\u00c1, J. a\u00a0kol. 2016. <em>Strat\u00e9gie vzdel\u00e1vania \u0161tudentov so \u0161pecifick\u00fdmi potrebami na vysok\u00fdch \u0161kol\u00e1ch.<\/em> Bratislava: Univerzita Komensk\u00e9ho, Pedagogick\u00e1 fakulta. ISBN 978-80-89726-93.<\/p><p>Metodick\u00e9 usmernenie M\u0160VV\u0160 SR pre vytv\u00e1ranie podmienok na podporu \u0161tudentov so \u0161pecifick\u00fdmi potrebami na vysok\u00fdch \u0161kol\u00e1ch z roku 2021<\/p><p>Vyhl\u00e1\u0161ka M\u0160VV\u0160 SR \u010d. 458\/2012 Z. z. o minim\u00e1lnych n\u00e1rokoch \u0161tudenta so \u0161pecifick\u00fdmi potrebami<\/p><p>Z\u00e1kon \u010d. 131\/2002 Z. z. o vysok\u00fdch \u0161kol\u00e1ch a o zmene a doplnen\u00ed niektor\u00fdch z\u00e1konov<\/p><p>ZELINKOV\u00c1, O. 2010. <em>Ciz\u00ed jazyky a\u00a0specifick\u00e9 poruchy u\u010den\u00ed<\/em>. Praha: Tobi\u00e1\u0161. 978-80-731-1022-2.<\/p>\t\t\t\t\t\t\t\t<\/div>\n\t\t\t\t<\/div>\n\t\t\t\t\t<\/div>\n\t\t<\/div>\n\t\t\t\t\t<\/div>\n\t\t<\/section>\n\t\t\t\t\t<\/div>\n\t\t<\/div>\n\t\t\t\t\t<\/div>\n\t\t<\/section>\n\t\t\t\t<\/div>\n\t\t","protected":false},"excerpt":{"rendered":"<p>Metodick\u00e1 pr\u00edru\u010dka vysoko\u0161kolsk\u00e9ho u\u010dite\u013estva pre pr\u00e1cu so \u0161tudentstvom so \u0161pecifick\u00fdmi potrebami Literat\u00fara BELKOV\u00c1, V. 2015. Vytv\u00e1ranie inkluz\u00edvneho vzdel\u00e1vacieho prostredia v podmienkach vysokej \u0161koly. In Eduk\u00e1cia, ro\u010d. 1 \u010d. 1, 1339-8725, s. 20-26. BELIKOV\u00c1, V. &#8211; ZELEN\u00c1, H. &#8211; BABULICOV\u00c1, Z. 2012. \u0160pecifik\u00e1 integr\u00e1cie \u0161tudentov so \u0161pecifick\u00fdmi eduka\u010dn\u00fdmi potrebami na vysokej \u0161kole. In GRANT journal, ro\u010d. [&hellip;]<\/p>\n","protected":false},"author":3,"featured_media":0,"parent":0,"menu_order":0,"comment_status":"closed","ping_status":"closed","template":"","meta":{"footnotes":""},"class_list":["post-8553","page","type-page","status-publish","hentry"],"_links":{"self":[{"href":"https:\/\/e-ucebnice.ff.ucm.sk\/index.php\/wp-json\/wp\/v2\/pages\/8553","targetHints":{"allow":["GET"]}}],"collection":[{"href":"https:\/\/e-ucebnice.ff.ucm.sk\/index.php\/wp-json\/wp\/v2\/pages"}],"about":[{"href":"https:\/\/e-ucebnice.ff.ucm.sk\/index.php\/wp-json\/wp\/v2\/types\/page"}],"author":[{"embeddable":true,"href":"https:\/\/e-ucebnice.ff.ucm.sk\/index.php\/wp-json\/wp\/v2\/users\/3"}],"replies":[{"embeddable":true,"href":"https:\/\/e-ucebnice.ff.ucm.sk\/index.php\/wp-json\/wp\/v2\/comments?post=8553"}],"version-history":[{"count":4,"href":"https:\/\/e-ucebnice.ff.ucm.sk\/index.php\/wp-json\/wp\/v2\/pages\/8553\/revisions"}],"predecessor-version":[{"id":8697,"href":"https:\/\/e-ucebnice.ff.ucm.sk\/index.php\/wp-json\/wp\/v2\/pages\/8553\/revisions\/8697"}],"wp:attachment":[{"href":"https:\/\/e-ucebnice.ff.ucm.sk\/index.php\/wp-json\/wp\/v2\/media?parent=8553"}],"curies":[{"name":"wp","href":"https:\/\/api.w.org\/{rel}","templated":true}]}}