{"id":8698,"date":"2024-10-31T13:44:59","date_gmt":"2024-10-31T12:44:59","guid":{"rendered":"https:\/\/e-ucebnice.ff.ucm.sk\/?page_id=8698"},"modified":"2024-10-31T14:00:54","modified_gmt":"2024-10-31T13:00:54","slug":"metodicka_prirucka_studentstvo_so_specifickymi_potrebami-about","status":"publish","type":"page","link":"https:\/\/e-ucebnice.ff.ucm.sk\/index.php\/metodicka_prirucka_studentstvo_so_specifickymi_potrebami-about\/","title":{"rendered":"Metodicka_prirucka_studentstvo_so_specifickymi_potrebami-About"},"content":{"rendered":"\t\t<div data-elementor-type=\"wp-page\" data-elementor-id=\"8698\" class=\"elementor elementor-8698\" data-elementor-post-type=\"page\">\n\t\t\t\t\t\t<section class=\"elementor-section elementor-top-section elementor-element elementor-element-d54bff6 elementor-section-height-min-height elementor-section-boxed elementor-section-height-default elementor-section-items-middle\" data-id=\"d54bff6\" data-element_type=\"section\" data-settings=\"{&quot;background_background&quot;:&quot;classic&quot;}\">\n\t\t\t\t\t\t\t<div class=\"elementor-background-overlay\"><\/div>\n\t\t\t\t\t\t\t<div class=\"elementor-container elementor-column-gap-default\">\n\t\t\t\t\t<div class=\"elementor-column elementor-col-100 elementor-top-column elementor-element elementor-element-adf5dd5\" data-id=\"adf5dd5\" data-element_type=\"column\">\n\t\t\t<div class=\"elementor-widget-wrap elementor-element-populated\">\n\t\t\t\t\t\t<div class=\"elementor-element elementor-element-eb1442a elementor-widget elementor-widget-heading\" data-id=\"eb1442a\" data-element_type=\"widget\" data-widget_type=\"heading.default\">\n\t\t\t\t<div class=\"elementor-widget-container\">\n\t\t\t\t\t<h1 class=\"elementor-heading-title elementor-size-default\">Metodick\u00e1 pr\u00edru\u010dka vysoko\u0161kolsk\u00e9ho u\u010dite\u013estva pre pr\u00e1cu so \u0161tudentstvom so \u0161pecifick\u00fdmi potrebami<\/h1>\t\t\t\t<\/div>\n\t\t\t\t<\/div>\n\t\t\t\t\t<\/div>\n\t\t<\/div>\n\t\t\t\t\t<\/div>\n\t\t<\/section>\n\t\t\t\t<section class=\"elementor-section elementor-top-section elementor-element elementor-element-67cc728 elementor-section-boxed elementor-section-height-default elementor-section-height-default\" data-id=\"67cc728\" data-element_type=\"section\">\n\t\t\t\t\t\t<div class=\"elementor-container elementor-column-gap-default\">\n\t\t\t\t\t<div class=\"elementor-column elementor-col-100 elementor-top-column elementor-element elementor-element-857010b\" data-id=\"857010b\" data-element_type=\"column\">\n\t\t\t<div class=\"elementor-widget-wrap elementor-element-populated\">\n\t\t\t\t\t\t<section class=\"elementor-section elementor-inner-section elementor-element elementor-element-5da7993 elementor-section-boxed elementor-section-height-default elementor-section-height-default\" data-id=\"5da7993\" data-element_type=\"section\">\n\t\t\t\t\t\t<div class=\"elementor-container elementor-column-gap-default\">\n\t\t\t\t\t<div class=\"elementor-column elementor-col-100 elementor-inner-column elementor-element elementor-element-3b2bbd5\" data-id=\"3b2bbd5\" data-element_type=\"column\">\n\t\t\t<div class=\"elementor-widget-wrap elementor-element-populated\">\n\t\t\t\t\t\t<div class=\"elementor-element elementor-element-6e5028b elementor-widget elementor-widget-text-editor\" data-id=\"6e5028b\" data-element_type=\"widget\" data-widget_type=\"text-editor.default\">\n\t\t\t\t<div class=\"elementor-widget-container\">\n\t\t\t\t\t\t\t\t\t<h5><strong>Metodick\u00e1 pr\u00edru\u010dka vysoko\u0161kolsk\u00e9ho u\u010dite\u013estva pre pr\u00e1cu so \u0161tudentstvom so \u0161pecifick\u00fdmi potrebami<\/strong><\/h5>\n<div><\/div>\n<span style=\"text-decoration: underline;\"><strong>Autorky:<\/strong> \u00a0<\/span>\n<p>doc. Mgr. Mariana Sirotov\u00e1, PhD.<br>\nUniverzita sv. Cyrila a Metoda v Trnave, Filozofick\u00e1 fakulta<br><br>\nMgr. Veronika Michvoc\u00edkov\u00e1, PhD.<br>\nUniverzita sv. Cyrila a Metoda v Trnave, Filozofick\u00e1 fakulta<br><br>\n\u00a9\u00a0 Univerzita sv. Cyrila a Metoda v Trnave<br>\n\u00a9\u00a0 doc. Mgr. Mariana Sirotov\u00e1, PhD., Mgr. Veronika Michvoc\u00edkov\u00e1, PhD.,<\/p>\n\n<p>Metodick\u00e1 pr\u00edru\u010dka je spracovan\u00e1 a digitalizovan\u00e1 v r\u00e1mci projektu KEGA 004-UCM-4\/2022 \u201ePodpora zdravia a pohody \u0161tudentov prostredn\u00edctvom inkluz\u00edvnej eduk\u00e1cie na terci\u00e1rnom stupni\u201c ako jeden z v\u00fdstupov rie\u0161en\u00e9ho projektu.<\/p>\n\n<div>https:\/\/e-ucebnice.ff.ucm.sk\/<\/div>\n\n<p><strong>Schv\u00e1len\u00e9 edi\u010dnou radou Univerzity sv. Cyrila a Metoda v Trnave a veden\u00edm Filozofickej fakulty Univerzity sv. Cyrila a Metoda v Trnave.<\/strong><\/p>\n\n<p>Za obsahov\u00fa str\u00e1nku publik\u00e1cie zodpovedaj\u00fa autorky.<br>\nV\u0161etky pr\u00e1va vyhraden\u00e9.<br> Toto dielo ani jeho \u010das\u0165 nemo\u017eno reprodukova\u0165 bez s\u00fahlasu majite\u013eov autorsk\u00fdch pr\u00e1v.\n<br>\n<strong>ISBN <\/strong>978-80-572-0482-4M<\/p>\t\t\t\t\t\t\t\t<\/div>\n\t\t\t\t<\/div>\n\t\t\t\t\t<\/div>\n\t\t<\/div>\n\t\t\t\t\t<\/div>\n\t\t<\/section>\n\t\t\t\t\t<\/div>\n\t\t<\/div>\n\t\t\t\t\t<\/div>\n\t\t<\/section>\n\t\t\t\t<\/div>\n\t\t","protected":false},"excerpt":{"rendered":"<p>Metodick\u00e1 pr\u00edru\u010dka vysoko\u0161kolsk\u00e9ho u\u010dite\u013estva pre pr\u00e1cu so \u0161tudentstvom so \u0161pecifick\u00fdmi potrebami Metodick\u00e1 pr\u00edru\u010dka vysoko\u0161kolsk\u00e9ho u\u010dite\u013estva pre pr\u00e1cu so \u0161tudentstvom so \u0161pecifick\u00fdmi potrebami Autorky: \u00a0 doc. Mgr. Mariana Sirotov\u00e1, PhD. Univerzita sv. Cyrila a Metoda v Trnave, Filozofick\u00e1 fakulta Mgr. Veronika Michvoc\u00edkov\u00e1, PhD. Univerzita sv. Cyrila a Metoda v Trnave, Filozofick\u00e1 fakulta \u00a9\u00a0 Univerzita sv. Cyrila [&hellip;]<\/p>\n","protected":false},"author":3,"featured_media":0,"parent":0,"menu_order":0,"comment_status":"closed","ping_status":"closed","template":"","meta":{"footnotes":""},"class_list":["post-8698","page","type-page","status-publish","hentry"],"_links":{"self":[{"href":"https:\/\/e-ucebnice.ff.ucm.sk\/index.php\/wp-json\/wp\/v2\/pages\/8698","targetHints":{"allow":["GET"]}}],"collection":[{"href":"https:\/\/e-ucebnice.ff.ucm.sk\/index.php\/wp-json\/wp\/v2\/pages"}],"about":[{"href":"https:\/\/e-ucebnice.ff.ucm.sk\/index.php\/wp-json\/wp\/v2\/types\/page"}],"author":[{"embeddable":true,"href":"https:\/\/e-ucebnice.ff.ucm.sk\/index.php\/wp-json\/wp\/v2\/users\/3"}],"replies":[{"embeddable":true,"href":"https:\/\/e-ucebnice.ff.ucm.sk\/index.php\/wp-json\/wp\/v2\/comments?post=8698"}],"version-history":[{"count":16,"href":"https:\/\/e-ucebnice.ff.ucm.sk\/index.php\/wp-json\/wp\/v2\/pages\/8698\/revisions"}],"predecessor-version":[{"id":8738,"href":"https:\/\/e-ucebnice.ff.ucm.sk\/index.php\/wp-json\/wp\/v2\/pages\/8698\/revisions\/8738"}],"wp:attachment":[{"href":"https:\/\/e-ucebnice.ff.ucm.sk\/index.php\/wp-json\/wp\/v2\/media?parent=8698"}],"curies":[{"name":"wp","href":"https:\/\/api.w.org\/{rel}","templated":true}]}}