{"id":8742,"date":"2024-10-31T14:17:05","date_gmt":"2024-10-31T13:17:05","guid":{"rendered":"https:\/\/e-ucebnice.ff.ucm.sk\/?page_id=8742"},"modified":"2024-10-31T14:22:49","modified_gmt":"2024-10-31T13:22:49","slug":"metodicka_prirucka_studentstvo_so_specifickymi_potrebami-autor","status":"publish","type":"page","link":"https:\/\/e-ucebnice.ff.ucm.sk\/index.php\/metodicka_prirucka_studentstvo_so_specifickymi_potrebami-autor\/","title":{"rendered":"Metodicka_prirucka_studentstvo_so_specifickymi_potrebami-Autor"},"content":{"rendered":"\t\t<div data-elementor-type=\"wp-page\" data-elementor-id=\"8742\" class=\"elementor elementor-8742\" data-elementor-post-type=\"page\">\n\t\t\t\t\t\t<section class=\"elementor-section elementor-top-section elementor-element elementor-element-d8c0e00 elementor-section-height-min-height elementor-section-boxed elementor-section-height-default elementor-section-items-middle\" data-id=\"d8c0e00\" data-element_type=\"section\" data-settings=\"{&quot;background_background&quot;:&quot;classic&quot;}\">\n\t\t\t\t\t\t\t<div class=\"elementor-background-overlay\"><\/div>\n\t\t\t\t\t\t\t<div class=\"elementor-container elementor-column-gap-default\">\n\t\t\t\t\t<div class=\"elementor-column elementor-col-100 elementor-top-column elementor-element elementor-element-e7c3ed6\" data-id=\"e7c3ed6\" data-element_type=\"column\">\n\t\t\t<div class=\"elementor-widget-wrap elementor-element-populated\">\n\t\t\t\t\t\t<div class=\"elementor-element elementor-element-162adf3 elementor-widget elementor-widget-heading\" data-id=\"162adf3\" data-element_type=\"widget\" data-widget_type=\"heading.default\">\n\t\t\t\t<div class=\"elementor-widget-container\">\n\t\t\t\t\t<h1 class=\"elementor-heading-title elementor-size-default\">Metodick\u00e1 pr\u00edru\u010dka vysoko\u0161kolsk\u00e9ho u\u010dite\u013estva pre pr\u00e1cu so \u0161tudentstvom so \u0161pecifick\u00fdmi potrebami<\/h1>\t\t\t\t<\/div>\n\t\t\t\t<\/div>\n\t\t\t\t\t<\/div>\n\t\t<\/div>\n\t\t\t\t\t<\/div>\n\t\t<\/section>\n\t\t\t\t<section class=\"elementor-section elementor-top-section elementor-element elementor-element-ec2dcb8 elementor-section-boxed elementor-section-height-default elementor-section-height-default\" data-id=\"ec2dcb8\" data-element_type=\"section\">\n\t\t\t\t\t\t<div class=\"elementor-container elementor-column-gap-default\">\n\t\t\t\t\t<div class=\"elementor-column elementor-col-50 elementor-top-column elementor-element elementor-element-9493b86\" data-id=\"9493b86\" data-element_type=\"column\">\n\t\t\t<div class=\"elementor-widget-wrap elementor-element-populated\">\n\t\t\t\t\t\t<div class=\"elementor-element elementor-element-68a12a7 animated-fast elementor-invisible elementor-widget elementor-widget-heading\" data-id=\"68a12a7\" data-element_type=\"widget\" data-settings=\"{&quot;_animation&quot;:&quot;fadeIn&quot;}\" data-widget_type=\"heading.default\">\n\t\t\t\t<div class=\"elementor-widget-container\">\n\t\t\t\t\t<h1 class=\"elementor-heading-title elementor-size-default\">Mariana Sirotov\u00e1, doc., Mgr., PhD.<\/h1>\t\t\t\t<\/div>\n\t\t\t\t<\/div>\n\t\t\t\t<div class=\"elementor-element elementor-element-6679358 elementor-widget__width-auto elementor-view-default elementor-widget elementor-widget-icon\" data-id=\"6679358\" data-element_type=\"widget\" data-widget_type=\"icon.default\">\n\t\t\t\t<div class=\"elementor-widget-container\">\n\t\t\t\t\t\t\t<div class=\"elementor-icon-wrapper\">\n\t\t\t<div class=\"elementor-icon\">\n\t\t\t<i aria-hidden=\"true\" class=\"far fa-envelope\"><\/i>\t\t\t<\/div>\n\t\t<\/div>\n\t\t\t\t\t\t<\/div>\n\t\t\t\t<\/div>\n\t\t\t\t<div class=\"elementor-element elementor-element-b7e917e elementor-widget__width-auto elementor-widget elementor-widget-heading\" data-id=\"b7e917e\" data-element_type=\"widget\" data-widget_type=\"heading.default\">\n\t\t\t\t<div class=\"elementor-widget-container\">\n\t\t\t\t\t<h2 class=\"elementor-heading-title elementor-size-default\"><a href=\"mailto:mariana.sirotova@ucm.sk\">mariana.sirotova@ucm.sk<\/a><\/h2>\t\t\t\t<\/div>\n\t\t\t\t<\/div>\n\t\t\t\t<div class=\"elementor-element elementor-element-2068aa1 elementor-invisible elementor-widget elementor-widget-text-editor\" data-id=\"2068aa1\" data-element_type=\"widget\" data-settings=\"{&quot;_animation&quot;:&quot;fadeIn&quot;}\" data-widget_type=\"text-editor.default\">\n\t\t\t\t<div class=\"elementor-widget-container\">\n\t\t\t\t\t\t\t\t\t<p style=\"text-align: justify;\">je zakladaj\u00facou \u010dlenkou Katedry pedagogiky FF UCM v\u00a0Trnave na ktorej p\u00f4sob\u00ed od roku 1997 a\u00a0zakladaj\u00facou \u010dlenkou Slovenskej pedagogickej spolo\u010dnosti pri SAV. Ako odborn\u00e1 asistentka p\u00f4sobila na katedre do roku 2015 a\u00a0po \u00faspe\u0161nej habilit\u00e1cii v\u00a0roku 2015 p\u00f4sobila vo funkcii docent v\u00a0\u0161tudijnom odbore u\u010dite\u013estvo a\u00a0pedagogick\u00e9 vedy. Od roku 2020 po s\u00fa\u010dasnos\u0165 \u00a0je univerzitnou profesorkou a\u00a0osobnou nes\u00facou hlavn\u00fa zodpovednos\u0165 za kvalitu a\u00a0rozvoj u\u010dite\u013esk\u00e9ho vzdel\u00e1vania na FF UCM v\u00a0Trnave. Doposia\u013e pracovala v\u00a0r\u00f4znych mana\u017e\u00e9rskych funkci\u00e1ch ako prorektorka pre rozvoj a\u00a0investi\u010dn\u00fa \u010dinnos\u0165 UCM v\u00a0Trnave, prodekanka pre rozvoj a\u00a0akredit\u00e1cie FF UCM a\u00a0ved\u00faca Katedry pedagogiky FF UCM. Od roku 2021 je dekankou Filozofickej fakulty UCM v\u00a0Trnave.<\/p><p style=\"text-align: justify;\">Vo svojej pedagogickej \u010dinnosti sa venuje pregradu\u00e1lnej pr\u00edprave u\u010dite\u013eov v\u00a0bakal\u00e1rskom a\u00a0magisterskom stupni vzdel\u00e1vania so zameran\u00edm na inkluz\u00edvnu a\u00a0\u0161peci\u00e1lnu pedagogiku, pedagogick\u00fa prax \u0161tudentov, pr\u00e1cu s\u00a0probl\u00e9mov\u00fdm \u017eiakom a\u00a0pr\u00e1cu pedagogick\u00e9ho asistenta. V\u00a0doktorandskom \u0161t\u00fadiu je jej pedagogick\u00e1 \u010dinnos\u0165 orientovan\u00e1 na v\u00fdu\u010dbu vysoko\u0161kolskej pedagogiky.<\/p><p style=\"text-align: justify;\">Vo vedecko-v\u00fdskumnej \u010dinnosti sa zaober\u00e1 peduetologick\u00fdmi ot\u00e1zkami osobnosti u\u010dite\u013ea a jeho vplyvu na kvalitu eduka\u010dn\u00e9ho procesu,\u00a0problematikou inkluz\u00edvneho vzdel\u00e1vania a\u00a0vyu\u017e\u00edvan\u00edm digitaliz\u00e1cie a\u00a0virtu\u00e1lneho priestoru v\u00a0pregradu\u00e1lnej pr\u00edprave \u0161tudentov. \u00a0Je autorkou 172 publik\u00e1ci\u00ed, vr\u00e1tane vedeck\u00fdch monografi\u00ed, u\u010debn\u00edc, konferen\u010dn\u00fdch pr\u00edspevkov a vedeck\u00fdch \u0161t\u00fadi\u00ed v\u00a0\u010dasopisoch zaraden\u00fdch do datab\u00e1z Web of Science a\u00a0Scopus. Doposia\u013e\u00a0 rie\u0161ila 16 medzin\u00e1rodn\u00fdch i\u00a0dom\u00e1cich grantov\u00fdch projektoch, z\u00a0\u010doho v pr\u00edpade\u00a05 projektov bola zodpovednou rie\u0161ite\u013ekou a\u00a0v\u00a011 spolurie\u0161ite\u013ekou. P\u00f4sob\u00ed aj ako posudzovate\u013eka \u017eiadost\u00ed o grantov\u00e9 projekty M\u0160VVa\u0160 SR \u2013 KEGA,\u00a0VEGA a\u00a0APVV a recenzentka v\u00a0zahrani\u010dnom \u010dasopise Przeglad bada\u0148 edukacyjnych. Sk\u00fasenosti a\u00a0poznatky, ktor\u00e9 implementuje do svojej pedagogickej a\u00a0tvorivej \u010dinnosti si rozv\u00edja absolvovan\u00edm medzin\u00e1rodn\u00fdch mobil\u00edt vo viacer\u00fdch krajin\u00e1ch nielen Eur\u00f3py (Po\u013esko, \u010cesko, \u0160panielsko, Kuba at\u010f.)<\/p>\t\t\t\t\t\t\t\t<\/div>\n\t\t\t\t<\/div>\n\t\t\t\t\t<\/div>\n\t\t<\/div>\n\t\t\t\t<div class=\"elementor-column elementor-col-50 elementor-top-column elementor-element elementor-element-3a15225\" data-id=\"3a15225\" data-element_type=\"column\">\n\t\t\t<div class=\"elementor-widget-wrap elementor-element-populated\">\n\t\t\t\t\t\t<div class=\"elementor-element elementor-element-228bf49 elementor-widget elementor-widget-image\" data-id=\"228bf49\" data-element_type=\"widget\" data-widget_type=\"image.default\">\n\t\t\t\t<div class=\"elementor-widget-container\">\n\t\t\t\t\t\t\t\t\t\t\t\t\t\t\t<img fetchpriority=\"high\" decoding=\"async\" width=\"768\" height=\"1156\" src=\"https:\/\/e-ucebnice.ff.ucm.sk\/wp-content\/uploads\/2023\/04\/Mariana_Sirotova-768x1156.jpg\" class=\"attachment-medium_large size-medium_large wp-image-6544\" alt=\"\" srcset=\"https:\/\/e-ucebnice.ff.ucm.sk\/wp-content\/uploads\/2023\/04\/Mariana_Sirotova-768x1156.jpg 768w, https:\/\/e-ucebnice.ff.ucm.sk\/wp-content\/uploads\/2023\/04\/Mariana_Sirotova-199x300.jpg 199w, https:\/\/e-ucebnice.ff.ucm.sk\/wp-content\/uploads\/2023\/04\/Mariana_Sirotova-680x1024.jpg 680w, https:\/\/e-ucebnice.ff.ucm.sk\/wp-content\/uploads\/2023\/04\/Mariana_Sirotova.jpg 883w\" sizes=\"(max-width: 768px) 100vw, 768px\" \/>\t\t\t\t\t\t\t\t\t\t\t\t\t\t\t<\/div>\n\t\t\t\t<\/div>\n\t\t\t\t\t<\/div>\n\t\t<\/div>\n\t\t\t\t\t<\/div>\n\t\t<\/section>\n\t\t\t\t<section class=\"elementor-section elementor-top-section elementor-element elementor-element-ce868e6 elementor-section-boxed elementor-section-height-default elementor-section-height-default\" data-id=\"ce868e6\" data-element_type=\"section\">\n\t\t\t\t\t\t<div class=\"elementor-container elementor-column-gap-default\">\n\t\t\t\t\t<div class=\"elementor-column elementor-col-50 elementor-top-column elementor-element elementor-element-301658a\" data-id=\"301658a\" data-element_type=\"column\">\n\t\t\t<div class=\"elementor-widget-wrap elementor-element-populated\">\n\t\t\t\t\t\t<div class=\"elementor-element elementor-element-abcfbb6 animated-fast elementor-invisible elementor-widget elementor-widget-heading\" data-id=\"abcfbb6\" data-element_type=\"widget\" data-settings=\"{&quot;_animation&quot;:&quot;fadeIn&quot;}\" data-widget_type=\"heading.default\">\n\t\t\t\t<div class=\"elementor-widget-container\">\n\t\t\t\t\t<h1 class=\"elementor-heading-title elementor-size-default\">Mgr. Veronika Michvoc\u00edkov\u00e1, PhD.<\/h1>\t\t\t\t<\/div>\n\t\t\t\t<\/div>\n\t\t\t\t<div class=\"elementor-element elementor-element-d1e6465 elementor-widget__width-auto elementor-view-default elementor-widget elementor-widget-icon\" data-id=\"d1e6465\" data-element_type=\"widget\" data-widget_type=\"icon.default\">\n\t\t\t\t<div class=\"elementor-widget-container\">\n\t\t\t\t\t\t\t<div class=\"elementor-icon-wrapper\">\n\t\t\t<div class=\"elementor-icon\">\n\t\t\t<i aria-hidden=\"true\" class=\"far fa-envelope\"><\/i>\t\t\t<\/div>\n\t\t<\/div>\n\t\t\t\t\t\t<\/div>\n\t\t\t\t<\/div>\n\t\t\t\t<div class=\"elementor-element elementor-element-eca65d8 elementor-widget__width-auto elementor-widget elementor-widget-heading\" data-id=\"eca65d8\" data-element_type=\"widget\" data-widget_type=\"heading.default\">\n\t\t\t\t<div class=\"elementor-widget-container\">\n\t\t\t\t\t<h2 class=\"elementor-heading-title elementor-size-default\"><a href=\"mailto:veronika.michvocikova@ucm.sk\">veronika.michvocikova@ucm.sk<\/a><\/h2>\t\t\t\t<\/div>\n\t\t\t\t<\/div>\n\t\t\t\t<div class=\"elementor-element elementor-element-589b76e elementor-invisible elementor-widget elementor-widget-text-editor\" data-id=\"589b76e\" data-element_type=\"widget\" data-settings=\"{&quot;_animation&quot;:&quot;fadeIn&quot;}\" data-widget_type=\"text-editor.default\">\n\t\t\t\t<div class=\"elementor-widget-container\">\n\t\t\t\t\t\t\t\t\t<p style=\"text-align: justify;\">Autorka je ved\u00facou katedry pedagogiky na Filozofickej fakulte Univerzity sv. Cyrila a Metoda v Trnave. Na katedre pedagogiky FF UCM v Trnave p\u00f4sob\u00ed od roku 2018. V r\u00e1mci pedagogickej \u010dinnosti sa zameriava na problematiku pedagogickej komunik\u00e1cie, soci\u00e1lnej pedagogiky, oblasti v\u00fdchovn\u00fdch probl\u00e9mov v \u0161kole, pedagogike vo\u013en\u00e9ho \u010dasu, strat\u00e9gi\u00e1m a met\u00f3dam rozvoja osobnosti, rie\u0161eniu a zvl\u00e1daniu konfliktov v \u0161kolskom prostred\u00ed, pr\u00e1ci triedneho u\u010dite\u013ea, ako aj prepojeniu sociol\u00f3gie s eduka\u010dn\u00fdm prostred\u00edm.<\/p><p style=\"text-align: justify;\">Vo svojej vedecko-v\u00fdskumnej \u010dinnosti sa zameriava na oblas\u0165 pedagogickej komunik\u00e1cie, na sk\u00famanie najv\u00fdznamnej\u0161\u00edch determinantov komunika\u010dn\u00e9ho procesu, prienikom modern\u00fdch informa\u010dn\u00fdch a komunika\u010dn\u00fdch technol\u00f3gi\u00ed do eduka\u010dn\u00e9ho procesu so zameran\u00edm sa najm\u00e4 na oblas\u0165 pedagogickej komunik\u00e1cie, sk\u00faman\u00edm spolo\u010densky ne\u017eiad\u00facich javov v eduka\u010dnom procese. Okrem toho sk\u00fama v r\u00e1mci svojho odborn\u00e9ho p\u00f4sobenia aj vplyvy r\u00f4znych typov prostred\u00ed na particip\u00e1ciu mlad\u00fdch \u013eud\u00ed na eduka\u010dnom procese a na vznik a prevenciu spolo\u010densky ne\u017eiad\u00facich javov u \u017eiakov. V neposlednom rade sa zameriava na sk\u00famanie postojov a n\u00e1zorov vysoko\u0161kolsk\u00fdch \u0161tudentov v s\u00favislosti s aktu\u00e1lnym dian\u00edm v spolo\u010dnosti, ako aj perspekt\u00edvou spolo\u010densk\u00e9ho v\u00fdvoja z poh\u013eadu uvedenej skupiny obyvate\u013estva.<\/p><p style=\"text-align: justify;\">Publika\u010dn\u00e1 \u010dinnos\u0165 pozost\u00e1va z viacer\u00fdch odborn\u00fdch publik\u00e1ci\u00ed analyzuj\u00facich vytv\u00e1ranie z\u00e1kladn\u00fdch charakterist\u00edk, ako aj zefekt\u00edvnenie eduka\u010dn\u00e9ho procesu v s\u00favislosti s vedecko-v\u00fdskumn\u00fdm zameran\u00edm autorky.<\/p>\t\t\t\t\t\t\t\t<\/div>\n\t\t\t\t<\/div>\n\t\t\t\t\t<\/div>\n\t\t<\/div>\n\t\t\t\t<div class=\"elementor-column elementor-col-50 elementor-top-column elementor-element elementor-element-29e111d\" data-id=\"29e111d\" data-element_type=\"column\">\n\t\t\t<div class=\"elementor-widget-wrap elementor-element-populated\">\n\t\t\t\t\t\t<div class=\"elementor-element elementor-element-5af4e57 elementor-widget elementor-widget-image\" data-id=\"5af4e57\" data-element_type=\"widget\" data-widget_type=\"image.default\">\n\t\t\t\t<div class=\"elementor-widget-container\">\n\t\t\t\t\t\t\t\t\t\t\t\t\t\t\t<img decoding=\"async\" width=\"800\" height=\"1011\" src=\"https:\/\/e-ucebnice.ff.ucm.sk\/wp-content\/uploads\/2023\/04\/Michvocikova_Veronika-foto-810x1024.jpg\" class=\"attachment-large size-large wp-image-5952\" alt=\"\" srcset=\"https:\/\/e-ucebnice.ff.ucm.sk\/wp-content\/uploads\/2023\/04\/Michvocikova_Veronika-foto-810x1024.jpg 810w, https:\/\/e-ucebnice.ff.ucm.sk\/wp-content\/uploads\/2023\/04\/Michvocikova_Veronika-foto-237x300.jpg 237w, https:\/\/e-ucebnice.ff.ucm.sk\/wp-content\/uploads\/2023\/04\/Michvocikova_Veronika-foto-768x971.jpg 768w, https:\/\/e-ucebnice.ff.ucm.sk\/wp-content\/uploads\/2023\/04\/Michvocikova_Veronika-foto.jpg 887w\" sizes=\"(max-width: 800px) 100vw, 800px\" \/>\t\t\t\t\t\t\t\t\t\t\t\t\t\t\t<\/div>\n\t\t\t\t<\/div>\n\t\t\t\t\t<\/div>\n\t\t<\/div>\n\t\t\t\t\t<\/div>\n\t\t<\/section>\n\t\t\t\t<\/div>\n\t\t","protected":false},"excerpt":{"rendered":"<p>Metodick\u00e1 pr\u00edru\u010dka vysoko\u0161kolsk\u00e9ho u\u010dite\u013estva pre pr\u00e1cu so \u0161tudentstvom so \u0161pecifick\u00fdmi potrebami Mariana Sirotov\u00e1, doc., Mgr., PhD. mariana.sirotova@ucm.sk je zakladaj\u00facou \u010dlenkou Katedry pedagogiky FF UCM v\u00a0Trnave na ktorej p\u00f4sob\u00ed od roku 1997 a\u00a0zakladaj\u00facou \u010dlenkou Slovenskej pedagogickej spolo\u010dnosti pri SAV. Ako odborn\u00e1 asistentka p\u00f4sobila na katedre do roku 2015 a\u00a0po \u00faspe\u0161nej habilit\u00e1cii v\u00a0roku 2015 p\u00f4sobila vo funkcii [&hellip;]<\/p>\n","protected":false},"author":3,"featured_media":0,"parent":0,"menu_order":0,"comment_status":"closed","ping_status":"closed","template":"","meta":{"footnotes":""},"class_list":["post-8742","page","type-page","status-publish","hentry"],"_links":{"self":[{"href":"https:\/\/e-ucebnice.ff.ucm.sk\/index.php\/wp-json\/wp\/v2\/pages\/8742","targetHints":{"allow":["GET"]}}],"collection":[{"href":"https:\/\/e-ucebnice.ff.ucm.sk\/index.php\/wp-json\/wp\/v2\/pages"}],"about":[{"href":"https:\/\/e-ucebnice.ff.ucm.sk\/index.php\/wp-json\/wp\/v2\/types\/page"}],"author":[{"embeddable":true,"href":"https:\/\/e-ucebnice.ff.ucm.sk\/index.php\/wp-json\/wp\/v2\/users\/3"}],"replies":[{"embeddable":true,"href":"https:\/\/e-ucebnice.ff.ucm.sk\/index.php\/wp-json\/wp\/v2\/comments?post=8742"}],"version-history":[{"count":10,"href":"https:\/\/e-ucebnice.ff.ucm.sk\/index.php\/wp-json\/wp\/v2\/pages\/8742\/revisions"}],"predecessor-version":[{"id":8754,"href":"https:\/\/e-ucebnice.ff.ucm.sk\/index.php\/wp-json\/wp\/v2\/pages\/8742\/revisions\/8754"}],"wp:attachment":[{"href":"https:\/\/e-ucebnice.ff.ucm.sk\/index.php\/wp-json\/wp\/v2\/media?parent=8742"}],"curies":[{"name":"wp","href":"https:\/\/api.w.org\/{rel}","templated":true}]}}